{"id":7895,"date":"2024-05-16T02:29:25","date_gmt":"2024-05-16T08:29:25","guid":{"rendered":"https:\/\/www.fabricair.com\/mx\/?page_id=7895"},"modified":"2025-02-10T00:51:14","modified_gmt":"2025-02-10T06:51:14","slug":"ductos-textiles-fabricair","status":"publish","type":"page","link":"https:\/\/www.fabricair.com\/mx\/ductos-textiles-fabricair\/","title":{"rendered":"Ductos Textiles FabricAir"},"content":{"rendered":"<p>Los ductos Textiles son un sistema de distribuci\u00f3n de aire innovador como alternativa a los tradicionales ductos met\u00e1licos.<br \/>\nFabricados con materiales textiles de alta calidad, ofrecen una serie de ventajas significativas<\/p>\n<p>Son muy resistentes,\u00a0 no generan condensaci\u00f3n, su mantenimiento es f\u00e1cil y econ\u00f3micos.<\/p>\n<p>Son flexibles en su dise\u00f1o y se adaptan a cualquier estructura.<\/p>\n<p>A diferencia de los met\u00e1licos, nuestros ductos textiles distribuyen el aire de manera uniforme a lo largo de todo el sistema, evitando corrientes de aire y zonas frias<\/p>\n<p>Su instalaci\u00f3n es muy r\u00e1pida y sencilla, sin necesidad de herramientas especializadas ni habilidades t\u00e9cnicas avanzadas.<\/p>\n<p>Nuestros sistemas, reducen el consumo de energ\u00eda y garantizan la comodidad de los ocupantes<\/p>\n<p>En FabricAir, entendemos la importancia de contar en nuestras vidas con un aire limpio, seguro y eficiente.<\/p>\n<p>Conozca m\u00e1s:<\/p>\n<p><a href=\"https:\/\/www.fabricair.com\/mx\/productos\/ductos-textiles\/\">https:\/\/www.fabricair.com\/mx\/productos\/ductos-textiles\/<\/a><\/p>\n","protected":false},"excerpt":{"rendered":"<p>Los ductos Textiles son un sistema de distribuci\u00f3n de aire innovador como alternativa a los tradicionales ductos met\u00e1licos. Fabricados con materiales textiles de alta calidad, ofrecen una serie de ventajas significativas Son muy resistentes,\u00a0 no generan condensaci\u00f3n, su mantenimiento es f\u00e1cil y econ\u00f3micos. Son flexibles en su dise\u00f1o y se adaptan a cualquier estructura. A [&hellip;]<\/p>\n","protected":false},"author":8,"featured_media":0,"parent":0,"menu_order":4,"comment_status":"closed","ping_status":"closed","template":"","meta":{"_acf_changed":false,"inline_featured_image":false,"footnotes":""},"class_list":["post-7895","page","type-page","status-publish","hentry"],"acf":[],"yoast_head":"<!-- This site is optimized with the Yoast SEO plugin v27.3 - https:\/\/yoast.com\/product\/yoast-seo-wordpress\/ -->\n<title>Ductos Textiles FabricAir | Mexico FabricAir<\/title>\n<meta name=\"description\" content=\"Conoce este innovador sistema HVAC de distribuci\u00f3n de aire, con grandes ventajas sobre los ductos tradicionales de metal.\" \/>\n<meta name=\"robots\" content=\"index, follow, max-snippet:-1, max-image-preview:large, max-video-preview:-1\" \/>\n<link rel=\"canonical\" href=\"https:\/\/www.fabricair.com\/mx\/wp-json\/wp\/v2\/pages\/7895\/\" \/>\n<meta property=\"og:locale\" content=\"en_US\" \/>\n<meta property=\"og:type\" content=\"article\" \/>\n<meta property=\"og:title\" content=\"Ductos Textiles FabricAir - Mexico FabricAir\" \/>\n<meta property=\"og:description\" content=\"Conoce este innovador sistema HVAC de distribuci\u00f3n de aire, con grandes ventajas sobre los ductos tradicionales de metal.\" \/>\n<meta property=\"og:url\" content=\"https:\/\/www.fabricair.com\/mx\/ductos-textiles-fabricair\/\" \/>\n<meta property=\"og:site_name\" content=\"Mexico FabricAir\" \/>\n<meta property=\"article:modified_time\" content=\"2025-02-10T06:51:14+00:00\" \/>\n<meta name=\"twitter:card\" content=\"summary_large_image\" \/>\n<meta name=\"twitter:label1\" content=\"Est. reading time\" \/>\n\t<meta name=\"twitter:data1\" content=\"1 minute\" \/>\n<script type=\"application\/ld+json\" class=\"yoast-schema-graph\">{\"@context\":\"https:\\\/\\\/schema.org\",\"@graph\":[{\"@type\":\"WebPage\",\"@id\":\"https:\\\/\\\/www.fabricair.com\\\/mx\\\/ductos-textiles-fabricair\\\/\",\"url\":\"https:\\\/\\\/www.fabricair.com\\\/mx\\\/ductos-textiles-fabricair\\\/\",\"name\":\"Ductos Textiles FabricAir - Mexico FabricAir\",\"isPartOf\":{\"@id\":\"https:\\\/\\\/www.fabricair.com\\\/mx\\\/#website\"},\"datePublished\":\"2024-05-16T08:29:25+00:00\",\"dateModified\":\"2025-02-10T06:51:14+00:00\",\"description\":\"Conoce este innovador sistema HVAC de distribuci\u00f3n de aire, con grandes ventajas sobre los ductos tradicionales de metal.\",\"breadcrumb\":{\"@id\":\"https:\\\/\\\/www.fabricair.com\\\/mx\\\/ductos-textiles-fabricair\\\/#breadcrumb\"},\"inLanguage\":\"en-US\",\"potentialAction\":[{\"@type\":\"ReadAction\",\"target\":[\"https:\\\/\\\/www.fabricair.com\\\/mx\\\/ductos-textiles-fabricair\\\/\"]}]},{\"@type\":\"BreadcrumbList\",\"@id\":\"https:\\\/\\\/www.fabricair.com\\\/mx\\\/ductos-textiles-fabricair\\\/#breadcrumb\",\"itemListElement\":[{\"@type\":\"ListItem\",\"position\":1,\"name\":\"Home\",\"item\":\"https:\\\/\\\/www.fabricair.com\\\/mx\\\/\"},{\"@type\":\"ListItem\",\"position\":2,\"name\":\"Ductos Textiles FabricAir\"}]},{\"@type\":\"WebSite\",\"@id\":\"https:\\\/\\\/www.fabricair.com\\\/mx\\\/#website\",\"url\":\"https:\\\/\\\/www.fabricair.com\\\/mx\\\/\",\"name\":\"Mexico FabricAir\",\"description\":\"\",\"potentialAction\":[{\"@type\":\"SearchAction\",\"target\":{\"@type\":\"EntryPoint\",\"urlTemplate\":\"https:\\\/\\\/www.fabricair.com\\\/mx\\\/?s={search_term_string}\"},\"query-input\":{\"@type\":\"PropertyValueSpecification\",\"valueRequired\":true,\"valueName\":\"search_term_string\"}}],\"inLanguage\":\"en-US\"}]}<\/script>\n<!-- \/ Yoast SEO plugin. -->","yoast_head_json":{"title":"Ductos Textiles FabricAir | Mexico FabricAir","description":"Conoce este innovador sistema HVAC de distribuci\u00f3n de aire, con grandes ventajas sobre los ductos tradicionales de metal.","robots":{"index":"index","follow":"follow","max-snippet":"max-snippet:-1","max-image-preview":"max-image-preview:large","max-video-preview":"max-video-preview:-1"},"canonical":"https:\/\/www.fabricair.com\/mx\/wp-json\/wp\/v2\/pages\/7895\/","og_locale":"en_US","og_type":"article","og_title":"Ductos Textiles FabricAir - Mexico FabricAir","og_description":"Conoce este innovador sistema HVAC de distribuci\u00f3n de aire, con grandes ventajas sobre los ductos tradicionales de metal.","og_url":"https:\/\/www.fabricair.com\/mx\/ductos-textiles-fabricair\/","og_site_name":"Mexico FabricAir","article_modified_time":"2025-02-10T06:51:14+00:00","twitter_card":"summary_large_image","twitter_misc":{"Est. reading time":"1 minute"},"schema":{"@context":"https:\/\/schema.org","@graph":[{"@type":"WebPage","@id":"https:\/\/www.fabricair.com\/mx\/ductos-textiles-fabricair\/","url":"https:\/\/www.fabricair.com\/mx\/ductos-textiles-fabricair\/","name":"Ductos Textiles FabricAir - Mexico FabricAir","isPartOf":{"@id":"https:\/\/www.fabricair.com\/mx\/#website"},"datePublished":"2024-05-16T08:29:25+00:00","dateModified":"2025-02-10T06:51:14+00:00","description":"Conoce este innovador sistema HVAC de distribuci\u00f3n de aire, con grandes ventajas sobre los ductos tradicionales de metal.","breadcrumb":{"@id":"https:\/\/www.fabricair.com\/mx\/ductos-textiles-fabricair\/#breadcrumb"},"inLanguage":"en-US","potentialAction":[{"@type":"ReadAction","target":["https:\/\/www.fabricair.com\/mx\/ductos-textiles-fabricair\/"]}]},{"@type":"BreadcrumbList","@id":"https:\/\/www.fabricair.com\/mx\/ductos-textiles-fabricair\/#breadcrumb","itemListElement":[{"@type":"ListItem","position":1,"name":"Home","item":"https:\/\/www.fabricair.com\/mx\/"},{"@type":"ListItem","position":2,"name":"Ductos Textiles FabricAir"}]},{"@type":"WebSite","@id":"https:\/\/www.fabricair.com\/mx\/#website","url":"https:\/\/www.fabricair.com\/mx\/","name":"Mexico FabricAir","description":"","potentialAction":[{"@type":"SearchAction","target":{"@type":"EntryPoint","urlTemplate":"https:\/\/www.fabricair.com\/mx\/?s={search_term_string}"},"query-input":{"@type":"PropertyValueSpecification","valueRequired":true,"valueName":"search_term_string"}}],"inLanguage":"en-US"}]}},"_links":{"self":[{"href":"https:\/\/www.fabricair.com\/mx\/wp-json\/wp\/v2\/pages\/7895","targetHints":{"allow":["GET"]}}],"collection":[{"href":"https:\/\/www.fabricair.com\/mx\/wp-json\/wp\/v2\/pages"}],"about":[{"href":"https:\/\/www.fabricair.com\/mx\/wp-json\/wp\/v2\/types\/page"}],"author":[{"embeddable":true,"href":"https:\/\/www.fabricair.com\/mx\/wp-json\/wp\/v2\/users\/8"}],"replies":[{"embeddable":true,"href":"https:\/\/www.fabricair.com\/mx\/wp-json\/wp\/v2\/comments?post=7895"}],"version-history":[{"count":58,"href":"https:\/\/www.fabricair.com\/mx\/wp-json\/wp\/v2\/pages\/7895\/revisions"}],"predecessor-version":[{"id":8157,"href":"https:\/\/www.fabricair.com\/mx\/wp-json\/wp\/v2\/pages\/7895\/revisions\/8157"}],"wp:attachment":[{"href":"https:\/\/www.fabricair.com\/mx\/wp-json\/wp\/v2\/media?parent=7895"}],"curies":[{"name":"wp","href":"https:\/\/api.w.org\/{rel}","templated":true}]}}