{"id":8634,"date":"2026-02-25T02:27:03","date_gmt":"2026-02-25T08:27:03","guid":{"rendered":"https:\/\/www.fabricair.com\/mx\/?page_id=8634"},"modified":"2026-02-25T02:27:03","modified_gmt":"2026-02-25T08:27:03","slug":"glosario-hvac","status":"publish","type":"page","link":"https:\/\/www.fabricair.com\/mx\/glosario-hvac\/","title":{"rendered":"Glosario HVAC"},"content":{"rendered":"<p>Explora el <strong data-start=\"2022\" data-end=\"2059\">glosario HVAC de FabricAir M\u00e9xico<\/strong> con definiciones claras sobre ductos textiles, distribuci\u00f3n de aire, aire acondicionado y calidad del aire interior.<\/p>\n<p>&nbsp;<\/p>\n<table class=\"w-fit min-w-(--thread-content-width)\" data-start=\"443\" data-end=\"3006\">\n<thead data-start=\"443\" data-end=\"533\">\n<tr data-start=\"443\" data-end=\"533\">\n<th data-start=\"443\" data-end=\"457\" data-col-size=\"sm\"><strong data-start=\"445\" data-end=\"456\">T\u00e9rmino<\/strong><\/th>\n<th data-start=\"457\" data-end=\"501\" data-col-size=\"lg\"><strong data-start=\"459\" data-end=\"500\">Descripci\u00f3n (qu\u00e9 es \/ para qu\u00e9 sirve)<\/strong><\/th>\n<th data-start=\"501\" data-end=\"533\" data-col-size=\"md\"><strong data-start=\"503\" data-end=\"531\">Link interno recomendado<\/strong><\/th>\n<\/tr>\n<\/thead>\n<tbody data-start=\"625\" data-end=\"3006\">\n<tr data-start=\"625\" data-end=\"850\">\n<td data-start=\"625\" data-end=\"644\" data-col-size=\"sm\"><strong data-start=\"627\" data-end=\"643\">Ducto textil<\/strong><\/td>\n<td data-start=\"644\" data-end=\"800\" data-col-size=\"lg\">Sistema de distribuci\u00f3n de aire fabricado en material textil que permite una difusi\u00f3n homog\u00e9nea del aire en sistemas de aire acondicionado y ventilaci\u00f3n.<\/td>\n<td data-col-size=\"md\" data-start=\"800\" data-end=\"850\"><a href=\"https:\/\/www.fabricair.com\/mx\/productos\/ductos-textiles\/\">Ductos Textiles | Mexico FabricAir<\/a><\/td>\n<\/tr>\n<tr data-start=\"851\" data-end=\"1012\">\n<td data-start=\"851\" data-end=\"871\" data-col-size=\"sm\"><strong data-start=\"853\" data-end=\"870\">Ducto de tela<\/strong><\/td>\n<td data-start=\"871\" data-end=\"973\" data-col-size=\"lg\">T\u00e9rmino com\u00fan en M\u00e9xico para referirse a los ductos textiles utilizados en la distribuci\u00f3n de aire.<\/td>\n<td data-start=\"973\" data-end=\"1012\" data-col-size=\"md\"><a href=\"https:\/\/www.fabricair.com\/mx\/productos\/difusores-de-techo-textiles\/\">Difusores de Techo | Mexico FabricAir<\/a><\/td>\n<\/tr>\n<tr data-start=\"1013\" data-end=\"1183\">\n<td data-start=\"1013\" data-end=\"1035\" data-col-size=\"sm\"><strong data-start=\"1015\" data-end=\"1034\">Ducter\u00eda textil<\/strong><\/td>\n<td data-col-size=\"lg\" data-start=\"1035\" data-end=\"1148\">Conjunto de ductos textiles que conforman un sistema completo de distribuci\u00f3n de aire en una instalaci\u00f3n HVAC.<\/td>\n<td data-col-size=\"md\" data-start=\"1148\" data-end=\"1183\"><\/td>\n<\/tr>\n<tr data-start=\"1184\" data-end=\"1387\">\n<td data-start=\"1184\" data-end=\"1204\" data-col-size=\"sm\"><strong data-start=\"1186\" data-end=\"1203\">Ducto de aire<\/strong><\/td>\n<td data-col-size=\"lg\" data-start=\"1204\" data-end=\"1344\">Conducto utilizado para transportar y distribuir aire en sistemas de aire acondicionado y ventilaci\u00f3n, tanto textiles como tradicionales.<\/td>\n<td data-col-size=\"md\" data-start=\"1344\" data-end=\"1387\"><\/td>\n<\/tr>\n<tr data-start=\"1388\" data-end=\"1588\">\n<td data-start=\"1388\" data-end=\"1415\" data-col-size=\"sm\"><strong data-start=\"1390\" data-end=\"1414\">Distribuci\u00f3n de aire<\/strong><\/td>\n<td data-col-size=\"lg\" data-start=\"1415\" data-end=\"1554\">Proceso mediante el cual el aire se reparte de forma controlada dentro de un espacio para garantizar confort t\u00e9rmico y calidad del aire.<\/td>\n<td data-col-size=\"md\" data-start=\"1554\" data-end=\"1588\"><\/td>\n<\/tr>\n<tr data-start=\"1589\" data-end=\"1756\">\n<td data-start=\"1589\" data-end=\"1614\" data-col-size=\"sm\"><strong data-start=\"1591\" data-end=\"1613\">Aire acondicionado<\/strong><\/td>\n<td data-col-size=\"lg\" data-start=\"1614\" data-end=\"1720\">Sistema destinado a controlar la temperatura, humedad y calidad del aire interior en espacios cerrados.<\/td>\n<td data-col-size=\"md\" data-start=\"1720\" data-end=\"1756\"><\/td>\n<\/tr>\n<tr data-start=\"1757\" data-end=\"1936\">\n<td data-start=\"1757\" data-end=\"1782\" data-col-size=\"sm\"><strong data-start=\"1759\" data-end=\"1781\">Difusores textiles<\/strong><\/td>\n<td data-col-size=\"lg\" data-start=\"1782\" data-end=\"1900\">Elementos textiles dise\u00f1ados para dirigir y distribuir el aire de manera uniforme en zonas espec\u00edficas del espacio.<\/td>\n<td data-col-size=\"md\" data-start=\"1900\" data-end=\"1936\"><\/td>\n<\/tr>\n<tr data-start=\"1937\" data-end=\"2122\">\n<td data-start=\"1937\" data-end=\"1967\" data-col-size=\"sm\"><strong data-start=\"1939\" data-end=\"1966\">Difusi\u00f3n de aire textil<\/strong><\/td>\n<td data-col-size=\"lg\" data-start=\"1967\" data-end=\"2095\">M\u00e9todo de difusi\u00f3n del aire que utiliza materiales textiles para lograr una distribuci\u00f3n homog\u00e9nea y sin corrientes molestas.<\/td>\n<td data-col-size=\"md\" data-start=\"2095\" data-end=\"2122\"><a href=\"https:\/\/www.fabricair.com\/mx\/blogs\/hvac-en-grandes-alturas-ductos-textiles\/\">HVAC eficientes: claves para una difusi\u00f3n de aire homog\u00e9nea en espacios de gran altura | Mexico FabricAir<\/a><\/td>\n<\/tr>\n<tr data-start=\"2123\" data-end=\"2315\">\n<td data-start=\"2123\" data-end=\"2167\" data-col-size=\"sm\"><strong data-start=\"2125\" data-end=\"2166\">Sistemas de distribuci\u00f3n de aire HVAC<\/strong><\/td>\n<td data-col-size=\"lg\" data-start=\"2167\" data-end=\"2284\">Conjunto de componentes que permiten la correcta distribuci\u00f3n del aire dentro de un sistema de climatizaci\u00f3n HVAC.<\/td>\n<td data-col-size=\"md\" data-start=\"2284\" data-end=\"2315\"><\/td>\n<\/tr>\n<tr data-start=\"2316\" data-end=\"2515\">\n<td data-start=\"2316\" data-end=\"2354\" data-col-size=\"sm\"><strong data-start=\"2318\" data-end=\"2353\">Calidad del aire interior (IAQ)<\/strong><\/td>\n<td data-col-size=\"lg\" data-start=\"2354\" data-end=\"2478\">Indicador que eval\u00faa las condiciones del aire dentro de un espacio y su impacto en la salud y el confort de las personas.<\/td>\n<td data-col-size=\"md\" data-start=\"2478\" data-end=\"2515\"><a href=\"https:\/\/www.fabricair.com\/mx\/blogs\/calidad-del-aire-interior\/\">Calidad del aire interior: una cuesti\u00f3n de salud y confort | Mexico FabricAir<\/a><\/td>\n<\/tr>\n<tr data-start=\"2516\" data-end=\"2695\">\n<td data-start=\"2516\" data-end=\"2535\" data-col-size=\"sm\"><strong data-start=\"2518\" data-end=\"2534\">Manga textil<\/strong><\/td>\n<td data-col-size=\"lg\" data-start=\"2535\" data-end=\"2655\">T\u00e9rmino coloquial utilizado para describir ductos textiles, generalmente asociado a soluciones simples o no t\u00e9cnicas.<\/td>\n<td data-col-size=\"md\" data-start=\"2655\" data-end=\"2695\"><\/td>\n<\/tr>\n<tr data-start=\"2696\" data-end=\"2852\">\n<td data-start=\"2696\" data-end=\"2716\" data-col-size=\"sm\"><strong data-start=\"2698\" data-end=\"2715\">Climatizaci\u00f3n<\/strong><\/td>\n<td data-col-size=\"lg\" data-start=\"2716\" data-end=\"2828\">Conjunto de t\u00e9cnicas utilizadas para controlar las condiciones t\u00e9rmicas y ambientales de un espacio interior.<\/td>\n<td data-col-size=\"md\" data-start=\"2828\" data-end=\"2852\"><a href=\"https:\/\/www.fabricair.com\/mx\/blogs\/confort-termico-clima-interior\/\">Comfort t\u00e9rmico y regulaci\u00f3n eficaz del clima interior | Mexico FabricAir<\/a><\/td>\n<\/tr>\n<tr data-start=\"2853\" data-end=\"3006\">\n<td data-start=\"2853\" data-end=\"2871\" data-col-size=\"sm\"><strong data-start=\"2855\" data-end=\"2870\">Ventilaci\u00f3n<\/strong><\/td>\n<td data-col-size=\"lg\" data-start=\"2871\" data-end=\"2976\">Proceso de renovaci\u00f3n del aire interior para mejorar la calidad del aire y las condiciones de confort.<\/td>\n<td data-col-size=\"md\" data-start=\"2976\" data-end=\"3006\"><\/td>\n<\/tr>\n<\/tbody>\n<\/table>\n","protected":false},"excerpt":{"rendered":"<p>Explora el glosario HVAC de FabricAir M\u00e9xico con definiciones claras sobre ductos textiles, distribuci\u00f3n de aire, aire acondicionado y calidad del aire interior. &nbsp; T\u00e9rmino Descripci\u00f3n (qu\u00e9 es \/ para qu\u00e9 sirve) Link interno recomendado Ducto textil Sistema de distribuci\u00f3n de aire fabricado en material textil que permite una difusi\u00f3n homog\u00e9nea del aire en sistemas [&hellip;]<\/p>\n","protected":false},"author":12,"featured_media":8635,"parent":0,"menu_order":0,"comment_status":"closed","ping_status":"closed","template":"","meta":{"_acf_changed":false,"inline_featured_image":false,"footnotes":""},"class_list":["post-8634","page","type-page","status-publish","has-post-thumbnail","hentry"],"acf":[],"yoast_head":"<!-- This site is optimized with the Yoast SEO plugin v27.3 - https:\/\/yoast.com\/product\/yoast-seo-wordpress\/ -->\n<title>Glosario HVAC | Mexico FabricAir<\/title>\n<meta name=\"description\" content=\"Descubre el glosario HVAC de FabricAir M\u00e9xico con definiciones claras sobre ductos textiles y sistemas de distribuci\u00f3n de aire.\" \/>\n<meta name=\"robots\" content=\"index, follow, max-snippet:-1, max-image-preview:large, max-video-preview:-1, noarchive\" \/>\n<link rel=\"canonical\" href=\"https:\/\/www.fabricair.com\/mx\/wp-json\/wp\/v2\/pages\/8634\/\" \/>\n<meta property=\"og:locale\" content=\"en_US\" \/>\n<meta property=\"og:type\" content=\"article\" \/>\n<meta property=\"og:title\" content=\"Glosario HVAC de ductos textiles | FabricAir M\u00e9xico\" \/>\n<meta property=\"og:description\" content=\"Descubre el glosario HVAC de FabricAir M\u00e9xico con definiciones claras sobre ductos textiles y sistemas de distribuci\u00f3n de aire.\" \/>\n<meta property=\"og:url\" content=\"https:\/\/www.fabricair.com\/mx\/glosario-hvac\/\" \/>\n<meta property=\"og:site_name\" content=\"Mexico FabricAir\" \/>\n<meta property=\"og:image\" content=\"https:\/\/www.fabricair.com\/mx\/wp-content\/uploads\/sites\/31\/2026\/01\/FabricAir-10-lrg-jpg.webp\" \/>\n\t<meta property=\"og:image:width\" content=\"1200\" \/>\n\t<meta property=\"og:image:height\" content=\"798\" \/>\n\t<meta property=\"og:image:type\" content=\"image\/webp\" \/>\n<meta name=\"twitter:card\" content=\"summary_large_image\" \/>\n<meta name=\"twitter:label1\" content=\"Est. reading time\" \/>\n\t<meta name=\"twitter:data1\" content=\"2 minutes\" \/>\n<script type=\"application\/ld+json\" class=\"yoast-schema-graph\">{\"@context\":\"https:\\\/\\\/schema.org\",\"@graph\":[{\"@type\":\"WebPage\",\"@id\":\"https:\\\/\\\/www.fabricair.com\\\/mx\\\/glosario-hvac\\\/\",\"url\":\"https:\\\/\\\/www.fabricair.com\\\/mx\\\/glosario-hvac\\\/\",\"name\":\"Glosario HVAC de ductos textiles | FabricAir M\u00e9xico\",\"isPartOf\":{\"@id\":\"https:\\\/\\\/www.fabricair.com\\\/mx\\\/#website\"},\"primaryImageOfPage\":{\"@id\":\"https:\\\/\\\/www.fabricair.com\\\/mx\\\/glosario-hvac\\\/#primaryimage\"},\"image\":{\"@id\":\"https:\\\/\\\/www.fabricair.com\\\/mx\\\/glosario-hvac\\\/#primaryimage\"},\"thumbnailUrl\":\"https:\\\/\\\/www.fabricair.com\\\/mx\\\/wp-content\\\/uploads\\\/sites\\\/31\\\/2026\\\/01\\\/FabricAir-10-lrg-jpg.webp\",\"datePublished\":\"2026-02-25T08:27:03+00:00\",\"description\":\"Descubre el glosario HVAC de FabricAir M\u00e9xico con definiciones claras sobre ductos textiles y sistemas de distribuci\u00f3n de aire.\",\"breadcrumb\":{\"@id\":\"https:\\\/\\\/www.fabricair.com\\\/mx\\\/glosario-hvac\\\/#breadcrumb\"},\"inLanguage\":\"en-US\",\"potentialAction\":[{\"@type\":\"ReadAction\",\"target\":[\"https:\\\/\\\/www.fabricair.com\\\/mx\\\/glosario-hvac\\\/\"]}]},{\"@type\":\"ImageObject\",\"inLanguage\":\"en-US\",\"@id\":\"https:\\\/\\\/www.fabricair.com\\\/mx\\\/glosario-hvac\\\/#primaryimage\",\"url\":\"https:\\\/\\\/www.fabricair.com\\\/mx\\\/wp-content\\\/uploads\\\/sites\\\/31\\\/2026\\\/01\\\/FabricAir-10-lrg-jpg.webp\",\"contentUrl\":\"https:\\\/\\\/www.fabricair.com\\\/mx\\\/wp-content\\\/uploads\\\/sites\\\/31\\\/2026\\\/01\\\/FabricAir-10-lrg-jpg.webp\",\"width\":1200,\"height\":798,\"caption\":\"Duct socks\"},{\"@type\":\"BreadcrumbList\",\"@id\":\"https:\\\/\\\/www.fabricair.com\\\/mx\\\/glosario-hvac\\\/#breadcrumb\",\"itemListElement\":[{\"@type\":\"ListItem\",\"position\":1,\"name\":\"Home\",\"item\":\"https:\\\/\\\/www.fabricair.com\\\/mx\\\/\"},{\"@type\":\"ListItem\",\"position\":2,\"name\":\"Glossary of HVAC terms\"}]},{\"@type\":\"WebSite\",\"@id\":\"https:\\\/\\\/www.fabricair.com\\\/mx\\\/#website\",\"url\":\"https:\\\/\\\/www.fabricair.com\\\/mx\\\/\",\"name\":\"Mexico FabricAir\",\"description\":\"\",\"potentialAction\":[{\"@type\":\"SearchAction\",\"target\":{\"@type\":\"EntryPoint\",\"urlTemplate\":\"https:\\\/\\\/www.fabricair.com\\\/mx\\\/?s={search_term_string}\"},\"query-input\":{\"@type\":\"PropertyValueSpecification\",\"valueRequired\":true,\"valueName\":\"search_term_string\"}}],\"inLanguage\":\"en-US\"}]}<\/script>\n<!-- \/ Yoast SEO plugin. -->","yoast_head_json":{"title":"Glosario HVAC | Mexico FabricAir","description":"Descubre el glosario HVAC de FabricAir M\u00e9xico con definiciones claras sobre ductos textiles y sistemas de distribuci\u00f3n de aire.","robots":{"index":"index","follow":"follow","max-snippet":"max-snippet:-1","max-image-preview":"max-image-preview:large","max-video-preview":"max-video-preview:-1","archive":"noarchive"},"canonical":"https:\/\/www.fabricair.com\/mx\/wp-json\/wp\/v2\/pages\/8634\/","og_locale":"en_US","og_type":"article","og_title":"Glosario HVAC de ductos textiles | FabricAir M\u00e9xico","og_description":"Descubre el glosario HVAC de FabricAir M\u00e9xico con definiciones claras sobre ductos textiles y sistemas de distribuci\u00f3n de aire.","og_url":"https:\/\/www.fabricair.com\/mx\/glosario-hvac\/","og_site_name":"Mexico FabricAir","og_image":[{"width":1200,"height":798,"url":"https:\/\/www.fabricair.com\/mx\/wp-content\/uploads\/sites\/31\/2026\/01\/FabricAir-10-lrg-jpg.webp","type":"image\/webp"}],"twitter_card":"summary_large_image","twitter_misc":{"Est. reading time":"2 minutes"},"schema":{"@context":"https:\/\/schema.org","@graph":[{"@type":"WebPage","@id":"https:\/\/www.fabricair.com\/mx\/glosario-hvac\/","url":"https:\/\/www.fabricair.com\/mx\/glosario-hvac\/","name":"Glosario HVAC de ductos textiles | FabricAir M\u00e9xico","isPartOf":{"@id":"https:\/\/www.fabricair.com\/mx\/#website"},"primaryImageOfPage":{"@id":"https:\/\/www.fabricair.com\/mx\/glosario-hvac\/#primaryimage"},"image":{"@id":"https:\/\/www.fabricair.com\/mx\/glosario-hvac\/#primaryimage"},"thumbnailUrl":"https:\/\/www.fabricair.com\/mx\/wp-content\/uploads\/sites\/31\/2026\/01\/FabricAir-10-lrg-jpg.webp","datePublished":"2026-02-25T08:27:03+00:00","description":"Descubre el glosario HVAC de FabricAir M\u00e9xico con definiciones claras sobre ductos textiles y sistemas de distribuci\u00f3n de aire.","breadcrumb":{"@id":"https:\/\/www.fabricair.com\/mx\/glosario-hvac\/#breadcrumb"},"inLanguage":"en-US","potentialAction":[{"@type":"ReadAction","target":["https:\/\/www.fabricair.com\/mx\/glosario-hvac\/"]}]},{"@type":"ImageObject","inLanguage":"en-US","@id":"https:\/\/www.fabricair.com\/mx\/glosario-hvac\/#primaryimage","url":"https:\/\/www.fabricair.com\/mx\/wp-content\/uploads\/sites\/31\/2026\/01\/FabricAir-10-lrg-jpg.webp","contentUrl":"https:\/\/www.fabricair.com\/mx\/wp-content\/uploads\/sites\/31\/2026\/01\/FabricAir-10-lrg-jpg.webp","width":1200,"height":798,"caption":"Duct socks"},{"@type":"BreadcrumbList","@id":"https:\/\/www.fabricair.com\/mx\/glosario-hvac\/#breadcrumb","itemListElement":[{"@type":"ListItem","position":1,"name":"Home","item":"https:\/\/www.fabricair.com\/mx\/"},{"@type":"ListItem","position":2,"name":"Glossary of HVAC terms"}]},{"@type":"WebSite","@id":"https:\/\/www.fabricair.com\/mx\/#website","url":"https:\/\/www.fabricair.com\/mx\/","name":"Mexico FabricAir","description":"","potentialAction":[{"@type":"SearchAction","target":{"@type":"EntryPoint","urlTemplate":"https:\/\/www.fabricair.com\/mx\/?s={search_term_string}"},"query-input":{"@type":"PropertyValueSpecification","valueRequired":true,"valueName":"search_term_string"}}],"inLanguage":"en-US"}]}},"_links":{"self":[{"href":"https:\/\/www.fabricair.com\/mx\/wp-json\/wp\/v2\/pages\/8634","targetHints":{"allow":["GET"]}}],"collection":[{"href":"https:\/\/www.fabricair.com\/mx\/wp-json\/wp\/v2\/pages"}],"about":[{"href":"https:\/\/www.fabricair.com\/mx\/wp-json\/wp\/v2\/types\/page"}],"author":[{"embeddable":true,"href":"https:\/\/www.fabricair.com\/mx\/wp-json\/wp\/v2\/users\/12"}],"replies":[{"embeddable":true,"href":"https:\/\/www.fabricair.com\/mx\/wp-json\/wp\/v2\/comments?post=8634"}],"version-history":[{"count":5,"href":"https:\/\/www.fabricair.com\/mx\/wp-json\/wp\/v2\/pages\/8634\/revisions"}],"predecessor-version":[{"id":8696,"href":"https:\/\/www.fabricair.com\/mx\/wp-json\/wp\/v2\/pages\/8634\/revisions\/8696"}],"wp:featuredmedia":[{"embeddable":true,"href":"https:\/\/www.fabricair.com\/mx\/wp-json\/wp\/v2\/media\/8635"}],"wp:attachment":[{"href":"https:\/\/www.fabricair.com\/mx\/wp-json\/wp\/v2\/media?parent=8634"}],"curies":[{"name":"wp","href":"https:\/\/api.w.org\/{rel}","templated":true}]}}