{"id":92,"date":"2022-02-04T08:37:28","date_gmt":"2022-02-04T08:37:28","guid":{"rendered":"https:\/\/fabricair.com\/mx\/?page_id=92"},"modified":"2025-09-26T02:48:21","modified_gmt":"2025-09-26T08:48:21","slug":"productos","status":"publish","type":"page","link":"https:\/\/www.fabricair.com\/mx\/productos\/","title":{"rendered":"Productos"},"content":{"rendered":"<p>Los productos FabricAir para la difusi\u00f3n de aire se combinan en infinitas posibilidades de dise\u00f1o para crear soluciones de ventilaci\u00f3n ideales para cualquier aplicaci\u00f3n al tiempo que complementan la est\u00e9tica del edificio. Gracias a esto, es posible elaborar formas, transiciones, perfiles y modelos de flujo con base en la est\u00e9tica y el dise\u00f1o con el objetivo de de crear un producto atractivo y sencillo, sin costuras, sin ondulaciones, sin fugas, sin vetas de pintura ni imperfecciones. Como resultado, obtenemos una soluci\u00f3n de difusi\u00f3n de aire con productos textiles que brinda el ambiente perfecto en interiores, independientemente de si su aplicaci\u00f3n es isot\u00e9rmica, de calefacci\u00f3n, de refrigeraci\u00f3n o una combinaci\u00f3n de estas.<\/p>\n<p>Nuestros productos est\u00e1n formados por cuatro elementos: se secci\u00f3n, el material textil, el modelo de flujo y la suspensi\u00f3n. Estos componentes pueden combinarse de numerosas formas a fin de alcanzar los requisitos espec\u00edficos de cualquier proyecto. Ofrecemos una amplia gama de cada uno de estos elementos y nos ingenieros pueden ayudarte en el optimizado\u00a0del dise\u00f1o.<\/p>\n<p>&nbsp;<\/p>\n<p><strong>Productos para cada aplicaci\u00f3n<\/strong><\/p>\n<p><span class=\"JLqJ4b ChMk0b\" data-language-for-alternatives=\"es\" data-language-to-translate-into=\"en\" data-phrase-index=\"0\" data-number-of-phrases=\"2\"><span class=\"Q4iAWc\">Nuestros sistemas de difusi\u00f3n est\u00e1n dise\u00f1ados a medida para crear el ajuste ideal para los requisitos espec\u00edficos de cada aplicaci\u00f3n.<\/span><\/span> <span class=\"JLqJ4b ChMk0b\" data-language-for-alternatives=\"es\" data-language-to-translate-into=\"en\" data-phrase-index=\"1\" data-number-of-phrases=\"2\"><span class=\"Q4iAWc\">Los factores que influyen, como la dimensi\u00f3n de la habitaci\u00f3n, el volumen de aire, la est\u00e9tica y el prop\u00f3sito de la soluci\u00f3n, se eval\u00faan minuciosamente para determinar el mejor ducto y perfil.<\/span><\/span><\/p>\n<p><strong>Difusores de techo textiles<\/strong><\/p>\n<p><span class=\"JLqJ4b ChMk0b\" data-language-for-alternatives=\"es\" data-language-to-translate-into=\"en\" data-phrase-index=\"0\" data-number-of-phrases=\"2\"><span class=\"Q4iAWc\">La calidad del aire interior en el lugar de trabajo moderno es importante tanto para la comodidad como para la salud.<\/span><\/span> <span class=\"JLqJ4b ChMk0b\" data-language-for-alternatives=\"es\" data-language-to-translate-into=\"en\" data-phrase-index=\"1\" data-number-of-phrases=\"2\"><span class=\"Q4iAWc\">Nuestra l\u00ednea de difusores textiles est\u00e1 dise\u00f1ada para proporcionar a los edificios un clima interior sin corrientes de aire.<\/span><\/span><\/p>\n<p><strong>Productos especiales<\/strong><\/p>\n<p><span class=\"JLqJ4b ChMk0b\" data-language-for-alternatives=\"es\" data-language-to-translate-into=\"en\" data-phrase-index=\"0\" data-number-of-phrases=\"2\"><span class=\"Q4iAWc\">Con casi 50 a\u00f1os de experiencia en la innovaci\u00f3n de la industria de HVAC, nuestros ingenieros en FabricAir entienden que muchas aplicaciones requieren soluciones \u00fanicas.<\/span><\/span> <span class=\"JLqJ4b ChMk0b\" data-language-for-alternatives=\"es\" data-language-to-translate-into=\"en\" data-phrase-index=\"1\" data-number-of-phrases=\"2\"><span class=\"Q4iAWc\">Fabricair ofrece productos especializados para crear el ajuste ideal para los requisitos espec\u00edficos de cada aplicaci\u00f3n.<\/span><\/span><\/p>\n","protected":false},"excerpt":{"rendered":"<p>Los productos FabricAir para la difusi\u00f3n de aire se combinan en infinitas posibilidades de dise\u00f1o para crear soluciones de ventilaci\u00f3n ideales para cualquier aplicaci\u00f3n al tiempo que complementan la est\u00e9tica del edificio. Gracias a esto, es posible elaborar formas, transiciones, perfiles y modelos de flujo con base en la est\u00e9tica y el dise\u00f1o con el [&hellip;]<\/p>\n","protected":false},"author":1,"featured_media":6129,"parent":0,"menu_order":76,"comment_status":"closed","ping_status":"closed","template":"","meta":{"_acf_changed":false,"inline_featured_image":false,"footnotes":""},"class_list":["post-92","page","type-page","status-publish","has-post-thumbnail","hentry"],"acf":[],"yoast_head":"<!-- This site is optimized with the Yoast SEO plugin v27.3 - https:\/\/yoast.com\/product\/yoast-seo-wordpress\/ -->\n<title>Productos | Mexico FabricAir<\/title>\n<meta name=\"description\" content=\"Nuestros productos de difusi\u00f3n de aire textil ofrecen infinitas posibilidades de dise\u00f1o. Comb\u00ednalos para crear tu soluci\u00f3n ideal.\" \/>\n<meta name=\"robots\" content=\"index, follow, max-snippet:-1, max-image-preview:large, max-video-preview:-1\" \/>\n<link rel=\"canonical\" href=\"https:\/\/www.fabricair.com\/mx\/wp-json\/wp\/v2\/pages\/92\/\" \/>\n<meta property=\"og:locale\" content=\"en_US\" \/>\n<meta property=\"og:type\" content=\"article\" \/>\n<meta property=\"og:title\" content=\"Productos - Mexico FabricAir\" \/>\n<meta property=\"og:description\" content=\"Nuestros productos de difusi\u00f3n de aire textil ofrecen infinitas posibilidades de dise\u00f1o. Comb\u00ednalos para crear tu soluci\u00f3n ideal.\" \/>\n<meta property=\"og:url\" content=\"https:\/\/www.fabricair.com\/es\/productos\/\" \/>\n<meta property=\"og:site_name\" content=\"Mexico FabricAir\" \/>\n<meta property=\"article:modified_time\" content=\"2025-09-26T08:48:21+00:00\" \/>\n<meta property=\"og:image\" content=\"https:\/\/www.fabricair.com\/mx\/wp-content\/uploads\/sites\/31\/2022\/04\/DSC08657-scaled.jpg\" \/>\n\t<meta property=\"og:image:width\" content=\"2560\" \/>\n\t<meta property=\"og:image:height\" content=\"1708\" \/>\n\t<meta property=\"og:image:type\" content=\"image\/jpeg\" \/>\n<meta name=\"twitter:card\" content=\"summary_large_image\" \/>\n<meta name=\"twitter:label1\" content=\"Est. reading time\" \/>\n\t<meta name=\"twitter:data1\" content=\"2 minutes\" \/>\n<script type=\"application\/ld+json\" class=\"yoast-schema-graph\">{\"@context\":\"https:\\\/\\\/schema.org\",\"@graph\":[{\"@type\":\"WebPage\",\"@id\":\"https:\\\/\\\/www.fabricair.com\\\/mx\\\/productos\\\/\",\"url\":\"https:\\\/\\\/www.fabricair.com\\\/es\\\/productos\\\/\",\"name\":\"Productos - Mexico FabricAir\",\"isPartOf\":{\"@id\":\"https:\\\/\\\/www.fabricair.com\\\/mx\\\/#website\"},\"primaryImageOfPage\":{\"@id\":\"https:\\\/\\\/www.fabricair.com\\\/es\\\/productos\\\/#primaryimage\"},\"image\":{\"@id\":\"https:\\\/\\\/www.fabricair.com\\\/es\\\/productos\\\/#primaryimage\"},\"thumbnailUrl\":\"https:\\\/\\\/www.fabricair.com\\\/mx\\\/wp-content\\\/uploads\\\/sites\\\/31\\\/2022\\\/04\\\/DSC08657-scaled.jpg\",\"datePublished\":\"2022-02-04T08:37:28+00:00\",\"dateModified\":\"2025-09-26T08:48:21+00:00\",\"description\":\"Nuestros productos de difusi\u00f3n de aire textil ofrecen infinitas posibilidades de dise\u00f1o. Comb\u00ednalos para crear tu soluci\u00f3n ideal.\",\"breadcrumb\":{\"@id\":\"https:\\\/\\\/www.fabricair.com\\\/es\\\/productos\\\/#breadcrumb\"},\"inLanguage\":\"en-US\",\"potentialAction\":[{\"@type\":\"ReadAction\",\"target\":[\"https:\\\/\\\/www.fabricair.com\\\/es\\\/productos\\\/\"]}]},{\"@type\":\"ImageObject\",\"inLanguage\":\"en-US\",\"@id\":\"https:\\\/\\\/www.fabricair.com\\\/es\\\/productos\\\/#primaryimage\",\"url\":\"https:\\\/\\\/www.fabricair.com\\\/mx\\\/wp-content\\\/uploads\\\/sites\\\/31\\\/2022\\\/04\\\/DSC08657-scaled.jpg\",\"contentUrl\":\"https:\\\/\\\/www.fabricair.com\\\/mx\\\/wp-content\\\/uploads\\\/sites\\\/31\\\/2022\\\/04\\\/DSC08657-scaled.jpg\",\"width\":2560,\"height\":1708,\"caption\":\"Productos\"},{\"@type\":\"BreadcrumbList\",\"@id\":\"https:\\\/\\\/www.fabricair.com\\\/es\\\/productos\\\/#breadcrumb\",\"itemListElement\":[{\"@type\":\"ListItem\",\"position\":1,\"name\":\"Home\",\"item\":\"https:\\\/\\\/www.fabricair.com\\\/mx\\\/\"},{\"@type\":\"ListItem\",\"position\":2,\"name\":\"Productos\"}]},{\"@type\":\"WebSite\",\"@id\":\"https:\\\/\\\/www.fabricair.com\\\/mx\\\/#website\",\"url\":\"https:\\\/\\\/www.fabricair.com\\\/mx\\\/\",\"name\":\"Mexico FabricAir\",\"description\":\"\",\"potentialAction\":[{\"@type\":\"SearchAction\",\"target\":{\"@type\":\"EntryPoint\",\"urlTemplate\":\"https:\\\/\\\/www.fabricair.com\\\/mx\\\/?s={search_term_string}\"},\"query-input\":{\"@type\":\"PropertyValueSpecification\",\"valueRequired\":true,\"valueName\":\"search_term_string\"}}],\"inLanguage\":\"en-US\"}]}<\/script>\n<!-- \/ Yoast SEO plugin. -->","yoast_head_json":{"title":"Productos | Mexico FabricAir","description":"Nuestros productos de difusi\u00f3n de aire textil ofrecen infinitas posibilidades de dise\u00f1o. Comb\u00ednalos para crear tu soluci\u00f3n ideal.","robots":{"index":"index","follow":"follow","max-snippet":"max-snippet:-1","max-image-preview":"max-image-preview:large","max-video-preview":"max-video-preview:-1"},"canonical":"https:\/\/www.fabricair.com\/mx\/wp-json\/wp\/v2\/pages\/92\/","og_locale":"en_US","og_type":"article","og_title":"Productos - Mexico FabricAir","og_description":"Nuestros productos de difusi\u00f3n de aire textil ofrecen infinitas posibilidades de dise\u00f1o. Comb\u00ednalos para crear tu soluci\u00f3n ideal.","og_url":"https:\/\/www.fabricair.com\/es\/productos\/","og_site_name":"Mexico FabricAir","article_modified_time":"2025-09-26T08:48:21+00:00","og_image":[{"width":2560,"height":1708,"url":"https:\/\/www.fabricair.com\/mx\/wp-content\/uploads\/sites\/31\/2022\/04\/DSC08657-scaled.jpg","type":"image\/jpeg"}],"twitter_card":"summary_large_image","twitter_misc":{"Est. reading time":"2 minutes"},"schema":{"@context":"https:\/\/schema.org","@graph":[{"@type":"WebPage","@id":"https:\/\/www.fabricair.com\/mx\/productos\/","url":"https:\/\/www.fabricair.com\/es\/productos\/","name":"Productos - Mexico FabricAir","isPartOf":{"@id":"https:\/\/www.fabricair.com\/mx\/#website"},"primaryImageOfPage":{"@id":"https:\/\/www.fabricair.com\/es\/productos\/#primaryimage"},"image":{"@id":"https:\/\/www.fabricair.com\/es\/productos\/#primaryimage"},"thumbnailUrl":"https:\/\/www.fabricair.com\/mx\/wp-content\/uploads\/sites\/31\/2022\/04\/DSC08657-scaled.jpg","datePublished":"2022-02-04T08:37:28+00:00","dateModified":"2025-09-26T08:48:21+00:00","description":"Nuestros productos de difusi\u00f3n de aire textil ofrecen infinitas posibilidades de dise\u00f1o. Comb\u00ednalos para crear tu soluci\u00f3n ideal.","breadcrumb":{"@id":"https:\/\/www.fabricair.com\/es\/productos\/#breadcrumb"},"inLanguage":"en-US","potentialAction":[{"@type":"ReadAction","target":["https:\/\/www.fabricair.com\/es\/productos\/"]}]},{"@type":"ImageObject","inLanguage":"en-US","@id":"https:\/\/www.fabricair.com\/es\/productos\/#primaryimage","url":"https:\/\/www.fabricair.com\/mx\/wp-content\/uploads\/sites\/31\/2022\/04\/DSC08657-scaled.jpg","contentUrl":"https:\/\/www.fabricair.com\/mx\/wp-content\/uploads\/sites\/31\/2022\/04\/DSC08657-scaled.jpg","width":2560,"height":1708,"caption":"Productos"},{"@type":"BreadcrumbList","@id":"https:\/\/www.fabricair.com\/es\/productos\/#breadcrumb","itemListElement":[{"@type":"ListItem","position":1,"name":"Home","item":"https:\/\/www.fabricair.com\/mx\/"},{"@type":"ListItem","position":2,"name":"Productos"}]},{"@type":"WebSite","@id":"https:\/\/www.fabricair.com\/mx\/#website","url":"https:\/\/www.fabricair.com\/mx\/","name":"Mexico FabricAir","description":"","potentialAction":[{"@type":"SearchAction","target":{"@type":"EntryPoint","urlTemplate":"https:\/\/www.fabricair.com\/mx\/?s={search_term_string}"},"query-input":{"@type":"PropertyValueSpecification","valueRequired":true,"valueName":"search_term_string"}}],"inLanguage":"en-US"}]}},"_links":{"self":[{"href":"https:\/\/www.fabricair.com\/mx\/wp-json\/wp\/v2\/pages\/92","targetHints":{"allow":["GET"]}}],"collection":[{"href":"https:\/\/www.fabricair.com\/mx\/wp-json\/wp\/v2\/pages"}],"about":[{"href":"https:\/\/www.fabricair.com\/mx\/wp-json\/wp\/v2\/types\/page"}],"author":[{"embeddable":true,"href":"https:\/\/www.fabricair.com\/mx\/wp-json\/wp\/v2\/users\/1"}],"replies":[{"embeddable":true,"href":"https:\/\/www.fabricair.com\/mx\/wp-json\/wp\/v2\/comments?post=92"}],"version-history":[{"count":54,"href":"https:\/\/www.fabricair.com\/mx\/wp-json\/wp\/v2\/pages\/92\/revisions"}],"predecessor-version":[{"id":7866,"href":"https:\/\/www.fabricair.com\/mx\/wp-json\/wp\/v2\/pages\/92\/revisions\/7866"}],"wp:featuredmedia":[{"embeddable":true,"href":"https:\/\/www.fabricair.com\/mx\/wp-json\/wp\/v2\/media\/6129"}],"wp:attachment":[{"href":"https:\/\/www.fabricair.com\/mx\/wp-json\/wp\/v2\/media?parent=92"}],"curies":[{"name":"wp","href":"https:\/\/api.w.org\/{rel}","templated":true}]}}