{"id":2916,"date":"2022-03-30T08:16:56","date_gmt":"2022-03-30T08:16:56","guid":{"rendered":"https:\/\/fabricair.com\/pl\/?page_id=2916"},"modified":"2026-02-24T10:20:59","modified_gmt":"2026-02-24T10:20:59","slug":"galeria-wydarzen","status":"publish","type":"page","link":"https:\/\/www.fabricair.com\/pl\/gallery\/events\/galeria-wydarzen\/","title":{"rendered":"Galeria Wydarze\u0144"},"content":{"rendered":"","protected":false},"excerpt":{"rendered":"","protected":false},"author":1,"featured_media":2791,"parent":6987,"menu_order":21,"comment_status":"closed","ping_status":"closed","template":"page-gallery.php","meta":{"_acf_changed":false,"inline_featured_image":false,"footnotes":""},"class_list":["post-2916","page","type-page","status-publish","has-post-thumbnail","hentry"],"acf":[],"yoast_head":"<!-- This site is optimized with the Yoast SEO plugin v27.3 - https:\/\/yoast.com\/product\/yoast-seo-wordpress\/ -->\n<title>Galeria Wydarze\u0144 | Poland FabricAir<\/title>\n<meta name=\"robots\" content=\"index, follow, max-snippet:-1, max-image-preview:large, max-video-preview:-1\" \/>\n<link rel=\"canonical\" href=\"https:\/\/www.fabricair.com\/pl\/wp-json\/wp\/v2\/pages\/2916\/\" \/>\n<meta property=\"og:locale\" content=\"en_US\" \/>\n<meta property=\"og:type\" content=\"article\" \/>\n<meta property=\"og:title\" content=\"Galeria Wydarze\u0144 - Poland FabricAir\" \/>\n<meta property=\"og:url\" content=\"https:\/\/www.fabricair.com\/pl\/gallery\/events\/galeria-wydarzen\/\" \/>\n<meta property=\"og:site_name\" content=\"Poland FabricAir\" \/>\n<meta property=\"article:modified_time\" content=\"2026-02-24T10:20:59+00:00\" \/>\n<meta property=\"og:image\" content=\"https:\/\/www.fabricair.com\/pl\/wp-content\/uploads\/sites\/26\/2022\/03\/headway-F2KRf_QfCqw-unsplash-1-1.png\" \/>\n\t<meta property=\"og:image:width\" content=\"1440\" \/>\n\t<meta property=\"og:image:height\" content=\"480\" \/>\n\t<meta property=\"og:image:type\" content=\"image\/png\" \/>\n<meta name=\"twitter:card\" content=\"summary_large_image\" \/>\n<meta name=\"twitter:label1\" content=\"Est. reading time\" \/>\n\t<meta name=\"twitter:data1\" content=\"1 minute\" \/>\n<script type=\"application\/ld+json\" class=\"yoast-schema-graph\">{\"@context\":\"https:\\\/\\\/schema.org\",\"@graph\":[{\"@type\":\"WebPage\",\"@id\":\"https:\\\/\\\/www.fabricair.com\\\/pl\\\/gallery\\\/events\\\/galeria-wydarzen\\\/\",\"url\":\"https:\\\/\\\/www.fabricair.com\\\/pl\\\/gallery\\\/events\\\/galeria-wydarzen\\\/\",\"name\":\"Galeria Wydarze\u0144 - Poland FabricAir\",\"isPartOf\":{\"@id\":\"https:\\\/\\\/www.fabricair.com\\\/pl\\\/#website\"},\"primaryImageOfPage\":{\"@id\":\"https:\\\/\\\/www.fabricair.com\\\/pl\\\/gallery\\\/events\\\/galeria-wydarzen\\\/#primaryimage\"},\"image\":{\"@id\":\"https:\\\/\\\/www.fabricair.com\\\/pl\\\/gallery\\\/events\\\/galeria-wydarzen\\\/#primaryimage\"},\"thumbnailUrl\":\"https:\\\/\\\/www.fabricair.com\\\/pl\\\/wp-content\\\/uploads\\\/sites\\\/26\\\/2022\\\/03\\\/headway-F2KRf_QfCqw-unsplash-1-1.png\",\"datePublished\":\"2022-03-30T08:16:56+00:00\",\"dateModified\":\"2026-02-24T10:20:59+00:00\",\"breadcrumb\":{\"@id\":\"https:\\\/\\\/www.fabricair.com\\\/pl\\\/gallery\\\/events\\\/galeria-wydarzen\\\/#breadcrumb\"},\"inLanguage\":\"en-US\",\"potentialAction\":[{\"@type\":\"ReadAction\",\"target\":[\"https:\\\/\\\/www.fabricair.com\\\/pl\\\/gallery\\\/events\\\/galeria-wydarzen\\\/\"]}]},{\"@type\":\"ImageObject\",\"inLanguage\":\"en-US\",\"@id\":\"https:\\\/\\\/www.fabricair.com\\\/pl\\\/gallery\\\/events\\\/galeria-wydarzen\\\/#primaryimage\",\"url\":\"https:\\\/\\\/www.fabricair.com\\\/pl\\\/wp-content\\\/uploads\\\/sites\\\/26\\\/2022\\\/03\\\/headway-F2KRf_QfCqw-unsplash-1-1.png\",\"contentUrl\":\"https:\\\/\\\/www.fabricair.com\\\/pl\\\/wp-content\\\/uploads\\\/sites\\\/26\\\/2022\\\/03\\\/headway-F2KRf_QfCqw-unsplash-1-1.png\",\"width\":1440,\"height\":480,\"caption\":\"Publiczno\u015b\u0107 siedz\u0105ca w rz\u0119dach na sali, widziana z boku, o\u015bwietlona punktowym \u015bwiat\u0142em na tle ciemnej przestrzeni, 2\"},{\"@type\":\"BreadcrumbList\",\"@id\":\"https:\\\/\\\/www.fabricair.com\\\/pl\\\/gallery\\\/events\\\/galeria-wydarzen\\\/#breadcrumb\",\"itemListElement\":[{\"@type\":\"ListItem\",\"position\":1,\"name\":\"Strona g\u0142\u00f3wna\",\"item\":\"https:\\\/\\\/www.fabricair.com\\\/pl\\\/\"},{\"@type\":\"ListItem\",\"position\":2,\"name\":\"Gallery\",\"item\":\"https:\\\/\\\/www.fabricair.com\\\/pl\\\/gallery\\\/\"},{\"@type\":\"ListItem\",\"position\":3,\"name\":\"Events\",\"item\":\"https:\\\/\\\/www.fabricair.com\\\/pl\\\/gallery\\\/events\\\/\"},{\"@type\":\"ListItem\",\"position\":4,\"name\":\"Galeria Wydarze\u0144\"}]},{\"@type\":\"WebSite\",\"@id\":\"https:\\\/\\\/www.fabricair.com\\\/pl\\\/#website\",\"url\":\"https:\\\/\\\/www.fabricair.com\\\/pl\\\/\",\"name\":\"Poland FabricAir\",\"description\":\"\",\"potentialAction\":[{\"@type\":\"SearchAction\",\"target\":{\"@type\":\"EntryPoint\",\"urlTemplate\":\"https:\\\/\\\/www.fabricair.com\\\/pl\\\/?s={search_term_string}\"},\"query-input\":{\"@type\":\"PropertyValueSpecification\",\"valueRequired\":true,\"valueName\":\"search_term_string\"}}],\"inLanguage\":\"en-US\"}]}<\/script>\n<!-- \/ Yoast SEO plugin. -->","yoast_head_json":{"title":"Galeria Wydarze\u0144 | Poland FabricAir","robots":{"index":"index","follow":"follow","max-snippet":"max-snippet:-1","max-image-preview":"max-image-preview:large","max-video-preview":"max-video-preview:-1"},"canonical":"https:\/\/www.fabricair.com\/pl\/wp-json\/wp\/v2\/pages\/2916\/","og_locale":"en_US","og_type":"article","og_title":"Galeria Wydarze\u0144 - Poland FabricAir","og_url":"https:\/\/www.fabricair.com\/pl\/gallery\/events\/galeria-wydarzen\/","og_site_name":"Poland FabricAir","article_modified_time":"2026-02-24T10:20:59+00:00","og_image":[{"width":1440,"height":480,"url":"https:\/\/www.fabricair.com\/pl\/wp-content\/uploads\/sites\/26\/2022\/03\/headway-F2KRf_QfCqw-unsplash-1-1.png","type":"image\/png"}],"twitter_card":"summary_large_image","twitter_misc":{"Est. reading time":"1 minute"},"schema":{"@context":"https:\/\/schema.org","@graph":[{"@type":"WebPage","@id":"https:\/\/www.fabricair.com\/pl\/gallery\/events\/galeria-wydarzen\/","url":"https:\/\/www.fabricair.com\/pl\/gallery\/events\/galeria-wydarzen\/","name":"Galeria Wydarze\u0144 - Poland FabricAir","isPartOf":{"@id":"https:\/\/www.fabricair.com\/pl\/#website"},"primaryImageOfPage":{"@id":"https:\/\/www.fabricair.com\/pl\/gallery\/events\/galeria-wydarzen\/#primaryimage"},"image":{"@id":"https:\/\/www.fabricair.com\/pl\/gallery\/events\/galeria-wydarzen\/#primaryimage"},"thumbnailUrl":"https:\/\/www.fabricair.com\/pl\/wp-content\/uploads\/sites\/26\/2022\/03\/headway-F2KRf_QfCqw-unsplash-1-1.png","datePublished":"2022-03-30T08:16:56+00:00","dateModified":"2026-02-24T10:20:59+00:00","breadcrumb":{"@id":"https:\/\/www.fabricair.com\/pl\/gallery\/events\/galeria-wydarzen\/#breadcrumb"},"inLanguage":"en-US","potentialAction":[{"@type":"ReadAction","target":["https:\/\/www.fabricair.com\/pl\/gallery\/events\/galeria-wydarzen\/"]}]},{"@type":"ImageObject","inLanguage":"en-US","@id":"https:\/\/www.fabricair.com\/pl\/gallery\/events\/galeria-wydarzen\/#primaryimage","url":"https:\/\/www.fabricair.com\/pl\/wp-content\/uploads\/sites\/26\/2022\/03\/headway-F2KRf_QfCqw-unsplash-1-1.png","contentUrl":"https:\/\/www.fabricair.com\/pl\/wp-content\/uploads\/sites\/26\/2022\/03\/headway-F2KRf_QfCqw-unsplash-1-1.png","width":1440,"height":480,"caption":"Publiczno\u015b\u0107 siedz\u0105ca w rz\u0119dach na sali, widziana z boku, o\u015bwietlona punktowym \u015bwiat\u0142em na tle ciemnej przestrzeni, 2"},{"@type":"BreadcrumbList","@id":"https:\/\/www.fabricair.com\/pl\/gallery\/events\/galeria-wydarzen\/#breadcrumb","itemListElement":[{"@type":"ListItem","position":1,"name":"Strona g\u0142\u00f3wna","item":"https:\/\/www.fabricair.com\/pl\/"},{"@type":"ListItem","position":2,"name":"Gallery","item":"https:\/\/www.fabricair.com\/pl\/gallery\/"},{"@type":"ListItem","position":3,"name":"Events","item":"https:\/\/www.fabricair.com\/pl\/gallery\/events\/"},{"@type":"ListItem","position":4,"name":"Galeria Wydarze\u0144"}]},{"@type":"WebSite","@id":"https:\/\/www.fabricair.com\/pl\/#website","url":"https:\/\/www.fabricair.com\/pl\/","name":"Poland FabricAir","description":"","potentialAction":[{"@type":"SearchAction","target":{"@type":"EntryPoint","urlTemplate":"https:\/\/www.fabricair.com\/pl\/?s={search_term_string}"},"query-input":{"@type":"PropertyValueSpecification","valueRequired":true,"valueName":"search_term_string"}}],"inLanguage":"en-US"}]}},"_links":{"self":[{"href":"https:\/\/www.fabricair.com\/pl\/wp-json\/wp\/v2\/pages\/2916","targetHints":{"allow":["GET"]}}],"collection":[{"href":"https:\/\/www.fabricair.com\/pl\/wp-json\/wp\/v2\/pages"}],"about":[{"href":"https:\/\/www.fabricair.com\/pl\/wp-json\/wp\/v2\/types\/page"}],"author":[{"embeddable":true,"href":"https:\/\/www.fabricair.com\/pl\/wp-json\/wp\/v2\/users\/1"}],"replies":[{"embeddable":true,"href":"https:\/\/www.fabricair.com\/pl\/wp-json\/wp\/v2\/comments?post=2916"}],"version-history":[{"count":23,"href":"https:\/\/www.fabricair.com\/pl\/wp-json\/wp\/v2\/pages\/2916\/revisions"}],"predecessor-version":[{"id":7918,"href":"https:\/\/www.fabricair.com\/pl\/wp-json\/wp\/v2\/pages\/2916\/revisions\/7918"}],"up":[{"embeddable":true,"href":"https:\/\/www.fabricair.com\/pl\/wp-json\/wp\/v2\/pages\/6987"}],"wp:featuredmedia":[{"embeddable":true,"href":"https:\/\/www.fabricair.com\/pl\/wp-json\/wp\/v2\/media\/2791"}],"wp:attachment":[{"href":"https:\/\/www.fabricair.com\/pl\/wp-json\/wp\/v2\/media?parent=2916"}],"curies":[{"name":"wp","href":"https:\/\/api.w.org\/{rel}","templated":true}]}}