{"id":6987,"date":"2022-03-30T08:16:56","date_gmt":"2022-03-30T08:16:56","guid":{"rendered":"https:\/\/www.fabricair.com\/pl\/gallery\/events\/"},"modified":"2025-09-23T14:10:41","modified_gmt":"2025-09-23T14:10:41","slug":"events","status":"publish","type":"page","link":"https:\/\/www.fabricair.com\/pl\/gallery\/events\/","title":{"rendered":"Events"},"content":{"rendered":"","protected":false},"excerpt":{"rendered":"","protected":false},"author":1,"featured_media":2791,"parent":6986,"menu_order":12,"comment_status":"closed","ping_status":"closed","template":"page-gallery.php","meta":{"_acf_changed":false,"inline_featured_image":false,"footnotes":""},"class_list":["post-6987","page","type-page","status-publish","has-post-thumbnail","hentry"],"acf":[],"yoast_head":"<!-- This site is optimized with the Yoast SEO plugin v27.3 - https:\/\/yoast.com\/product\/yoast-seo-wordpress\/ -->\n<title>Events | Poland FabricAir<\/title>\n<meta name=\"description\" content=\"Odkryj galeri\u0119 FabricAir \u2013 zobacz, jak nawiewniki tekstylne sprawdzaj\u0105 si\u0119 podczas targ\u00f3w, wystaw i innych wydarze\u0144 bran\u017cowych.\" \/>\n<meta name=\"robots\" content=\"index, follow, max-snippet:-1, max-image-preview:large, max-video-preview:-1\" \/>\n<link rel=\"canonical\" href=\"https:\/\/www.fabricair.com\/pl\/wp-json\/wp\/v2\/pages\/6987\/\" \/>\n<meta property=\"og:locale\" content=\"en_US\" \/>\n<meta property=\"og:type\" content=\"article\" \/>\n<meta property=\"og:title\" content=\"Events - Poland FabricAir\" \/>\n<meta property=\"og:description\" content=\"Odkryj galeri\u0119 FabricAir \u2013 zobacz, jak nawiewniki tekstylne sprawdzaj\u0105 si\u0119 podczas targ\u00f3w, wystaw i innych wydarze\u0144 bran\u017cowych.\" \/>\n<meta property=\"og:url\" content=\"https:\/\/www.fabricair.com\/pl\/gallery\/events\/\" \/>\n<meta property=\"og:site_name\" content=\"Poland FabricAir\" \/>\n<meta property=\"article:modified_time\" content=\"2025-09-23T14:10:41+00:00\" \/>\n<meta property=\"og:image\" content=\"https:\/\/www.fabricair.com\/pl\/wp-content\/uploads\/sites\/26\/2022\/03\/headway-F2KRf_QfCqw-unsplash-1-1.png\" \/>\n\t<meta property=\"og:image:width\" content=\"1440\" \/>\n\t<meta property=\"og:image:height\" content=\"480\" \/>\n\t<meta property=\"og:image:type\" content=\"image\/png\" \/>\n<meta name=\"twitter:card\" content=\"summary_large_image\" \/>\n<meta name=\"twitter:label1\" content=\"Est. reading time\" \/>\n\t<meta name=\"twitter:data1\" content=\"1 minute\" \/>\n<script type=\"application\/ld+json\" class=\"yoast-schema-graph\">{\"@context\":\"https:\\\/\\\/schema.org\",\"@graph\":[{\"@type\":\"WebPage\",\"@id\":\"https:\\\/\\\/www.fabricair.com\\\/pl\\\/gallery\\\/events\\\/\",\"url\":\"https:\\\/\\\/www.fabricair.com\\\/pl\\\/gallery\\\/events\\\/\",\"name\":\"Events - Poland FabricAir\",\"isPartOf\":{\"@id\":\"https:\\\/\\\/www.fabricair.com\\\/pl\\\/#website\"},\"primaryImageOfPage\":{\"@id\":\"https:\\\/\\\/www.fabricair.com\\\/pl\\\/gallery\\\/events\\\/#primaryimage\"},\"image\":{\"@id\":\"https:\\\/\\\/www.fabricair.com\\\/pl\\\/gallery\\\/events\\\/#primaryimage\"},\"thumbnailUrl\":\"https:\\\/\\\/www.fabricair.com\\\/pl\\\/wp-content\\\/uploads\\\/sites\\\/26\\\/2022\\\/03\\\/headway-F2KRf_QfCqw-unsplash-1-1.png\",\"datePublished\":\"2022-03-30T08:16:56+00:00\",\"dateModified\":\"2025-09-23T14:10:41+00:00\",\"description\":\"Odkryj galeri\u0119 FabricAir \u2013 zobacz, jak nawiewniki tekstylne sprawdzaj\u0105 si\u0119 podczas targ\u00f3w, wystaw i innych wydarze\u0144 bran\u017cowych.\",\"breadcrumb\":{\"@id\":\"https:\\\/\\\/www.fabricair.com\\\/pl\\\/gallery\\\/events\\\/#breadcrumb\"},\"inLanguage\":\"en-US\",\"potentialAction\":[{\"@type\":\"ReadAction\",\"target\":[\"https:\\\/\\\/www.fabricair.com\\\/pl\\\/gallery\\\/events\\\/\"]}]},{\"@type\":\"ImageObject\",\"inLanguage\":\"en-US\",\"@id\":\"https:\\\/\\\/www.fabricair.com\\\/pl\\\/gallery\\\/events\\\/#primaryimage\",\"url\":\"https:\\\/\\\/www.fabricair.com\\\/pl\\\/wp-content\\\/uploads\\\/sites\\\/26\\\/2022\\\/03\\\/headway-F2KRf_QfCqw-unsplash-1-1.png\",\"contentUrl\":\"https:\\\/\\\/www.fabricair.com\\\/pl\\\/wp-content\\\/uploads\\\/sites\\\/26\\\/2022\\\/03\\\/headway-F2KRf_QfCqw-unsplash-1-1.png\",\"width\":1440,\"height\":480,\"caption\":\"Publiczno\u015b\u0107 siedz\u0105ca w rz\u0119dach na sali, widziana z boku, o\u015bwietlona punktowym \u015bwiat\u0142em na tle ciemnej przestrzeni, 2\"},{\"@type\":\"BreadcrumbList\",\"@id\":\"https:\\\/\\\/www.fabricair.com\\\/pl\\\/gallery\\\/events\\\/#breadcrumb\",\"itemListElement\":[{\"@type\":\"ListItem\",\"position\":1,\"name\":\"Strona g\u0142\u00f3wna\",\"item\":\"https:\\\/\\\/www.fabricair.com\\\/pl\\\/\"},{\"@type\":\"ListItem\",\"position\":2,\"name\":\"Gallery\",\"item\":\"https:\\\/\\\/www.fabricair.com\\\/pl\\\/gallery\\\/\"},{\"@type\":\"ListItem\",\"position\":3,\"name\":\"Events\"}]},{\"@type\":\"WebSite\",\"@id\":\"https:\\\/\\\/www.fabricair.com\\\/pl\\\/#website\",\"url\":\"https:\\\/\\\/www.fabricair.com\\\/pl\\\/\",\"name\":\"Poland FabricAir\",\"description\":\"\",\"potentialAction\":[{\"@type\":\"SearchAction\",\"target\":{\"@type\":\"EntryPoint\",\"urlTemplate\":\"https:\\\/\\\/www.fabricair.com\\\/pl\\\/?s={search_term_string}\"},\"query-input\":{\"@type\":\"PropertyValueSpecification\",\"valueRequired\":true,\"valueName\":\"search_term_string\"}}],\"inLanguage\":\"en-US\"}]}<\/script>\n<!-- \/ Yoast SEO plugin. -->","yoast_head_json":{"title":"Events | Poland FabricAir","description":"Odkryj galeri\u0119 FabricAir \u2013 zobacz, jak nawiewniki tekstylne sprawdzaj\u0105 si\u0119 podczas targ\u00f3w, wystaw i innych wydarze\u0144 bran\u017cowych.","robots":{"index":"index","follow":"follow","max-snippet":"max-snippet:-1","max-image-preview":"max-image-preview:large","max-video-preview":"max-video-preview:-1"},"canonical":"https:\/\/www.fabricair.com\/pl\/wp-json\/wp\/v2\/pages\/6987\/","og_locale":"en_US","og_type":"article","og_title":"Events - Poland FabricAir","og_description":"Odkryj galeri\u0119 FabricAir \u2013 zobacz, jak nawiewniki tekstylne sprawdzaj\u0105 si\u0119 podczas targ\u00f3w, wystaw i innych wydarze\u0144 bran\u017cowych.","og_url":"https:\/\/www.fabricair.com\/pl\/gallery\/events\/","og_site_name":"Poland FabricAir","article_modified_time":"2025-09-23T14:10:41+00:00","og_image":[{"width":1440,"height":480,"url":"https:\/\/www.fabricair.com\/pl\/wp-content\/uploads\/sites\/26\/2022\/03\/headway-F2KRf_QfCqw-unsplash-1-1.png","type":"image\/png"}],"twitter_card":"summary_large_image","twitter_misc":{"Est. reading time":"1 minute"},"schema":{"@context":"https:\/\/schema.org","@graph":[{"@type":"WebPage","@id":"https:\/\/www.fabricair.com\/pl\/gallery\/events\/","url":"https:\/\/www.fabricair.com\/pl\/gallery\/events\/","name":"Events - Poland FabricAir","isPartOf":{"@id":"https:\/\/www.fabricair.com\/pl\/#website"},"primaryImageOfPage":{"@id":"https:\/\/www.fabricair.com\/pl\/gallery\/events\/#primaryimage"},"image":{"@id":"https:\/\/www.fabricair.com\/pl\/gallery\/events\/#primaryimage"},"thumbnailUrl":"https:\/\/www.fabricair.com\/pl\/wp-content\/uploads\/sites\/26\/2022\/03\/headway-F2KRf_QfCqw-unsplash-1-1.png","datePublished":"2022-03-30T08:16:56+00:00","dateModified":"2025-09-23T14:10:41+00:00","description":"Odkryj galeri\u0119 FabricAir \u2013 zobacz, jak nawiewniki tekstylne sprawdzaj\u0105 si\u0119 podczas targ\u00f3w, wystaw i innych wydarze\u0144 bran\u017cowych.","breadcrumb":{"@id":"https:\/\/www.fabricair.com\/pl\/gallery\/events\/#breadcrumb"},"inLanguage":"en-US","potentialAction":[{"@type":"ReadAction","target":["https:\/\/www.fabricair.com\/pl\/gallery\/events\/"]}]},{"@type":"ImageObject","inLanguage":"en-US","@id":"https:\/\/www.fabricair.com\/pl\/gallery\/events\/#primaryimage","url":"https:\/\/www.fabricair.com\/pl\/wp-content\/uploads\/sites\/26\/2022\/03\/headway-F2KRf_QfCqw-unsplash-1-1.png","contentUrl":"https:\/\/www.fabricair.com\/pl\/wp-content\/uploads\/sites\/26\/2022\/03\/headway-F2KRf_QfCqw-unsplash-1-1.png","width":1440,"height":480,"caption":"Publiczno\u015b\u0107 siedz\u0105ca w rz\u0119dach na sali, widziana z boku, o\u015bwietlona punktowym \u015bwiat\u0142em na tle ciemnej przestrzeni, 2"},{"@type":"BreadcrumbList","@id":"https:\/\/www.fabricair.com\/pl\/gallery\/events\/#breadcrumb","itemListElement":[{"@type":"ListItem","position":1,"name":"Strona g\u0142\u00f3wna","item":"https:\/\/www.fabricair.com\/pl\/"},{"@type":"ListItem","position":2,"name":"Gallery","item":"https:\/\/www.fabricair.com\/pl\/gallery\/"},{"@type":"ListItem","position":3,"name":"Events"}]},{"@type":"WebSite","@id":"https:\/\/www.fabricair.com\/pl\/#website","url":"https:\/\/www.fabricair.com\/pl\/","name":"Poland FabricAir","description":"","potentialAction":[{"@type":"SearchAction","target":{"@type":"EntryPoint","urlTemplate":"https:\/\/www.fabricair.com\/pl\/?s={search_term_string}"},"query-input":{"@type":"PropertyValueSpecification","valueRequired":true,"valueName":"search_term_string"}}],"inLanguage":"en-US"}]}},"_links":{"self":[{"href":"https:\/\/www.fabricair.com\/pl\/wp-json\/wp\/v2\/pages\/6987","targetHints":{"allow":["GET"]}}],"collection":[{"href":"https:\/\/www.fabricair.com\/pl\/wp-json\/wp\/v2\/pages"}],"about":[{"href":"https:\/\/www.fabricair.com\/pl\/wp-json\/wp\/v2\/types\/page"}],"author":[{"embeddable":true,"href":"https:\/\/www.fabricair.com\/pl\/wp-json\/wp\/v2\/users\/1"}],"replies":[{"embeddable":true,"href":"https:\/\/www.fabricair.com\/pl\/wp-json\/wp\/v2\/comments?post=6987"}],"version-history":[{"count":8,"href":"https:\/\/www.fabricair.com\/pl\/wp-json\/wp\/v2\/pages\/6987\/revisions"}],"predecessor-version":[{"id":7644,"href":"https:\/\/www.fabricair.com\/pl\/wp-json\/wp\/v2\/pages\/6987\/revisions\/7644"}],"up":[{"embeddable":true,"href":"https:\/\/www.fabricair.com\/pl\/wp-json\/wp\/v2\/pages\/6986"}],"wp:featuredmedia":[{"embeddable":true,"href":"https:\/\/www.fabricair.com\/pl\/wp-json\/wp\/v2\/media\/2791"}],"wp:attachment":[{"href":"https:\/\/www.fabricair.com\/pl\/wp-json\/wp\/v2\/media?parent=6987"}],"curies":[{"name":"wp","href":"https:\/\/api.w.org\/{rel}","templated":true}]}}