{"id":7122,"date":"2022-10-20T08:12:24","date_gmt":"2022-10-20T08:12:24","guid":{"rendered":"https:\/\/www.fabricair.com\/pl\/crh-in-china-2022\/"},"modified":"2026-01-21T08:05:29","modified_gmt":"2026-01-21T08:05:29","slug":"crh-in-china-2022","status":"publish","type":"page","link":"https:\/\/www.fabricair.com\/pl\/gallery\/events\/galeria-wydarzen\/crh-in-china-2022\/","title":{"rendered":"CRH in China, 2022"},"content":{"rendered":"","protected":false},"excerpt":{"rendered":"","protected":false},"author":8,"featured_media":7123,"parent":2916,"menu_order":0,"comment_status":"closed","ping_status":"closed","template":"page-gallery.php","meta":{"_acf_changed":false,"inline_featured_image":false,"footnotes":""},"class_list":["post-7122","page","type-page","status-publish","has-post-thumbnail","hentry"],"acf":[],"yoast_head":"<!-- This site is optimized with the Yoast SEO plugin v27.3 - https:\/\/yoast.com\/product\/yoast-seo-wordpress\/ -->\n<title>CRH in China, 2022 | Poland FabricAir<\/title>\n<meta name=\"description\" content=\"Sprawd\u017a galeri\u0119 CRH China 2022: nawiewniki tekstylne FabricAir w zastosowaniach przemys\u0142owych i komercyjnych.\" \/>\n<meta name=\"robots\" content=\"noindex, follow\" \/>\n<meta property=\"og:locale\" content=\"en_US\" \/>\n<meta property=\"og:type\" content=\"article\" \/>\n<meta property=\"og:title\" content=\"CRH in China, 2022 - Poland FabricAir\" \/>\n<meta property=\"og:description\" content=\"Sprawd\u017a galeri\u0119 CRH China 2022: nawiewniki tekstylne FabricAir w zastosowaniach przemys\u0142owych i komercyjnych.\" \/>\n<meta property=\"og:url\" content=\"https:\/\/www.fabricair.com\/pl\/gallery\/events\/galeria-wydarzen\/crh-in-china-2022\/\" \/>\n<meta property=\"og:site_name\" content=\"Poland FabricAir\" \/>\n<meta property=\"article:modified_time\" content=\"2026-01-21T08:05:29+00:00\" \/>\n<meta property=\"og:image\" content=\"https:\/\/www.fabricair.com\/pl\/wp-content\/uploads\/sites\/26\/2022\/10\/CRH2022_8-jpg.webp\" \/>\n\t<meta property=\"og:image:width\" content=\"2000\" \/>\n\t<meta property=\"og:image:height\" content=\"1500\" \/>\n\t<meta property=\"og:image:type\" content=\"image\/jpeg\" \/>\n<meta name=\"twitter:card\" content=\"summary_large_image\" \/>\n<meta name=\"twitter:label1\" content=\"Est. reading time\" \/>\n\t<meta name=\"twitter:data1\" content=\"1 minute\" \/>\n<script type=\"application\/ld+json\" class=\"yoast-schema-graph\">{\"@context\":\"https:\\\/\\\/schema.org\",\"@graph\":[{\"@type\":\"WebPage\",\"@id\":\"https:\\\/\\\/www.fabricair.com\\\/pl\\\/gallery\\\/events\\\/galeria-wydarzen\\\/crh-in-china-2022\\\/\",\"url\":\"https:\\\/\\\/www.fabricair.com\\\/pl\\\/gallery\\\/events\\\/galeria-wydarzen\\\/crh-in-china-2022\\\/\",\"name\":\"CRH in China, 2022 - Poland FabricAir\",\"isPartOf\":{\"@id\":\"https:\\\/\\\/www.fabricair.com\\\/pl\\\/#website\"},\"primaryImageOfPage\":{\"@id\":\"https:\\\/\\\/www.fabricair.com\\\/pl\\\/gallery\\\/events\\\/galeria-wydarzen\\\/crh-in-china-2022\\\/#primaryimage\"},\"image\":{\"@id\":\"https:\\\/\\\/www.fabricair.com\\\/pl\\\/gallery\\\/events\\\/galeria-wydarzen\\\/crh-in-china-2022\\\/#primaryimage\"},\"thumbnailUrl\":\"https:\\\/\\\/www.fabricair.com\\\/pl\\\/wp-content\\\/uploads\\\/sites\\\/26\\\/2022\\\/10\\\/CRH2022_8-jpg.webp\",\"datePublished\":\"2022-10-20T08:12:24+00:00\",\"dateModified\":\"2026-01-21T08:05:29+00:00\",\"description\":\"Sprawd\u017a galeri\u0119 CRH China 2022: nawiewniki tekstylne FabricAir w zastosowaniach przemys\u0142owych i komercyjnych.\",\"breadcrumb\":{\"@id\":\"https:\\\/\\\/www.fabricair.com\\\/pl\\\/gallery\\\/events\\\/galeria-wydarzen\\\/crh-in-china-2022\\\/#breadcrumb\"},\"inLanguage\":\"en-US\",\"potentialAction\":[{\"@type\":\"ReadAction\",\"target\":[\"https:\\\/\\\/www.fabricair.com\\\/pl\\\/gallery\\\/events\\\/galeria-wydarzen\\\/crh-in-china-2022\\\/\"]}]},{\"@type\":\"ImageObject\",\"inLanguage\":\"en-US\",\"@id\":\"https:\\\/\\\/www.fabricair.com\\\/pl\\\/gallery\\\/events\\\/galeria-wydarzen\\\/crh-in-china-2022\\\/#primaryimage\",\"url\":\"https:\\\/\\\/www.fabricair.com\\\/pl\\\/wp-content\\\/uploads\\\/sites\\\/26\\\/2022\\\/10\\\/CRH2022_8-jpg.webp\",\"contentUrl\":\"https:\\\/\\\/www.fabricair.com\\\/pl\\\/wp-content\\\/uploads\\\/sites\\\/26\\\/2022\\\/10\\\/CRH2022_8-jpg.webp\",\"width\":2000,\"height\":1500,\"caption\":\"Zesp\u00f3\u0142 FabricAir obecny na targach CRH Expo 2022 w Chinach\"},{\"@type\":\"BreadcrumbList\",\"@id\":\"https:\\\/\\\/www.fabricair.com\\\/pl\\\/gallery\\\/events\\\/galeria-wydarzen\\\/crh-in-china-2022\\\/#breadcrumb\",\"itemListElement\":[{\"@type\":\"ListItem\",\"position\":1,\"name\":\"Strona g\u0142\u00f3wna\",\"item\":\"https:\\\/\\\/www.fabricair.com\\\/pl\\\/\"},{\"@type\":\"ListItem\",\"position\":2,\"name\":\"Gallery\",\"item\":\"https:\\\/\\\/www.fabricair.com\\\/pl\\\/gallery\\\/\"},{\"@type\":\"ListItem\",\"position\":3,\"name\":\"Events\",\"item\":\"https:\\\/\\\/www.fabricair.com\\\/pl\\\/gallery\\\/events\\\/\"},{\"@type\":\"ListItem\",\"position\":4,\"name\":\"Galeria Wydarze\u0144\",\"item\":\"https:\\\/\\\/www.fabricair.com\\\/pl\\\/gallery\\\/events\\\/galeria-wydarzen\\\/\"},{\"@type\":\"ListItem\",\"position\":5,\"name\":\"CRH in China, 2022\"}]},{\"@type\":\"WebSite\",\"@id\":\"https:\\\/\\\/www.fabricair.com\\\/pl\\\/#website\",\"url\":\"https:\\\/\\\/www.fabricair.com\\\/pl\\\/\",\"name\":\"Poland FabricAir\",\"description\":\"\",\"potentialAction\":[{\"@type\":\"SearchAction\",\"target\":{\"@type\":\"EntryPoint\",\"urlTemplate\":\"https:\\\/\\\/www.fabricair.com\\\/pl\\\/?s={search_term_string}\"},\"query-input\":{\"@type\":\"PropertyValueSpecification\",\"valueRequired\":true,\"valueName\":\"search_term_string\"}}],\"inLanguage\":\"en-US\"}]}<\/script>\n<!-- \/ Yoast SEO plugin. -->","yoast_head_json":{"title":"CRH in China, 2022 | Poland FabricAir","description":"Sprawd\u017a galeri\u0119 CRH China 2022: nawiewniki tekstylne FabricAir w zastosowaniach przemys\u0142owych i komercyjnych.","robots":{"index":"noindex","follow":"follow"},"og_locale":"en_US","og_type":"article","og_title":"CRH in China, 2022 - Poland FabricAir","og_description":"Sprawd\u017a galeri\u0119 CRH China 2022: nawiewniki tekstylne FabricAir w zastosowaniach przemys\u0142owych i komercyjnych.","og_url":"https:\/\/www.fabricair.com\/pl\/gallery\/events\/galeria-wydarzen\/crh-in-china-2022\/","og_site_name":"Poland FabricAir","article_modified_time":"2026-01-21T08:05:29+00:00","og_image":[{"width":2000,"height":1500,"url":"https:\/\/www.fabricair.com\/pl\/wp-content\/uploads\/sites\/26\/2022\/10\/CRH2022_8-jpg.webp","type":"image\/jpeg"}],"twitter_card":"summary_large_image","twitter_misc":{"Est. reading time":"1 minute"},"schema":{"@context":"https:\/\/schema.org","@graph":[{"@type":"WebPage","@id":"https:\/\/www.fabricair.com\/pl\/gallery\/events\/galeria-wydarzen\/crh-in-china-2022\/","url":"https:\/\/www.fabricair.com\/pl\/gallery\/events\/galeria-wydarzen\/crh-in-china-2022\/","name":"CRH in China, 2022 - Poland FabricAir","isPartOf":{"@id":"https:\/\/www.fabricair.com\/pl\/#website"},"primaryImageOfPage":{"@id":"https:\/\/www.fabricair.com\/pl\/gallery\/events\/galeria-wydarzen\/crh-in-china-2022\/#primaryimage"},"image":{"@id":"https:\/\/www.fabricair.com\/pl\/gallery\/events\/galeria-wydarzen\/crh-in-china-2022\/#primaryimage"},"thumbnailUrl":"https:\/\/www.fabricair.com\/pl\/wp-content\/uploads\/sites\/26\/2022\/10\/CRH2022_8-jpg.webp","datePublished":"2022-10-20T08:12:24+00:00","dateModified":"2026-01-21T08:05:29+00:00","description":"Sprawd\u017a galeri\u0119 CRH China 2022: nawiewniki tekstylne FabricAir w zastosowaniach przemys\u0142owych i komercyjnych.","breadcrumb":{"@id":"https:\/\/www.fabricair.com\/pl\/gallery\/events\/galeria-wydarzen\/crh-in-china-2022\/#breadcrumb"},"inLanguage":"en-US","potentialAction":[{"@type":"ReadAction","target":["https:\/\/www.fabricair.com\/pl\/gallery\/events\/galeria-wydarzen\/crh-in-china-2022\/"]}]},{"@type":"ImageObject","inLanguage":"en-US","@id":"https:\/\/www.fabricair.com\/pl\/gallery\/events\/galeria-wydarzen\/crh-in-china-2022\/#primaryimage","url":"https:\/\/www.fabricair.com\/pl\/wp-content\/uploads\/sites\/26\/2022\/10\/CRH2022_8-jpg.webp","contentUrl":"https:\/\/www.fabricair.com\/pl\/wp-content\/uploads\/sites\/26\/2022\/10\/CRH2022_8-jpg.webp","width":2000,"height":1500,"caption":"Zesp\u00f3\u0142 FabricAir obecny na targach CRH Expo 2022 w Chinach"},{"@type":"BreadcrumbList","@id":"https:\/\/www.fabricair.com\/pl\/gallery\/events\/galeria-wydarzen\/crh-in-china-2022\/#breadcrumb","itemListElement":[{"@type":"ListItem","position":1,"name":"Strona g\u0142\u00f3wna","item":"https:\/\/www.fabricair.com\/pl\/"},{"@type":"ListItem","position":2,"name":"Gallery","item":"https:\/\/www.fabricair.com\/pl\/gallery\/"},{"@type":"ListItem","position":3,"name":"Events","item":"https:\/\/www.fabricair.com\/pl\/gallery\/events\/"},{"@type":"ListItem","position":4,"name":"Galeria Wydarze\u0144","item":"https:\/\/www.fabricair.com\/pl\/gallery\/events\/galeria-wydarzen\/"},{"@type":"ListItem","position":5,"name":"CRH in China, 2022"}]},{"@type":"WebSite","@id":"https:\/\/www.fabricair.com\/pl\/#website","url":"https:\/\/www.fabricair.com\/pl\/","name":"Poland FabricAir","description":"","potentialAction":[{"@type":"SearchAction","target":{"@type":"EntryPoint","urlTemplate":"https:\/\/www.fabricair.com\/pl\/?s={search_term_string}"},"query-input":{"@type":"PropertyValueSpecification","valueRequired":true,"valueName":"search_term_string"}}],"inLanguage":"en-US"}]}},"_links":{"self":[{"href":"https:\/\/www.fabricair.com\/pl\/wp-json\/wp\/v2\/pages\/7122","targetHints":{"allow":["GET"]}}],"collection":[{"href":"https:\/\/www.fabricair.com\/pl\/wp-json\/wp\/v2\/pages"}],"about":[{"href":"https:\/\/www.fabricair.com\/pl\/wp-json\/wp\/v2\/types\/page"}],"author":[{"embeddable":true,"href":"https:\/\/www.fabricair.com\/pl\/wp-json\/wp\/v2\/users\/8"}],"replies":[{"embeddable":true,"href":"https:\/\/www.fabricair.com\/pl\/wp-json\/wp\/v2\/comments?post=7122"}],"version-history":[{"count":1,"href":"https:\/\/www.fabricair.com\/pl\/wp-json\/wp\/v2\/pages\/7122\/revisions"}],"predecessor-version":[{"id":7131,"href":"https:\/\/www.fabricair.com\/pl\/wp-json\/wp\/v2\/pages\/7122\/revisions\/7131"}],"up":[{"embeddable":true,"href":"https:\/\/www.fabricair.com\/pl\/wp-json\/wp\/v2\/pages\/2916"}],"wp:featuredmedia":[{"embeddable":true,"href":"https:\/\/www.fabricair.com\/pl\/wp-json\/wp\/v2\/media\/7123"}],"wp:attachment":[{"href":"https:\/\/www.fabricair.com\/pl\/wp-json\/wp\/v2\/media?parent=7122"}],"curies":[{"name":"wp","href":"https:\/\/api.w.org\/{rel}","templated":true}]}}