{"id":7306,"date":"2023-05-15T13:03:21","date_gmt":"2023-05-15T13:03:21","guid":{"rendered":"https:\/\/www.fabricair.com\/pl\/?page_id=7306"},"modified":"2026-01-21T08:05:35","modified_gmt":"2026-01-21T08:05:35","slug":"resta-in-vilnius-2023","status":"publish","type":"page","link":"https:\/\/www.fabricair.com\/pl\/gallery\/events\/galeria-wydarzen\/resta-in-vilnius-2023\/","title":{"rendered":"RESTA in Vilnius, 2023"},"content":{"rendered":"","protected":false},"excerpt":{"rendered":"","protected":false},"author":8,"featured_media":7307,"parent":2916,"menu_order":0,"comment_status":"closed","ping_status":"closed","template":"page-gallery.php","meta":{"_acf_changed":false,"inline_featured_image":false,"footnotes":""},"class_list":["post-7306","page","type-page","status-publish","has-post-thumbnail","hentry"],"acf":[],"yoast_head":"<!-- This site is optimized with the Yoast SEO plugin v27.3 - https:\/\/yoast.com\/product\/yoast-seo-wordpress\/ -->\n<title>RESTA in Vilnius, 2023 | Poland FabricAir<\/title>\n<meta name=\"description\" content=\"Resta in Vilnius 2023 \u2013 zdj\u0119cia wydarzenia, w kt\u00f3rych nawiewniki tekstylne FabricAir \u0142\u0105cz\u0105 estetyk\u0119 i funkcjonalno\u015b\u0107.\" \/>\n<meta name=\"robots\" content=\"noindex, follow\" \/>\n<meta property=\"og:locale\" content=\"en_US\" \/>\n<meta property=\"og:type\" content=\"article\" \/>\n<meta property=\"og:title\" content=\"RESTA in Vilnius, 2023 - Poland FabricAir\" \/>\n<meta property=\"og:description\" content=\"Resta in Vilnius 2023 \u2013 zdj\u0119cia wydarzenia, w kt\u00f3rych nawiewniki tekstylne FabricAir \u0142\u0105cz\u0105 estetyk\u0119 i funkcjonalno\u015b\u0107.\" \/>\n<meta property=\"og:url\" content=\"https:\/\/www.fabricair.com\/pl\/gallery\/events\/galeria-wydarzen\/resta-in-vilnius-2023\/\" \/>\n<meta property=\"og:site_name\" content=\"Poland FabricAir\" \/>\n<meta property=\"article:modified_time\" content=\"2026-01-21T08:05:35+00:00\" \/>\n<meta property=\"og:image\" content=\"https:\/\/www.fabricair.com\/pl\/wp-content\/uploads\/sites\/26\/2023\/05\/5.1-jpg.webp\" \/>\n\t<meta property=\"og:image:width\" content=\"1920\" \/>\n\t<meta property=\"og:image:height\" content=\"1440\" \/>\n\t<meta property=\"og:image:type\" content=\"image\/webp\" \/>\n<meta name=\"twitter:card\" content=\"summary_large_image\" \/>\n<meta name=\"twitter:label1\" content=\"Est. reading time\" \/>\n\t<meta name=\"twitter:data1\" content=\"1 minute\" \/>\n<script type=\"application\/ld+json\" class=\"yoast-schema-graph\">{\"@context\":\"https:\\\/\\\/schema.org\",\"@graph\":[{\"@type\":\"WebPage\",\"@id\":\"https:\\\/\\\/www.fabricair.com\\\/pl\\\/gallery\\\/events\\\/galeria-wydarzen\\\/resta-in-vilnius-2023\\\/\",\"url\":\"https:\\\/\\\/www.fabricair.com\\\/pl\\\/gallery\\\/events\\\/galeria-wydarzen\\\/resta-in-vilnius-2023\\\/\",\"name\":\"RESTA in Vilnius, 2023 - Poland FabricAir\",\"isPartOf\":{\"@id\":\"https:\\\/\\\/www.fabricair.com\\\/pl\\\/#website\"},\"primaryImageOfPage\":{\"@id\":\"https:\\\/\\\/www.fabricair.com\\\/pl\\\/gallery\\\/events\\\/galeria-wydarzen\\\/resta-in-vilnius-2023\\\/#primaryimage\"},\"image\":{\"@id\":\"https:\\\/\\\/www.fabricair.com\\\/pl\\\/gallery\\\/events\\\/galeria-wydarzen\\\/resta-in-vilnius-2023\\\/#primaryimage\"},\"thumbnailUrl\":\"https:\\\/\\\/www.fabricair.com\\\/pl\\\/wp-content\\\/uploads\\\/sites\\\/26\\\/2023\\\/05\\\/5.1-jpg.webp\",\"datePublished\":\"2023-05-15T13:03:21+00:00\",\"dateModified\":\"2026-01-21T08:05:35+00:00\",\"description\":\"Resta in Vilnius 2023 \u2013 zdj\u0119cia wydarzenia, w kt\u00f3rych nawiewniki tekstylne FabricAir \u0142\u0105cz\u0105 estetyk\u0119 i funkcjonalno\u015b\u0107.\",\"breadcrumb\":{\"@id\":\"https:\\\/\\\/www.fabricair.com\\\/pl\\\/gallery\\\/events\\\/galeria-wydarzen\\\/resta-in-vilnius-2023\\\/#breadcrumb\"},\"inLanguage\":\"en-US\",\"potentialAction\":[{\"@type\":\"ReadAction\",\"target\":[\"https:\\\/\\\/www.fabricair.com\\\/pl\\\/gallery\\\/events\\\/galeria-wydarzen\\\/resta-in-vilnius-2023\\\/\"]}]},{\"@type\":\"ImageObject\",\"inLanguage\":\"en-US\",\"@id\":\"https:\\\/\\\/www.fabricair.com\\\/pl\\\/gallery\\\/events\\\/galeria-wydarzen\\\/resta-in-vilnius-2023\\\/#primaryimage\",\"url\":\"https:\\\/\\\/www.fabricair.com\\\/pl\\\/wp-content\\\/uploads\\\/sites\\\/26\\\/2023\\\/05\\\/5.1-jpg.webp\",\"contentUrl\":\"https:\\\/\\\/www.fabricair.com\\\/pl\\\/wp-content\\\/uploads\\\/sites\\\/26\\\/2023\\\/05\\\/5.1-jpg.webp\",\"width\":1920,\"height\":1440,\"caption\":\"Resta 2023\"},{\"@type\":\"BreadcrumbList\",\"@id\":\"https:\\\/\\\/www.fabricair.com\\\/pl\\\/gallery\\\/events\\\/galeria-wydarzen\\\/resta-in-vilnius-2023\\\/#breadcrumb\",\"itemListElement\":[{\"@type\":\"ListItem\",\"position\":1,\"name\":\"Strona g\u0142\u00f3wna\",\"item\":\"https:\\\/\\\/www.fabricair.com\\\/pl\\\/\"},{\"@type\":\"ListItem\",\"position\":2,\"name\":\"Gallery\",\"item\":\"https:\\\/\\\/www.fabricair.com\\\/pl\\\/gallery\\\/\"},{\"@type\":\"ListItem\",\"position\":3,\"name\":\"Events\",\"item\":\"https:\\\/\\\/www.fabricair.com\\\/pl\\\/gallery\\\/events\\\/\"},{\"@type\":\"ListItem\",\"position\":4,\"name\":\"Galeria Wydarze\u0144\",\"item\":\"https:\\\/\\\/www.fabricair.com\\\/pl\\\/gallery\\\/events\\\/galeria-wydarzen\\\/\"},{\"@type\":\"ListItem\",\"position\":5,\"name\":\"RESTA in Vilnius, 2023\"}]},{\"@type\":\"WebSite\",\"@id\":\"https:\\\/\\\/www.fabricair.com\\\/pl\\\/#website\",\"url\":\"https:\\\/\\\/www.fabricair.com\\\/pl\\\/\",\"name\":\"Poland FabricAir\",\"description\":\"\",\"potentialAction\":[{\"@type\":\"SearchAction\",\"target\":{\"@type\":\"EntryPoint\",\"urlTemplate\":\"https:\\\/\\\/www.fabricair.com\\\/pl\\\/?s={search_term_string}\"},\"query-input\":{\"@type\":\"PropertyValueSpecification\",\"valueRequired\":true,\"valueName\":\"search_term_string\"}}],\"inLanguage\":\"en-US\"}]}<\/script>\n<!-- \/ Yoast SEO plugin. -->","yoast_head_json":{"title":"RESTA in Vilnius, 2023 | Poland FabricAir","description":"Resta in Vilnius 2023 \u2013 zdj\u0119cia wydarzenia, w kt\u00f3rych nawiewniki tekstylne FabricAir \u0142\u0105cz\u0105 estetyk\u0119 i funkcjonalno\u015b\u0107.","robots":{"index":"noindex","follow":"follow"},"og_locale":"en_US","og_type":"article","og_title":"RESTA in Vilnius, 2023 - Poland FabricAir","og_description":"Resta in Vilnius 2023 \u2013 zdj\u0119cia wydarzenia, w kt\u00f3rych nawiewniki tekstylne FabricAir \u0142\u0105cz\u0105 estetyk\u0119 i funkcjonalno\u015b\u0107.","og_url":"https:\/\/www.fabricair.com\/pl\/gallery\/events\/galeria-wydarzen\/resta-in-vilnius-2023\/","og_site_name":"Poland FabricAir","article_modified_time":"2026-01-21T08:05:35+00:00","og_image":[{"width":1920,"height":1440,"url":"https:\/\/www.fabricair.com\/pl\/wp-content\/uploads\/sites\/26\/2023\/05\/5.1-jpg.webp","type":"image\/webp"}],"twitter_card":"summary_large_image","twitter_misc":{"Est. reading time":"1 minute"},"schema":{"@context":"https:\/\/schema.org","@graph":[{"@type":"WebPage","@id":"https:\/\/www.fabricair.com\/pl\/gallery\/events\/galeria-wydarzen\/resta-in-vilnius-2023\/","url":"https:\/\/www.fabricair.com\/pl\/gallery\/events\/galeria-wydarzen\/resta-in-vilnius-2023\/","name":"RESTA in Vilnius, 2023 - Poland FabricAir","isPartOf":{"@id":"https:\/\/www.fabricair.com\/pl\/#website"},"primaryImageOfPage":{"@id":"https:\/\/www.fabricair.com\/pl\/gallery\/events\/galeria-wydarzen\/resta-in-vilnius-2023\/#primaryimage"},"image":{"@id":"https:\/\/www.fabricair.com\/pl\/gallery\/events\/galeria-wydarzen\/resta-in-vilnius-2023\/#primaryimage"},"thumbnailUrl":"https:\/\/www.fabricair.com\/pl\/wp-content\/uploads\/sites\/26\/2023\/05\/5.1-jpg.webp","datePublished":"2023-05-15T13:03:21+00:00","dateModified":"2026-01-21T08:05:35+00:00","description":"Resta in Vilnius 2023 \u2013 zdj\u0119cia wydarzenia, w kt\u00f3rych nawiewniki tekstylne FabricAir \u0142\u0105cz\u0105 estetyk\u0119 i funkcjonalno\u015b\u0107.","breadcrumb":{"@id":"https:\/\/www.fabricair.com\/pl\/gallery\/events\/galeria-wydarzen\/resta-in-vilnius-2023\/#breadcrumb"},"inLanguage":"en-US","potentialAction":[{"@type":"ReadAction","target":["https:\/\/www.fabricair.com\/pl\/gallery\/events\/galeria-wydarzen\/resta-in-vilnius-2023\/"]}]},{"@type":"ImageObject","inLanguage":"en-US","@id":"https:\/\/www.fabricair.com\/pl\/gallery\/events\/galeria-wydarzen\/resta-in-vilnius-2023\/#primaryimage","url":"https:\/\/www.fabricair.com\/pl\/wp-content\/uploads\/sites\/26\/2023\/05\/5.1-jpg.webp","contentUrl":"https:\/\/www.fabricair.com\/pl\/wp-content\/uploads\/sites\/26\/2023\/05\/5.1-jpg.webp","width":1920,"height":1440,"caption":"Resta 2023"},{"@type":"BreadcrumbList","@id":"https:\/\/www.fabricair.com\/pl\/gallery\/events\/galeria-wydarzen\/resta-in-vilnius-2023\/#breadcrumb","itemListElement":[{"@type":"ListItem","position":1,"name":"Strona g\u0142\u00f3wna","item":"https:\/\/www.fabricair.com\/pl\/"},{"@type":"ListItem","position":2,"name":"Gallery","item":"https:\/\/www.fabricair.com\/pl\/gallery\/"},{"@type":"ListItem","position":3,"name":"Events","item":"https:\/\/www.fabricair.com\/pl\/gallery\/events\/"},{"@type":"ListItem","position":4,"name":"Galeria Wydarze\u0144","item":"https:\/\/www.fabricair.com\/pl\/gallery\/events\/galeria-wydarzen\/"},{"@type":"ListItem","position":5,"name":"RESTA in Vilnius, 2023"}]},{"@type":"WebSite","@id":"https:\/\/www.fabricair.com\/pl\/#website","url":"https:\/\/www.fabricair.com\/pl\/","name":"Poland FabricAir","description":"","potentialAction":[{"@type":"SearchAction","target":{"@type":"EntryPoint","urlTemplate":"https:\/\/www.fabricair.com\/pl\/?s={search_term_string}"},"query-input":{"@type":"PropertyValueSpecification","valueRequired":true,"valueName":"search_term_string"}}],"inLanguage":"en-US"}]}},"_links":{"self":[{"href":"https:\/\/www.fabricair.com\/pl\/wp-json\/wp\/v2\/pages\/7306","targetHints":{"allow":["GET"]}}],"collection":[{"href":"https:\/\/www.fabricair.com\/pl\/wp-json\/wp\/v2\/pages"}],"about":[{"href":"https:\/\/www.fabricair.com\/pl\/wp-json\/wp\/v2\/types\/page"}],"author":[{"embeddable":true,"href":"https:\/\/www.fabricair.com\/pl\/wp-json\/wp\/v2\/users\/8"}],"replies":[{"embeddable":true,"href":"https:\/\/www.fabricair.com\/pl\/wp-json\/wp\/v2\/comments?post=7306"}],"version-history":[{"count":1,"href":"https:\/\/www.fabricair.com\/pl\/wp-json\/wp\/v2\/pages\/7306\/revisions"}],"predecessor-version":[{"id":7313,"href":"https:\/\/www.fabricair.com\/pl\/wp-json\/wp\/v2\/pages\/7306\/revisions\/7313"}],"up":[{"embeddable":true,"href":"https:\/\/www.fabricair.com\/pl\/wp-json\/wp\/v2\/pages\/2916"}],"wp:featuredmedia":[{"embeddable":true,"href":"https:\/\/www.fabricair.com\/pl\/wp-json\/wp\/v2\/media\/7307"}],"wp:attachment":[{"href":"https:\/\/www.fabricair.com\/pl\/wp-json\/wp\/v2\/media?parent=7306"}],"curies":[{"name":"wp","href":"https:\/\/api.w.org\/{rel}","templated":true}]}}