{"id":7482,"date":"2024-03-12T13:22:38","date_gmt":"2024-03-12T13:22:38","guid":{"rendered":"https:\/\/www.fabricair.com\/pl\/?page_id=7482"},"modified":"2025-09-10T07:45:25","modified_gmt":"2025-09-10T07:45:25","slug":"revit-add-in-fabricair-pro","status":"publish","type":"page","link":"https:\/\/www.fabricair.com\/pl\/revit-add-in-fabricair-pro\/","title":{"rendered":"Revit Add-in FabricAir PRO"},"content":{"rendered":"<h3>Projektuj bez obaw innowacyjne instalacje HVAC<\/h3>\n<p>FabricAir PRO to narz\u0119dzie Revit-Add-In, kt\u00f3re umo\u017cliwia dob\u00f3r i projektowanie tekstylnych system\u00f3w HVAC.<br \/>\nFabricAir PRO u\u0142atwi i przyspieszy projektowanie oraz pomo\u017ce unikn\u0105\u0107 kosztownych b\u0142\u0119d\u00f3w.<\/p>\n","protected":false},"excerpt":{"rendered":"<p>Projektuj bez obaw innowacyjne instalacje HVAC FabricAir PRO to narz\u0119dzie Revit-Add-In, kt\u00f3re umo\u017cliwia dob\u00f3r i projektowanie tekstylnych system\u00f3w HVAC. FabricAir PRO u\u0142atwi i przyspieszy projektowanie oraz pomo\u017ce unikn\u0105\u0107 kosztownych b\u0142\u0119d\u00f3w.<\/p>\n","protected":false},"author":8,"featured_media":7483,"parent":0,"menu_order":0,"comment_status":"closed","ping_status":"closed","template":"","meta":{"_acf_changed":false,"inline_featured_image":false,"footnotes":""},"class_list":["post-7482","page","type-page","status-publish","has-post-thumbnail","hentry"],"acf":[],"yoast_head":"<!-- This site is optimized with the Yoast SEO plugin v27.3 - https:\/\/yoast.com\/product\/yoast-seo-wordpress\/ -->\n<title>Revit Add-in FabricAir PRO | Poland FabricAir<\/title>\n<meta name=\"description\" content=\"Nawiewniki tekstylne w Revit \u2013 FabricAir PRO u\u0142atwia projektowanie, przyspiesza wyceny i eliminuje b\u0142\u0119dy.\" \/>\n<meta name=\"robots\" content=\"index, follow, max-snippet:-1, max-image-preview:large, max-video-preview:-1\" \/>\n<link rel=\"canonical\" href=\"https:\/\/www.fabricair.com\/pl\/wp-json\/wp\/v2\/pages\/7482\/\" \/>\n<meta property=\"og:locale\" content=\"en_US\" \/>\n<meta property=\"og:type\" content=\"article\" \/>\n<meta property=\"og:title\" content=\"Revit Add-in FabricAir PRO - Poland FabricAir\" \/>\n<meta property=\"og:description\" content=\"Nawiewniki tekstylne w Revit \u2013 FabricAir PRO u\u0142atwia projektowanie, przyspiesza wyceny i eliminuje b\u0142\u0119dy.\" \/>\n<meta property=\"og:url\" content=\"https:\/\/www.fabricair.com\/pl\/revit-add-in-fabricair-pro\/\" \/>\n<meta property=\"og:site_name\" content=\"Poland FabricAir\" \/>\n<meta property=\"article:modified_time\" content=\"2025-09-10T07:45:25+00:00\" \/>\n<meta property=\"og:image\" content=\"https:\/\/www.fabricair.com\/pl\/wp-content\/uploads\/sites\/26\/2024\/03\/shutterstock_1134534065.png\" \/>\n\t<meta property=\"og:image:width\" content=\"1440\" \/>\n\t<meta property=\"og:image:height\" content=\"712\" \/>\n\t<meta property=\"og:image:type\" content=\"image\/png\" \/>\n<meta name=\"twitter:card\" content=\"summary_large_image\" \/>\n<meta name=\"twitter:label1\" content=\"Est. reading time\" \/>\n\t<meta name=\"twitter:data1\" content=\"1 minute\" \/>\n<script type=\"application\/ld+json\" class=\"yoast-schema-graph\">{\"@context\":\"https:\\\/\\\/schema.org\",\"@graph\":[{\"@type\":\"WebPage\",\"@id\":\"https:\\\/\\\/www.fabricair.com\\\/pl\\\/revit-add-in-fabricair-pro\\\/\",\"url\":\"https:\\\/\\\/www.fabricair.com\\\/pl\\\/revit-add-in-fabricair-pro\\\/\",\"name\":\"Revit Add-in FabricAir PRO - Poland FabricAir\",\"isPartOf\":{\"@id\":\"https:\\\/\\\/www.fabricair.com\\\/pl\\\/#website\"},\"primaryImageOfPage\":{\"@id\":\"https:\\\/\\\/www.fabricair.com\\\/pl\\\/revit-add-in-fabricair-pro\\\/#primaryimage\"},\"image\":{\"@id\":\"https:\\\/\\\/www.fabricair.com\\\/pl\\\/revit-add-in-fabricair-pro\\\/#primaryimage\"},\"thumbnailUrl\":\"https:\\\/\\\/www.fabricair.com\\\/pl\\\/wp-content\\\/uploads\\\/sites\\\/26\\\/2024\\\/03\\\/shutterstock_1134534065.png\",\"datePublished\":\"2024-03-12T13:22:38+00:00\",\"dateModified\":\"2025-09-10T07:45:25+00:00\",\"description\":\"Nawiewniki tekstylne w Revit \u2013 FabricAir PRO u\u0142atwia projektowanie, przyspiesza wyceny i eliminuje b\u0142\u0119dy.\",\"breadcrumb\":{\"@id\":\"https:\\\/\\\/www.fabricair.com\\\/pl\\\/revit-add-in-fabricair-pro\\\/#breadcrumb\"},\"inLanguage\":\"en-US\",\"potentialAction\":[{\"@type\":\"ReadAction\",\"target\":[\"https:\\\/\\\/www.fabricair.com\\\/pl\\\/revit-add-in-fabricair-pro\\\/\"]}]},{\"@type\":\"ImageObject\",\"inLanguage\":\"en-US\",\"@id\":\"https:\\\/\\\/www.fabricair.com\\\/pl\\\/revit-add-in-fabricair-pro\\\/#primaryimage\",\"url\":\"https:\\\/\\\/www.fabricair.com\\\/pl\\\/wp-content\\\/uploads\\\/sites\\\/26\\\/2024\\\/03\\\/shutterstock_1134534065.png\",\"contentUrl\":\"https:\\\/\\\/www.fabricair.com\\\/pl\\\/wp-content\\\/uploads\\\/sites\\\/26\\\/2024\\\/03\\\/shutterstock_1134534065.png\",\"width\":1440,\"height\":712,\"caption\":\"FabricAir Services\"},{\"@type\":\"BreadcrumbList\",\"@id\":\"https:\\\/\\\/www.fabricair.com\\\/pl\\\/revit-add-in-fabricair-pro\\\/#breadcrumb\",\"itemListElement\":[{\"@type\":\"ListItem\",\"position\":1,\"name\":\"Strona g\u0142\u00f3wna\",\"item\":\"https:\\\/\\\/www.fabricair.com\\\/pl\\\/\"},{\"@type\":\"ListItem\",\"position\":2,\"name\":\"Revit Add-in FabricAir PRO\"}]},{\"@type\":\"WebSite\",\"@id\":\"https:\\\/\\\/www.fabricair.com\\\/pl\\\/#website\",\"url\":\"https:\\\/\\\/www.fabricair.com\\\/pl\\\/\",\"name\":\"Poland FabricAir\",\"description\":\"\",\"potentialAction\":[{\"@type\":\"SearchAction\",\"target\":{\"@type\":\"EntryPoint\",\"urlTemplate\":\"https:\\\/\\\/www.fabricair.com\\\/pl\\\/?s={search_term_string}\"},\"query-input\":{\"@type\":\"PropertyValueSpecification\",\"valueRequired\":true,\"valueName\":\"search_term_string\"}}],\"inLanguage\":\"en-US\"}]}<\/script>\n<!-- \/ Yoast SEO plugin. -->","yoast_head_json":{"title":"Revit Add-in FabricAir PRO | Poland FabricAir","description":"Nawiewniki tekstylne w Revit \u2013 FabricAir PRO u\u0142atwia projektowanie, przyspiesza wyceny i eliminuje b\u0142\u0119dy.","robots":{"index":"index","follow":"follow","max-snippet":"max-snippet:-1","max-image-preview":"max-image-preview:large","max-video-preview":"max-video-preview:-1"},"canonical":"https:\/\/www.fabricair.com\/pl\/wp-json\/wp\/v2\/pages\/7482\/","og_locale":"en_US","og_type":"article","og_title":"Revit Add-in FabricAir PRO - Poland FabricAir","og_description":"Nawiewniki tekstylne w Revit \u2013 FabricAir PRO u\u0142atwia projektowanie, przyspiesza wyceny i eliminuje b\u0142\u0119dy.","og_url":"https:\/\/www.fabricair.com\/pl\/revit-add-in-fabricair-pro\/","og_site_name":"Poland FabricAir","article_modified_time":"2025-09-10T07:45:25+00:00","og_image":[{"width":1440,"height":712,"url":"https:\/\/www.fabricair.com\/pl\/wp-content\/uploads\/sites\/26\/2024\/03\/shutterstock_1134534065.png","type":"image\/png"}],"twitter_card":"summary_large_image","twitter_misc":{"Est. reading time":"1 minute"},"schema":{"@context":"https:\/\/schema.org","@graph":[{"@type":"WebPage","@id":"https:\/\/www.fabricair.com\/pl\/revit-add-in-fabricair-pro\/","url":"https:\/\/www.fabricair.com\/pl\/revit-add-in-fabricair-pro\/","name":"Revit Add-in FabricAir PRO - Poland FabricAir","isPartOf":{"@id":"https:\/\/www.fabricair.com\/pl\/#website"},"primaryImageOfPage":{"@id":"https:\/\/www.fabricair.com\/pl\/revit-add-in-fabricair-pro\/#primaryimage"},"image":{"@id":"https:\/\/www.fabricair.com\/pl\/revit-add-in-fabricair-pro\/#primaryimage"},"thumbnailUrl":"https:\/\/www.fabricair.com\/pl\/wp-content\/uploads\/sites\/26\/2024\/03\/shutterstock_1134534065.png","datePublished":"2024-03-12T13:22:38+00:00","dateModified":"2025-09-10T07:45:25+00:00","description":"Nawiewniki tekstylne w Revit \u2013 FabricAir PRO u\u0142atwia projektowanie, przyspiesza wyceny i eliminuje b\u0142\u0119dy.","breadcrumb":{"@id":"https:\/\/www.fabricair.com\/pl\/revit-add-in-fabricair-pro\/#breadcrumb"},"inLanguage":"en-US","potentialAction":[{"@type":"ReadAction","target":["https:\/\/www.fabricair.com\/pl\/revit-add-in-fabricair-pro\/"]}]},{"@type":"ImageObject","inLanguage":"en-US","@id":"https:\/\/www.fabricair.com\/pl\/revit-add-in-fabricair-pro\/#primaryimage","url":"https:\/\/www.fabricair.com\/pl\/wp-content\/uploads\/sites\/26\/2024\/03\/shutterstock_1134534065.png","contentUrl":"https:\/\/www.fabricair.com\/pl\/wp-content\/uploads\/sites\/26\/2024\/03\/shutterstock_1134534065.png","width":1440,"height":712,"caption":"FabricAir Services"},{"@type":"BreadcrumbList","@id":"https:\/\/www.fabricair.com\/pl\/revit-add-in-fabricair-pro\/#breadcrumb","itemListElement":[{"@type":"ListItem","position":1,"name":"Strona g\u0142\u00f3wna","item":"https:\/\/www.fabricair.com\/pl\/"},{"@type":"ListItem","position":2,"name":"Revit Add-in FabricAir PRO"}]},{"@type":"WebSite","@id":"https:\/\/www.fabricair.com\/pl\/#website","url":"https:\/\/www.fabricair.com\/pl\/","name":"Poland FabricAir","description":"","potentialAction":[{"@type":"SearchAction","target":{"@type":"EntryPoint","urlTemplate":"https:\/\/www.fabricair.com\/pl\/?s={search_term_string}"},"query-input":{"@type":"PropertyValueSpecification","valueRequired":true,"valueName":"search_term_string"}}],"inLanguage":"en-US"}]}},"_links":{"self":[{"href":"https:\/\/www.fabricair.com\/pl\/wp-json\/wp\/v2\/pages\/7482","targetHints":{"allow":["GET"]}}],"collection":[{"href":"https:\/\/www.fabricair.com\/pl\/wp-json\/wp\/v2\/pages"}],"about":[{"href":"https:\/\/www.fabricair.com\/pl\/wp-json\/wp\/v2\/types\/page"}],"author":[{"embeddable":true,"href":"https:\/\/www.fabricair.com\/pl\/wp-json\/wp\/v2\/users\/8"}],"replies":[{"embeddable":true,"href":"https:\/\/www.fabricair.com\/pl\/wp-json\/wp\/v2\/comments?post=7482"}],"version-history":[{"count":7,"href":"https:\/\/www.fabricair.com\/pl\/wp-json\/wp\/v2\/pages\/7482\/revisions"}],"predecessor-version":[{"id":7683,"href":"https:\/\/www.fabricair.com\/pl\/wp-json\/wp\/v2\/pages\/7482\/revisions\/7683"}],"wp:featuredmedia":[{"embeddable":true,"href":"https:\/\/www.fabricair.com\/pl\/wp-json\/wp\/v2\/media\/7483"}],"wp:attachment":[{"href":"https:\/\/www.fabricair.com\/pl\/wp-json\/wp\/v2\/media?parent=7482"}],"curies":[{"name":"wp","href":"https:\/\/api.w.org\/{rel}","templated":true}]}}