{"id":7581,"date":"2024-10-28T19:21:57","date_gmt":"2024-10-28T19:21:57","guid":{"rendered":"https:\/\/www.fabricair.com\/pl\/?page_id=7581"},"modified":"2026-01-21T08:05:40","modified_gmt":"2026-01-21T08:05:40","slug":"chillventa-2024-nurnberg","status":"publish","type":"page","link":"https:\/\/www.fabricair.com\/pl\/gallery\/events\/chillventa-2024-nurnberg\/","title":{"rendered":"Chillventa 2024, N\u00fcrnberg"},"content":{"rendered":"","protected":false},"excerpt":{"rendered":"","protected":false},"author":28,"featured_media":7582,"parent":6987,"menu_order":0,"comment_status":"closed","ping_status":"closed","template":"page-gallery.php","meta":{"_acf_changed":false,"inline_featured_image":false,"footnotes":""},"class_list":["post-7581","page","type-page","status-publish","has-post-thumbnail","hentry"],"acf":[],"yoast_head":"<!-- This site is optimized with the Yoast SEO plugin v27.3 - https:\/\/yoast.com\/product\/yoast-seo-wordpress\/ -->\n<title>Chillventa 2024, N\u00fcrnberg | Poland FabricAir<\/title>\n<meta name=\"description\" content=\"Sprawd\u017a galeri\u0119 z Chillventa 2024 \u2013 jak nawiewniki tekstylne FabricAir \u0142\u0105cz\u0105 funkcjonalno\u015b\u0107 i estetyk\u0119 w Norymberdze.\" \/>\n<meta name=\"robots\" content=\"noindex, follow\" \/>\n<meta property=\"og:locale\" content=\"en_US\" \/>\n<meta property=\"og:type\" content=\"article\" \/>\n<meta property=\"og:title\" content=\"Chillventa 2024, N\u00fcrnberg - Poland FabricAir\" \/>\n<meta property=\"og:description\" content=\"Sprawd\u017a galeri\u0119 z Chillventa 2024 \u2013 jak nawiewniki tekstylne FabricAir \u0142\u0105cz\u0105 funkcjonalno\u015b\u0107 i estetyk\u0119 w Norymberdze.\" \/>\n<meta property=\"og:url\" content=\"https:\/\/www.fabricair.com\/pl\/gallery\/events\/chillventa-2024-nurnberg\/\" \/>\n<meta property=\"og:site_name\" content=\"Poland FabricAir\" \/>\n<meta property=\"article:modified_time\" content=\"2026-01-21T08:05:40+00:00\" \/>\n<meta property=\"og:image\" content=\"https:\/\/www.fabricair.com\/pl\/wp-content\/uploads\/sites\/26\/2024\/10\/Chillventa-2024-1.jpg\" \/>\n\t<meta property=\"og:image:width\" content=\"800\" \/>\n\t<meta property=\"og:image:height\" content=\"600\" \/>\n\t<meta property=\"og:image:type\" content=\"image\/jpeg\" \/>\n<meta name=\"twitter:card\" content=\"summary_large_image\" \/>\n<meta name=\"twitter:label1\" content=\"Est. reading time\" \/>\n\t<meta name=\"twitter:data1\" content=\"1 minute\" \/>\n<script type=\"application\/ld+json\" class=\"yoast-schema-graph\">{\"@context\":\"https:\\\/\\\/schema.org\",\"@graph\":[{\"@type\":\"WebPage\",\"@id\":\"https:\\\/\\\/www.fabricair.com\\\/pl\\\/gallery\\\/events\\\/chillventa-2024-nurnberg\\\/\",\"url\":\"https:\\\/\\\/www.fabricair.com\\\/pl\\\/gallery\\\/events\\\/chillventa-2024-nurnberg\\\/\",\"name\":\"Chillventa 2024, N\u00fcrnberg - Poland FabricAir\",\"isPartOf\":{\"@id\":\"https:\\\/\\\/www.fabricair.com\\\/pl\\\/#website\"},\"primaryImageOfPage\":{\"@id\":\"https:\\\/\\\/www.fabricair.com\\\/pl\\\/gallery\\\/events\\\/chillventa-2024-nurnberg\\\/#primaryimage\"},\"image\":{\"@id\":\"https:\\\/\\\/www.fabricair.com\\\/pl\\\/gallery\\\/events\\\/chillventa-2024-nurnberg\\\/#primaryimage\"},\"thumbnailUrl\":\"https:\\\/\\\/www.fabricair.com\\\/pl\\\/wp-content\\\/uploads\\\/sites\\\/26\\\/2024\\\/10\\\/Chillventa-2024-1.jpg\",\"datePublished\":\"2024-10-28T19:21:57+00:00\",\"dateModified\":\"2026-01-21T08:05:40+00:00\",\"description\":\"Sprawd\u017a galeri\u0119 z Chillventa 2024 \u2013 jak nawiewniki tekstylne FabricAir \u0142\u0105cz\u0105 funkcjonalno\u015b\u0107 i estetyk\u0119 w Norymberdze.\",\"breadcrumb\":{\"@id\":\"https:\\\/\\\/www.fabricair.com\\\/pl\\\/gallery\\\/events\\\/chillventa-2024-nurnberg\\\/#breadcrumb\"},\"inLanguage\":\"en-US\",\"potentialAction\":[{\"@type\":\"ReadAction\",\"target\":[\"https:\\\/\\\/www.fabricair.com\\\/pl\\\/gallery\\\/events\\\/chillventa-2024-nurnberg\\\/\"]}]},{\"@type\":\"ImageObject\",\"inLanguage\":\"en-US\",\"@id\":\"https:\\\/\\\/www.fabricair.com\\\/pl\\\/gallery\\\/events\\\/chillventa-2024-nurnberg\\\/#primaryimage\",\"url\":\"https:\\\/\\\/www.fabricair.com\\\/pl\\\/wp-content\\\/uploads\\\/sites\\\/26\\\/2024\\\/10\\\/Chillventa-2024-1.jpg\",\"contentUrl\":\"https:\\\/\\\/www.fabricair.com\\\/pl\\\/wp-content\\\/uploads\\\/sites\\\/26\\\/2024\\\/10\\\/Chillventa-2024-1.jpg\",\"width\":800,\"height\":600,\"caption\":\"Przedstawiciele FabricAir na targach Chillventa Expo 2024 w Norymberdze\"},{\"@type\":\"BreadcrumbList\",\"@id\":\"https:\\\/\\\/www.fabricair.com\\\/pl\\\/gallery\\\/events\\\/chillventa-2024-nurnberg\\\/#breadcrumb\",\"itemListElement\":[{\"@type\":\"ListItem\",\"position\":1,\"name\":\"Strona g\u0142\u00f3wna\",\"item\":\"https:\\\/\\\/www.fabricair.com\\\/pl\\\/\"},{\"@type\":\"ListItem\",\"position\":2,\"name\":\"Gallery\",\"item\":\"https:\\\/\\\/www.fabricair.com\\\/pl\\\/gallery\\\/\"},{\"@type\":\"ListItem\",\"position\":3,\"name\":\"Events\",\"item\":\"https:\\\/\\\/www.fabricair.com\\\/pl\\\/gallery\\\/events\\\/\"},{\"@type\":\"ListItem\",\"position\":4,\"name\":\"Chillventa 2024, N\u00fcrnberg\"}]},{\"@type\":\"WebSite\",\"@id\":\"https:\\\/\\\/www.fabricair.com\\\/pl\\\/#website\",\"url\":\"https:\\\/\\\/www.fabricair.com\\\/pl\\\/\",\"name\":\"Poland FabricAir\",\"description\":\"\",\"potentialAction\":[{\"@type\":\"SearchAction\",\"target\":{\"@type\":\"EntryPoint\",\"urlTemplate\":\"https:\\\/\\\/www.fabricair.com\\\/pl\\\/?s={search_term_string}\"},\"query-input\":{\"@type\":\"PropertyValueSpecification\",\"valueRequired\":true,\"valueName\":\"search_term_string\"}}],\"inLanguage\":\"en-US\"}]}<\/script>\n<!-- \/ Yoast SEO plugin. -->","yoast_head_json":{"title":"Chillventa 2024, N\u00fcrnberg | Poland FabricAir","description":"Sprawd\u017a galeri\u0119 z Chillventa 2024 \u2013 jak nawiewniki tekstylne FabricAir \u0142\u0105cz\u0105 funkcjonalno\u015b\u0107 i estetyk\u0119 w Norymberdze.","robots":{"index":"noindex","follow":"follow"},"og_locale":"en_US","og_type":"article","og_title":"Chillventa 2024, N\u00fcrnberg - Poland FabricAir","og_description":"Sprawd\u017a galeri\u0119 z Chillventa 2024 \u2013 jak nawiewniki tekstylne FabricAir \u0142\u0105cz\u0105 funkcjonalno\u015b\u0107 i estetyk\u0119 w Norymberdze.","og_url":"https:\/\/www.fabricair.com\/pl\/gallery\/events\/chillventa-2024-nurnberg\/","og_site_name":"Poland FabricAir","article_modified_time":"2026-01-21T08:05:40+00:00","og_image":[{"width":800,"height":600,"url":"https:\/\/www.fabricair.com\/pl\/wp-content\/uploads\/sites\/26\/2024\/10\/Chillventa-2024-1.jpg","type":"image\/jpeg"}],"twitter_card":"summary_large_image","twitter_misc":{"Est. reading time":"1 minute"},"schema":{"@context":"https:\/\/schema.org","@graph":[{"@type":"WebPage","@id":"https:\/\/www.fabricair.com\/pl\/gallery\/events\/chillventa-2024-nurnberg\/","url":"https:\/\/www.fabricair.com\/pl\/gallery\/events\/chillventa-2024-nurnberg\/","name":"Chillventa 2024, N\u00fcrnberg - Poland FabricAir","isPartOf":{"@id":"https:\/\/www.fabricair.com\/pl\/#website"},"primaryImageOfPage":{"@id":"https:\/\/www.fabricair.com\/pl\/gallery\/events\/chillventa-2024-nurnberg\/#primaryimage"},"image":{"@id":"https:\/\/www.fabricair.com\/pl\/gallery\/events\/chillventa-2024-nurnberg\/#primaryimage"},"thumbnailUrl":"https:\/\/www.fabricair.com\/pl\/wp-content\/uploads\/sites\/26\/2024\/10\/Chillventa-2024-1.jpg","datePublished":"2024-10-28T19:21:57+00:00","dateModified":"2026-01-21T08:05:40+00:00","description":"Sprawd\u017a galeri\u0119 z Chillventa 2024 \u2013 jak nawiewniki tekstylne FabricAir \u0142\u0105cz\u0105 funkcjonalno\u015b\u0107 i estetyk\u0119 w Norymberdze.","breadcrumb":{"@id":"https:\/\/www.fabricair.com\/pl\/gallery\/events\/chillventa-2024-nurnberg\/#breadcrumb"},"inLanguage":"en-US","potentialAction":[{"@type":"ReadAction","target":["https:\/\/www.fabricair.com\/pl\/gallery\/events\/chillventa-2024-nurnberg\/"]}]},{"@type":"ImageObject","inLanguage":"en-US","@id":"https:\/\/www.fabricair.com\/pl\/gallery\/events\/chillventa-2024-nurnberg\/#primaryimage","url":"https:\/\/www.fabricair.com\/pl\/wp-content\/uploads\/sites\/26\/2024\/10\/Chillventa-2024-1.jpg","contentUrl":"https:\/\/www.fabricair.com\/pl\/wp-content\/uploads\/sites\/26\/2024\/10\/Chillventa-2024-1.jpg","width":800,"height":600,"caption":"Przedstawiciele FabricAir na targach Chillventa Expo 2024 w Norymberdze"},{"@type":"BreadcrumbList","@id":"https:\/\/www.fabricair.com\/pl\/gallery\/events\/chillventa-2024-nurnberg\/#breadcrumb","itemListElement":[{"@type":"ListItem","position":1,"name":"Strona g\u0142\u00f3wna","item":"https:\/\/www.fabricair.com\/pl\/"},{"@type":"ListItem","position":2,"name":"Gallery","item":"https:\/\/www.fabricair.com\/pl\/gallery\/"},{"@type":"ListItem","position":3,"name":"Events","item":"https:\/\/www.fabricair.com\/pl\/gallery\/events\/"},{"@type":"ListItem","position":4,"name":"Chillventa 2024, N\u00fcrnberg"}]},{"@type":"WebSite","@id":"https:\/\/www.fabricair.com\/pl\/#website","url":"https:\/\/www.fabricair.com\/pl\/","name":"Poland FabricAir","description":"","potentialAction":[{"@type":"SearchAction","target":{"@type":"EntryPoint","urlTemplate":"https:\/\/www.fabricair.com\/pl\/?s={search_term_string}"},"query-input":{"@type":"PropertyValueSpecification","valueRequired":true,"valueName":"search_term_string"}}],"inLanguage":"en-US"}]}},"_links":{"self":[{"href":"https:\/\/www.fabricair.com\/pl\/wp-json\/wp\/v2\/pages\/7581","targetHints":{"allow":["GET"]}}],"collection":[{"href":"https:\/\/www.fabricair.com\/pl\/wp-json\/wp\/v2\/pages"}],"about":[{"href":"https:\/\/www.fabricair.com\/pl\/wp-json\/wp\/v2\/types\/page"}],"author":[{"embeddable":true,"href":"https:\/\/www.fabricair.com\/pl\/wp-json\/wp\/v2\/users\/28"}],"replies":[{"embeddable":true,"href":"https:\/\/www.fabricair.com\/pl\/wp-json\/wp\/v2\/comments?post=7581"}],"version-history":[{"count":1,"href":"https:\/\/www.fabricair.com\/pl\/wp-json\/wp\/v2\/pages\/7581\/revisions"}],"predecessor-version":[{"id":7587,"href":"https:\/\/www.fabricair.com\/pl\/wp-json\/wp\/v2\/pages\/7581\/revisions\/7587"}],"up":[{"embeddable":true,"href":"https:\/\/www.fabricair.com\/pl\/wp-json\/wp\/v2\/pages\/6987"}],"wp:featuredmedia":[{"embeddable":true,"href":"https:\/\/www.fabricair.com\/pl\/wp-json\/wp\/v2\/media\/7582"}],"wp:attachment":[{"href":"https:\/\/www.fabricair.com\/pl\/wp-json\/wp\/v2\/media?parent=7581"}],"curies":[{"name":"wp","href":"https:\/\/api.w.org\/{rel}","templated":true}]}}