{"id":1202,"date":"2022-03-18T13:21:38","date_gmt":"2022-03-18T13:21:38","guid":{"rendered":"https:\/\/fabricair.com\/uk\/?page_id=1202"},"modified":"2025-10-23T10:30:49","modified_gmt":"2025-10-23T10:30:49","slug":"aplicacoes","status":"publish","type":"page","link":"https:\/\/www.fabricair.com\/pt\/aplicacoes\/","title":{"rendered":"Aplica\u00e7\u00f5es das condutas de ar"},"content":{"rendered":"<h1 data-start=\"185\" data-end=\"245\">Qualidade do ar interior perfeita para qualquer ambiente<\/h1>\n<p data-start=\"247\" data-end=\"760\">Na FabricAir, elevamos a <strong data-start=\"148\" data-end=\"170\">distribui\u00e7\u00e3o de ar<\/strong> a um n\u00edvel totalmente novo com as nossas solu\u00e7\u00f5es AVAC baseadas em <strong data-start=\"238\" data-end=\"264\">condutas de ar t\u00eaxteis<\/strong>. Gra\u00e7as aos avan\u00e7os tecnol\u00f3gicos, concebemos sistemas de distribui\u00e7\u00e3o e dispers\u00e3o de ar de \u00faltima gera\u00e7\u00e3o, adapt\u00e1veis a praticamente qualquer aplica\u00e7\u00e3o. Descubra as <strong data-start=\"430\" data-end=\"471\">aplica\u00e7\u00f5es das condutas de ar t\u00eaxteis<\/strong>, que melhoram o desempenho t\u00e9cnico, complementam o design de interiores e garantem <strong data-start=\"555\" data-end=\"589\">efici\u00eancia, conforto e higiene<\/strong>, criando ambientes agrad\u00e1veis em qualquer tipo de espa\u00e7o.<\/p>\n<h3 data-start=\"767\" data-end=\"796\"><\/h3>\n<h3 data-start=\"767\" data-end=\"796\">Instala\u00e7\u00f5es Industriais<\/h3>\n<p data-start=\"798\" data-end=\"1323\">As solu\u00e7\u00f5es baseadas em tecido evolu\u00edram inicialmente de aplica\u00e7\u00f5es industriais, e \u00e9 neste contexto que os sistemas FabricAir demonstram todo o seu potencial. Desde f\u00e1bricas de processamento de alimentos at\u00e9 <strong data-start=\"973\" data-end=\"989\">salas limpas<\/strong>, as nossas <strong data-start=\"1001\" data-end=\"1027\">condutas de ar t\u00eaxteis<\/strong> proporcionam <strong data-start=\"1041\" data-end=\"1071\">distribui\u00e7\u00e3o de ar precisa<\/strong>, mantendo um ambiente seguro e confort\u00e1vel. A resist\u00eancia, durabilidade e higiene dos tecidos tornam os nossos sistemas ideais para ambientes exigentes, onde o controlo do fluxo de ar \u00e9 essencial.<\/p>\n<h3 data-start=\"1330\" data-end=\"1358\"><\/h3>\n<h3 data-start=\"1330\" data-end=\"1358\">Instala\u00e7\u00f5es Comerciais<\/h3>\n<p data-start=\"1360\" data-end=\"1838\">Para espa\u00e7os comerciais, as solu\u00e7\u00f5es baseadas em tecido oferecem <strong data-start=\"1372\" data-end=\"1397\">conforto incompar\u00e1vel<\/strong> e garantem um <strong data-start=\"1412\" data-end=\"1436\">fluxo de ar uniforme<\/strong>, criando ambientes agrad\u00e1veis para clientes e colaboradores. Al\u00e9m de eficientes, as <strong data-start=\"1521\" data-end=\"1549\">condutas de ar FabricAir<\/strong> valorizam o design de interiores, integrando-se de forma harmoniosa ou tornando-se um elemento de destaque arquitet\u00f3nico. S\u00e3o ideais para escrit\u00f3rios, hot\u00e9is, lojas e restaurantes, combinando <strong data-start=\"1742\" data-end=\"1787\">estilo, funcionalidade e conforto t\u00e9rmico<\/strong>.<\/p>\n<h3 data-start=\"1845\" data-end=\"1901\"><\/h3>\n<h3 data-start=\"1845\" data-end=\"1901\">Instala\u00e7\u00f5es Desportivas, de lazer e entretenimento<\/h3>\n<p data-start=\"1903\" data-end=\"2362\">Quer os ocupantes estejam a praticar exerc\u00edcio f\u00edsico numa gin\u00e1sio, a assistir a um espet\u00e1culo num teatro ou a desfrutar de eventos de lazer, os nossos sistemas em tecido s\u00e3o concebidos para responder aos requisitos espec\u00edficos de cada espa\u00e7o. As <strong data-start=\"2102\" data-end=\"2138\">condutas de ar t\u00eaxteis FabricAir<\/strong> asseguram <strong data-start=\"2149\" data-end=\"2181\">distribui\u00e7\u00e3o homog\u00e9nea de ar<\/strong>, evitando correntes inc\u00f3modas e proporcionando um <strong data-start=\"2232\" data-end=\"2255\">conforto excecional<\/strong>, independentemente da dimens\u00e3o ou complexidade da instala\u00e7\u00e3o.<\/p>\n<h3 data-start=\"2369\" data-end=\"2415\"><\/h3>\n<h3 data-start=\"2369\" data-end=\"2415\">Porqu\u00ea escolher dutos t\u00eaxteis FabricAir?<\/h3>\n<ul>\n<li data-start=\"2385\" data-end=\"2457\"><strong data-start=\"2385\" data-end=\"2402\">Flexibilidade<\/strong>: Adaptam-se a qualquer formato e dimens\u00e3o de espa\u00e7o.<\/li>\n<li data-start=\"2460\" data-end=\"2569\"><strong data-start=\"2460\" data-end=\"2481\">Conforto superior<\/strong>: Garantem uma <strong data-start=\"2496\" data-end=\"2527\">distribui\u00e7\u00e3o uniforme de ar<\/strong>, eliminando correntes frias ou quentes.<\/li>\n<li data-start=\"2572\" data-end=\"2657\"><strong data-start=\"2572\" data-end=\"2597\">Efici\u00eancia energ\u00e9tica<\/strong>: Baixa resist\u00eancia ao ar, reduzindo o consumo energ\u00e9tico.<\/li>\n<\/ul>\n<p data-start=\"2863\" data-end=\"3064\">Com as <strong data-start=\"2783\" data-end=\"2819\">condutas de ar t\u00eaxteis FabricAir<\/strong>, qualquer ambiente \u2014 industrial, comercial, desportivo ou de lazer \u2014 usufrui de <strong data-start=\"2900\" data-end=\"2981\">qualidade de ar interior excepcional, conforto m\u00e1ximo e um toque de eleg\u00e2ncia<\/strong>.<\/p>\n","protected":false},"excerpt":{"rendered":"<p>Qualidade do ar interior perfeita para qualquer ambiente Na FabricAir, elevamos a distribui\u00e7\u00e3o de ar a um n\u00edvel totalmente novo com as nossas solu\u00e7\u00f5es AVAC baseadas em condutas de ar t\u00eaxteis. Gra\u00e7as aos avan\u00e7os tecnol\u00f3gicos, concebemos sistemas de distribui\u00e7\u00e3o e dispers\u00e3o de ar de \u00faltima gera\u00e7\u00e3o, adapt\u00e1veis a praticamente qualquer aplica\u00e7\u00e3o. Descubra as aplica\u00e7\u00f5es das [&hellip;]<\/p>\n","protected":false},"author":1,"featured_media":5872,"parent":0,"menu_order":31,"comment_status":"closed","ping_status":"closed","template":"","meta":{"_acf_changed":false,"inline_featured_image":false,"footnotes":""},"class_list":["post-1202","page","type-page","status-publish","has-post-thumbnail","hentry"],"acf":[],"yoast_head":"<!-- This site is optimized with the Yoast SEO plugin v27.3 - https:\/\/yoast.com\/product\/yoast-seo-wordpress\/ -->\n<title>Aplica\u00e7\u00f5es das condutas de ar | Portugal FabricAir<\/title>\n<meta name=\"description\" content=\"Descubra as aplica\u00e7\u00f5es das condutas de ar t\u00eaxteis FabricAir\u00ae, ideais para ambientes industriais, comerciais e de lazer, garantindo conforto e distribui\u00e7\u00e3o eficiente.\" \/>\n<meta name=\"robots\" content=\"index, follow, max-snippet:-1, max-image-preview:large, max-video-preview:-1\" \/>\n<link rel=\"canonical\" href=\"https:\/\/www.fabricair.com\/pt\/wp-json\/wp\/v2\/pages\/1202\/\" \/>\n<meta property=\"og:locale\" content=\"pt_PT\" \/>\n<meta property=\"og:type\" content=\"article\" \/>\n<meta property=\"og:title\" content=\"Aplica\u00e7\u00f5es das condutas de ar - Portugal FabricAir\" \/>\n<meta property=\"og:description\" content=\"Descubra as aplica\u00e7\u00f5es das condutas de ar t\u00eaxteis FabricAir\u00ae, ideais para ambientes industriais, comerciais e de lazer, garantindo conforto e distribui\u00e7\u00e3o eficiente.\" \/>\n<meta property=\"og:url\" content=\"https:\/\/www.fabricair.com\/applications\/\" \/>\n<meta property=\"og:site_name\" content=\"Portugal FabricAir\" \/>\n<meta property=\"article:modified_time\" content=\"2025-10-23T10:30:49+00:00\" \/>\n<meta property=\"og:image\" content=\"https:\/\/www.fabricair.com\/pt\/wp-content\/uploads\/sites\/35\/2022\/04\/FabricAir_wide_firestinephotography-Ji-Roz-Restaurant-26-1-1024x683.png\" \/>\n\t<meta property=\"og:image:width\" content=\"1024\" \/>\n\t<meta property=\"og:image:height\" content=\"683\" \/>\n\t<meta property=\"og:image:type\" content=\"image\/png\" \/>\n<meta name=\"twitter:card\" content=\"summary_large_image\" \/>\n<meta name=\"twitter:label1\" content=\"Tempo estimado de leitura\" \/>\n\t<meta name=\"twitter:data1\" content=\"3 minutos\" \/>\n<script type=\"application\/ld+json\" class=\"yoast-schema-graph\">{\"@context\":\"https:\\\/\\\/schema.org\",\"@graph\":[{\"@type\":\"WebPage\",\"@id\":\"https:\\\/\\\/www.fabricair.com\\\/pt\\\/aplicacoes\\\/\",\"url\":\"https:\\\/\\\/www.fabricair.com\\\/applications\\\/\",\"name\":\"Aplica\u00e7\u00f5es das condutas de ar - Portugal FabricAir\",\"isPartOf\":{\"@id\":\"https:\\\/\\\/www.fabricair.com\\\/pt\\\/#website\"},\"primaryImageOfPage\":{\"@id\":\"https:\\\/\\\/www.fabricair.com\\\/applications\\\/#primaryimage\"},\"image\":{\"@id\":\"https:\\\/\\\/www.fabricair.com\\\/applications\\\/#primaryimage\"},\"thumbnailUrl\":\"https:\\\/\\\/www.fabricair.com\\\/pt\\\/wp-content\\\/uploads\\\/sites\\\/35\\\/2022\\\/04\\\/FabricAir_wide_firestinephotography-Ji-Roz-Restaurant-26-1.png\",\"datePublished\":\"2022-03-18T13:21:38+00:00\",\"dateModified\":\"2025-10-23T10:30:49+00:00\",\"description\":\"Descubra as aplica\u00e7\u00f5es das condutas de ar t\u00eaxteis FabricAir\u00ae, ideais para ambientes industriais, comerciais e de lazer, garantindo conforto e distribui\u00e7\u00e3o eficiente.\",\"breadcrumb\":{\"@id\":\"https:\\\/\\\/www.fabricair.com\\\/applications\\\/#breadcrumb\"},\"inLanguage\":\"pt-PT\",\"potentialAction\":[{\"@type\":\"ReadAction\",\"target\":[\"https:\\\/\\\/www.fabricair.com\\\/applications\\\/\"]}]},{\"@type\":\"ImageObject\",\"inLanguage\":\"pt-PT\",\"@id\":\"https:\\\/\\\/www.fabricair.com\\\/applications\\\/#primaryimage\",\"url\":\"https:\\\/\\\/www.fabricair.com\\\/pt\\\/wp-content\\\/uploads\\\/sites\\\/35\\\/2022\\\/04\\\/FabricAir_wide_firestinephotography-Ji-Roz-Restaurant-26-1.png\",\"contentUrl\":\"https:\\\/\\\/www.fabricair.com\\\/pt\\\/wp-content\\\/uploads\\\/sites\\\/35\\\/2022\\\/04\\\/FabricAir_wide_firestinephotography-Ji-Roz-Restaurant-26-1.png\",\"width\":1440,\"height\":960,\"caption\":\"aplica\u00e7\u00f5es das condutas de ar t\u00eaxteis em espa\u00e7os comerciais, com solu\u00e7\u00f5es est\u00e9ticas e funcionais.\"},{\"@type\":\"BreadcrumbList\",\"@id\":\"https:\\\/\\\/www.fabricair.com\\\/applications\\\/#breadcrumb\",\"itemListElement\":[{\"@type\":\"ListItem\",\"position\":1,\"name\":\"Home\",\"item\":\"https:\\\/\\\/www.fabricair.com\\\/pt\\\/\"},{\"@type\":\"ListItem\",\"position\":2,\"name\":\"Aplica\u00e7\u00f5es das condutas de ar\"}]},{\"@type\":\"WebSite\",\"@id\":\"https:\\\/\\\/www.fabricair.com\\\/pt\\\/#website\",\"url\":\"https:\\\/\\\/www.fabricair.com\\\/pt\\\/\",\"name\":\"Portugal FabricAir\",\"description\":\"\",\"potentialAction\":[{\"@type\":\"SearchAction\",\"target\":{\"@type\":\"EntryPoint\",\"urlTemplate\":\"https:\\\/\\\/www.fabricair.com\\\/pt\\\/?s={search_term_string}\"},\"query-input\":{\"@type\":\"PropertyValueSpecification\",\"valueRequired\":true,\"valueName\":\"search_term_string\"}}],\"inLanguage\":\"pt-PT\"}]}<\/script>\n<!-- \/ Yoast SEO plugin. -->","yoast_head_json":{"title":"Aplica\u00e7\u00f5es das condutas de ar | Portugal FabricAir","description":"Descubra as aplica\u00e7\u00f5es das condutas de ar t\u00eaxteis FabricAir\u00ae, ideais para ambientes industriais, comerciais e de lazer, garantindo conforto e distribui\u00e7\u00e3o eficiente.","robots":{"index":"index","follow":"follow","max-snippet":"max-snippet:-1","max-image-preview":"max-image-preview:large","max-video-preview":"max-video-preview:-1"},"canonical":"https:\/\/www.fabricair.com\/pt\/wp-json\/wp\/v2\/pages\/1202\/","og_locale":"pt_PT","og_type":"article","og_title":"Aplica\u00e7\u00f5es das condutas de ar - Portugal FabricAir","og_description":"Descubra as aplica\u00e7\u00f5es das condutas de ar t\u00eaxteis FabricAir\u00ae, ideais para ambientes industriais, comerciais e de lazer, garantindo conforto e distribui\u00e7\u00e3o eficiente.","og_url":"https:\/\/www.fabricair.com\/applications\/","og_site_name":"Portugal FabricAir","article_modified_time":"2025-10-23T10:30:49+00:00","og_image":[{"width":1024,"height":683,"url":"https:\/\/www.fabricair.com\/pt\/wp-content\/uploads\/sites\/35\/2022\/04\/FabricAir_wide_firestinephotography-Ji-Roz-Restaurant-26-1-1024x683.png","type":"image\/png"}],"twitter_card":"summary_large_image","twitter_misc":{"Tempo estimado de leitura":"3 minutos"},"schema":{"@context":"https:\/\/schema.org","@graph":[{"@type":"WebPage","@id":"https:\/\/www.fabricair.com\/pt\/aplicacoes\/","url":"https:\/\/www.fabricair.com\/applications\/","name":"Aplica\u00e7\u00f5es das condutas de ar - Portugal FabricAir","isPartOf":{"@id":"https:\/\/www.fabricair.com\/pt\/#website"},"primaryImageOfPage":{"@id":"https:\/\/www.fabricair.com\/applications\/#primaryimage"},"image":{"@id":"https:\/\/www.fabricair.com\/applications\/#primaryimage"},"thumbnailUrl":"https:\/\/www.fabricair.com\/pt\/wp-content\/uploads\/sites\/35\/2022\/04\/FabricAir_wide_firestinephotography-Ji-Roz-Restaurant-26-1.png","datePublished":"2022-03-18T13:21:38+00:00","dateModified":"2025-10-23T10:30:49+00:00","description":"Descubra as aplica\u00e7\u00f5es das condutas de ar t\u00eaxteis FabricAir\u00ae, ideais para ambientes industriais, comerciais e de lazer, garantindo conforto e distribui\u00e7\u00e3o eficiente.","breadcrumb":{"@id":"https:\/\/www.fabricair.com\/applications\/#breadcrumb"},"inLanguage":"pt-PT","potentialAction":[{"@type":"ReadAction","target":["https:\/\/www.fabricair.com\/applications\/"]}]},{"@type":"ImageObject","inLanguage":"pt-PT","@id":"https:\/\/www.fabricair.com\/applications\/#primaryimage","url":"https:\/\/www.fabricair.com\/pt\/wp-content\/uploads\/sites\/35\/2022\/04\/FabricAir_wide_firestinephotography-Ji-Roz-Restaurant-26-1.png","contentUrl":"https:\/\/www.fabricair.com\/pt\/wp-content\/uploads\/sites\/35\/2022\/04\/FabricAir_wide_firestinephotography-Ji-Roz-Restaurant-26-1.png","width":1440,"height":960,"caption":"aplica\u00e7\u00f5es das condutas de ar t\u00eaxteis em espa\u00e7os comerciais, com solu\u00e7\u00f5es est\u00e9ticas e funcionais."},{"@type":"BreadcrumbList","@id":"https:\/\/www.fabricair.com\/applications\/#breadcrumb","itemListElement":[{"@type":"ListItem","position":1,"name":"Home","item":"https:\/\/www.fabricair.com\/pt\/"},{"@type":"ListItem","position":2,"name":"Aplica\u00e7\u00f5es das condutas de ar"}]},{"@type":"WebSite","@id":"https:\/\/www.fabricair.com\/pt\/#website","url":"https:\/\/www.fabricair.com\/pt\/","name":"Portugal FabricAir","description":"","potentialAction":[{"@type":"SearchAction","target":{"@type":"EntryPoint","urlTemplate":"https:\/\/www.fabricair.com\/pt\/?s={search_term_string}"},"query-input":{"@type":"PropertyValueSpecification","valueRequired":true,"valueName":"search_term_string"}}],"inLanguage":"pt-PT"}]}},"_links":{"self":[{"href":"https:\/\/www.fabricair.com\/pt\/wp-json\/wp\/v2\/pages\/1202","targetHints":{"allow":["GET"]}}],"collection":[{"href":"https:\/\/www.fabricair.com\/pt\/wp-json\/wp\/v2\/pages"}],"about":[{"href":"https:\/\/www.fabricair.com\/pt\/wp-json\/wp\/v2\/types\/page"}],"author":[{"embeddable":true,"href":"https:\/\/www.fabricair.com\/pt\/wp-json\/wp\/v2\/users\/1"}],"replies":[{"embeddable":true,"href":"https:\/\/www.fabricair.com\/pt\/wp-json\/wp\/v2\/comments?post=1202"}],"version-history":[{"count":45,"href":"https:\/\/www.fabricair.com\/pt\/wp-json\/wp\/v2\/pages\/1202\/revisions"}],"predecessor-version":[{"id":7671,"href":"https:\/\/www.fabricair.com\/pt\/wp-json\/wp\/v2\/pages\/1202\/revisions\/7671"}],"wp:featuredmedia":[{"embeddable":true,"href":"https:\/\/www.fabricair.com\/pt\/wp-json\/wp\/v2\/media\/5872"}],"wp:attachment":[{"href":"https:\/\/www.fabricair.com\/pt\/wp-json\/wp\/v2\/media?parent=1202"}],"curies":[{"name":"wp","href":"https:\/\/api.w.org\/{rel}","templated":true}]}}