{"id":1220,"date":"2022-03-28T13:14:37","date_gmt":"2022-03-28T13:14:37","guid":{"rendered":"https:\/\/fabricair.com\/uk\/?page_id=1220"},"modified":"2025-10-23T10:19:10","modified_gmt":"2025-10-23T10:19:10","slug":"sobre-nos","status":"publish","type":"page","link":"https:\/\/www.fabricair.com\/pt\/sobre-nos\/","title":{"rendered":"Sobre n\u00f3s"},"content":{"rendered":"<h1 data-start=\"337\" data-end=\"371\">Sobre n\u00f3s \u2013 Sobre a FabricAir<\/h1>\n<p data-start=\"373\" data-end=\"747\">A <strong data-start=\"255\" data-end=\"269\">FabricAir\u00ae<\/strong> \u00e9 l\u00edder global em solu\u00e7\u00f5es de <strong data-start=\"300\" data-end=\"365\">distribui\u00e7\u00e3o de ar baseadas em condutas de ventila\u00e7\u00e3o t\u00eaxteis<\/strong>, com sede na Dinamarca. Desde que desenvolveu esta tecnologia inovadora em 1973, a empresa evoluiu para se tornar uma refer\u00eancia internacional, com <strong data-start=\"514\" data-end=\"543\">subsidi\u00e1rias em 18 pa\u00edses<\/strong> e uma ampla rede de distribuidores que alcan\u00e7a clientes em mais de <strong data-start=\"611\" data-end=\"625\">120 pa\u00edses<\/strong> em todo o mundo.<\/p>\n<h2 data-start=\"749\" data-end=\"805\">A FabricAir fornece solu\u00e7\u00f5es, n\u00e3o apenas produtos<\/h2>\n<p data-start=\"703\" data-end=\"1061\">Na FabricAir, oferecemos solu\u00e7\u00f5es completas de <strong data-start=\"750\" data-end=\"801\">climatiza\u00e7\u00e3o com condutas de ventila\u00e7\u00e3o t\u00eaxteis<\/strong>, concebidas para ir al\u00e9m de produtos individuais. O nosso objetivo \u00e9 criar <strong data-start=\"877\" data-end=\"897\">valor excecional<\/strong> para os clientes, especialmente num contexto em que a <strong data-start=\"952\" data-end=\"980\">qualidade do ar interior<\/strong> \u00e9 cada vez mais determinante para o conforto, sa\u00fade e bem-estar dos ocupantes.<\/p>\n<p data-start=\"1063\" data-end=\"1546\">Gra\u00e7as a mais de <strong data-start=\"1080\" data-end=\"1106\">50 anos de experi\u00eancia<\/strong> e a um profundo conhecimento das necessidades do mercado, a FabricAir continua a expandir globalmente o uso da sua tecnologia de <strong data-start=\"1236\" data-end=\"1270\">condutas de ventila\u00e7\u00e3o t\u00eaxteis<\/strong>, fornecendo solu\u00e7\u00f5es adaptadas a diversos setores. Entre eles destacam-se <strong data-start=\"1345\" data-end=\"1372\">instala\u00e7\u00f5es industriais<\/strong>, <strong data-start=\"1374\" data-end=\"1396\">espa\u00e7os comerciais<\/strong>, <strong data-start=\"1398\" data-end=\"1429\">centros de lazer e desporto<\/strong> e outras infraestruturas que exigem <strong data-start=\"1466\" data-end=\"1498\">distribui\u00e7\u00e3o de ar eficiente<\/strong>, <strong data-start=\"1500\" data-end=\"1520\">conforto t\u00e9rmico<\/strong> e <strong data-start=\"1523\" data-end=\"1543\">design integrado<\/strong>.<\/p>\n<p data-start=\"1548\" data-end=\"1804\">Al\u00e9m de proporcionar <strong data-start=\"1569\" data-end=\"1594\">efici\u00eancia energ\u00e9tica<\/strong> e <strong data-start=\"1597\" data-end=\"1625\">dispers\u00e3o de ar uniforme<\/strong>, os nossos sistemas em tecido oferecem <strong data-start=\"1665\" data-end=\"1722\">flexibilidade, durabilidade e manuten\u00e7\u00e3o simplificada<\/strong>, caracter\u00edsticas essenciais para projetos de climatiza\u00e7\u00e3o modernos e exigentes.<\/p>\n<h2 data-start=\"1866\" data-end=\"1895\">Equipa de Especialistas<\/h2>\n<p data-start=\"1837\" data-end=\"2200\">A nossa equipa global de especialistas em <strong data-start=\"1879\" data-end=\"1896\">sistemas AVAC<\/strong> compreende que cada solu\u00e7\u00e3o impacta diretamente os clientes e as suas comunidades. Desde engenheiros a consultores de projeto, os profissionais da FabricAir\u00ae trabalham para garantir que cada sistema de <strong data-start=\"2099\" data-end=\"2133\">condutas de ventila\u00e7\u00e3o t\u00eaxteis<\/strong> proporcione <strong data-start=\"2146\" data-end=\"2197\">conforto, qualidade do ar interior e efici\u00eancia<\/strong>.<\/p>\n<p data-start=\"2202\" data-end=\"2407\">Convidamo-lo a conhecer alguns dos nossos l\u00edderes de pensamento na FabricAir\u00ae, que est\u00e3o a impulsionar a ind\u00fastria de <strong data-start=\"2320\" data-end=\"2358\">distribui\u00e7\u00e3o de ar e solu\u00e7\u00f5es AVAC<\/strong> para novos patamares de inova\u00e7\u00e3o e desempenho.<\/p>\n","protected":false},"excerpt":{"rendered":"<p>Sobre n\u00f3s \u2013 Sobre a FabricAir A FabricAir\u00ae \u00e9 l\u00edder global em solu\u00e7\u00f5es de distribui\u00e7\u00e3o de ar baseadas em condutas de ventila\u00e7\u00e3o t\u00eaxteis, com sede na Dinamarca. Desde que desenvolveu esta tecnologia inovadora em 1973, a empresa evoluiu para se tornar uma refer\u00eancia internacional, com subsidi\u00e1rias em 18 pa\u00edses e uma ampla rede de distribuidores [&hellip;]<\/p>\n","protected":false},"author":1,"featured_media":2437,"parent":0,"menu_order":29,"comment_status":"closed","ping_status":"closed","template":"","meta":{"_acf_changed":false,"inline_featured_image":false,"footnotes":""},"class_list":["post-1220","page","type-page","status-publish","has-post-thumbnail","hentry"],"acf":[],"yoast_head":"<!-- This site is optimized with the Yoast SEO plugin v27.3 - https:\/\/yoast.com\/product\/yoast-seo-wordpress\/ -->\n<title>Sobre n\u00f3s | Portugal FabricAir<\/title>\n<meta name=\"description\" content=\"FabricAir\u00ae: l\u00edder global em solu\u00e7\u00f5es AVAC com condutas de ventila\u00e7\u00e3o t\u00eaxteis; garantindo conforto, efici\u00eancia e qualidade do ar interior em mais de 120 pa\u00edses.\" \/>\n<meta name=\"robots\" content=\"index, follow, max-snippet:-1, max-image-preview:large, max-video-preview:-1\" \/>\n<link rel=\"canonical\" href=\"https:\/\/www.fabricair.com\/pt\/wp-json\/wp\/v2\/pages\/1220\/\" \/>\n<meta property=\"og:locale\" content=\"pt_PT\" \/>\n<meta property=\"og:type\" content=\"article\" \/>\n<meta property=\"og:title\" content=\"Sobre a FabricAir: L\u00edder Global em condutas de ventila\u00e7\u00e3o t\u00eaxteis - Portugal FabricAir\" \/>\n<meta property=\"og:description\" content=\"FabricAir\u00ae: l\u00edder global em solu\u00e7\u00f5es AVAC com condutas de ventila\u00e7\u00e3o t\u00eaxteis; garantindo conforto, efici\u00eancia e qualidade do ar interior em mais de 120 pa\u00edses.\" \/>\n<meta property=\"og:url\" content=\"https:\/\/www.fabricair.com\/about-fabricair\/\" \/>\n<meta property=\"og:site_name\" content=\"Portugal FabricAir\" \/>\n<meta property=\"article:modified_time\" content=\"2025-10-23T10:19:10+00:00\" \/>\n<meta property=\"og:image\" content=\"https:\/\/www.fabricair.com\/pt\/wp-content\/uploads\/sites\/35\/2022\/03\/20200901_FabricAir_Bergsteen-Timber_004.jpg\" \/>\n\t<meta property=\"og:image:width\" content=\"1000\" \/>\n\t<meta property=\"og:image:height\" content=\"667\" \/>\n\t<meta property=\"og:image:type\" content=\"image\/jpeg\" \/>\n<meta name=\"twitter:card\" content=\"summary_large_image\" \/>\n<meta name=\"twitter:label1\" content=\"Tempo estimado de leitura\" \/>\n\t<meta name=\"twitter:data1\" content=\"2 minutos\" \/>\n<script type=\"application\/ld+json\" class=\"yoast-schema-graph\">{\"@context\":\"https:\\\/\\\/schema.org\",\"@graph\":[{\"@type\":\"WebPage\",\"@id\":\"https:\\\/\\\/www.fabricair.com\\\/pt\\\/sobre-nos\\\/\",\"url\":\"https:\\\/\\\/www.fabricair.com\\\/about-fabricair\\\/\",\"name\":\"Sobre a FabricAir: L\u00edder Global em condutas de ventila\u00e7\u00e3o t\u00eaxteis - Portugal FabricAir\",\"isPartOf\":{\"@id\":\"https:\\\/\\\/www.fabricair.com\\\/pt\\\/#website\"},\"primaryImageOfPage\":{\"@id\":\"https:\\\/\\\/www.fabricair.com\\\/about-fabricair\\\/#primaryimage\"},\"image\":{\"@id\":\"https:\\\/\\\/www.fabricair.com\\\/about-fabricair\\\/#primaryimage\"},\"thumbnailUrl\":\"https:\\\/\\\/www.fabricair.com\\\/pt\\\/wp-content\\\/uploads\\\/sites\\\/35\\\/2022\\\/03\\\/20200901_FabricAir_Bergsteen-Timber_004.jpg\",\"datePublished\":\"2022-03-28T13:14:37+00:00\",\"dateModified\":\"2025-10-23T10:19:10+00:00\",\"description\":\"FabricAir\u00ae: l\u00edder global em solu\u00e7\u00f5es AVAC com condutas de ventila\u00e7\u00e3o t\u00eaxteis; garantindo conforto, efici\u00eancia e qualidade do ar interior em mais de 120 pa\u00edses.\",\"breadcrumb\":{\"@id\":\"https:\\\/\\\/www.fabricair.com\\\/about-fabricair\\\/#breadcrumb\"},\"inLanguage\":\"pt-PT\",\"potentialAction\":[{\"@type\":\"ReadAction\",\"target\":[\"https:\\\/\\\/www.fabricair.com\\\/about-fabricair\\\/\"]}]},{\"@type\":\"ImageObject\",\"inLanguage\":\"pt-PT\",\"@id\":\"https:\\\/\\\/www.fabricair.com\\\/about-fabricair\\\/#primaryimage\",\"url\":\"https:\\\/\\\/www.fabricair.com\\\/pt\\\/wp-content\\\/uploads\\\/sites\\\/35\\\/2022\\\/03\\\/20200901_FabricAir_Bergsteen-Timber_004.jpg\",\"contentUrl\":\"https:\\\/\\\/www.fabricair.com\\\/pt\\\/wp-content\\\/uploads\\\/sites\\\/35\\\/2022\\\/03\\\/20200901_FabricAir_Bergsteen-Timber_004.jpg\",\"width\":1000,\"height\":667,\"caption\":\"A FabricAir\u00ae \u00e9 l\u00edder global em solu\u00e7\u00f5es de distribui\u00e7\u00e3o de ar com condutas de ventila\u00e7\u00e3o t\u00eaxteis, inovando desde 1973 e presente em mais de 120 pa\u00edses.\"},{\"@type\":\"BreadcrumbList\",\"@id\":\"https:\\\/\\\/www.fabricair.com\\\/about-fabricair\\\/#breadcrumb\",\"itemListElement\":[{\"@type\":\"ListItem\",\"position\":1,\"name\":\"Home\",\"item\":\"https:\\\/\\\/www.fabricair.com\\\/pt\\\/\"},{\"@type\":\"ListItem\",\"position\":2,\"name\":\"Sobre n\u00f3s\"}]},{\"@type\":\"WebSite\",\"@id\":\"https:\\\/\\\/www.fabricair.com\\\/pt\\\/#website\",\"url\":\"https:\\\/\\\/www.fabricair.com\\\/pt\\\/\",\"name\":\"Portugal FabricAir\",\"description\":\"\",\"potentialAction\":[{\"@type\":\"SearchAction\",\"target\":{\"@type\":\"EntryPoint\",\"urlTemplate\":\"https:\\\/\\\/www.fabricair.com\\\/pt\\\/?s={search_term_string}\"},\"query-input\":{\"@type\":\"PropertyValueSpecification\",\"valueRequired\":true,\"valueName\":\"search_term_string\"}}],\"inLanguage\":\"pt-PT\"}]}<\/script>\n<!-- \/ Yoast SEO plugin. -->","yoast_head_json":{"title":"Sobre n\u00f3s | Portugal FabricAir","description":"FabricAir\u00ae: l\u00edder global em solu\u00e7\u00f5es AVAC com condutas de ventila\u00e7\u00e3o t\u00eaxteis; garantindo conforto, efici\u00eancia e qualidade do ar interior em mais de 120 pa\u00edses.","robots":{"index":"index","follow":"follow","max-snippet":"max-snippet:-1","max-image-preview":"max-image-preview:large","max-video-preview":"max-video-preview:-1"},"canonical":"https:\/\/www.fabricair.com\/pt\/wp-json\/wp\/v2\/pages\/1220\/","og_locale":"pt_PT","og_type":"article","og_title":"Sobre a FabricAir: L\u00edder Global em condutas de ventila\u00e7\u00e3o t\u00eaxteis - Portugal FabricAir","og_description":"FabricAir\u00ae: l\u00edder global em solu\u00e7\u00f5es AVAC com condutas de ventila\u00e7\u00e3o t\u00eaxteis; garantindo conforto, efici\u00eancia e qualidade do ar interior em mais de 120 pa\u00edses.","og_url":"https:\/\/www.fabricair.com\/about-fabricair\/","og_site_name":"Portugal FabricAir","article_modified_time":"2025-10-23T10:19:10+00:00","og_image":[{"width":1000,"height":667,"url":"https:\/\/www.fabricair.com\/pt\/wp-content\/uploads\/sites\/35\/2022\/03\/20200901_FabricAir_Bergsteen-Timber_004.jpg","type":"image\/jpeg"}],"twitter_card":"summary_large_image","twitter_misc":{"Tempo estimado de leitura":"2 minutos"},"schema":{"@context":"https:\/\/schema.org","@graph":[{"@type":"WebPage","@id":"https:\/\/www.fabricair.com\/pt\/sobre-nos\/","url":"https:\/\/www.fabricair.com\/about-fabricair\/","name":"Sobre a FabricAir: L\u00edder Global em condutas de ventila\u00e7\u00e3o t\u00eaxteis - Portugal FabricAir","isPartOf":{"@id":"https:\/\/www.fabricair.com\/pt\/#website"},"primaryImageOfPage":{"@id":"https:\/\/www.fabricair.com\/about-fabricair\/#primaryimage"},"image":{"@id":"https:\/\/www.fabricair.com\/about-fabricair\/#primaryimage"},"thumbnailUrl":"https:\/\/www.fabricair.com\/pt\/wp-content\/uploads\/sites\/35\/2022\/03\/20200901_FabricAir_Bergsteen-Timber_004.jpg","datePublished":"2022-03-28T13:14:37+00:00","dateModified":"2025-10-23T10:19:10+00:00","description":"FabricAir\u00ae: l\u00edder global em solu\u00e7\u00f5es AVAC com condutas de ventila\u00e7\u00e3o t\u00eaxteis; garantindo conforto, efici\u00eancia e qualidade do ar interior em mais de 120 pa\u00edses.","breadcrumb":{"@id":"https:\/\/www.fabricair.com\/about-fabricair\/#breadcrumb"},"inLanguage":"pt-PT","potentialAction":[{"@type":"ReadAction","target":["https:\/\/www.fabricair.com\/about-fabricair\/"]}]},{"@type":"ImageObject","inLanguage":"pt-PT","@id":"https:\/\/www.fabricair.com\/about-fabricair\/#primaryimage","url":"https:\/\/www.fabricair.com\/pt\/wp-content\/uploads\/sites\/35\/2022\/03\/20200901_FabricAir_Bergsteen-Timber_004.jpg","contentUrl":"https:\/\/www.fabricair.com\/pt\/wp-content\/uploads\/sites\/35\/2022\/03\/20200901_FabricAir_Bergsteen-Timber_004.jpg","width":1000,"height":667,"caption":"A FabricAir\u00ae \u00e9 l\u00edder global em solu\u00e7\u00f5es de distribui\u00e7\u00e3o de ar com condutas de ventila\u00e7\u00e3o t\u00eaxteis, inovando desde 1973 e presente em mais de 120 pa\u00edses."},{"@type":"BreadcrumbList","@id":"https:\/\/www.fabricair.com\/about-fabricair\/#breadcrumb","itemListElement":[{"@type":"ListItem","position":1,"name":"Home","item":"https:\/\/www.fabricair.com\/pt\/"},{"@type":"ListItem","position":2,"name":"Sobre n\u00f3s"}]},{"@type":"WebSite","@id":"https:\/\/www.fabricair.com\/pt\/#website","url":"https:\/\/www.fabricair.com\/pt\/","name":"Portugal FabricAir","description":"","potentialAction":[{"@type":"SearchAction","target":{"@type":"EntryPoint","urlTemplate":"https:\/\/www.fabricair.com\/pt\/?s={search_term_string}"},"query-input":{"@type":"PropertyValueSpecification","valueRequired":true,"valueName":"search_term_string"}}],"inLanguage":"pt-PT"}]}},"_links":{"self":[{"href":"https:\/\/www.fabricair.com\/pt\/wp-json\/wp\/v2\/pages\/1220","targetHints":{"allow":["GET"]}}],"collection":[{"href":"https:\/\/www.fabricair.com\/pt\/wp-json\/wp\/v2\/pages"}],"about":[{"href":"https:\/\/www.fabricair.com\/pt\/wp-json\/wp\/v2\/types\/page"}],"author":[{"embeddable":true,"href":"https:\/\/www.fabricair.com\/pt\/wp-json\/wp\/v2\/users\/1"}],"replies":[{"embeddable":true,"href":"https:\/\/www.fabricair.com\/pt\/wp-json\/wp\/v2\/comments?post=1220"}],"version-history":[{"count":44,"href":"https:\/\/www.fabricair.com\/pt\/wp-json\/wp\/v2\/pages\/1220\/revisions"}],"predecessor-version":[{"id":7670,"href":"https:\/\/www.fabricair.com\/pt\/wp-json\/wp\/v2\/pages\/1220\/revisions\/7670"}],"wp:featuredmedia":[{"embeddable":true,"href":"https:\/\/www.fabricair.com\/pt\/wp-json\/wp\/v2\/media\/2437"}],"wp:attachment":[{"href":"https:\/\/www.fabricair.com\/pt\/wp-json\/wp\/v2\/media?parent=1220"}],"curies":[{"name":"wp","href":"https:\/\/api.w.org\/{rel}","templated":true}]}}