{"id":5,"date":"2022-02-03T09:48:33","date_gmt":"2022-02-03T09:48:33","guid":{"rendered":"https:\/\/fabricair.com\/uk\/?page_id=5"},"modified":"2025-10-23T10:31:54","modified_gmt":"2025-10-23T10:31:54","slug":"home-page","status":"publish","type":"page","link":"https:\/\/www.fabricair.com\/pt\/","title":{"rendered":"Portugal FabricAir"},"content":{"rendered":"<h1 data-start=\"273\" data-end=\"313\">FabricAir: A inovar na ind\u00fastria AVAC desde 1973<\/h1>\n<p data-start=\"315\" data-end=\"629\">Desde 1973, temos vindo a aperfei\u00e7oar a nossa tecnologia com duas ideias simples em mente: <strong data-start=\"406\" data-end=\"450\">torn\u00e1-la melhor e mais f\u00e1cil de utilizar<\/strong>. As nossas solu\u00e7\u00f5es de <strong data-start=\"474\" data-end=\"508\">condutas de ventila\u00e7\u00e3o t\u00eaxteis FabricAir<\/strong>\u00a0s\u00e3o f\u00e1ceis de encomendar e instalar, raz\u00e3o pela qual mais de 95% dos nossos clientes voltam a fazer neg\u00f3cios connosco.<\/p>\n<h2 data-start=\"631\" data-end=\"647\"><\/h2>\n<h2 data-start=\"631\" data-end=\"647\">FabricAir: Quem somos<\/h2>\n<p data-start=\"649\" data-end=\"1061\">Desenhamos e produzimos <strong data-start=\"673\" data-end=\"762\">sistemas de distribui\u00e7\u00e3o e dispers\u00e3o de ar baseados em condutas de ventila\u00e7\u00e3o t\u00eaxteis<\/strong> para uma vasta gama de aplica\u00e7\u00f5es. O nosso modelo de trabalho e organiza\u00e7\u00e3o, flex\u00edvel e inovador, permite-nos expandir continuamente para novos mercados. Embora sejamos uma empresa global, tudo o que fazemos mant\u00e9m um <strong data-start=\"981\" data-end=\"995\">foco local<\/strong>, garantindo solu\u00e7\u00f5es adaptadas \u00e0s necessidades de cada cliente.<\/p>\n<p data-start=\"1063\" data-end=\"1340\">Todo o nosso processo de produ\u00e7\u00e3o \u00e9 gerido nas nossas <strong data-start=\"1117\" data-end=\"1152\">robustas instala\u00e7\u00f5es de fabrico<\/strong>, o que nos permite fornecer produtos que cumprem rigorosos requisitos de <strong data-start=\"1226\" data-end=\"1264\">seguran\u00e7a, funcionalidade e design<\/strong>, a pre\u00e7os competitivos e com os <strong data-start=\"1297\" data-end=\"1337\">menores prazos de entrega do mercado<\/strong>.<\/p>\n<h3 data-start=\"1342\" data-end=\"1374\"><\/h3>\n<h2 data-start=\"1342\" data-end=\"1374\">Global, inovadora e fi\u00e1vel<\/h2>\n<ul>\n<li data-start=\"1378\" data-end=\"1520\"><strong data-start=\"1378\" data-end=\"1388\">Global<\/strong>: Com 18 subsidi\u00e1rias e uma rede de parceiros em todo o mundo, fornecemos <strong data-start=\"1462\" data-end=\"1496\">condutas de ventila\u00e7\u00e3o t\u00eaxteis<\/strong> a mais de 120 pa\u00edses.<\/li>\n<li data-start=\"1523\" data-end=\"1708\"><strong data-start=\"1523\" data-end=\"1536\">Inovadora<\/strong>: O nosso departamento de I&amp;D mant\u00e9m parcerias estrat\u00e9gicas com universidades para garantir que o nosso compromisso com a inova\u00e7\u00e3o na ind\u00fastria AVAC continue a prosperar.<\/li>\n<li data-start=\"1711\" data-end=\"1790\"><strong data-start=\"1711\" data-end=\"1721\">Fi\u00e1vel<\/strong>: Mais de 95% dos nossos clientes voltam a fazer neg\u00f3cios connosco.<\/li>\n<li data-start=\"1793\" data-end=\"1977\"><strong data-start=\"1793\" data-end=\"1830\">Menor prazo de entrega do mercado<\/strong>: Prazo standard de 3 a 21 dias, dependendo da complexidade do projeto e do pa\u00eds de destino. 99,7% de todas as encomendas chegam dentro do prazo.<\/li>\n<\/ul>\n<h3 data-start=\"1979\" data-end=\"1995\"><\/h3>\n<h2 data-start=\"1979\" data-end=\"1995\">Aplica\u00e7\u00f5es FabricAir<\/h2>\n<p data-start=\"1997\" data-end=\"2162\">Com o design vers\u00e1til dos sistemas FabricAir, oferecemos <strong data-start=\"2054\" data-end=\"2119\">condutas de ventila\u00e7\u00e3o t\u00eaxteis personalizadas e engenheiradas<\/strong> para uma grande variedade de aplica\u00e7\u00f5es:<\/p>\n<ul>\n<li data-start=\"2166\" data-end=\"2191\">Instala\u00e7\u00f5es desportivas<\/li>\n<li data-start=\"2194\" data-end=\"2206\">Ind\u00fastrias<\/li>\n<li data-start=\"2209\" data-end=\"2229\">Espa\u00e7os comerciais<\/li>\n<li data-start=\"2232\" data-end=\"2252\">Edif\u00edcios p\u00fablicos<\/li>\n<li data-start=\"2255\" data-end=\"2268\">Agricultura<\/li>\n<li data-start=\"2271\" data-end=\"2295\">Lazer e entretenimento<\/li>\n<\/ul>\n<p data-start=\"2297\" data-end=\"2531\">Quer a aplica\u00e7\u00e3o seja <strong data-start=\"2319\" data-end=\"2389\">isot\u00e9rmica, de aquecimento, arrefecimento ou uma combina\u00e7\u00e3o destas<\/strong>, temos a <strong data-start=\"2399\" data-end=\"2444\">solu\u00e7\u00e3o inteligente de distribui\u00e7\u00e3o de ar<\/strong> ideal para cada projeto, garantindo conforto, efici\u00eancia e qualidade do ar interior.<\/p>\n","protected":false},"excerpt":{"rendered":"<p>FabricAir: A inovar na ind\u00fastria AVAC desde 1973 Desde 1973, temos vindo a aperfei\u00e7oar a nossa tecnologia com duas ideias simples em mente: torn\u00e1-la melhor e mais f\u00e1cil de utilizar. As nossas solu\u00e7\u00f5es de condutas de ventila\u00e7\u00e3o t\u00eaxteis FabricAir\u00a0s\u00e3o f\u00e1ceis de encomendar e instalar, raz\u00e3o pela qual mais de 95% dos nossos clientes voltam a [&hellip;]<\/p>\n","protected":false},"author":1,"featured_media":0,"parent":0,"menu_order":35,"comment_status":"closed","ping_status":"closed","template":"","meta":{"_acf_changed":false,"inline_featured_image":false,"footnotes":""},"class_list":["post-5","page","type-page","status-publish","hentry"],"acf":[],"yoast_head":"<!-- This site is optimized with the Yoast SEO plugin v27.3 - https:\/\/yoast.com\/product\/yoast-seo-wordpress\/ -->\n<title>Portugal FabricAir | Portugal FabricAir<\/title>\n<meta name=\"description\" content=\"Descubra as condutas de ventila\u00e7\u00e3o t\u00eaxteis FabricAir, garantindo conforto, efici\u00eancia e qualidade do ar interior.\" \/>\n<meta name=\"robots\" content=\"index, follow, max-snippet:-1, max-image-preview:large, max-video-preview:-1\" \/>\n<link rel=\"canonical\" href=\"https:\/\/www.fabricair.com\/pt\/wp-json\/wp\/v2\/pages\/5\/\" \/>\n<meta property=\"og:locale\" content=\"pt_PT\" \/>\n<meta property=\"og:type\" content=\"article\" \/>\n<meta property=\"og:title\" content=\"Portugal FabricAir - Portugal FabricAir\" \/>\n<meta property=\"og:description\" content=\"Descubra as condutas de ventila\u00e7\u00e3o t\u00eaxteis FabricAir, garantindo conforto, efici\u00eancia e qualidade do ar interior.\" \/>\n<meta property=\"og:url\" content=\"https:\/\/www.fabricair.com\/\" \/>\n<meta property=\"og:site_name\" content=\"Portugal FabricAir\" \/>\n<meta property=\"article:modified_time\" content=\"2025-10-23T10:31:54+00:00\" \/>\n<meta name=\"twitter:card\" content=\"summary_large_image\" \/>\n<meta name=\"twitter:label1\" content=\"Tempo estimado de leitura\" \/>\n\t<meta name=\"twitter:data1\" content=\"2 minutos\" \/>\n<script type=\"application\/ld+json\" class=\"yoast-schema-graph\">{\"@context\":\"https:\\\/\\\/schema.org\",\"@graph\":[{\"@type\":\"WebPage\",\"@id\":\"https:\\\/\\\/www.fabricair.com\\\/pt\\\/\",\"url\":\"https:\\\/\\\/www.fabricair.com\\\/\",\"name\":\"Portugal FabricAir - Portugal FabricAir\",\"isPartOf\":{\"@id\":\"https:\\\/\\\/www.fabricair.com\\\/pt\\\/#website\"},\"datePublished\":\"2022-02-03T09:48:33+00:00\",\"dateModified\":\"2025-10-23T10:31:54+00:00\",\"description\":\"Descubra as condutas de ventila\u00e7\u00e3o t\u00eaxteis FabricAir, garantindo conforto, efici\u00eancia e qualidade do ar interior.\",\"breadcrumb\":{\"@id\":\"https:\\\/\\\/www.fabricair.com\\\/#breadcrumb\"},\"inLanguage\":\"pt-PT\",\"potentialAction\":[{\"@type\":\"ReadAction\",\"target\":[\"https:\\\/\\\/www.fabricair.com\\\/\"]}]},{\"@type\":\"BreadcrumbList\",\"@id\":\"https:\\\/\\\/www.fabricair.com\\\/#breadcrumb\",\"itemListElement\":[{\"@type\":\"ListItem\",\"position\":1,\"name\":\"Home\",\"item\":\"https:\\\/\\\/www.fabricair.com\\\/pt\\\/\"},{\"@type\":\"ListItem\",\"position\":2,\"name\":\"Portugal FabricAir\"}]},{\"@type\":\"WebSite\",\"@id\":\"https:\\\/\\\/www.fabricair.com\\\/pt\\\/#website\",\"url\":\"https:\\\/\\\/www.fabricair.com\\\/pt\\\/\",\"name\":\"Portugal FabricAir\",\"description\":\"\",\"potentialAction\":[{\"@type\":\"SearchAction\",\"target\":{\"@type\":\"EntryPoint\",\"urlTemplate\":\"https:\\\/\\\/www.fabricair.com\\\/pt\\\/?s={search_term_string}\"},\"query-input\":{\"@type\":\"PropertyValueSpecification\",\"valueRequired\":true,\"valueName\":\"search_term_string\"}}],\"inLanguage\":\"pt-PT\"}]}<\/script>\n<!-- \/ Yoast SEO plugin. -->","yoast_head_json":{"title":"Portugal FabricAir | Portugal FabricAir","description":"Descubra as condutas de ventila\u00e7\u00e3o t\u00eaxteis FabricAir, garantindo conforto, efici\u00eancia e qualidade do ar interior.","robots":{"index":"index","follow":"follow","max-snippet":"max-snippet:-1","max-image-preview":"max-image-preview:large","max-video-preview":"max-video-preview:-1"},"canonical":"https:\/\/www.fabricair.com\/pt\/wp-json\/wp\/v2\/pages\/5\/","og_locale":"pt_PT","og_type":"article","og_title":"Portugal FabricAir - Portugal FabricAir","og_description":"Descubra as condutas de ventila\u00e7\u00e3o t\u00eaxteis FabricAir, garantindo conforto, efici\u00eancia e qualidade do ar interior.","og_url":"https:\/\/www.fabricair.com\/","og_site_name":"Portugal FabricAir","article_modified_time":"2025-10-23T10:31:54+00:00","twitter_card":"summary_large_image","twitter_misc":{"Tempo estimado de leitura":"2 minutos"},"schema":{"@context":"https:\/\/schema.org","@graph":[{"@type":"WebPage","@id":"https:\/\/www.fabricair.com\/pt\/","url":"https:\/\/www.fabricair.com\/","name":"Portugal FabricAir - Portugal FabricAir","isPartOf":{"@id":"https:\/\/www.fabricair.com\/pt\/#website"},"datePublished":"2022-02-03T09:48:33+00:00","dateModified":"2025-10-23T10:31:54+00:00","description":"Descubra as condutas de ventila\u00e7\u00e3o t\u00eaxteis FabricAir, garantindo conforto, efici\u00eancia e qualidade do ar interior.","breadcrumb":{"@id":"https:\/\/www.fabricair.com\/#breadcrumb"},"inLanguage":"pt-PT","potentialAction":[{"@type":"ReadAction","target":["https:\/\/www.fabricair.com\/"]}]},{"@type":"BreadcrumbList","@id":"https:\/\/www.fabricair.com\/#breadcrumb","itemListElement":[{"@type":"ListItem","position":1,"name":"Home","item":"https:\/\/www.fabricair.com\/pt\/"},{"@type":"ListItem","position":2,"name":"Portugal FabricAir"}]},{"@type":"WebSite","@id":"https:\/\/www.fabricair.com\/pt\/#website","url":"https:\/\/www.fabricair.com\/pt\/","name":"Portugal FabricAir","description":"","potentialAction":[{"@type":"SearchAction","target":{"@type":"EntryPoint","urlTemplate":"https:\/\/www.fabricair.com\/pt\/?s={search_term_string}"},"query-input":{"@type":"PropertyValueSpecification","valueRequired":true,"valueName":"search_term_string"}}],"inLanguage":"pt-PT"}]}},"_links":{"self":[{"href":"https:\/\/www.fabricair.com\/pt\/wp-json\/wp\/v2\/pages\/5","targetHints":{"allow":["GET"]}}],"collection":[{"href":"https:\/\/www.fabricair.com\/pt\/wp-json\/wp\/v2\/pages"}],"about":[{"href":"https:\/\/www.fabricair.com\/pt\/wp-json\/wp\/v2\/types\/page"}],"author":[{"embeddable":true,"href":"https:\/\/www.fabricair.com\/pt\/wp-json\/wp\/v2\/users\/1"}],"replies":[{"embeddable":true,"href":"https:\/\/www.fabricair.com\/pt\/wp-json\/wp\/v2\/comments?post=5"}],"version-history":[{"count":96,"href":"https:\/\/www.fabricair.com\/pt\/wp-json\/wp\/v2\/pages\/5\/revisions"}],"predecessor-version":[{"id":7672,"href":"https:\/\/www.fabricair.com\/pt\/wp-json\/wp\/v2\/pages\/5\/revisions\/7672"}],"wp:attachment":[{"href":"https:\/\/www.fabricair.com\/pt\/wp-json\/wp\/v2\/media?parent=5"}],"curies":[{"name":"wp","href":"https:\/\/api.w.org\/{rel}","templated":true}]}}