{"id":6705,"date":"2022-04-29T11:50:45","date_gmt":"2022-04-29T11:50:45","guid":{"rendered":"https:\/\/fabricair.com\/uk\/?page_id=6705"},"modified":"2025-07-17T09:29:50","modified_gmt":"2025-07-17T09:29:50","slug":"politica-de-privacidade","status":"publish","type":"page","link":"https:\/\/www.fabricair.com\/pt\/politica-de-privacidade\/","title":{"rendered":"Pol\u00edtica De Privacidade"},"content":{"rendered":"","protected":false},"excerpt":{"rendered":"","protected":false},"author":1,"featured_media":0,"parent":0,"menu_order":0,"comment_status":"closed","ping_status":"closed","template":"","meta":{"_acf_changed":false,"inline_featured_image":false,"footnotes":""},"class_list":["post-6705","page","type-page","status-publish","hentry"],"acf":[],"yoast_head":"<!-- This site is optimized with the Yoast SEO plugin v27.3 - https:\/\/yoast.com\/product\/yoast-seo-wordpress\/ -->\n<title>Pol\u00edtica De Privacidade | Portugal FabricAir<\/title>\n<meta name=\"description\" content=\"Leia a pol\u00edtica de privacidade FabricAir e saiba como tratamos os seus dados com seguran\u00e7a, transpar\u00eancia e em conformidade com a legisla\u00e7\u00e3o.\" \/>\n<meta name=\"robots\" content=\"index, follow, max-snippet:-1, max-image-preview:large, max-video-preview:-1\" \/>\n<link rel=\"canonical\" href=\"https:\/\/www.fabricair.com\/pt\/wp-json\/wp\/v2\/pages\/6705\/\" \/>\n<meta property=\"og:locale\" content=\"pt_PT\" \/>\n<meta property=\"og:type\" content=\"article\" \/>\n<meta property=\"og:title\" content=\"Pol\u00edtica de privacidade FabricAir - Portugal FabricAir\" \/>\n<meta property=\"og:description\" content=\"Leia a pol\u00edtica de privacidade FabricAir e saiba como tratamos os seus dados com seguran\u00e7a, transpar\u00eancia e em conformidade com a legisla\u00e7\u00e3o.\" \/>\n<meta property=\"og:url\" content=\"https:\/\/www.fabricair.com\/privacy-policy\/\" \/>\n<meta property=\"og:site_name\" content=\"Portugal FabricAir\" \/>\n<meta property=\"article:modified_time\" content=\"2025-07-17T09:29:50+00:00\" \/>\n<meta name=\"twitter:card\" content=\"summary_large_image\" \/>\n<script type=\"application\/ld+json\" class=\"yoast-schema-graph\">{\"@context\":\"https:\\\/\\\/schema.org\",\"@graph\":[{\"@type\":\"WebPage\",\"@id\":\"https:\\\/\\\/www.fabricair.com\\\/pt\\\/politica-de-privacidade\\\/\",\"url\":\"https:\\\/\\\/www.fabricair.com\\\/privacy-policy\\\/\",\"name\":\"Pol\u00edtica de privacidade FabricAir - Portugal FabricAir\",\"isPartOf\":{\"@id\":\"https:\\\/\\\/www.fabricair.com\\\/pt\\\/#website\"},\"datePublished\":\"2022-04-29T11:50:45+00:00\",\"dateModified\":\"2025-07-17T09:29:50+00:00\",\"description\":\"Leia a pol\u00edtica de privacidade FabricAir e saiba como tratamos os seus dados com seguran\u00e7a, transpar\u00eancia e em conformidade com a legisla\u00e7\u00e3o.\",\"breadcrumb\":{\"@id\":\"https:\\\/\\\/www.fabricair.com\\\/privacy-policy\\\/#breadcrumb\"},\"inLanguage\":\"pt-PT\",\"potentialAction\":[{\"@type\":\"ReadAction\",\"target\":[\"https:\\\/\\\/www.fabricair.com\\\/privacy-policy\\\/\"]}]},{\"@type\":\"BreadcrumbList\",\"@id\":\"https:\\\/\\\/www.fabricair.com\\\/privacy-policy\\\/#breadcrumb\",\"itemListElement\":[{\"@type\":\"ListItem\",\"position\":1,\"name\":\"Home\",\"item\":\"https:\\\/\\\/www.fabricair.com\\\/pt\\\/\"},{\"@type\":\"ListItem\",\"position\":2,\"name\":\"Pol\u00edtica De Privacidade\"}]},{\"@type\":\"WebSite\",\"@id\":\"https:\\\/\\\/www.fabricair.com\\\/pt\\\/#website\",\"url\":\"https:\\\/\\\/www.fabricair.com\\\/pt\\\/\",\"name\":\"Portugal FabricAir\",\"description\":\"\",\"potentialAction\":[{\"@type\":\"SearchAction\",\"target\":{\"@type\":\"EntryPoint\",\"urlTemplate\":\"https:\\\/\\\/www.fabricair.com\\\/pt\\\/?s={search_term_string}\"},\"query-input\":{\"@type\":\"PropertyValueSpecification\",\"valueRequired\":true,\"valueName\":\"search_term_string\"}}],\"inLanguage\":\"pt-PT\"}]}<\/script>\n<!-- \/ Yoast SEO plugin. -->","yoast_head_json":{"title":"Pol\u00edtica De Privacidade | Portugal FabricAir","description":"Leia a pol\u00edtica de privacidade FabricAir e saiba como tratamos os seus dados com seguran\u00e7a, transpar\u00eancia e em conformidade com a legisla\u00e7\u00e3o.","robots":{"index":"index","follow":"follow","max-snippet":"max-snippet:-1","max-image-preview":"max-image-preview:large","max-video-preview":"max-video-preview:-1"},"canonical":"https:\/\/www.fabricair.com\/pt\/wp-json\/wp\/v2\/pages\/6705\/","og_locale":"pt_PT","og_type":"article","og_title":"Pol\u00edtica de privacidade FabricAir - Portugal FabricAir","og_description":"Leia a pol\u00edtica de privacidade FabricAir e saiba como tratamos os seus dados com seguran\u00e7a, transpar\u00eancia e em conformidade com a legisla\u00e7\u00e3o.","og_url":"https:\/\/www.fabricair.com\/privacy-policy\/","og_site_name":"Portugal FabricAir","article_modified_time":"2025-07-17T09:29:50+00:00","twitter_card":"summary_large_image","schema":{"@context":"https:\/\/schema.org","@graph":[{"@type":"WebPage","@id":"https:\/\/www.fabricair.com\/pt\/politica-de-privacidade\/","url":"https:\/\/www.fabricair.com\/privacy-policy\/","name":"Pol\u00edtica de privacidade FabricAir - Portugal FabricAir","isPartOf":{"@id":"https:\/\/www.fabricair.com\/pt\/#website"},"datePublished":"2022-04-29T11:50:45+00:00","dateModified":"2025-07-17T09:29:50+00:00","description":"Leia a pol\u00edtica de privacidade FabricAir e saiba como tratamos os seus dados com seguran\u00e7a, transpar\u00eancia e em conformidade com a legisla\u00e7\u00e3o.","breadcrumb":{"@id":"https:\/\/www.fabricair.com\/privacy-policy\/#breadcrumb"},"inLanguage":"pt-PT","potentialAction":[{"@type":"ReadAction","target":["https:\/\/www.fabricair.com\/privacy-policy\/"]}]},{"@type":"BreadcrumbList","@id":"https:\/\/www.fabricair.com\/privacy-policy\/#breadcrumb","itemListElement":[{"@type":"ListItem","position":1,"name":"Home","item":"https:\/\/www.fabricair.com\/pt\/"},{"@type":"ListItem","position":2,"name":"Pol\u00edtica De Privacidade"}]},{"@type":"WebSite","@id":"https:\/\/www.fabricair.com\/pt\/#website","url":"https:\/\/www.fabricair.com\/pt\/","name":"Portugal FabricAir","description":"","potentialAction":[{"@type":"SearchAction","target":{"@type":"EntryPoint","urlTemplate":"https:\/\/www.fabricair.com\/pt\/?s={search_term_string}"},"query-input":{"@type":"PropertyValueSpecification","valueRequired":true,"valueName":"search_term_string"}}],"inLanguage":"pt-PT"}]}},"_links":{"self":[{"href":"https:\/\/www.fabricair.com\/pt\/wp-json\/wp\/v2\/pages\/6705","targetHints":{"allow":["GET"]}}],"collection":[{"href":"https:\/\/www.fabricair.com\/pt\/wp-json\/wp\/v2\/pages"}],"about":[{"href":"https:\/\/www.fabricair.com\/pt\/wp-json\/wp\/v2\/types\/page"}],"author":[{"embeddable":true,"href":"https:\/\/www.fabricair.com\/pt\/wp-json\/wp\/v2\/users\/1"}],"replies":[{"embeddable":true,"href":"https:\/\/www.fabricair.com\/pt\/wp-json\/wp\/v2\/comments?post=6705"}],"version-history":[{"count":11,"href":"https:\/\/www.fabricair.com\/pt\/wp-json\/wp\/v2\/pages\/6705\/revisions"}],"predecessor-version":[{"id":7630,"href":"https:\/\/www.fabricair.com\/pt\/wp-json\/wp\/v2\/pages\/6705\/revisions\/7630"}],"wp:attachment":[{"href":"https:\/\/www.fabricair.com\/pt\/wp-json\/wp\/v2\/media?parent=6705"}],"curies":[{"name":"wp","href":"https:\/\/api.w.org\/{rel}","templated":true}]}}