{"id":1202,"date":"2022-03-18T13:21:38","date_gmt":"2022-03-18T13:21:38","guid":{"rendered":"https:\/\/fabricair.com\/tr\/?page_id=1202"},"modified":"2024-04-17T15:28:00","modified_gmt":"2024-04-17T12:28:00","slug":"uygulamalar","status":"publish","type":"page","link":"https:\/\/www.fabricair.com\/tr\/uygulamalar\/","title":{"rendered":"Uygulamalar"},"content":{"rendered":"<p>Her ortam i\u00e7in m\u00fckemmel i\u00e7 hava kalitesi sa\u011fl\u0131yoruz. Tekstil bazl\u0131 \u00e7\u00f6z\u00fcmlerimizle hava da\u011f\u0131t\u0131m\u0131n\u0131 tamamen yeni bir d\u00fczeye ta\u015f\u0131yoruz. Teknolojimiz, neredeyse t\u00fcm uygulamalar i\u00e7in son teknoloji hava da\u011f\u0131t\u0131m sistemleri tasarlamam\u0131za, her daim y\u00fcksek performans\u0131 sunmam\u0131za ve i\u00e7 tasar\u0131ma uyum sa\u011flamam\u0131za olanak tan\u0131r.<\/p>\n<p>Neredeyse t\u00fcm \u0131s\u0131tma, so\u011futma ve havaland\u0131rma uygulamalar\u0131 i\u00e7in y\u00fcksek hava konforu sa\u011flayan, mimari tasar\u0131mla uyumlu, son teknoloji kuma\u015f hava kanallar\u0131 tasarl\u0131yor ve \u00fcretiyoruz. Projeye \u00f6zel tekstil hava kanallar\u0131m\u0131z ile hava da\u011f\u0131t\u0131m\u0131n\u0131 en \u00fcst d\u00fczeye ta\u015f\u0131yoruz.<\/p>\n<p>End\u00fcstriyel Tesisler<\/p>\n<p>FabricAir kuma\u015f hava kanallar\u0131 end\u00fcstriyel uygulamalar i\u00e7in m\u00fckemmel bir se\u00e7imdir. Tekstil bazl\u0131 hava da\u011f\u0131t\u0131m sistemlerimiz, g\u0131da i\u015fleme tesislerinden temiz odalara kadar t\u00fcm uygulamalarda bireylerin sa\u011fl\u0131\u011f\u0131na ve konforuna y\u00fcksek katk\u0131 sa\u011flar.<\/p>\n<p><a href=\"\/tr\/uygulamalar\/gida-isleme-tesisleri\"><strong>G\u0131da \u0130\u015fleme Tesisleri<\/strong><\/a><\/p>\n<p><a href=\"\/tr\/uygulamalar\/uretim-tesisleri\"><strong>\u00dcretim Tesisleri<\/strong><\/a><\/p>\n<p><a href=\"\/tr\/uygulamalar\/farmasotik-laboratuvarlar-temizodalar\"><strong>Farmas\u00f6tik \/ Laboratuvarlar \/ Temizodalar<\/strong><\/a><\/p>\n<p><a href=\"\/tr\/uygulamalar\/depolama-lojistik-dagitim-merkezleri\"><strong>Depolama \/ Lojistik \/ Da\u011f\u0131t\u0131m Merkezleri<\/strong><\/a><\/p>\n<p><a href=\"\/tr\/uygulamalar\/seralar-kapali-ortam-yetistiriciligi\"><strong>Seralar<\/strong><\/a><\/p>\n<p><a href=\"\/tr\/uygulamalar\/elektronik-uretim-tesisleri\"><strong>Elektronik<\/strong><\/a><\/p>\n<p>Ticari \u0130\u015fletmeler<\/p>\n<p>Tekstil bazl\u0131 havaland\u0131rma sistemleri, rakipsiz i\u00e7 mekan hava konforu sa\u011flar ve mekan\u0131n i\u00e7 tasar\u0131mla b\u00fct\u00fcnle\u015fir.<\/p>\n<p><a href=\"\/tr\/uygulamalar\/alisveris-merkezleri-magazalar\"><strong>Al\u0131\u015fveri\u015f Merkezleri<\/strong><\/a><\/p>\n<p><a href=\"\/tr\/uygulamalar\/ofisler-cagri-merkezleri\/\"><strong>Ofisler \/ \u00c7a\u011fr\u0131 Merkezleri<\/strong><\/a><\/p>\n<p><a href=\"\/tr\/uygulamalar\/konferans-salonlari-fuar-merkezleri\"><strong>Konferans Merkezleri \/ Fuar Alanlar\u0131<\/strong><\/a><\/p>\n<p><a href=\"\/tr\/uygulamalar\/havaalanlari-tren-ve-otobus-terminalleri\"><strong>Havaalanlar\u0131 \/ Terminaller<\/strong><\/a><\/p>\n<p><a href=\"\/tr\/uygulamalar\/restoranlar-kafeler\"><strong>Restoran \/ Kafeteryalar<\/strong><\/a><\/p>\n<p><a href=\"\/tr\/uygulamalar\/veri-merkezleri\"><strong>Veri Merkezleri<\/strong><\/a><\/p>\n<p>Kamusal Alanlar<\/p>\n<p>Kamusal alanlarda sa\u011fl\u0131k ve konfor esast\u0131r. FabricAir, tekstil bazl\u0131 hava da\u011f\u0131t\u0131m \u00e7\u00f6z\u00fcmleri ile i\u00e7 mekan hava kalitesini y\u00fckselterek sa\u011fl\u0131k ve konfora katk\u0131da bulunuyor. Kuma\u015f kanallardan tavan dif\u00fcz\u00f6rlerine kadar \u00fcr\u00fcnlerimiz her t\u00fcrl\u00fc uygulaman\u0131n ihtiyac\u0131na cevap verebilir.<\/p>\n<p><a href=\"\/tr\/uygulamalar\/okullar-universiteler-kutuphaneler\"><strong>Okullar \/ \u00dcniversiteler \/ K\u00fct\u00fcphaneler<\/strong><\/a><\/p>\n<p><a href=\"\/tr\/uygulamalar\/hastaneler\"><strong>Hastaneler<\/strong><\/a><\/p>\n<p><a href=\"\/tr\/uygulamalar\/ibadethaneler\"><strong>\u0130badethaneler<\/strong><\/a><\/p>\n<p>Spor ve E\u011flence Tesisleri<\/p>\n<p>FabricAir hava da\u011f\u0131t\u0131m teknolojisi neredeyse t\u00fcm spor uygulamalar\u0131nda, sporculara ve seyircilere en iyi ortam ko\u015fullar\u0131n\u0131 sa\u011flar. Sistem, konforlu bir ortam<br \/>\nyarat\u0131rken ayn\u0131 zamanda yo\u011fu\u015fmay\u0131 \u00f6nler ve mevsimsel de\u011fi\u015fikliklere bak\u0131lmaks\u0131z\u0131n her zaman en y\u00fcksek performans\u0131 sunar.<\/p>\n<p><strong><a href=\"\/tr\/uygulamalar\/stadyum-arenalar-eglence-merkezleri\">Stadyum \/ Arena \/ E\u011flence Tesisleri<\/a><\/strong><\/p>\n<p><strong><a href=\"\/tr\/uygulamalar\/yuzme-havuzlari\/\">Y\u00fczme Havuzlar\u0131<\/a><\/strong><\/p>\n<p><strong><a href=\"\/tr\/uygulamalar\/fitness-spor-merkezleri\/\">Fitness \/ Spor Merkezleri<\/a><\/strong><\/p>\n<p><strong><a href=\"\/tr\/uygulamalar\/buz-pistleri\">Buz Pistleri<\/a><\/strong><\/p>\n<p><strong><a href=\"\/tr\/uygulamalar\/sinemalar-tiyatrolar-muzeler\">Sinema \/ Tiyatro \/ M\u00fczeler<\/a><\/strong><\/p>\n<p>&nbsp;<\/p>\n<p>Her ortam i\u00e7in m\u00fckemmel i\u00e7 hava kalitesi sa\u011fl\u0131yoruz. kuma\u015f hava kanallar\u0131m\u0131z ile hava da\u011f\u0131t\u0131m\u0131n\u0131 tamamen yeni bir d\u00fczeye ta\u015f\u0131yoruz. Teknolojimiz, neredeyse t\u00fcm uygulamalar i\u00e7in son teknoloji hava da\u011f\u0131t\u0131m sistemleri tasarlamam\u0131za, her daim y\u00fcksek performans\u0131 sunmam\u0131za ve i\u00e7 tasar\u0131ma uyum sa\u011flamam\u0131za olanak tan\u0131r.<\/p>\n<p>Neredeyse t\u00fcm \u0131s\u0131tma, so\u011futma ve havaland\u0131rma uygulamalar\u0131 i\u00e7in y\u00fcksek hava konforu sa\u011flayan, mimari tasar\u0131mla uyumlu, son teknoloji hava da\u011f\u0131t\u0131m sistemleri tasarl\u0131yor ve \u00fcretiyoruz. Projeye \u00f6zel tekstil bazl\u0131 \u00e7\u00f6z\u00fcmlerimizle hava da\u011f\u0131t\u0131m\u0131n\u0131 en \u00fcst d\u00fczeye ta\u015f\u0131yoruz.<\/p>\n<p>End\u00fcstriyel Tesisler<\/p>\n<p>FabricAir kuma\u015f hava kanallar\u0131 end\u00fcstriyel uygulamalar i\u00e7in m\u00fckemmel bir se\u00e7imdir. Kuma\u015f kanal sistemlerimiz, g\u0131da i\u015fleme tesislerinden temiz odalara kadar t\u00fcm uygulamalarda bireylerin sa\u011fl\u0131\u011f\u0131na ve konforuna y\u00fcksek katk\u0131 sa\u011flar.<\/p>\n<p><a href=\"\/tr\/uygulamalar\/gida-isleme-tesisleri\"><strong>G\u0131da \u0130\u015fleme Tesisleri<\/strong><\/a><\/p>\n<p><a href=\"\/tr\/uygulamalar\/uretim-tesisleri\"><strong>\u00dcretim Tesisleri<\/strong><\/a><\/p>\n<p><a href=\"\/tr\/uygulamalar\/farmasotik-laboratuvarlar-temizodalar\"><strong>Farmas\u00f6tik \/ Laboratuvarlar \/ Temizodalar<\/strong><\/a><\/p>\n<p><a href=\"\/tr\/uygulamalar\/depolama-lojistik-dagitim-merkezleri\"><strong>Depolama \/ Lojistik \/ Da\u011f\u0131t\u0131m Merkezleri<\/strong><\/a><\/p>\n<p><a href=\"\/tr\/uygulamalar\/seralar-kapali-ortam-yetistiriciligi\"><strong>Seralar<\/strong><\/a><\/p>\n<p><a href=\"\/tr\/uygulamalar\/elektronik-uretim-tesisleri\"><strong>Elektronik<\/strong><\/a><\/p>\n<p>Ticari \u0130\u015fletmeler<\/p>\n<p>Tekstil hava kanallar\u0131, rakipsiz i\u00e7 mekan hava konforu sa\u011flar ve mekan\u0131n i\u00e7 tasar\u0131m\u0131yla b\u00fct\u00fcnle\u015fir.<\/p>\n<p><a href=\"\/tr\/uygulamalar\/alisveris-merkezleri-magazalar\"><strong>Al\u0131\u015fveri\u015f Merkezleri<\/strong><\/a><\/p>\n<p><a href=\"\/tr\/uygulamalar\/ofisler-cagri-merkezleri\/\"><strong>Ofisler \/ \u00c7a\u011fr\u0131 Merkezleri<\/strong><\/a><\/p>\n<p><a href=\"\/tr\/uygulamalar\/konferans-salonlari-fuar-merkezleri\"><strong>Konferans Merkezleri \/ Fuar Alanlar\u0131<\/strong><\/a><\/p>\n<p><a href=\"\/tr\/uygulamalar\/havaalanlari-tren-ve-otobus-terminalleri\"><strong>Havaalanlar\u0131 \/ Terminaller<\/strong><\/a><\/p>\n<p><a href=\"\/tr\/uygulamalar\/restoranlar-kafeler\"><strong>Restoran \/ Kafeteryalar<\/strong><\/a><\/p>\n<p><a href=\"\/tr\/uygulamalar\/veri-merkezleri\"><strong>Veri Merkezleri<\/strong><\/a><\/p>\n<p>Kamusal Alanlar<\/p>\n<p>Kamusal alanlarda sa\u011fl\u0131k ve konfor esast\u0131r. FabricAir, kuma\u015f hava kanallar\u0131 ile i\u00e7 mekan hava kalitesini y\u00fckselterek sa\u011fl\u0131k ve konfora katk\u0131da bulunuyor. Kuma\u015f kanallardan tavan dif\u00fcz\u00f6rlerine kadar \u00fcr\u00fcnlerimiz her t\u00fcrl\u00fc uygulaman\u0131n ihtiyac\u0131na cevap verebilir.<\/p>\n<p><a href=\"\/tr\/uygulamalar\/okullar-universiteler-kutuphaneler\"><strong>Okullar \/ \u00dcniversiteler \/ K\u00fct\u00fcphaneler<\/strong><\/a><\/p>\n<p><a href=\"\/tr\/uygulamalar\/hastaneler\"><strong>Hastaneler<\/strong><\/a><\/p>\n<p><a href=\"\/tr\/uygulamalar\/ibadethaneler\"><strong>\u0130badethaneler<\/strong><\/a><\/p>\n<p>Spor ve E\u011flence Tesisleri<\/p>\n<p>FabricAir kuma\u015f hava kanallar\u0131 neredeyse t\u00fcm spor uygulamalar\u0131nda, sporculara ve seyircilere en iyi ortam ko\u015fullar\u0131n\u0131 sa\u011flar. Sistem, konforlu bir ortam<br \/>\nyarat\u0131rken ayn\u0131 zamanda yo\u011fu\u015fmay\u0131 \u00f6nler ve mevsimsel de\u011fi\u015fikliklere bak\u0131lmaks\u0131z\u0131n her zaman en y\u00fcksek performans\u0131 sunar.<\/p>\n<p><strong><a href=\"\/tr\/uygulamalar\/stadyum-arenalar-eglence-merkezleri\">Stadyum \/ Arena \/ E\u011flence Tesisleri<\/a><\/strong><\/p>\n<p><strong><a href=\"\/tr\/uygulamalar\/yuzme-havuzlari\/\">Y\u00fczme Havuzlar\u0131<\/a><\/strong><\/p>\n<p><strong><a href=\"\/tr\/uygulamalar\/fitness-spor-merkezleri\/\">Fitness \/ Spor Merkezleri<\/a><\/strong><\/p>\n<p><strong><a href=\"\/tr\/uygulamalar\/buz-pistleri\">Buz Pistleri<\/a><\/strong><\/p>\n<p><strong><a href=\"\/tr\/uygulamalar\/sinemalar-tiyatrolar-muzeler\">Sinema \/ Tiyatro \/ M\u00fczeler<\/a><\/strong><\/p>\n","protected":false},"excerpt":{"rendered":"<p>Her ortam i\u00e7in m\u00fckemmel i\u00e7 hava kalitesi sa\u011fl\u0131yoruz. Tekstil bazl\u0131 \u00e7\u00f6z\u00fcmlerimizle hava da\u011f\u0131t\u0131m\u0131n\u0131 tamamen yeni bir d\u00fczeye ta\u015f\u0131yoruz. Teknolojimiz, neredeyse t\u00fcm uygulamalar i\u00e7in son teknoloji hava da\u011f\u0131t\u0131m sistemleri tasarlamam\u0131za, her daim y\u00fcksek performans\u0131 sunmam\u0131za ve i\u00e7 tasar\u0131ma uyum sa\u011flamam\u0131za olanak tan\u0131r. Neredeyse t\u00fcm \u0131s\u0131tma, so\u011futma ve havaland\u0131rma uygulamalar\u0131 i\u00e7in y\u00fcksek hava konforu sa\u011flayan, mimari tasar\u0131mla [&hellip;]<\/p>\n","protected":false},"author":1,"featured_media":5872,"parent":0,"menu_order":31,"comment_status":"closed","ping_status":"closed","template":"","meta":{"_acf_changed":false,"inline_featured_image":false,"footnotes":""},"class_list":["post-1202","page","type-page","status-publish","has-post-thumbnail","hentry"],"acf":[],"yoast_head":"<!-- This site is optimized with the Yoast SEO plugin v27.5 - https:\/\/yoast.com\/product\/yoast-seo-wordpress\/ -->\n<title>Uygulamalar | FabricAir Kuma\u015f Hava Kanallar\u0131<\/title>\n<meta name=\"description\" content=\"FabricAir kuma\u015f hava kanallar\u0131 bir\u00e7ok uygulama t\u00fcr\u00fc i\u00e7in m\u00fckemmel bir hava da\u011f\u0131t\u0131m sistemi se\u00e7ene\u011fidir. Uygulamalar\u0131m\u0131z\u0131 inceleyin.\" \/>\n<meta name=\"robots\" content=\"index, follow, max-snippet:-1, max-image-preview:large, max-video-preview:-1\" \/>\n<link rel=\"canonical\" href=\"https:\/\/www.fabricair.com\/tr\/wp-json\/wp\/v2\/pages\/1202\/\" \/>\n<meta property=\"og:locale\" content=\"en_US\" \/>\n<meta property=\"og:type\" content=\"article\" \/>\n<meta property=\"og:title\" content=\"Uygulamalar - FabricAir Kuma\u015f Hava Kanallar\u0131\" \/>\n<meta property=\"og:description\" content=\"FabricAir kuma\u015f hava kanallar\u0131 bir\u00e7ok uygulama t\u00fcr\u00fc i\u00e7in m\u00fckemmel bir hava da\u011f\u0131t\u0131m sistemi se\u00e7ene\u011fidir. Uygulamalar\u0131m\u0131z\u0131 inceleyin.\" \/>\n<meta property=\"og:url\" content=\"https:\/\/www.fabricair.com\/tr\/uygulamalar\/\" \/>\n<meta property=\"og:site_name\" content=\"FabricAir Kuma\u015f Hava Kanallar\u0131\" \/>\n<meta property=\"article:publisher\" content=\"https:\/\/www.facebook.com\/FabricAir\" \/>\n<meta property=\"article:modified_time\" content=\"2024-04-17T12:28:00+00:00\" \/>\n<meta property=\"og:image\" content=\"https:\/\/www.fabricair.com\/tr\/wp-content\/uploads\/sites\/24\/2022\/04\/FabricAir_wide_firestinephotography-Ji-Roz-Restaurant-26-1-1024x683.png\" \/>\n\t<meta property=\"og:image:width\" content=\"1024\" \/>\n\t<meta property=\"og:image:height\" content=\"683\" \/>\n\t<meta property=\"og:image:type\" content=\"image\/png\" \/>\n<meta name=\"twitter:card\" content=\"summary_large_image\" \/>\n<meta name=\"twitter:site\" content=\"@FabricAir\" \/>\n<meta name=\"twitter:label1\" content=\"Est. reading time\" \/>\n\t<meta name=\"twitter:data1\" content=\"3 minutes\" \/>\n<script type=\"application\/ld+json\" class=\"yoast-schema-graph\">{\"@context\":\"https:\\\/\\\/schema.org\",\"@graph\":[{\"@type\":\"WebPage\",\"@id\":\"https:\\\/\\\/www.fabricair.com\\\/tr\\\/uygulamalar\\\/\",\"url\":\"https:\\\/\\\/www.fabricair.com\\\/tr\\\/uygulamalar\\\/\",\"name\":\"Uygulamalar - FabricAir Kuma\u015f Hava Kanallar\u0131\",\"isPartOf\":{\"@id\":\"https:\\\/\\\/www.fabricair.com\\\/tr\\\/#website\"},\"primaryImageOfPage\":{\"@id\":\"https:\\\/\\\/www.fabricair.com\\\/tr\\\/uygulamalar\\\/#primaryimage\"},\"image\":{\"@id\":\"https:\\\/\\\/www.fabricair.com\\\/tr\\\/uygulamalar\\\/#primaryimage\"},\"thumbnailUrl\":\"https:\\\/\\\/www.fabricair.com\\\/tr\\\/wp-content\\\/uploads\\\/sites\\\/24\\\/2022\\\/04\\\/FabricAir_wide_firestinephotography-Ji-Roz-Restaurant-26-1.png\",\"datePublished\":\"2022-03-18T13:21:38+00:00\",\"dateModified\":\"2024-04-17T12:28:00+00:00\",\"description\":\"FabricAir kuma\u015f hava kanallar\u0131 bir\u00e7ok uygulama t\u00fcr\u00fc i\u00e7in m\u00fckemmel bir hava da\u011f\u0131t\u0131m sistemi se\u00e7ene\u011fidir. Uygulamalar\u0131m\u0131z\u0131 inceleyin.\",\"breadcrumb\":{\"@id\":\"https:\\\/\\\/www.fabricair.com\\\/tr\\\/uygulamalar\\\/#breadcrumb\"},\"inLanguage\":\"tr\",\"potentialAction\":[{\"@type\":\"ReadAction\",\"target\":[\"https:\\\/\\\/www.fabricair.com\\\/tr\\\/uygulamalar\\\/\"]}]},{\"@type\":\"ImageObject\",\"inLanguage\":\"tr\",\"@id\":\"https:\\\/\\\/www.fabricair.com\\\/tr\\\/uygulamalar\\\/#primaryimage\",\"url\":\"https:\\\/\\\/www.fabricair.com\\\/tr\\\/wp-content\\\/uploads\\\/sites\\\/24\\\/2022\\\/04\\\/FabricAir_wide_firestinephotography-Ji-Roz-Restaurant-26-1.png\",\"contentUrl\":\"https:\\\/\\\/www.fabricair.com\\\/tr\\\/wp-content\\\/uploads\\\/sites\\\/24\\\/2022\\\/04\\\/FabricAir_wide_firestinephotography-Ji-Roz-Restaurant-26-1.png\",\"width\":1440,\"height\":960,\"caption\":\"FabricAir_Kumas_Kanal_Uygulama\"},{\"@type\":\"BreadcrumbList\",\"@id\":\"https:\\\/\\\/www.fabricair.com\\\/tr\\\/uygulamalar\\\/#breadcrumb\",\"itemListElement\":[{\"@type\":\"ListItem\",\"position\":1,\"name\":\"Home\",\"item\":\"https:\\\/\\\/www.fabricair.com\\\/tr\\\/\"},{\"@type\":\"ListItem\",\"position\":2,\"name\":\"Uygulamalar\"}]}]}<\/script>\n<!-- \/ Yoast SEO plugin. -->","yoast_head_json":{"title":"Uygulamalar | FabricAir Kuma\u015f Hava Kanallar\u0131","description":"FabricAir kuma\u015f hava kanallar\u0131 bir\u00e7ok uygulama t\u00fcr\u00fc i\u00e7in m\u00fckemmel bir hava da\u011f\u0131t\u0131m sistemi se\u00e7ene\u011fidir. Uygulamalar\u0131m\u0131z\u0131 inceleyin.","robots":{"index":"index","follow":"follow","max-snippet":"max-snippet:-1","max-image-preview":"max-image-preview:large","max-video-preview":"max-video-preview:-1"},"canonical":"https:\/\/www.fabricair.com\/tr\/wp-json\/wp\/v2\/pages\/1202\/","og_locale":"en_US","og_type":"article","og_title":"Uygulamalar - FabricAir Kuma\u015f Hava Kanallar\u0131","og_description":"FabricAir kuma\u015f hava kanallar\u0131 bir\u00e7ok uygulama t\u00fcr\u00fc i\u00e7in m\u00fckemmel bir hava da\u011f\u0131t\u0131m sistemi se\u00e7ene\u011fidir. Uygulamalar\u0131m\u0131z\u0131 inceleyin.","og_url":"https:\/\/www.fabricair.com\/tr\/uygulamalar\/","og_site_name":"FabricAir Kuma\u015f Hava Kanallar\u0131","article_publisher":"https:\/\/www.facebook.com\/FabricAir","article_modified_time":"2024-04-17T12:28:00+00:00","og_image":[{"width":1024,"height":683,"url":"https:\/\/www.fabricair.com\/tr\/wp-content\/uploads\/sites\/24\/2022\/04\/FabricAir_wide_firestinephotography-Ji-Roz-Restaurant-26-1-1024x683.png","type":"image\/png"}],"twitter_card":"summary_large_image","twitter_site":"@FabricAir","twitter_misc":{"Est. reading time":"3 minutes"},"schema":{"@context":"https:\/\/schema.org","@graph":[{"@type":"WebPage","@id":"https:\/\/www.fabricair.com\/tr\/uygulamalar\/","url":"https:\/\/www.fabricair.com\/tr\/uygulamalar\/","name":"Uygulamalar - FabricAir Kuma\u015f Hava Kanallar\u0131","isPartOf":{"@id":"https:\/\/www.fabricair.com\/tr\/#website"},"primaryImageOfPage":{"@id":"https:\/\/www.fabricair.com\/tr\/uygulamalar\/#primaryimage"},"image":{"@id":"https:\/\/www.fabricair.com\/tr\/uygulamalar\/#primaryimage"},"thumbnailUrl":"https:\/\/www.fabricair.com\/tr\/wp-content\/uploads\/sites\/24\/2022\/04\/FabricAir_wide_firestinephotography-Ji-Roz-Restaurant-26-1.png","datePublished":"2022-03-18T13:21:38+00:00","dateModified":"2024-04-17T12:28:00+00:00","description":"FabricAir kuma\u015f hava kanallar\u0131 bir\u00e7ok uygulama t\u00fcr\u00fc i\u00e7in m\u00fckemmel bir hava da\u011f\u0131t\u0131m sistemi se\u00e7ene\u011fidir. Uygulamalar\u0131m\u0131z\u0131 inceleyin.","breadcrumb":{"@id":"https:\/\/www.fabricair.com\/tr\/uygulamalar\/#breadcrumb"},"inLanguage":"tr","potentialAction":[{"@type":"ReadAction","target":["https:\/\/www.fabricair.com\/tr\/uygulamalar\/"]}]},{"@type":"ImageObject","inLanguage":"tr","@id":"https:\/\/www.fabricair.com\/tr\/uygulamalar\/#primaryimage","url":"https:\/\/www.fabricair.com\/tr\/wp-content\/uploads\/sites\/24\/2022\/04\/FabricAir_wide_firestinephotography-Ji-Roz-Restaurant-26-1.png","contentUrl":"https:\/\/www.fabricair.com\/tr\/wp-content\/uploads\/sites\/24\/2022\/04\/FabricAir_wide_firestinephotography-Ji-Roz-Restaurant-26-1.png","width":1440,"height":960,"caption":"FabricAir_Kumas_Kanal_Uygulama"},{"@type":"BreadcrumbList","@id":"https:\/\/www.fabricair.com\/tr\/uygulamalar\/#breadcrumb","itemListElement":[{"@type":"ListItem","position":1,"name":"Home","item":"https:\/\/www.fabricair.com\/tr\/"},{"@type":"ListItem","position":2,"name":"Uygulamalar"}]}]}},"_links":{"self":[{"href":"https:\/\/www.fabricair.com\/tr\/wp-json\/wp\/v2\/pages\/1202","targetHints":{"allow":["GET"]}}],"collection":[{"href":"https:\/\/www.fabricair.com\/tr\/wp-json\/wp\/v2\/pages"}],"about":[{"href":"https:\/\/www.fabricair.com\/tr\/wp-json\/wp\/v2\/types\/page"}],"author":[{"embeddable":true,"href":"https:\/\/www.fabricair.com\/tr\/wp-json\/wp\/v2\/users\/1"}],"replies":[{"embeddable":true,"href":"https:\/\/www.fabricair.com\/tr\/wp-json\/wp\/v2\/comments?post=1202"}],"version-history":[{"count":48,"href":"https:\/\/www.fabricair.com\/tr\/wp-json\/wp\/v2\/pages\/1202\/revisions"}],"predecessor-version":[{"id":8402,"href":"https:\/\/www.fabricair.com\/tr\/wp-json\/wp\/v2\/pages\/1202\/revisions\/8402"}],"wp:featuredmedia":[{"embeddable":true,"href":"https:\/\/www.fabricair.com\/tr\/wp-json\/wp\/v2\/media\/5872"}],"wp:attachment":[{"href":"https:\/\/www.fabricair.com\/tr\/wp-json\/wp\/v2\/media?parent=1202"}],"curies":[{"name":"wp","href":"https:\/\/api.w.org\/{rel}","templated":true}]}}