{"id":1220,"date":"2022-03-28T13:14:37","date_gmt":"2022-03-28T13:14:37","guid":{"rendered":"https:\/\/fabricair.com\/tr\/?page_id=1220"},"modified":"2025-08-07T14:09:13","modified_gmt":"2025-08-07T11:09:13","slug":"hakkimizda","status":"publish","type":"page","link":"https:\/\/www.fabricair.com\/tr\/hakkimizda\/","title":{"rendered":"Hakk\u0131m\u0131zda"},"content":{"rendered":"<p>FabricAir Hakk\u0131m\u0131zda. Danimarka merkezli FabricAir\u00ae tekstil bazl\u0131 hava da\u011f\u0131t\u0131m \u00e7\u00f6z\u00fcmlerinde k\u00fcresel pazar lideridir.<\/p>\n<p>1973 y\u0131l\u0131nda tekstil kanal teknolojisini yaratt\u0131\u011f\u0131ndan beri FabricAir\u00ae, 18 \u00fclkedeki kendi yan kurulu\u015flar\u0131 ve 120&#8217;den fazla \u00fclkedeki geni\u015f distrib\u00fct\u00f6r a\u011f\u0131yla faaliyet g\u00f6steren k\u00fcresel bir \u015firkettir.<\/p>\n<p>FabricAir\u00ae sadece \u00fcr\u00fcn de\u011fil, \u00e7\u00f6z\u00fcm sa\u011flar<\/p>\n<p>FabricAir\u00ae,\u00a0 m\u00fc\u015fterileri i\u00e7in ola\u011fan\u00fcst\u00fc de\u011fer yaratmak i\u00e7in s\u00fcrekli \u00e7aba g\u00f6stermektedir.<\/p>\n<p>Hakk\u0131m\u0131zda. Neredeyse 50 y\u0131ll\u0131k pazar deneyimi ve m\u00fc\u015fterilerimizin ihtiya\u00e7lar\u0131n\u0131 derinlemesine anlamak, teknolojimizin kullan\u0131m\u0131n\u0131 k\u00fcresel olarak geni\u015fletmeye odaklan\u0131rken bize rehberlik ediyor.<\/p>\n<p>&nbsp;<\/p>\n<p>FabricAir, olarak sadece hava da\u011f\u0131t\u0131m sistemleri \u00fcretmiyor, ayn\u0131 zamanda m\u00fc\u015fterilerimiz i\u00e7in yenilik\u00e7i, enerji verimli ve s\u00fcrd\u00fcr\u00fclebilir m\u00fchendislik \u00e7\u00f6z\u00fcmleri sa\u011fl\u0131yoruz.<\/p>\n<p>50 y\u0131l\u0131 a\u015fk\u0131n k\u00fcresel deneyimimiz ile m\u00fc\u015fterilerimizin ihtiya\u00e7lar\u0131n\u0131 derinlemesine anl\u0131yor ve ihtiya\u00e7 duyduklar\u0131 \u00e7\u00f6z\u00fcmleri olmas\u0131 gerekti\u011fi gibi sa\u011fl\u0131yoruz. \u0130leri seviye kuma\u015f hava kanal\u0131 teknolojilerimiz ve uzman m\u00fchendislik altyap\u0131m\u0131z sayesinde; her projede maksimum verim, konfor ve kaliteyi sa\u011fl\u0131yoruz.<\/p>\n<p>M\u00fchendislik odakl\u0131 yakla\u015f\u0131m\u0131m\u0131z ile sadece mevcut talepleri kar\u015f\u0131lamaktan \u00f6te; ayn\u0131 zamanda HVAC sekt\u00f6r\u00fcn\u00fcn gelece\u011fine y\u00f6n verecek \u00e7\u00f6z\u00fcmler geli\u015ftiriyoruz. Teknolojimizi k\u00fcresel \u00f6l\u00e7ekte yayg\u0131nla\u015ft\u0131rma vizyonuyla, Ar-Ge ve inovasyon alanlar\u0131na s\u00fcrekli yat\u0131r\u0131m yap\u0131yoruz.<\/p>\n<p>FabricAir ile \u00e7al\u0131\u015fmak, yaln\u0131zca bir \u00fcr\u00fcn sat\u0131n almak de\u011fil; y\u00fcksek m\u00fchendislik de\u011ferleriyle tasarlanm\u0131\u015f b\u00fct\u00fcnc\u00fcl bir hava da\u011f\u0131t\u0131m \u00e7\u00f6z\u00fcm\u00fc yaratmakt\u0131r.<\/p>\n<p>Uzmanlar\u0131m\u0131z<\/p>\n<p>ISK end\u00fcstrisinde yenilik yapmaya devam ederken, d\u00fcnyan\u0131n d\u00f6rt bir yan\u0131ndaki uzmanlar\u0131m\u0131z, her \u00fcr\u00fcn\u00fcn m\u00fc\u015fterilerimizi etkiledi\u011fini anl\u0131yor. Sizi, end\u00fcstriyi ileriye ta\u015f\u0131yan FabricAir&#8217;in baz\u0131 d\u00fc\u015f\u00fcnce liderleriyle tan\u0131\u015fmaya davet ediyoruz.<\/p>\n<p>FabricAir Hakk\u0131m\u0131zda. Danimarka merkezli FabricAir\u00ae tekstil bazl\u0131 hava da\u011f\u0131t\u0131m \u00e7\u00f6z\u00fcmlerinde k\u00fcresel pazar lideridir.<\/p>\n<p>&nbsp;<\/p>\n<p>FabricAir\u00ae sadece \u00fcr\u00fcn de\u011fil, \u00e7\u00f6z\u00fcm sa\u011flar<\/p>\n<p>FabricAir\u00ae,\u00a0 m\u00fc\u015fterileri i\u00e7in ola\u011fan\u00fcst\u00fc de\u011fer yaratmak i\u00e7in s\u00fcrekli \u00e7aba g\u00f6stermektedir.<\/p>\n<p>Hakk\u0131m\u0131zda. Neredeyse 50 y\u0131ll\u0131k pazar deneyimi ve m\u00fc\u015fterilerimizin ihtiya\u00e7lar\u0131n\u0131 derinlemesine anlamak, teknolojimizin kullan\u0131m\u0131n\u0131 k\u00fcresel olarak geni\u015fletmeye odaklan\u0131rken bize rehberlik ediyor.<\/p>\n<p>Uzmanlar\u0131m\u0131z<\/p>\n<p>ISK end\u00fcstrisinde yenilik yapmaya devam ederken, d\u00fcnyan\u0131n d\u00f6rt bir yan\u0131ndaki uzmanlar\u0131m\u0131z, her \u00fcr\u00fcn\u00fcn m\u00fc\u015fterilerimizi etkiledi\u011fini anl\u0131yor. Sizi, end\u00fcstriyi ileriye ta\u015f\u0131yan FabricAir&#8217;in baz\u0131 d\u00fc\u015f\u00fcnce liderleriyle tan\u0131\u015fmaya davet ediyoruz.<\/p>\n<p>FabricAir Hakk\u0131m\u0131zda. Danimarka merkezli FabricAir\u00ae tekstil bazl\u0131 hava da\u011f\u0131t\u0131m \u00e7\u00f6z\u00fcmlerinde k\u00fcresel pazar lideridir.<\/p>\n<p>1973 y\u0131l\u0131nda tekstil kanal teknolojisini yaratt\u0131\u011f\u0131ndan beri FabricAir\u00ae, 15 \u00fclkedeki kendi yan kurulu\u015flar\u0131 ve 120&#8217;den fazla \u00fclkedeki geni\u015f distrib\u00fct\u00f6r a\u011f\u0131yla faaliyet g\u00f6steren k\u00fcresel bir \u015firkettir.<\/p>\n<p>FabricAir\u00ae sadece \u00fcr\u00fcn de\u011fil, \u00e7\u00f6z\u00fcm sa\u011flar<\/p>\n<p>FabricAir\u00ae,\u00a0 m\u00fc\u015fterileri i\u00e7in ola\u011fan\u00fcst\u00fc de\u011fer yaratmak i\u00e7in s\u00fcrekli \u00e7aba g\u00f6stermektedir.<\/p>\n<p>Hakk\u0131m\u0131zda. Neredeyse 50 y\u0131ll\u0131k pazar deneyimi ve m\u00fc\u015fterilerimizin ihtiya\u00e7lar\u0131n\u0131 derinlemesine anlamak, teknolojimizin kullan\u0131m\u0131n\u0131 k\u00fcresel olarak geni\u015fletmeye odaklan\u0131rken bize rehberlik ediyor.<\/p>\n<p>Uzmanlar\u0131m\u0131z<\/p>\n<p>ISK end\u00fcstrisinde yenilik yapmaya devam ederken, d\u00fcnyan\u0131n d\u00f6rt bir yan\u0131ndaki uzmanlar\u0131m\u0131z, her \u00fcr\u00fcn\u00fcn m\u00fc\u015fterilerimizi etkiledi\u011fini anl\u0131yor. Sizi, end\u00fcstriyi ileriye ta\u015f\u0131yan FabricAir&#8217;in baz\u0131 d\u00fc\u015f\u00fcnce liderleriyle tan\u0131\u015fmaya davet ediyoruz.<\/p>\n<p>\u00dcyesi Oldu\u011fumuz Dernekler<\/p>\n<p>\u0130SK\u0130D (\u0130klimlendirme, So\u011futma ve Klima \u0130malat\u00e7\u0131lar\u0131 Derne\u011fi), T\u00fcrkiye&#8217;deki iklimlendirme sekt\u00f6r\u00fcn\u00fcn geli\u015fimini destekler ve uluslararas\u0131 rekabette \u00f6ne \u00e7\u0131kmak i\u00e7in yerli ve yabanc\u0131 imalat\u00e7\u0131larla i\u015f birli\u011fi yapar. Dernek, sekt\u00f6rde verimlilik ve teknolojinin artmas\u0131n\u0131 sa\u011flarken, kaliteli \u00fcr\u00fcn ve hizmet anlay\u0131\u015f\u0131n\u0131n yayg\u0131nla\u015fmas\u0131na katk\u0131 sunmaktad\u0131r.<\/p>\n<p>&nbsp;<\/p>\n<p>ESS\u0130AD (Ege So\u011futmac\u0131lar ve Is\u0131tmac\u0131lar Derne\u011fi), iklimlendirme sekt\u00f6r\u00fcnde teknik e\u011fitimleri destekleyen, sekt\u00f6rel i\u015f birliklerini g\u00fc\u00e7lendiren ve s\u00fcrd\u00fcr\u00fclebilir \u00e7\u00f6z\u00fcmler \u00fcreten \u00f6nemli bir dernektir. Dernek, b\u00f6lgesel kalk\u0131nmay\u0131 desteklerken, HVAC sekt\u00f6r\u00fcn\u00fcn geli\u015fimine katk\u0131da bulunur ve kaliteli \u00fcr\u00fcnlerin t\u00fcketicilere ula\u015fmas\u0131n\u0131 sa\u011flar.<\/p>\n","protected":false},"excerpt":{"rendered":"<p>FabricAir Hakk\u0131m\u0131zda. Danimarka merkezli FabricAir\u00ae tekstil bazl\u0131 hava da\u011f\u0131t\u0131m \u00e7\u00f6z\u00fcmlerinde k\u00fcresel pazar lideridir. 1973 y\u0131l\u0131nda tekstil kanal teknolojisini yaratt\u0131\u011f\u0131ndan beri FabricAir\u00ae, 18 \u00fclkedeki kendi yan kurulu\u015flar\u0131 ve 120&#8217;den fazla \u00fclkedeki geni\u015f distrib\u00fct\u00f6r a\u011f\u0131yla faaliyet g\u00f6steren k\u00fcresel bir \u015firkettir. FabricAir\u00ae sadece \u00fcr\u00fcn de\u011fil, \u00e7\u00f6z\u00fcm sa\u011flar FabricAir\u00ae,\u00a0 m\u00fc\u015fterileri i\u00e7in ola\u011fan\u00fcst\u00fc de\u011fer yaratmak i\u00e7in s\u00fcrekli \u00e7aba g\u00f6stermektedir. Hakk\u0131m\u0131zda. [&hellip;]<\/p>\n","protected":false},"author":1,"featured_media":2437,"parent":0,"menu_order":29,"comment_status":"closed","ping_status":"closed","template":"","meta":{"_acf_changed":false,"inline_featured_image":false,"footnotes":""},"class_list":["post-1220","page","type-page","status-publish","has-post-thumbnail","hentry"],"acf":[],"yoast_head":"<!-- This site is optimized with the Yoast SEO plugin v27.3 - https:\/\/yoast.com\/product\/yoast-seo-wordpress\/ -->\n<title>Hakk\u0131m\u0131zda | FabricAir Kuma\u015f Hava Kanallar\u0131<\/title>\n<meta name=\"description\" content=\"Hakk\u0131m\u0131zda. Danimarka merkezli FabricAir\u00ae tekstil bazl\u0131 hava da\u011f\u0131t\u0131m \u00e7\u00f6z\u00fcmlerinde k\u00fcresel pazar lideridir.\" \/>\n<meta name=\"robots\" content=\"index, follow, max-snippet:-1, max-image-preview:large, max-video-preview:-1\" \/>\n<link rel=\"canonical\" href=\"https:\/\/www.fabricair.com\/tr\/wp-json\/wp\/v2\/pages\/1220\/\" \/>\n<meta property=\"og:locale\" content=\"en_US\" \/>\n<meta property=\"og:type\" content=\"article\" \/>\n<meta property=\"og:title\" content=\"Hakk\u0131m\u0131zda - FabricAir Kuma\u015f Hava Kanallar\u0131\" \/>\n<meta property=\"og:description\" content=\"Hakk\u0131m\u0131zda. Danimarka merkezli FabricAir\u00ae tekstil bazl\u0131 hava da\u011f\u0131t\u0131m \u00e7\u00f6z\u00fcmlerinde k\u00fcresel pazar lideridir.\" \/>\n<meta property=\"og:url\" content=\"https:\/\/www.fabricair.com\/tr\/hakkimizda\/\" \/>\n<meta property=\"og:site_name\" content=\"FabricAir Kuma\u015f Hava Kanallar\u0131\" \/>\n<meta property=\"article:publisher\" content=\"https:\/\/www.facebook.com\/FabricAir.Turkey\/?locale=tr_TR\" \/>\n<meta property=\"article:modified_time\" content=\"2025-08-07T11:09:13+00:00\" \/>\n<meta property=\"og:image\" content=\"https:\/\/www.fabricair.com\/tr\/wp-content\/uploads\/sites\/24\/2022\/03\/20200901_FabricAir_Bergsteen-Timber_004.jpg\" \/>\n\t<meta property=\"og:image:width\" content=\"1000\" \/>\n\t<meta property=\"og:image:height\" content=\"667\" \/>\n\t<meta property=\"og:image:type\" content=\"image\/jpeg\" \/>\n<meta name=\"twitter:card\" content=\"summary_large_image\" \/>\n<meta name=\"twitter:site\" content=\"@FabricAir\" \/>\n<meta name=\"twitter:label1\" content=\"Est. reading time\" \/>\n\t<meta name=\"twitter:data1\" content=\"3 minutes\" \/>\n<script type=\"application\/ld+json\" class=\"yoast-schema-graph\">{\"@context\":\"https:\\\/\\\/schema.org\",\"@graph\":[{\"@type\":\"WebPage\",\"@id\":\"https:\\\/\\\/www.fabricair.com\\\/tr\\\/hakkimizda\\\/\",\"url\":\"https:\\\/\\\/www.fabricair.com\\\/tr\\\/hakkimizda\\\/\",\"name\":\"Hakk\u0131m\u0131zda - FabricAir Kuma\u015f Hava Kanallar\u0131\",\"isPartOf\":{\"@id\":\"https:\\\/\\\/www.fabricair.com\\\/tr\\\/#website\"},\"primaryImageOfPage\":{\"@id\":\"https:\\\/\\\/www.fabricair.com\\\/tr\\\/hakkimizda\\\/#primaryimage\"},\"image\":{\"@id\":\"https:\\\/\\\/www.fabricair.com\\\/tr\\\/hakkimizda\\\/#primaryimage\"},\"thumbnailUrl\":\"https:\\\/\\\/www.fabricair.com\\\/tr\\\/wp-content\\\/uploads\\\/sites\\\/24\\\/2022\\\/03\\\/20200901_FabricAir_Bergsteen-Timber_004.jpg\",\"datePublished\":\"2022-03-28T13:14:37+00:00\",\"dateModified\":\"2025-08-07T11:09:13+00:00\",\"description\":\"Hakk\u0131m\u0131zda. Danimarka merkezli FabricAir\u00ae tekstil bazl\u0131 hava da\u011f\u0131t\u0131m \u00e7\u00f6z\u00fcmlerinde k\u00fcresel pazar lideridir.\",\"breadcrumb\":{\"@id\":\"https:\\\/\\\/www.fabricair.com\\\/tr\\\/hakkimizda\\\/#breadcrumb\"},\"inLanguage\":\"en-US\",\"potentialAction\":[{\"@type\":\"ReadAction\",\"target\":[\"https:\\\/\\\/www.fabricair.com\\\/tr\\\/hakkimizda\\\/\"]}]},{\"@type\":\"ImageObject\",\"inLanguage\":\"en-US\",\"@id\":\"https:\\\/\\\/www.fabricair.com\\\/tr\\\/hakkimizda\\\/#primaryimage\",\"url\":\"https:\\\/\\\/www.fabricair.com\\\/tr\\\/wp-content\\\/uploads\\\/sites\\\/24\\\/2022\\\/03\\\/20200901_FabricAir_Bergsteen-Timber_004.jpg\",\"contentUrl\":\"https:\\\/\\\/www.fabricair.com\\\/tr\\\/wp-content\\\/uploads\\\/sites\\\/24\\\/2022\\\/03\\\/20200901_FabricAir_Bergsteen-Timber_004.jpg\",\"width\":1000,\"height\":667,\"caption\":\"FabricAir ventilationssystemer, Bergsteen Timber Sandvadsvej 2 4600 K\u00bfge, Danmark \u00a9Thomas Arnbo Photojournalist Stationsvej 8, 1. 2791 Drag\u00bfr Denmark Ph: +45 307 307 47 Email: thomas@arnbo.dk Web: www.arnbo.dk\"},{\"@type\":\"BreadcrumbList\",\"@id\":\"https:\\\/\\\/www.fabricair.com\\\/tr\\\/hakkimizda\\\/#breadcrumb\",\"itemListElement\":[{\"@type\":\"ListItem\",\"position\":1,\"name\":\"Home\",\"item\":\"https:\\\/\\\/www.fabricair.com\\\/tr\\\/\"},{\"@type\":\"ListItem\",\"position\":2,\"name\":\"Hakk\u0131m\u0131zda\"}]},{\"@type\":\"WebSite\",\"@id\":\"https:\\\/\\\/www.fabricair.com\\\/tr\\\/#website\",\"url\":\"https:\\\/\\\/www.fabricair.com\\\/tr\\\/\",\"name\":\"FabricAir Kuma\u015f Hava Kanallar\u0131\",\"description\":\"\",\"publisher\":{\"@id\":\"https:\\\/\\\/www.fabricair.com\\\/tr\\\/#organization\"},\"alternateName\":\"Tekstil Hava Kanallar\u0131 - Hava \u00c7oraplar\u0131\",\"potentialAction\":[{\"@type\":\"SearchAction\",\"target\":{\"@type\":\"EntryPoint\",\"urlTemplate\":\"https:\\\/\\\/www.fabricair.com\\\/tr\\\/?s={search_term_string}\"},\"query-input\":{\"@type\":\"PropertyValueSpecification\",\"valueRequired\":true,\"valueName\":\"search_term_string\"}}],\"inLanguage\":\"en-US\"},{\"@type\":\"Organization\",\"@id\":\"https:\\\/\\\/www.fabricair.com\\\/tr\\\/#organization\",\"name\":\"FabricAir\",\"url\":\"https:\\\/\\\/www.fabricair.com\\\/tr\\\/\",\"logo\":{\"@type\":\"ImageObject\",\"inLanguage\":\"en-US\",\"@id\":\"https:\\\/\\\/www.fabricair.com\\\/tr\\\/#\\\/schema\\\/logo\\\/image\\\/\",\"url\":\"https:\\\/\\\/www.fabricair.com\\\/tr\\\/wp-content\\\/uploads\\\/sites\\\/24\\\/2022\\\/02\\\/logo-footer.svg\",\"contentUrl\":\"https:\\\/\\\/www.fabricair.com\\\/tr\\\/wp-content\\\/uploads\\\/sites\\\/24\\\/2022\\\/02\\\/logo-footer.svg\",\"width\":126,\"height\":24,\"caption\":\"FabricAir\"},\"image\":{\"@id\":\"https:\\\/\\\/www.fabricair.com\\\/tr\\\/#\\\/schema\\\/logo\\\/image\\\/\"},\"sameAs\":[\"https:\\\/\\\/www.facebook.com\\\/FabricAir.Turkey\\\/?locale=tr_TR\",\"https:\\\/\\\/x.com\\\/FabricAir\",\"https:\\\/\\\/www.linkedin.com\\\/company\\\/fabricair-a-s\\\/\",\"https:\\\/\\\/www.youtube.com\\\/user\\\/FabricAir\"]}]}<\/script>\n<!-- \/ Yoast SEO plugin. -->","yoast_head_json":{"title":"Hakk\u0131m\u0131zda | FabricAir Kuma\u015f Hava Kanallar\u0131","description":"Hakk\u0131m\u0131zda. Danimarka merkezli FabricAir\u00ae tekstil bazl\u0131 hava da\u011f\u0131t\u0131m \u00e7\u00f6z\u00fcmlerinde k\u00fcresel pazar lideridir.","robots":{"index":"index","follow":"follow","max-snippet":"max-snippet:-1","max-image-preview":"max-image-preview:large","max-video-preview":"max-video-preview:-1"},"canonical":"https:\/\/www.fabricair.com\/tr\/wp-json\/wp\/v2\/pages\/1220\/","og_locale":"en_US","og_type":"article","og_title":"Hakk\u0131m\u0131zda - FabricAir Kuma\u015f Hava Kanallar\u0131","og_description":"Hakk\u0131m\u0131zda. Danimarka merkezli FabricAir\u00ae tekstil bazl\u0131 hava da\u011f\u0131t\u0131m \u00e7\u00f6z\u00fcmlerinde k\u00fcresel pazar lideridir.","og_url":"https:\/\/www.fabricair.com\/tr\/hakkimizda\/","og_site_name":"FabricAir Kuma\u015f Hava Kanallar\u0131","article_publisher":"https:\/\/www.facebook.com\/FabricAir.Turkey\/?locale=tr_TR","article_modified_time":"2025-08-07T11:09:13+00:00","og_image":[{"width":1000,"height":667,"url":"https:\/\/www.fabricair.com\/tr\/wp-content\/uploads\/sites\/24\/2022\/03\/20200901_FabricAir_Bergsteen-Timber_004.jpg","type":"image\/jpeg"}],"twitter_card":"summary_large_image","twitter_site":"@FabricAir","twitter_misc":{"Est. reading time":"3 minutes"},"schema":{"@context":"https:\/\/schema.org","@graph":[{"@type":"WebPage","@id":"https:\/\/www.fabricair.com\/tr\/hakkimizda\/","url":"https:\/\/www.fabricair.com\/tr\/hakkimizda\/","name":"Hakk\u0131m\u0131zda - FabricAir Kuma\u015f Hava Kanallar\u0131","isPartOf":{"@id":"https:\/\/www.fabricair.com\/tr\/#website"},"primaryImageOfPage":{"@id":"https:\/\/www.fabricair.com\/tr\/hakkimizda\/#primaryimage"},"image":{"@id":"https:\/\/www.fabricair.com\/tr\/hakkimizda\/#primaryimage"},"thumbnailUrl":"https:\/\/www.fabricair.com\/tr\/wp-content\/uploads\/sites\/24\/2022\/03\/20200901_FabricAir_Bergsteen-Timber_004.jpg","datePublished":"2022-03-28T13:14:37+00:00","dateModified":"2025-08-07T11:09:13+00:00","description":"Hakk\u0131m\u0131zda. Danimarka merkezli FabricAir\u00ae tekstil bazl\u0131 hava da\u011f\u0131t\u0131m \u00e7\u00f6z\u00fcmlerinde k\u00fcresel pazar lideridir.","breadcrumb":{"@id":"https:\/\/www.fabricair.com\/tr\/hakkimizda\/#breadcrumb"},"inLanguage":"en-US","potentialAction":[{"@type":"ReadAction","target":["https:\/\/www.fabricair.com\/tr\/hakkimizda\/"]}]},{"@type":"ImageObject","inLanguage":"en-US","@id":"https:\/\/www.fabricair.com\/tr\/hakkimizda\/#primaryimage","url":"https:\/\/www.fabricair.com\/tr\/wp-content\/uploads\/sites\/24\/2022\/03\/20200901_FabricAir_Bergsteen-Timber_004.jpg","contentUrl":"https:\/\/www.fabricair.com\/tr\/wp-content\/uploads\/sites\/24\/2022\/03\/20200901_FabricAir_Bergsteen-Timber_004.jpg","width":1000,"height":667,"caption":"FabricAir ventilationssystemer, Bergsteen Timber Sandvadsvej 2 4600 K\u00bfge, Danmark \u00a9Thomas Arnbo Photojournalist Stationsvej 8, 1. 2791 Drag\u00bfr Denmark Ph: +45 307 307 47 Email: thomas@arnbo.dk Web: www.arnbo.dk"},{"@type":"BreadcrumbList","@id":"https:\/\/www.fabricair.com\/tr\/hakkimizda\/#breadcrumb","itemListElement":[{"@type":"ListItem","position":1,"name":"Home","item":"https:\/\/www.fabricair.com\/tr\/"},{"@type":"ListItem","position":2,"name":"Hakk\u0131m\u0131zda"}]},{"@type":"WebSite","@id":"https:\/\/www.fabricair.com\/tr\/#website","url":"https:\/\/www.fabricair.com\/tr\/","name":"FabricAir Kuma\u015f Hava Kanallar\u0131","description":"","publisher":{"@id":"https:\/\/www.fabricair.com\/tr\/#organization"},"alternateName":"Tekstil Hava Kanallar\u0131 - Hava \u00c7oraplar\u0131","potentialAction":[{"@type":"SearchAction","target":{"@type":"EntryPoint","urlTemplate":"https:\/\/www.fabricair.com\/tr\/?s={search_term_string}"},"query-input":{"@type":"PropertyValueSpecification","valueRequired":true,"valueName":"search_term_string"}}],"inLanguage":"en-US"},{"@type":"Organization","@id":"https:\/\/www.fabricair.com\/tr\/#organization","name":"FabricAir","url":"https:\/\/www.fabricair.com\/tr\/","logo":{"@type":"ImageObject","inLanguage":"en-US","@id":"https:\/\/www.fabricair.com\/tr\/#\/schema\/logo\/image\/","url":"https:\/\/www.fabricair.com\/tr\/wp-content\/uploads\/sites\/24\/2022\/02\/logo-footer.svg","contentUrl":"https:\/\/www.fabricair.com\/tr\/wp-content\/uploads\/sites\/24\/2022\/02\/logo-footer.svg","width":126,"height":24,"caption":"FabricAir"},"image":{"@id":"https:\/\/www.fabricair.com\/tr\/#\/schema\/logo\/image\/"},"sameAs":["https:\/\/www.facebook.com\/FabricAir.Turkey\/?locale=tr_TR","https:\/\/x.com\/FabricAir","https:\/\/www.linkedin.com\/company\/fabricair-a-s\/","https:\/\/www.youtube.com\/user\/FabricAir"]}]}},"_links":{"self":[{"href":"https:\/\/www.fabricair.com\/tr\/wp-json\/wp\/v2\/pages\/1220","targetHints":{"allow":["GET"]}}],"collection":[{"href":"https:\/\/www.fabricair.com\/tr\/wp-json\/wp\/v2\/pages"}],"about":[{"href":"https:\/\/www.fabricair.com\/tr\/wp-json\/wp\/v2\/types\/page"}],"author":[{"embeddable":true,"href":"https:\/\/www.fabricair.com\/tr\/wp-json\/wp\/v2\/users\/1"}],"replies":[{"embeddable":true,"href":"https:\/\/www.fabricair.com\/tr\/wp-json\/wp\/v2\/comments?post=1220"}],"version-history":[{"count":54,"href":"https:\/\/www.fabricair.com\/tr\/wp-json\/wp\/v2\/pages\/1220\/revisions"}],"predecessor-version":[{"id":9570,"href":"https:\/\/www.fabricair.com\/tr\/wp-json\/wp\/v2\/pages\/1220\/revisions\/9570"}],"wp:featuredmedia":[{"embeddable":true,"href":"https:\/\/www.fabricair.com\/tr\/wp-json\/wp\/v2\/media\/2437"}],"wp:attachment":[{"href":"https:\/\/www.fabricair.com\/tr\/wp-json\/wp\/v2\/media?parent=1220"}],"curies":[{"name":"wp","href":"https:\/\/api.w.org\/{rel}","templated":true}]}}