{"id":2425,"date":"2022-03-28T12:36:26","date_gmt":"2022-03-28T12:36:26","guid":{"rendered":"https:\/\/fabricair.com\/tr\/?page_id=2425"},"modified":"2023-05-09T13:17:50","modified_gmt":"2023-05-09T10:17:50","slug":"cfd","status":"publish","type":"page","link":"https:\/\/www.fabricair.com\/tr\/hizmetlerimiz\/cfd\/","title":{"rendered":"CFD Analizi"},"content":{"rendered":"<p>CFD<\/p>\n<p><span class=\"fontstyle0\">HESAPLAMALI <\/span><span class=\"fontstyle0\">AKI\u015eKANLAR DINAMI\u011eI<\/span><\/p>\n<p>FabricAir\u00ae CFD Hizmeti, hava da\u011f\u0131t\u0131m sisteminin verimlili\u011fini \u00f6nceden g\u00f6rmenin en iyi yoludur.<\/p>\n<p>Her bir rapor m\u00fc\u015fteriye \u00f6zel olarak haz\u0131rlan\u0131r, \u00f6zel ihtiya\u00e7lar analiz edilir ve projenin \u00f6zel gereksinimleri ve ko\u015fullar\u0131 dikkate al\u0131n\u0131r.<\/p>\n<p>Ak\u0131\u015f analizine ek olarak farkl\u0131 karma\u015f\u0131kl\u0131k seviyelerinde 3D CFD raporlama hizmeti sunuyoruz. CFD analizi, bir hava da\u011f\u0131t\u0131m sisteminin verimlili\u011fini tahmin etmek ve de\u011ferlendirmek i\u00e7in en geli\u015fmi\u015f y\u00f6ntemdir. FabricAir\u00ae sisteminizin en etkin bi\u00e7imde tasarlanmas\u0131 i\u00e7in ger\u00e7ekle\u015ftirilen CFD, sa\u011flanan parametrelerin do\u011frulu\u011funa ba\u011fl\u0131 olarak belirli bir alandaki hava ak\u0131\u015f modellerini % 90 kesinlikle g\u00f6sterir.<\/p>\n<p>Yaz\u0131l\u0131m, ak\u0131\u015f modellerini, bas\u0131n\u00e7 kayb\u0131n\u0131, hava h\u0131z\u0131n\u0131 ve s\u0131cakl\u0131\u011f\u0131 hesaplayabilir. Bu \u00f6zellikler, do\u011fru ak\u0131\u015f modellerinin se\u00e7ilmesinde esast\u0131r. CFD hizmetimiz, hava da\u011f\u0131t\u0131m \u00e7\u00f6z\u00fcm\u00fcn\u00fcn belirli alan i\u00e7erisine en ideal bi\u00e7imde uyguland\u0131\u011f\u0131na dair g\u00f6rsel do\u011frulama sa\u011flar. Bilgi ihtiyac\u0131n\u0131za, zaman\u0131n\u0131za ve b\u00fct\u00e7enize ba\u011fl\u0131 olarak \u00fc\u00e7 farkl\u0131 CFD paketlerimizinden se\u00e7im yapabilirsiniz.<\/p>\n<p>Paketler<\/p>\n<p><span class=\"fontstyle0\">3D TEMEL<\/span><\/p>\n<p><span class=\"fontstyle2\">Bir veya iki ak\u0131\u015f modeliyle hava ak\u0131\u015flar\u0131 hakk\u0131nda temel ayr\u0131nt\u0131lar\u0131 i\u00e7eren bir rapor. \u015eartland\u0131r\u0131lan alan\u0131n bir k\u0131sm\u0131ndaki veri analizinin 3D temsilini g\u00f6sterir. Bu 3D g\u00f6r\u00fcnt\u00fc, sistemde en fazla iki ak\u0131\u015f modeli oldu\u011funda ve besleme havas\u0131n\u0131n d\u00f6n\u00fc\u015f havas\u0131na paralel oldu\u011fu durumlarda idealdir.<\/span><\/p>\n<p><span class=\"fontstyle0\">3D STANDART<\/span><\/p>\n<p><span class=\"fontstyle0\"><br \/>\n<\/span><span class=\"fontstyle2\">\u00dc\u00e7 adete kadar ak\u0131\u015f modeli bar\u0131nd\u0131ran daha karma\u015f\u0131k projeler i\u00e7in daha iyi i\u00e7g\u00f6r\u00fcler. Rapor, \u015fartland\u0131r\u0131lan alan i\u00e7erisindeki belirli konumlardaki bireylerin konfor durumlar\u0131n\u0131 g\u00f6stermek i\u00e7in \u00fc\u00e7 kesit g\u00f6r\u00fcn\u00fcm ile birlikte ayr\u0131nt\u0131l\u0131 bir analiz ve t\u00fcm boyutlarda g\u00f6r\u00fclen hava hareketine genel bir bak\u0131\u015f i\u00e7erir. Bu 3D g\u00f6r\u00fcnt\u00fc, hava kayna\u011f\u0131n\u0131n konumundan ba\u011f\u0131ms\u0131z olarak idealdir.<\/span><\/p>\n<p>3D PREMIUM<\/p>\n<p>Fazlaca \u00f6zelle\u015ftirme gereken karma\u015f\u0131k projeler i\u00e7in d\u00f6rt adete kadar ak\u0131\u015f modeli i\u00e7eren geli\u015fmi\u015f g\u00f6r\u00fcnt\u00fcleme. Ayr\u0131ca belirli s\u0131n\u0131r ko\u015fullar\u0131 i\u00e7erebilir. Rapor, \u015fartland\u0131r\u0131lm\u0131\u015f alan\u0131n be\u015f kesitiyle son derece ayr\u0131nt\u0131l\u0131 bir analizi i\u00e7erir. Bu g\u00f6r\u00fcn\u00fcmler, belirli konumlardaki bireylerin konfor durumlar\u0131n\u0131 g\u00f6sterir ve alan\u0131n karma\u015f\u0131kl\u0131\u011f\u0131ndan ba\u011f\u0131ms\u0131z olarak t\u00fcm boyutlarda g\u00f6r\u00fclen hava hareketine genel bir bak\u0131\u015f sa\u011flar. Bu premium 3D g\u00f6r\u00fcnt\u00fc, hava kayna\u011f\u0131n\u0131n konumundan<br \/>\nba\u011f\u0131ms\u0131z olarak idealdir.<\/p>\n<p>&nbsp;<\/p>\n<ul>\n<li>SONU\u00c7LARI KOLAYLIKLA G\u00d6RSELLE\u015eT\u0130R\u0130N<\/li>\n<li>S\u0130STEM PERFORMASINI G\u00d6RSELLE\u015eT\u0130R\u0130N<\/li>\n<li>HAVA AKI\u015eLARINI G\u00d6RSELLE\u015eT\u0130R\u0130N<\/li>\n<li>POTANS\u0130YEL \u00d6L\u00dc B\u00d6LGELER\u0130 BEL\u0130RLEY\u0130N<\/li>\n<li>AKI\u015e MODELLER\u0130N\u0130\/HAVA HIZINI\/HAVA SICAKLI\u011eINI DO\u011eRULAYIN<\/li>\n<li><span class=\"fontstyle0\">S\u0130STEM PERFORMANSINI GARANT\u0130 ALTINA ALIN<\/span><\/li>\n<\/ul>\n","protected":false},"excerpt":{"rendered":"<p>CFD HESAPLAMALI AKI\u015eKANLAR DINAMI\u011eI FabricAir\u00ae CFD Hizmeti, hava da\u011f\u0131t\u0131m sisteminin verimlili\u011fini \u00f6nceden g\u00f6rmenin en iyi yoludur. Her bir rapor m\u00fc\u015fteriye \u00f6zel olarak haz\u0131rlan\u0131r, \u00f6zel ihtiya\u00e7lar analiz edilir ve projenin \u00f6zel gereksinimleri ve ko\u015fullar\u0131 dikkate al\u0131n\u0131r. Ak\u0131\u015f analizine ek olarak farkl\u0131 karma\u015f\u0131kl\u0131k seviyelerinde 3D CFD raporlama hizmeti sunuyoruz. CFD analizi, bir hava da\u011f\u0131t\u0131m sisteminin verimlili\u011fini tahmin [&hellip;]<\/p>\n","protected":false},"author":1,"featured_media":7047,"parent":75,"menu_order":30,"comment_status":"closed","ping_status":"closed","template":"","meta":{"_acf_changed":false,"inline_featured_image":false,"footnotes":""},"class_list":["post-2425","page","type-page","status-publish","has-post-thumbnail","hentry"],"acf":[],"yoast_head":"<!-- This site is optimized with the Yoast SEO plugin v27.3 - https:\/\/yoast.com\/product\/yoast-seo-wordpress\/ -->\n<title>CFD Analizi | FabricAir Kuma\u015f Hava Kanallar\u0131<\/title>\n<meta name=\"description\" content=\"Ak\u0131\u015f analizine ek olarak farkl\u0131 seviyelerde 3D CFD raporlama hizmeti sunuyoruz. Her bir rapor m\u00fc\u015fteriye \u00f6zel olarak haz\u0131rlan\u0131r.\" \/>\n<meta name=\"robots\" content=\"index, follow, max-snippet:-1, max-image-preview:large, max-video-preview:-1\" \/>\n<link rel=\"canonical\" href=\"https:\/\/www.fabricair.com\/tr\/wp-json\/wp\/v2\/pages\/2425\/\" \/>\n<meta property=\"og:locale\" content=\"en_US\" \/>\n<meta property=\"og:type\" content=\"article\" \/>\n<meta property=\"og:title\" content=\"CFD Analizi - FabricAir Kuma\u015f Hava Kanallar\u0131\" \/>\n<meta property=\"og:description\" content=\"Ak\u0131\u015f analizine ek olarak farkl\u0131 seviyelerde 3D CFD raporlama hizmeti sunuyoruz. Her bir rapor m\u00fc\u015fteriye \u00f6zel olarak haz\u0131rlan\u0131r.\" \/>\n<meta property=\"og:url\" content=\"https:\/\/www.fabricair.com\/tr\/hizmetlerimiz\/cfd\/\" \/>\n<meta property=\"og:site_name\" content=\"FabricAir Kuma\u015f Hava Kanallar\u0131\" \/>\n<meta property=\"article:publisher\" content=\"https:\/\/www.facebook.com\/FabricAir.Turkey\/?locale=tr_TR\" \/>\n<meta property=\"article:modified_time\" content=\"2023-05-09T10:17:50+00:00\" \/>\n<meta property=\"og:image\" content=\"https:\/\/www.fabricair.com\/tr\/wp-content\/uploads\/sites\/24\/2022\/05\/Premium.jpg\" \/>\n\t<meta property=\"og:image:width\" content=\"2173\" \/>\n\t<meta property=\"og:image:height\" content=\"1797\" \/>\n\t<meta property=\"og:image:type\" content=\"image\/jpeg\" \/>\n<meta name=\"twitter:card\" content=\"summary_large_image\" \/>\n<meta name=\"twitter:site\" content=\"@FabricAir\" \/>\n<meta name=\"twitter:label1\" content=\"Est. reading time\" \/>\n\t<meta name=\"twitter:data1\" content=\"2 minutes\" \/>\n<script type=\"application\/ld+json\" class=\"yoast-schema-graph\">{\"@context\":\"https:\\\/\\\/schema.org\",\"@graph\":[{\"@type\":\"WebPage\",\"@id\":\"https:\\\/\\\/www.fabricair.com\\\/tr\\\/hizmetlerimiz\\\/cfd\\\/\",\"url\":\"https:\\\/\\\/www.fabricair.com\\\/tr\\\/hizmetlerimiz\\\/cfd\\\/\",\"name\":\"CFD Analizi - FabricAir Kuma\u015f Hava Kanallar\u0131\",\"isPartOf\":{\"@id\":\"https:\\\/\\\/www.fabricair.com\\\/tr\\\/#website\"},\"primaryImageOfPage\":{\"@id\":\"https:\\\/\\\/www.fabricair.com\\\/tr\\\/hizmetlerimiz\\\/cfd\\\/#primaryimage\"},\"image\":{\"@id\":\"https:\\\/\\\/www.fabricair.com\\\/tr\\\/hizmetlerimiz\\\/cfd\\\/#primaryimage\"},\"thumbnailUrl\":\"https:\\\/\\\/www.fabricair.com\\\/tr\\\/wp-content\\\/uploads\\\/sites\\\/24\\\/2022\\\/05\\\/Premium.jpg\",\"datePublished\":\"2022-03-28T12:36:26+00:00\",\"dateModified\":\"2023-05-09T10:17:50+00:00\",\"description\":\"Ak\u0131\u015f analizine ek olarak farkl\u0131 seviyelerde 3D CFD raporlama hizmeti sunuyoruz. Her bir rapor m\u00fc\u015fteriye \u00f6zel olarak haz\u0131rlan\u0131r.\",\"breadcrumb\":{\"@id\":\"https:\\\/\\\/www.fabricair.com\\\/tr\\\/hizmetlerimiz\\\/cfd\\\/#breadcrumb\"},\"inLanguage\":\"en-US\",\"potentialAction\":[{\"@type\":\"ReadAction\",\"target\":[\"https:\\\/\\\/www.fabricair.com\\\/tr\\\/hizmetlerimiz\\\/cfd\\\/\"]}]},{\"@type\":\"ImageObject\",\"inLanguage\":\"en-US\",\"@id\":\"https:\\\/\\\/www.fabricair.com\\\/tr\\\/hizmetlerimiz\\\/cfd\\\/#primaryimage\",\"url\":\"https:\\\/\\\/www.fabricair.com\\\/tr\\\/wp-content\\\/uploads\\\/sites\\\/24\\\/2022\\\/05\\\/Premium.jpg\",\"contentUrl\":\"https:\\\/\\\/www.fabricair.com\\\/tr\\\/wp-content\\\/uploads\\\/sites\\\/24\\\/2022\\\/05\\\/Premium.jpg\",\"width\":2173,\"height\":1797,\"caption\":\"FabricAir CFD\"},{\"@type\":\"BreadcrumbList\",\"@id\":\"https:\\\/\\\/www.fabricair.com\\\/tr\\\/hizmetlerimiz\\\/cfd\\\/#breadcrumb\",\"itemListElement\":[{\"@type\":\"ListItem\",\"position\":1,\"name\":\"Home\",\"item\":\"https:\\\/\\\/www.fabricair.com\\\/tr\\\/\"},{\"@type\":\"ListItem\",\"position\":2,\"name\":\"Hizmetlerimiz\",\"item\":\"https:\\\/\\\/www.fabricair.com\\\/tr\\\/hizmetlerimiz\\\/\"},{\"@type\":\"ListItem\",\"position\":3,\"name\":\"CFD Analizi\"}]},{\"@type\":\"WebSite\",\"@id\":\"https:\\\/\\\/www.fabricair.com\\\/tr\\\/#website\",\"url\":\"https:\\\/\\\/www.fabricair.com\\\/tr\\\/\",\"name\":\"FabricAir Kuma\u015f Hava Kanallar\u0131\",\"description\":\"\",\"publisher\":{\"@id\":\"https:\\\/\\\/www.fabricair.com\\\/tr\\\/#organization\"},\"alternateName\":\"Tekstil Hava Kanallar\u0131 - Hava \u00c7oraplar\u0131\",\"potentialAction\":[{\"@type\":\"SearchAction\",\"target\":{\"@type\":\"EntryPoint\",\"urlTemplate\":\"https:\\\/\\\/www.fabricair.com\\\/tr\\\/?s={search_term_string}\"},\"query-input\":{\"@type\":\"PropertyValueSpecification\",\"valueRequired\":true,\"valueName\":\"search_term_string\"}}],\"inLanguage\":\"en-US\"},{\"@type\":\"Organization\",\"@id\":\"https:\\\/\\\/www.fabricair.com\\\/tr\\\/#organization\",\"name\":\"FabricAir\",\"url\":\"https:\\\/\\\/www.fabricair.com\\\/tr\\\/\",\"logo\":{\"@type\":\"ImageObject\",\"inLanguage\":\"en-US\",\"@id\":\"https:\\\/\\\/www.fabricair.com\\\/tr\\\/#\\\/schema\\\/logo\\\/image\\\/\",\"url\":\"https:\\\/\\\/www.fabricair.com\\\/tr\\\/wp-content\\\/uploads\\\/sites\\\/24\\\/2022\\\/02\\\/logo-footer.svg\",\"contentUrl\":\"https:\\\/\\\/www.fabricair.com\\\/tr\\\/wp-content\\\/uploads\\\/sites\\\/24\\\/2022\\\/02\\\/logo-footer.svg\",\"width\":126,\"height\":24,\"caption\":\"FabricAir\"},\"image\":{\"@id\":\"https:\\\/\\\/www.fabricair.com\\\/tr\\\/#\\\/schema\\\/logo\\\/image\\\/\"},\"sameAs\":[\"https:\\\/\\\/www.facebook.com\\\/FabricAir.Turkey\\\/?locale=tr_TR\",\"https:\\\/\\\/x.com\\\/FabricAir\",\"https:\\\/\\\/www.linkedin.com\\\/company\\\/fabricair-a-s\\\/\",\"https:\\\/\\\/www.youtube.com\\\/user\\\/FabricAir\"]}]}<\/script>\n<!-- \/ Yoast SEO plugin. -->","yoast_head_json":{"title":"CFD Analizi | FabricAir Kuma\u015f Hava Kanallar\u0131","description":"Ak\u0131\u015f analizine ek olarak farkl\u0131 seviyelerde 3D CFD raporlama hizmeti sunuyoruz. Her bir rapor m\u00fc\u015fteriye \u00f6zel olarak haz\u0131rlan\u0131r.","robots":{"index":"index","follow":"follow","max-snippet":"max-snippet:-1","max-image-preview":"max-image-preview:large","max-video-preview":"max-video-preview:-1"},"canonical":"https:\/\/www.fabricair.com\/tr\/wp-json\/wp\/v2\/pages\/2425\/","og_locale":"en_US","og_type":"article","og_title":"CFD Analizi - FabricAir Kuma\u015f Hava Kanallar\u0131","og_description":"Ak\u0131\u015f analizine ek olarak farkl\u0131 seviyelerde 3D CFD raporlama hizmeti sunuyoruz. Her bir rapor m\u00fc\u015fteriye \u00f6zel olarak haz\u0131rlan\u0131r.","og_url":"https:\/\/www.fabricair.com\/tr\/hizmetlerimiz\/cfd\/","og_site_name":"FabricAir Kuma\u015f Hava Kanallar\u0131","article_publisher":"https:\/\/www.facebook.com\/FabricAir.Turkey\/?locale=tr_TR","article_modified_time":"2023-05-09T10:17:50+00:00","og_image":[{"width":2173,"height":1797,"url":"https:\/\/www.fabricair.com\/tr\/wp-content\/uploads\/sites\/24\/2022\/05\/Premium.jpg","type":"image\/jpeg"}],"twitter_card":"summary_large_image","twitter_site":"@FabricAir","twitter_misc":{"Est. reading time":"2 minutes"},"schema":{"@context":"https:\/\/schema.org","@graph":[{"@type":"WebPage","@id":"https:\/\/www.fabricair.com\/tr\/hizmetlerimiz\/cfd\/","url":"https:\/\/www.fabricair.com\/tr\/hizmetlerimiz\/cfd\/","name":"CFD Analizi - FabricAir Kuma\u015f Hava Kanallar\u0131","isPartOf":{"@id":"https:\/\/www.fabricair.com\/tr\/#website"},"primaryImageOfPage":{"@id":"https:\/\/www.fabricair.com\/tr\/hizmetlerimiz\/cfd\/#primaryimage"},"image":{"@id":"https:\/\/www.fabricair.com\/tr\/hizmetlerimiz\/cfd\/#primaryimage"},"thumbnailUrl":"https:\/\/www.fabricair.com\/tr\/wp-content\/uploads\/sites\/24\/2022\/05\/Premium.jpg","datePublished":"2022-03-28T12:36:26+00:00","dateModified":"2023-05-09T10:17:50+00:00","description":"Ak\u0131\u015f analizine ek olarak farkl\u0131 seviyelerde 3D CFD raporlama hizmeti sunuyoruz. Her bir rapor m\u00fc\u015fteriye \u00f6zel olarak haz\u0131rlan\u0131r.","breadcrumb":{"@id":"https:\/\/www.fabricair.com\/tr\/hizmetlerimiz\/cfd\/#breadcrumb"},"inLanguage":"en-US","potentialAction":[{"@type":"ReadAction","target":["https:\/\/www.fabricair.com\/tr\/hizmetlerimiz\/cfd\/"]}]},{"@type":"ImageObject","inLanguage":"en-US","@id":"https:\/\/www.fabricair.com\/tr\/hizmetlerimiz\/cfd\/#primaryimage","url":"https:\/\/www.fabricair.com\/tr\/wp-content\/uploads\/sites\/24\/2022\/05\/Premium.jpg","contentUrl":"https:\/\/www.fabricair.com\/tr\/wp-content\/uploads\/sites\/24\/2022\/05\/Premium.jpg","width":2173,"height":1797,"caption":"FabricAir CFD"},{"@type":"BreadcrumbList","@id":"https:\/\/www.fabricair.com\/tr\/hizmetlerimiz\/cfd\/#breadcrumb","itemListElement":[{"@type":"ListItem","position":1,"name":"Home","item":"https:\/\/www.fabricair.com\/tr\/"},{"@type":"ListItem","position":2,"name":"Hizmetlerimiz","item":"https:\/\/www.fabricair.com\/tr\/hizmetlerimiz\/"},{"@type":"ListItem","position":3,"name":"CFD Analizi"}]},{"@type":"WebSite","@id":"https:\/\/www.fabricair.com\/tr\/#website","url":"https:\/\/www.fabricair.com\/tr\/","name":"FabricAir Kuma\u015f Hava Kanallar\u0131","description":"","publisher":{"@id":"https:\/\/www.fabricair.com\/tr\/#organization"},"alternateName":"Tekstil Hava Kanallar\u0131 - Hava \u00c7oraplar\u0131","potentialAction":[{"@type":"SearchAction","target":{"@type":"EntryPoint","urlTemplate":"https:\/\/www.fabricair.com\/tr\/?s={search_term_string}"},"query-input":{"@type":"PropertyValueSpecification","valueRequired":true,"valueName":"search_term_string"}}],"inLanguage":"en-US"},{"@type":"Organization","@id":"https:\/\/www.fabricair.com\/tr\/#organization","name":"FabricAir","url":"https:\/\/www.fabricair.com\/tr\/","logo":{"@type":"ImageObject","inLanguage":"en-US","@id":"https:\/\/www.fabricair.com\/tr\/#\/schema\/logo\/image\/","url":"https:\/\/www.fabricair.com\/tr\/wp-content\/uploads\/sites\/24\/2022\/02\/logo-footer.svg","contentUrl":"https:\/\/www.fabricair.com\/tr\/wp-content\/uploads\/sites\/24\/2022\/02\/logo-footer.svg","width":126,"height":24,"caption":"FabricAir"},"image":{"@id":"https:\/\/www.fabricair.com\/tr\/#\/schema\/logo\/image\/"},"sameAs":["https:\/\/www.facebook.com\/FabricAir.Turkey\/?locale=tr_TR","https:\/\/x.com\/FabricAir","https:\/\/www.linkedin.com\/company\/fabricair-a-s\/","https:\/\/www.youtube.com\/user\/FabricAir"]}]}},"_links":{"self":[{"href":"https:\/\/www.fabricair.com\/tr\/wp-json\/wp\/v2\/pages\/2425","targetHints":{"allow":["GET"]}}],"collection":[{"href":"https:\/\/www.fabricair.com\/tr\/wp-json\/wp\/v2\/pages"}],"about":[{"href":"https:\/\/www.fabricair.com\/tr\/wp-json\/wp\/v2\/types\/page"}],"author":[{"embeddable":true,"href":"https:\/\/www.fabricair.com\/tr\/wp-json\/wp\/v2\/users\/1"}],"replies":[{"embeddable":true,"href":"https:\/\/www.fabricair.com\/tr\/wp-json\/wp\/v2\/comments?post=2425"}],"version-history":[{"count":32,"href":"https:\/\/www.fabricair.com\/tr\/wp-json\/wp\/v2\/pages\/2425\/revisions"}],"predecessor-version":[{"id":7662,"href":"https:\/\/www.fabricair.com\/tr\/wp-json\/wp\/v2\/pages\/2425\/revisions\/7662"}],"up":[{"embeddable":true,"href":"https:\/\/www.fabricair.com\/tr\/wp-json\/wp\/v2\/pages\/75"}],"wp:featuredmedia":[{"embeddable":true,"href":"https:\/\/www.fabricair.com\/tr\/wp-json\/wp\/v2\/media\/7047"}],"wp:attachment":[{"href":"https:\/\/www.fabricair.com\/tr\/wp-json\/wp\/v2\/media?parent=2425"}],"curies":[{"name":"wp","href":"https:\/\/api.w.org\/{rel}","templated":true}]}}