{"id":2485,"date":"2022-03-28T14:38:00","date_gmt":"2022-03-28T14:38:00","guid":{"rendered":"https:\/\/fabricair.com\/tr\/?page_id=2485"},"modified":"2023-11-14T16:09:40","modified_gmt":"2023-11-14T13:09:40","slug":"gecmisimiz","status":"publish","type":"page","link":"https:\/\/www.fabricair.com\/tr\/hakkimizda\/gecmisimiz\/","title":{"rendered":"Ge\u00e7mi\u015fimiz"},"content":{"rendered":"<p>FabricAir: 1973&#8217;ten beri iklimlendirme ve havaland\u0131rma sekt\u00f6r\u00fcne yenilik kat\u0131yoruz<br \/>\nGe\u00e7mi\u015fimiz. FabricAir, Danimarka merkezli k\u00fc\u00e7\u00fck bir \u015firketin, d\u00fcnyan\u0131n d\u00f6rt bir yan\u0131ndaki m\u00fc\u015fterileri ve t\u00fcm b\u00fcy\u00fck b\u00f6lgelerdeki sat\u0131\u015f ofisleri veya distrib\u00fct\u00f6rleri ile iklimlendirme ve havaland\u0131rma sekt\u00f6r\u00fcnde d\u00fcnyan\u0131n lider yenilik\u00e7isi olmak i\u00e7in nas\u0131l b\u00fcy\u00fcd\u00fc\u011f\u00fcn\u00fcn hikayesidir.<br \/>\nBrian Refsgaard, CEO, FabricAir Grubu<\/p>\n<p>\u201c1973&#8217;ten bu yana, teknolojimizi iki basit fikri g\u00f6z \u00f6n\u00fcnde bulundurarak geli\u015ftiriyoruz: Daha iyi ve daha kolay hale getirmek. Sistemlerimizin sipari\u015f a\u015famalar\u0131 ve montaj\u0131 \u00e7ok kolay, bu nedenle m\u00fc\u015fterilerimiz bizimle \u00e7al\u0131\u015fmay\u0131 kolay ve g\u00fcvenli buluyor. \u201d<\/p>\n<p>1971-1979<br \/>\nYeni bir hava da\u011f\u0131t\u0131m teknolojisinin do\u011fu\u015fu<br \/>\nModern kuma\u015f kanal sistemi, Danimarka&#8217;da Danimarka Et Ara\u015ft\u0131rma Enstit\u00fcs\u00fc ile Electrolux Grubu b\u00fcnyesindeki IPS Dansk Presenning A\/S adl\u0131 branda \u00fcreten bir \u015firket aras\u0131ndaki i\u015fbirli\u011fiyle ba\u015flar. IPS Ventilation, IPS Dansk Presenning&#8217;den ayr\u0131 bir \u015firket haline geldi ve y\u0131llar i\u00e7inde bug\u00fcn bildi\u011fimiz \u015fekliyle FabricAir haline geldi.<\/p>\n<p>Ge\u00e7mi\u015fimiz.<\/p>\n<p>1973<br \/>\n\u0130lk modern kuma\u015f kanal, \u00e7al\u0131\u015fanlar\u0131n hastalanmas\u0131na neden olan hava ak\u0131m\u0131 sorunlar\u0131 gidermek i\u00e7in Danimarka&#8217;da bir et i\u015fleme tesisinde kullan\u0131ld\u0131.<br \/>\nKuma\u015f kanal yo\u011fu\u015fmaya neden olmaz ve y\u0131kanabilir. O nedenle metal kanallar\u0131n aksine kanal \u00fczerinde bakteri \u00fcremez. Kuma\u015f kanal konsepti benzeri g\u00f6r\u00fclmemi\u015f bir ba\u015far\u0131d\u0131r.<\/p>\n<p>1973 &#8211; 1979<br \/>\nEt i\u015fleme tesisleri d\u0131\u015f\u0131nda montaj\u0131 yap\u0131lan ilk kuma\u015f kanal sistemi<\/p>\n<p>On y\u0131l\u0131n ikinci yar\u0131s\u0131nda, kuma\u015f kanal sistemi et i\u015fleme tesisleri d\u0131\u015f\u0131nda ilk kez ba\u015fka bir projede kullan\u0131ld\u0131. Kuma\u015f hava da\u011f\u0131tma teknolojisi bir\u00e7ok end\u00fcstri ve uygulamada uluslararas\u0131 bir ivme kazand\u0131.<\/p>\n<p>Ge\u00e7mi\u015fimiz.<\/p>\n<p>1980-1989<\/p>\n<p>K\u00fcresel bir \u015firketin do\u011fu\u015fu<\/p>\n<p>M\u00fchendisler, hava ak\u0131\u015f\u0131 modellerini, kuma\u015f t\u00fcrlerini ve ask\u0131 \u00e7\u00f6z\u00fcmlerini ke\u015ffetmeye ve iyile\u015ftirmeye devam etti. FabricAir&#8217;in \u00f6nc\u00fcs\u00fc olan Electrolux Group&#8217;un yeni yan kurulu\u015fu IPS Ventilation A\/S, \u00fcr\u00fcn geli\u015ftirme s\u00fcrecini ilerletmek i\u00e7in kuruldu. IPS Ventilation&#8217;\u0131n k\u00fcreselle\u015fme ser\u00fcveni, teknoloji, kuma\u015f kanal kullan\u0131m\u0131n\u0131 so\u011futman\u0131n \u00f6tesinde iklimlendirme ve havaland\u0131rma \u00e7\u00f6z\u00fcmlerine geni\u015fletmeye hevesli olan Amerika Birle\u015fik Devletleri de dahil olmak \u00fczere yeni pazarlara sunulduk\u00e7a ba\u015fl\u0131yor.<\/p>\n<p>Ge\u00e7mi\u015fimiz.<\/p>\n<p>1980<\/p>\n<p>IPS Ventilation A\/S, bir\u00e7ok yeni ak\u0131\u015f modelinin ilki olan NozzFlow&#8217;u piyasaya s\u00fcrd\u00fc.<\/p>\n<p>1989&#8217;da IPS Ventilation A\/S bir\u00e7ok yeni ak\u0131\u015f modelinin ilki olan NozzFlow&#8217;u piyasaya s\u00fcrd\u00fc. Konik plastik nozullar, s\u0131cak havan\u0131n ya\u015fam mahalline ula\u015fmas\u0131na izin veren hassas y\u00f6nl\u00fc at\u0131\u015flar olu\u015fturmas\u0131na imkan sa\u011flayarak, benzeri g\u00f6r\u00fclmemi\u015f bir do\u011fruluk ve hassasiyet derecesi sunar ve hava ak\u0131mlar\u0131na neden olmadan daha iyi bir kar\u0131\u015f\u0131m olu\u015fturur. IPS Ventilation, kuma\u015f hava da\u011f\u0131t\u0131m sistemlerinin \u00fcretimi ve da\u011f\u0131t\u0131m\u0131nda d\u00fcnya lideri olarak kabul edildi\u011finden, on y\u0131l\u0131n sonunda, rakipleri de ortaya \u00e7\u0131kmaya ba\u015flad\u0131.<\/p>\n<p>Ge\u00e7mi\u015fimiz.<\/p>\n<p>1990-1999<br \/>\nOn y\u0131ll\u0131k yenilik ve m\u00fclkiyet de\u011fi\u015fiklikleri<\/p>\n<p>1990&#8217;lar, bir dizi yeni kuma\u015f t\u00fcr\u00fc ve ak\u0131\u015f modeli piyasaya s\u00fcr\u00fcld\u00fck\u00e7e, ara\u015ft\u0131rma ve geli\u015ftirmenin odak noktas\u0131 oldu\u011fu i\u00e7in uluslararas\u0131la\u015fma, yeni uygulamalar, inovasyon ve yeni ba\u015flang\u0131\u00e7lar\u0131n on y\u0131l\u0131 oldu\u011funu kan\u0131tlad\u0131. Ayn\u0131 zamanda, m\u00fclkiyet yap\u0131s\u0131 birka\u00e7 kez de\u011fi\u015fti\u011finden ve sonucunda IPS Ventilation&#8217;\u0131n ba\u011f\u0131ms\u0131z bir \u015firket haline gelmesine ve k\u0131sa bir s\u00fcre i\u00e7in Norve\u00e7 borsas\u0131nda i\u015flem g\u00f6rmesine neden oldu\u011fu i\u00e7in bu d\u00f6nem bir kurumsal olgunla\u015fma mevsimidir.<\/p>\n<p>1990<br \/>\nFabricAir&#8217;in \u015fu anki CEO&#8217;su ve sahibi olan Brian Refsgaard, IPS Ventilation&#8217;a Sat\u0131\u015f ve \u0130\u015f Geli\u015ftirme M\u00fcd\u00fcr\u00fc olarak kat\u0131l\u0131yor ve burada on y\u0131la damgas\u0131n\u0131 vuran uluslararas\u0131 b\u00fcy\u00fcme ve yenilik stratejisini h\u0131zland\u0131rmada etkili oluyor.<\/p>\n<p>Bu on y\u0131l ayn\u0131 zamanda Amerika Birle\u015fik Devletleri&#8217;nde kurulan ilk resmi yan kurulu\u015fun da habercisidir.<\/p>\n<p>\u015eirketin bir kalite y\u00f6netim sistemi i\u00e7in gereklilikleri kar\u015f\u0131lad\u0131\u011f\u0131n\u0131 veya a\u015ft\u0131\u011f\u0131n\u0131 g\u00f6steren ISO 9001 sertifikas\u0131 elde edilir. Bu d\u00f6n\u00fcm noktas\u0131 standard\u0131, \u015firketin m\u00fc\u015fteri ve yasal gereklilikleri kar\u015f\u0131layan \u00fcr\u00fcn ve hizmetleri tutarl\u0131 bir \u015fekilde sa\u011flama yetene\u011fini g\u00f6sterir.<\/p>\n<p>2000-2009<\/p>\n<p>K\u00fcresel finansal kriz b\u00fcy\u00fcmeye ve geni\u015flemeye yol a\u00e7\u0131yor<\/p>\n<p>Milenyumun ba\u015f\u0131nda, yeni ba\u011f\u0131ms\u0131z IPS Ventilation A\/S \u0130ngiltere, T\u00fcrkiye ve Almanya&#8217;daki yeni yan kurulu\u015flar, yeni m\u00fclkiyet ve yap\u0131 ve s\u00fcrekli geni\u015fleyen bir \u00fcr\u00fcn taban\u0131 ile kendini yeniliyor.<\/p>\n<p>2003<br \/>\nDanimarka&#8217;daki \u00fcretim kapasitesi k\u0131s\u0131tlar\u0131, IPS Ventilation&#8217;\u0131 Alytus&#8217;a getiriyor.<\/p>\n<p>Milenyumun ba\u015f\u0131nda, yeni ba\u011f\u0131ms\u0131z IPS Ventilation A\/S \u0130ngiltere, T\u00fcrkiye ve Almanya&#8217;daki yeni yan kurulu\u015flar, yeni m\u00fclkiyet ve yap\u0131 ve s\u00fcrekli geni\u015fleyen bir \u00fcr\u00fcn taban\u0131 ile kendini yeniliyor.<\/p>\n<p>2003&#8217;ten ba\u015flayarak, Danimarka&#8217;daki \u00fcretim kapasitesi k\u0131s\u0131tlar\u0131, IPS Ventilation&#8217;\u0131 y\u00fcksek kaliteli tekstil \u00fcr\u00fcn\u00fc \u00fcretim tesisleriyle tan\u0131nan Litvanya&#8217;n\u0131n Alytus kentine getiriyor. \u0130ki y\u0131l sonra Brian Refsgaard, Veidekke&#8217;den IPS Ventilation&#8217;\u0131 al\u0131yor ve \u015firketin ad\u0131n\u0131 FabricAir A\/S olarak de\u011fi\u015ftirerek k\u00fcresel olarak tutarl\u0131 bir marka yarat\u0131yor. Ertesi y\u0131l, Refsgaard t\u00fcm \u00fcretimi Litvanya&#8217;ya ta\u015f\u0131yor.<\/p>\n<p>2008<\/p>\n<p>Payda\u015flar daha verimli ve ekonomik teknolojiler arad\u0131k\u00e7a, k\u00fcresel bir mali kriz bir de\u011fer m\u00fchendisli\u011fi \u00e7a\u011f\u0131n\u0131 ba\u015flat\u0131r.<\/p>\n<p>Kuma\u015f kanallar\u0131n daha az maliyetli olmas\u0131, montaj\u0131n \u00f6nemli \u00f6l\u00e7\u00fcde daha h\u0131zl\u0131 olmas\u0131, daha d\u00fc\u015f\u00fck yat\u0131r\u0131m gerektirmesi ve geleneksel metal kanallara g\u00f6re \u00e7ok daha k\u0131sa teslim s\u00fcrelerine sahip olmas\u0131 nedeniyle zamanlama FabricAir i\u00e7in m\u00fckemmeldir. Teknoloji, d\u00fcnya \u00e7ap\u0131nda mimarlar, dan\u0131\u015fman m\u00fchendisler ve m\u00fcteahhitler aras\u0131nda h\u0131zla pop\u00fclerlik kazanm\u0131\u015ft\u0131r.<\/p>\n<p>2010-2019<\/p>\n<p>\u0130klimlendirme ve havaland\u0131rma alan\u0131nda \u00e7\u0131tay\u0131 y\u00fckseltmek<\/p>\n<p>\u0130ki ak\u0131\u015f modeli daha, MicroFlow ve JefFlow&#8217;un yan\u0131 s\u0131ra \u00f6zel \u00fcr\u00fcnler Defrost Duct ve Varioduct piyasaya s\u00fcr\u00fcld\u00fc\u011f\u00fc bu on y\u0131l, \u015fimdiye kadarki en yenilik\u00e7i geli\u015fmeleri i\u00e7eriyor. \u00d6zel renklerin ve desen bask\u0131lar\u0131n\u0131n ortaya \u00e7\u0131k\u0131\u015f\u0131, kuma\u015f tasar\u0131m\u0131nda yepyeni bir d\u00fcnyan\u0131n kap\u0131lar\u0131n\u0131 a\u00e7\u0131yor.<\/p>\n<p>Alytus merkezli \u00fcretim tesisi, artan k\u00fcresel talepleri kar\u015f\u0131lamak i\u00e7in kapasiteyi %30 oran\u0131nda art\u0131r\u0131yor ve \u00fcr\u00fcn geli\u015ftirme faaliyetlerini desteklemek i\u00e7in yeni bir Ar-Ge departman\u0131 ve AirLab kuruluyor. FabricAir&#8217;in ayak izi Norve\u00e7, Hollanda, \u00c7in, \u0130spanya ve \u0130sve\u00e7&#8217;i kapsayacak \u015fekilde b\u00fcy\u00fcyor.<\/p>\n<p>2020 &#8211; G\u00fcn\u00fcm\u00fcz<\/p>\n<p>\u0130novasyon ve b\u00fcy\u00fcme devam ediyor<\/p>\n<p>\u0130\u00e7inde bulundu\u011fumuz on y\u0131l, iki yeni yenilik\u00e7i \u00fcr\u00fcn\u00fcn tan\u0131t\u0131lmas\u0131yla h\u0131zl\u0131 bir ba\u015flang\u0131\u00e7 yap\u0131yor. Mekan i\u00e7erisine havay\u0131 ak\u0131mlar yaratmadan da\u011f\u0131tan FabricAir Tavan Dif\u00fcz\u00f6rleri ve FabricAir Rack Flow System, zararl\u0131 mikro iklimleri azaltmak ve mahsul verimini art\u0131rmak i\u00e7in kenevir yeti\u015ftirme end\u00fcstrisi i\u00e7in tasarlanm\u0131\u015f yenilik\u00e7i bir \u00e7ok katmanl\u0131 da\u011f\u0131t\u0131m \u00e7\u00f6z\u00fcm\u00fcd\u00fcr.<\/p>\n<p>2022&#8217;de FabricAir&#8217;in co\u011frafi ayak izi, Polonya konumunun eklenmesiyle be\u015f k\u0131tada toplam 15 ba\u011fl\u0131 kurulu\u015fu i\u00e7erecek \u015fekilde b\u00fcy\u00fcd\u00fc.<\/p>\n","protected":false},"excerpt":{"rendered":"<p>FabricAir: 1973&#8217;ten beri iklimlendirme ve havaland\u0131rma sekt\u00f6r\u00fcne yenilik kat\u0131yoruz Ge\u00e7mi\u015fimiz. FabricAir, Danimarka merkezli k\u00fc\u00e7\u00fck bir \u015firketin, d\u00fcnyan\u0131n d\u00f6rt bir yan\u0131ndaki m\u00fc\u015fterileri ve t\u00fcm b\u00fcy\u00fck b\u00f6lgelerdeki sat\u0131\u015f ofisleri veya distrib\u00fct\u00f6rleri ile iklimlendirme ve havaland\u0131rma sekt\u00f6r\u00fcnde d\u00fcnyan\u0131n lider yenilik\u00e7isi olmak i\u00e7in nas\u0131l b\u00fcy\u00fcd\u00fc\u011f\u00fcn\u00fcn hikayesidir. Brian Refsgaard, CEO, FabricAir Grubu \u201c1973&#8217;ten bu yana, teknolojimizi iki basit fikri g\u00f6z [&hellip;]<\/p>\n","protected":false},"author":1,"featured_media":6532,"parent":1220,"menu_order":28,"comment_status":"closed","ping_status":"closed","template":"","meta":{"_acf_changed":false,"inline_featured_image":false,"footnotes":""},"class_list":["post-2485","page","type-page","status-publish","has-post-thumbnail","hentry"],"acf":[],"yoast_head":"<!-- This site is optimized with the Yoast SEO plugin v27.3 - https:\/\/yoast.com\/product\/yoast-seo-wordpress\/ -->\n<title>Ge\u00e7mi\u015fimiz | FabricAir Kuma\u015f Hava Kanallar\u0131<\/title>\n<meta name=\"description\" content=\"Ge\u00e7mi\u015fimiz. FabricAir, Danimarka merkezli \u015firketin havaland\u0131rma sekt\u00f6r\u00fcnde d\u00fcnyan\u0131n lider yenilik\u00e7isi olarak nas\u0131l b\u00fcy\u00fcd\u00fc\u011f\u00fcn\u00fcn hikayesidir.\" \/>\n<meta name=\"robots\" content=\"index, follow, max-snippet:-1, max-image-preview:large, max-video-preview:-1\" \/>\n<link rel=\"canonical\" href=\"https:\/\/www.fabricair.com\/tr\/wp-json\/wp\/v2\/pages\/2485\/\" \/>\n<meta property=\"og:locale\" content=\"en_US\" \/>\n<meta property=\"og:type\" content=\"article\" \/>\n<meta property=\"og:title\" content=\"Ge\u00e7mi\u015fimiz - FabricAir Kuma\u015f Hava Kanallar\u0131\" \/>\n<meta property=\"og:description\" content=\"Ge\u00e7mi\u015fimiz. FabricAir, Danimarka merkezli \u015firketin havaland\u0131rma sekt\u00f6r\u00fcnde d\u00fcnyan\u0131n lider yenilik\u00e7isi olarak nas\u0131l b\u00fcy\u00fcd\u00fc\u011f\u00fcn\u00fcn hikayesidir.\" \/>\n<meta property=\"og:url\" content=\"https:\/\/www.fabricair.com\/tr\/hakkimizda\/gecmisimiz\/\" \/>\n<meta property=\"og:site_name\" content=\"FabricAir Kuma\u015f Hava Kanallar\u0131\" \/>\n<meta property=\"article:publisher\" content=\"https:\/\/www.facebook.com\/FabricAir.Turkey\/?locale=tr_TR\" \/>\n<meta property=\"article:modified_time\" content=\"2023-11-14T13:09:40+00:00\" \/>\n<meta property=\"og:image\" content=\"https:\/\/www.fabricair.com\/tr\/wp-content\/uploads\/sites\/24\/2022\/04\/map-ZNA.png\" \/>\n\t<meta property=\"og:image:width\" content=\"7978\" \/>\n\t<meta property=\"og:image:height\" content=\"3950\" \/>\n\t<meta property=\"og:image:type\" content=\"image\/png\" \/>\n<meta name=\"twitter:card\" content=\"summary_large_image\" \/>\n<meta name=\"twitter:site\" content=\"@FabricAir\" \/>\n<meta name=\"twitter:label1\" content=\"Est. reading time\" \/>\n\t<meta name=\"twitter:data1\" content=\"4 minutes\" \/>\n<script type=\"application\/ld+json\" class=\"yoast-schema-graph\">{\"@context\":\"https:\\\/\\\/schema.org\",\"@graph\":[{\"@type\":\"WebPage\",\"@id\":\"https:\\\/\\\/www.fabricair.com\\\/tr\\\/hakkimizda\\\/gecmisimiz\\\/\",\"url\":\"https:\\\/\\\/www.fabricair.com\\\/tr\\\/hakkimizda\\\/gecmisimiz\\\/\",\"name\":\"Ge\u00e7mi\u015fimiz - FabricAir Kuma\u015f Hava Kanallar\u0131\",\"isPartOf\":{\"@id\":\"https:\\\/\\\/www.fabricair.com\\\/tr\\\/#website\"},\"primaryImageOfPage\":{\"@id\":\"https:\\\/\\\/www.fabricair.com\\\/tr\\\/hakkimizda\\\/gecmisimiz\\\/#primaryimage\"},\"image\":{\"@id\":\"https:\\\/\\\/www.fabricair.com\\\/tr\\\/hakkimizda\\\/gecmisimiz\\\/#primaryimage\"},\"thumbnailUrl\":\"https:\\\/\\\/www.fabricair.com\\\/tr\\\/wp-content\\\/uploads\\\/sites\\\/24\\\/2022\\\/04\\\/map-ZNA-scaled.png\",\"datePublished\":\"2022-03-28T14:38:00+00:00\",\"dateModified\":\"2023-11-14T13:09:40+00:00\",\"description\":\"Ge\u00e7mi\u015fimiz. FabricAir, Danimarka merkezli \u015firketin havaland\u0131rma sekt\u00f6r\u00fcnde d\u00fcnyan\u0131n lider yenilik\u00e7isi olarak nas\u0131l b\u00fcy\u00fcd\u00fc\u011f\u00fcn\u00fcn hikayesidir.\",\"breadcrumb\":{\"@id\":\"https:\\\/\\\/www.fabricair.com\\\/tr\\\/hakkimizda\\\/gecmisimiz\\\/#breadcrumb\"},\"inLanguage\":\"en-US\",\"potentialAction\":[{\"@type\":\"ReadAction\",\"target\":[\"https:\\\/\\\/www.fabricair.com\\\/tr\\\/hakkimizda\\\/gecmisimiz\\\/\"]}]},{\"@type\":\"ImageObject\",\"inLanguage\":\"en-US\",\"@id\":\"https:\\\/\\\/www.fabricair.com\\\/tr\\\/hakkimizda\\\/gecmisimiz\\\/#primaryimage\",\"url\":\"https:\\\/\\\/www.fabricair.com\\\/tr\\\/wp-content\\\/uploads\\\/sites\\\/24\\\/2022\\\/04\\\/map-ZNA-scaled.png\",\"contentUrl\":\"https:\\\/\\\/www.fabricair.com\\\/tr\\\/wp-content\\\/uploads\\\/sites\\\/24\\\/2022\\\/04\\\/map-ZNA-scaled.png\",\"width\":2560,\"height\":1267,\"caption\":\"FabricAir-Ge\u00e7mi\u015fimiz\"},{\"@type\":\"BreadcrumbList\",\"@id\":\"https:\\\/\\\/www.fabricair.com\\\/tr\\\/hakkimizda\\\/gecmisimiz\\\/#breadcrumb\",\"itemListElement\":[{\"@type\":\"ListItem\",\"position\":1,\"name\":\"Home\",\"item\":\"https:\\\/\\\/www.fabricair.com\\\/tr\\\/\"},{\"@type\":\"ListItem\",\"position\":2,\"name\":\"Hakk\u0131m\u0131zda\",\"item\":\"https:\\\/\\\/www.fabricair.com\\\/tr\\\/hakkimizda\\\/\"},{\"@type\":\"ListItem\",\"position\":3,\"name\":\"Ge\u00e7mi\u015fimiz\"}]},{\"@type\":\"WebSite\",\"@id\":\"https:\\\/\\\/www.fabricair.com\\\/tr\\\/#website\",\"url\":\"https:\\\/\\\/www.fabricair.com\\\/tr\\\/\",\"name\":\"FabricAir Kuma\u015f Hava Kanallar\u0131\",\"description\":\"\",\"publisher\":{\"@id\":\"https:\\\/\\\/www.fabricair.com\\\/tr\\\/#organization\"},\"alternateName\":\"Tekstil Hava Kanallar\u0131 - Hava \u00c7oraplar\u0131\",\"potentialAction\":[{\"@type\":\"SearchAction\",\"target\":{\"@type\":\"EntryPoint\",\"urlTemplate\":\"https:\\\/\\\/www.fabricair.com\\\/tr\\\/?s={search_term_string}\"},\"query-input\":{\"@type\":\"PropertyValueSpecification\",\"valueRequired\":true,\"valueName\":\"search_term_string\"}}],\"inLanguage\":\"en-US\"},{\"@type\":\"Organization\",\"@id\":\"https:\\\/\\\/www.fabricair.com\\\/tr\\\/#organization\",\"name\":\"FabricAir\",\"url\":\"https:\\\/\\\/www.fabricair.com\\\/tr\\\/\",\"logo\":{\"@type\":\"ImageObject\",\"inLanguage\":\"en-US\",\"@id\":\"https:\\\/\\\/www.fabricair.com\\\/tr\\\/#\\\/schema\\\/logo\\\/image\\\/\",\"url\":\"https:\\\/\\\/www.fabricair.com\\\/tr\\\/wp-content\\\/uploads\\\/sites\\\/24\\\/2022\\\/02\\\/logo-footer.svg\",\"contentUrl\":\"https:\\\/\\\/www.fabricair.com\\\/tr\\\/wp-content\\\/uploads\\\/sites\\\/24\\\/2022\\\/02\\\/logo-footer.svg\",\"width\":126,\"height\":24,\"caption\":\"FabricAir\"},\"image\":{\"@id\":\"https:\\\/\\\/www.fabricair.com\\\/tr\\\/#\\\/schema\\\/logo\\\/image\\\/\"},\"sameAs\":[\"https:\\\/\\\/www.facebook.com\\\/FabricAir.Turkey\\\/?locale=tr_TR\",\"https:\\\/\\\/x.com\\\/FabricAir\",\"https:\\\/\\\/www.linkedin.com\\\/company\\\/fabricair-a-s\\\/\",\"https:\\\/\\\/www.youtube.com\\\/user\\\/FabricAir\"]}]}<\/script>\n<!-- \/ Yoast SEO plugin. -->","yoast_head_json":{"title":"Ge\u00e7mi\u015fimiz | FabricAir Kuma\u015f Hava Kanallar\u0131","description":"Ge\u00e7mi\u015fimiz. FabricAir, Danimarka merkezli \u015firketin havaland\u0131rma sekt\u00f6r\u00fcnde d\u00fcnyan\u0131n lider yenilik\u00e7isi olarak nas\u0131l b\u00fcy\u00fcd\u00fc\u011f\u00fcn\u00fcn hikayesidir.","robots":{"index":"index","follow":"follow","max-snippet":"max-snippet:-1","max-image-preview":"max-image-preview:large","max-video-preview":"max-video-preview:-1"},"canonical":"https:\/\/www.fabricair.com\/tr\/wp-json\/wp\/v2\/pages\/2485\/","og_locale":"en_US","og_type":"article","og_title":"Ge\u00e7mi\u015fimiz - FabricAir Kuma\u015f Hava Kanallar\u0131","og_description":"Ge\u00e7mi\u015fimiz. FabricAir, Danimarka merkezli \u015firketin havaland\u0131rma sekt\u00f6r\u00fcnde d\u00fcnyan\u0131n lider yenilik\u00e7isi olarak nas\u0131l b\u00fcy\u00fcd\u00fc\u011f\u00fcn\u00fcn hikayesidir.","og_url":"https:\/\/www.fabricair.com\/tr\/hakkimizda\/gecmisimiz\/","og_site_name":"FabricAir Kuma\u015f Hava Kanallar\u0131","article_publisher":"https:\/\/www.facebook.com\/FabricAir.Turkey\/?locale=tr_TR","article_modified_time":"2023-11-14T13:09:40+00:00","og_image":[{"width":7978,"height":3950,"url":"https:\/\/www.fabricair.com\/tr\/wp-content\/uploads\/sites\/24\/2022\/04\/map-ZNA.png","type":"image\/png"}],"twitter_card":"summary_large_image","twitter_site":"@FabricAir","twitter_misc":{"Est. reading time":"4 minutes"},"schema":{"@context":"https:\/\/schema.org","@graph":[{"@type":"WebPage","@id":"https:\/\/www.fabricair.com\/tr\/hakkimizda\/gecmisimiz\/","url":"https:\/\/www.fabricair.com\/tr\/hakkimizda\/gecmisimiz\/","name":"Ge\u00e7mi\u015fimiz - FabricAir Kuma\u015f Hava Kanallar\u0131","isPartOf":{"@id":"https:\/\/www.fabricair.com\/tr\/#website"},"primaryImageOfPage":{"@id":"https:\/\/www.fabricair.com\/tr\/hakkimizda\/gecmisimiz\/#primaryimage"},"image":{"@id":"https:\/\/www.fabricair.com\/tr\/hakkimizda\/gecmisimiz\/#primaryimage"},"thumbnailUrl":"https:\/\/www.fabricair.com\/tr\/wp-content\/uploads\/sites\/24\/2022\/04\/map-ZNA-scaled.png","datePublished":"2022-03-28T14:38:00+00:00","dateModified":"2023-11-14T13:09:40+00:00","description":"Ge\u00e7mi\u015fimiz. FabricAir, Danimarka merkezli \u015firketin havaland\u0131rma sekt\u00f6r\u00fcnde d\u00fcnyan\u0131n lider yenilik\u00e7isi olarak nas\u0131l b\u00fcy\u00fcd\u00fc\u011f\u00fcn\u00fcn hikayesidir.","breadcrumb":{"@id":"https:\/\/www.fabricair.com\/tr\/hakkimizda\/gecmisimiz\/#breadcrumb"},"inLanguage":"en-US","potentialAction":[{"@type":"ReadAction","target":["https:\/\/www.fabricair.com\/tr\/hakkimizda\/gecmisimiz\/"]}]},{"@type":"ImageObject","inLanguage":"en-US","@id":"https:\/\/www.fabricair.com\/tr\/hakkimizda\/gecmisimiz\/#primaryimage","url":"https:\/\/www.fabricair.com\/tr\/wp-content\/uploads\/sites\/24\/2022\/04\/map-ZNA-scaled.png","contentUrl":"https:\/\/www.fabricair.com\/tr\/wp-content\/uploads\/sites\/24\/2022\/04\/map-ZNA-scaled.png","width":2560,"height":1267,"caption":"FabricAir-Ge\u00e7mi\u015fimiz"},{"@type":"BreadcrumbList","@id":"https:\/\/www.fabricair.com\/tr\/hakkimizda\/gecmisimiz\/#breadcrumb","itemListElement":[{"@type":"ListItem","position":1,"name":"Home","item":"https:\/\/www.fabricair.com\/tr\/"},{"@type":"ListItem","position":2,"name":"Hakk\u0131m\u0131zda","item":"https:\/\/www.fabricair.com\/tr\/hakkimizda\/"},{"@type":"ListItem","position":3,"name":"Ge\u00e7mi\u015fimiz"}]},{"@type":"WebSite","@id":"https:\/\/www.fabricair.com\/tr\/#website","url":"https:\/\/www.fabricair.com\/tr\/","name":"FabricAir Kuma\u015f Hava Kanallar\u0131","description":"","publisher":{"@id":"https:\/\/www.fabricair.com\/tr\/#organization"},"alternateName":"Tekstil Hava Kanallar\u0131 - Hava \u00c7oraplar\u0131","potentialAction":[{"@type":"SearchAction","target":{"@type":"EntryPoint","urlTemplate":"https:\/\/www.fabricair.com\/tr\/?s={search_term_string}"},"query-input":{"@type":"PropertyValueSpecification","valueRequired":true,"valueName":"search_term_string"}}],"inLanguage":"en-US"},{"@type":"Organization","@id":"https:\/\/www.fabricair.com\/tr\/#organization","name":"FabricAir","url":"https:\/\/www.fabricair.com\/tr\/","logo":{"@type":"ImageObject","inLanguage":"en-US","@id":"https:\/\/www.fabricair.com\/tr\/#\/schema\/logo\/image\/","url":"https:\/\/www.fabricair.com\/tr\/wp-content\/uploads\/sites\/24\/2022\/02\/logo-footer.svg","contentUrl":"https:\/\/www.fabricair.com\/tr\/wp-content\/uploads\/sites\/24\/2022\/02\/logo-footer.svg","width":126,"height":24,"caption":"FabricAir"},"image":{"@id":"https:\/\/www.fabricair.com\/tr\/#\/schema\/logo\/image\/"},"sameAs":["https:\/\/www.facebook.com\/FabricAir.Turkey\/?locale=tr_TR","https:\/\/x.com\/FabricAir","https:\/\/www.linkedin.com\/company\/fabricair-a-s\/","https:\/\/www.youtube.com\/user\/FabricAir"]}]}},"_links":{"self":[{"href":"https:\/\/www.fabricair.com\/tr\/wp-json\/wp\/v2\/pages\/2485","targetHints":{"allow":["GET"]}}],"collection":[{"href":"https:\/\/www.fabricair.com\/tr\/wp-json\/wp\/v2\/pages"}],"about":[{"href":"https:\/\/www.fabricair.com\/tr\/wp-json\/wp\/v2\/types\/page"}],"author":[{"embeddable":true,"href":"https:\/\/www.fabricair.com\/tr\/wp-json\/wp\/v2\/users\/1"}],"replies":[{"embeddable":true,"href":"https:\/\/www.fabricair.com\/tr\/wp-json\/wp\/v2\/comments?post=2485"}],"version-history":[{"count":43,"href":"https:\/\/www.fabricair.com\/tr\/wp-json\/wp\/v2\/pages\/2485\/revisions"}],"predecessor-version":[{"id":8016,"href":"https:\/\/www.fabricair.com\/tr\/wp-json\/wp\/v2\/pages\/2485\/revisions\/8016"}],"up":[{"embeddable":true,"href":"https:\/\/www.fabricair.com\/tr\/wp-json\/wp\/v2\/pages\/1220"}],"wp:featuredmedia":[{"embeddable":true,"href":"https:\/\/www.fabricair.com\/tr\/wp-json\/wp\/v2\/media\/6532"}],"wp:attachment":[{"href":"https:\/\/www.fabricair.com\/tr\/wp-json\/wp\/v2\/media?parent=2485"}],"curies":[{"name":"wp","href":"https:\/\/api.w.org\/{rel}","templated":true}]}}