{"id":2524,"date":"2022-03-28T16:48:26","date_gmt":"2022-03-28T16:48:26","guid":{"rendered":"https:\/\/fabricair.com\/tr\/?page_id=2524"},"modified":"2022-08-04T16:16:23","modified_gmt":"2022-08-04T13:16:23","slug":"inovasyon","status":"publish","type":"page","link":"https:\/\/www.fabricair.com\/tr\/hakkimizda\/inovasyon\/","title":{"rendered":"\u0130novasyon"},"content":{"rendered":"<p>\u0130novasyon<\/p>\n<p>1973&#8217;ten beri ISK sekt\u00f6r\u00fcne yenilik kat\u0131yoruz. Tekstil bazl\u0131 hava da\u011f\u0131t\u0131m teknolojilerinin gelece\u011fini \u015fekillendiriyoruz.<\/p>\n<p>FabricAir, terzi usul\u00fc \u00fcr\u00fcnler ve \u00e7\u00f6z\u00fcmler sunarken, ISK sekt\u00f6r\u00fcnde inovasyon yaratma konusundaki yakla\u015f\u0131k 50 y\u0131ll\u0131k ge\u00e7mi\u015fini geli\u015ftirmeye devam ediyor. Ge\u00e7mi\u015fimiz ve uzmanl\u0131\u011f\u0131m\u0131z bizi bug\u00fcn ve yar\u0131n sekt\u00f6r\u00fcn lideri olarak konumland\u0131r\u0131yor.<\/p>\n<p>\u00dcr\u00fcnlerimiz ve hizmetlerimizi geli\u015ftirirken insana odaklan\u0131yoruz. Yeni binalarda ideal hava kalitesi sa\u011flamaya veya insanlar\u0131n \u00e7al\u0131\u015ft\u0131\u011f\u0131, ya\u015fad\u0131\u011f\u0131 ve oynad\u0131\u011f\u0131 mevcut ortamlar\u0131 iyile\u015ftirmeye yard\u0131mc\u0131 olan, oyunun kurallar\u0131n\u0131 de\u011fi\u015ftiren tekstil bazl\u0131 hava da\u011f\u0131t\u0131m teknolojileri yarat\u0131yoruz. S\u00fcrekli geli\u015fen bir d\u00fcnyada, yenilik\u00e7i ISK \u00e7\u00f6z\u00fcmlerinin iyi taraf\u0131n\u0131 g\u00f6stererek mevcut zihniyetleri de\u011fi\u015ftirme f\u0131rsatlar\u0131n\u0131 ke\u015ffediyoruz.<\/p>\n<p>Tekstil kanal sisteminin \u00f6nc\u00fcs\u00fc<\/p>\n<p>FabricAir, tekstil bazl\u0131 \u00e7\u00f6z\u00fcmlerin \u00f6nc\u00fcs\u00fcd\u00fcr. Sistem 1973 y\u0131l\u0131nda g\u0131da i\u015fleme tesisleri i\u00e7in yenilik\u00e7i ve alternatif hava da\u011f\u0131t\u0131m \u00e7\u00f6z\u00fcmlerine duyulan ihtiya\u00e7tan ortaya \u00e7\u0131kt\u0131 ve bununla da kalmad\u0131. Kurucular\u0131m\u0131z ve se\u00e7kin m\u00fchendislerimiz en ba\u015f\u0131ndan beri \u00e7e\u015fitli uygulamalar i\u00e7in terzi usulu \u00e7\u00f6z\u00fcmler \u00fcreterek s\u0131n\u0131rlar\u0131n\u0131 zorlad\u0131.<\/p>\n<p>Bug\u00fcn, tekstil bazl\u0131 inovatif \u00e7\u00f6z\u00fcmler, okullardan ve ofis binalar\u0131ndan b\u00fcy\u00fck end\u00fcstriyel depolara ve \u00fcretim tesislerine ve\u00a0 neredeyse her uygulamada tercih ediliyor. Her g\u00fcn, hava da\u011f\u0131t\u0131m\u0131na y\u00f6nelik yeni yenilik\u00e7i yakla\u015f\u0131mlar ve zorlu sorunlar\u0131 \u00e7\u00f6zmenin yollar\u0131n\u0131 bulma konusunda s\u0131n\u0131rlar\u0131 zorluyoruz.<\/p>\n<p>FabricAir bilimsel organizasyonlar\u0131<\/p>\n<p>T\u00fcm m\u00fc\u015fterilerimiz, sekt\u00f6rdeki i\u00e7in en iyi yenilik\u00e7i \u00e7\u00f6z\u00fcmleri yaratmak i\u00e7in bilimsel kurumlarla olan g\u00fc\u00e7l\u00fc ili\u015fkimizden faydalan\u0131r.<\/p>\n<p>\u0130\u00e7 Mekan Hava Kalitesi Grubu&#8217;nun kurucu \u00fcyelerinden biri oldu\u011fumuz Danimarka Teknik \u00dcniversitesi, Litvanya&#8217;daki Kaunas Teknoloji \u00dcniversitesi, \u0130spanya&#8217;daki Gali\u00e7ya Teknoloji Enstit\u00fcs\u00fc ile \u00e7al\u0131\u015f\u0131yoruz. \u00dcr\u00fcnlerimizin uluslararas\u0131 bilim insanlar\u0131 taraf\u0131ndan tamamen bilimsel olarak ara\u015ft\u0131r\u0131ld\u0131\u011f\u0131ndan ve onayl\u0131 \u00fc\u00e7\u00fcnc\u00fc taraf laboratuvarlar taraf\u0131ndan sertifikaland\u0131r\u0131ld\u0131\u011f\u0131ndan emin oluruz.<\/p>\n<p>\u015eirket i\u00e7i profesyoneller<\/p>\n<p>FabricAir&#8217;de derin uzmanl\u0131k temel bir g\u00fc\u00e7t\u00fcr. Ekibimiz, bir\u00e7ok yetenekli end\u00fcstri profesyonelinden olu\u015fmaktad\u0131r. En \u00f6nemlisi, yenilik\u00e7i tekstil bazl\u0131 \u00e7\u00f6z\u00fcmler yaratmak ve geli\u015ftirmek i\u00e7in \u00e7abalayan, y\u00fcksek e\u011fitimli kurum i\u00e7i ara\u015ft\u0131rma ve geli\u015ftirme bilim adamlar\u0131ndan olu\u015fan bir gruba sahip olmaktan gurur duyuyoruz.<\/p>\n<p>Ar-Ge uzmanlar\u0131m\u0131z\u0131n %70&#8217;inden fazlas\u0131 Bilim Doktorudur ve bilim camias\u0131nda aktiftir.<\/p>\n<p>Ara\u015ft\u0131rma ve Geli\u015ftirme Laboratuvar\u0131<\/p>\n<p>\u0130novasyonu ciddiye al\u0131yoruz. Yenilik\u00e7i \u00fcr\u00fcnler, FabricAir&#8217;in kendi b\u00fcnyesinde in\u015fa etti\u011fi son teknoloji bir ara\u015ft\u0131rma ve geli\u015ftirme tesisini beraberinde getiriyor. Ara\u015ft\u0131rma ve Geli\u015ftirme Laboratuvar\u0131m\u0131zda, hem besleme havas\u0131ndaki hem de laboratuvardaki s\u0131cakl\u0131k ve nem seviyelerini kontrol etmemizi sa\u011flayan geli\u015fmi\u015f bir havaland\u0131rma sistemi bulunur. Sistem \u00fcr\u00fcnlerimizi hava ile test etmek i\u00e7in kullan\u0131lmaktad\u0131r.<\/p>\n<p>\u00c7ok \u00e7e\u015fitli \u00f6l\u00e7\u00fcm cihazlar\u0131, \u00fcr\u00fcnlerimizi daha g\u00fc\u00e7l\u00fc bir \u015fekilde test etmemize ve prototipler geli\u015ftirmemize olanak tan\u0131r. Test yetenekleri, hava ak\u0131\u015f\u0131, bas\u0131n\u00e7 kayb\u0131, hava da\u011f\u0131t\u0131m s\u0131cakl\u0131\u011f\u0131, h\u0131z alanlar\u0131 ve daha bir\u00e7ok \u00f6l\u00e7\u00fcmden olu\u015fur. Hava ak\u0131\u015f\u0131, duman ve lazer teknolojileri kullan\u0131larak g\u00f6rselle\u015ftirilir. H\u0131zl\u0131 ve yarat\u0131c\u0131 tasar\u0131m geli\u015ftirme, 3D bask\u0131 yetene\u011fi ile sa\u011flan\u0131r. Tesis, kapsaml\u0131 testler yoluyla fikirlerin ger\u00e7ekle\u015fmesini m\u00fcmk\u00fcn k\u0131lar.<\/p>\n<p>Test Laboratuvar\u0131<\/p>\n<p>\u015eirket i\u00e7i Malzeme Test Laboratuvar\u0131m\u0131z, \u00fcretimde halihaz\u0131rda kullan\u0131lan malzemelerin kalite kontrol\u00fcne ve ara\u015ft\u0131rma ve geli\u015ftirme a\u015famas\u0131nda yeni malzemelerin \u00f6zelliklerinin ve uygulanabilirli\u011finin de\u011ferlendirilmesi i\u00e7in \u00e7al\u0131\u015f\u0131r. Laboratuvar, modern analitik cihazlarla ve yetkin bir ekiple yeterli donan\u0131ma sahiptir.<\/p>\n<p>Malzemelerin kalitesini de\u011ferlendirmek i\u00e7in fiziksel ve mekanik testler kullan\u0131lmaktad\u0131r. Bu testler, malzemelerin yap\u0131 parametrelerinin, mekanik \u00f6zelliklerinin (dayan\u0131kl\u0131l\u0131k, y\u0131rt\u0131lma, patlama vb.), hava ge\u00e7irgenli\u011finin, malzemelerin yanma durumlar\u0131n\u0131 ve benzeri k\u0131staslar\u0131n de\u011ferlendirilmesini i\u00e7erir. Laboratuvar, \u00fcr\u00fcn kalite standartlar\u0131n\u0131 belirler ve bu standartlar\u0131n kar\u015f\u0131lanmas\u0131n\u0131 sa\u011flar.<\/p>\n","protected":false},"excerpt":{"rendered":"<p>\u0130novasyon 1973&#8217;ten beri ISK sekt\u00f6r\u00fcne yenilik kat\u0131yoruz. Tekstil bazl\u0131 hava da\u011f\u0131t\u0131m teknolojilerinin gelece\u011fini \u015fekillendiriyoruz. FabricAir, terzi usul\u00fc \u00fcr\u00fcnler ve \u00e7\u00f6z\u00fcmler sunarken, ISK sekt\u00f6r\u00fcnde inovasyon yaratma konusundaki yakla\u015f\u0131k 50 y\u0131ll\u0131k ge\u00e7mi\u015fini geli\u015ftirmeye devam ediyor. Ge\u00e7mi\u015fimiz ve uzmanl\u0131\u011f\u0131m\u0131z bizi bug\u00fcn ve yar\u0131n sekt\u00f6r\u00fcn lideri olarak konumland\u0131r\u0131yor. \u00dcr\u00fcnlerimiz ve hizmetlerimizi geli\u015ftirirken insana odaklan\u0131yoruz. Yeni binalarda ideal hava kalitesi [&hellip;]<\/p>\n","protected":false},"author":1,"featured_media":2557,"parent":1220,"menu_order":27,"comment_status":"closed","ping_status":"closed","template":"","meta":{"_acf_changed":false,"inline_featured_image":false,"footnotes":""},"class_list":["post-2524","page","type-page","status-publish","has-post-thumbnail","hentry"],"acf":[],"yoast_head":"<!-- This site is optimized with the Yoast SEO plugin v27.3 - https:\/\/yoast.com\/product\/yoast-seo-wordpress\/ -->\n<title>\u0130novasyon | FabricAir Kuma\u015f Hava Kanallar\u0131<\/title>\n<meta name=\"description\" content=\"1973&#039;ten beri ISK sekt\u00f6r\u00fcne inovasyon kat\u0131yoruz. Tekstil bazl\u0131 hava da\u011f\u0131t\u0131m teknolojilerinin gelece\u011fini \u015fekillendiriyoruz.\" \/>\n<meta name=\"robots\" content=\"index, follow, max-snippet:-1, max-image-preview:large, max-video-preview:-1\" \/>\n<link rel=\"canonical\" href=\"https:\/\/www.fabricair.com\/tr\/wp-json\/wp\/v2\/pages\/2524\/\" \/>\n<meta property=\"og:locale\" content=\"en_US\" \/>\n<meta property=\"og:type\" content=\"article\" \/>\n<meta property=\"og:title\" content=\"\u0130novasyon - FabricAir Kuma\u015f Hava Kanallar\u0131\" \/>\n<meta property=\"og:description\" content=\"1973&#039;ten beri ISK sekt\u00f6r\u00fcne inovasyon kat\u0131yoruz. Tekstil bazl\u0131 hava da\u011f\u0131t\u0131m teknolojilerinin gelece\u011fini \u015fekillendiriyoruz.\" \/>\n<meta property=\"og:url\" content=\"https:\/\/www.fabricair.com\/tr\/hakkimizda\/inovasyon\/\" \/>\n<meta property=\"og:site_name\" content=\"FabricAir Kuma\u015f Hava Kanallar\u0131\" \/>\n<meta property=\"article:publisher\" content=\"https:\/\/www.facebook.com\/FabricAir.Turkey\/?locale=tr_TR\" \/>\n<meta property=\"article:modified_time\" content=\"2022-08-04T13:16:23+00:00\" \/>\n<meta property=\"og:image\" content=\"https:\/\/www.fabricair.com\/tr\/wp-content\/uploads\/sites\/24\/2022\/03\/danfoss-001.jpg\" \/>\n\t<meta property=\"og:image:width\" content=\"1000\" \/>\n\t<meta property=\"og:image:height\" content=\"667\" \/>\n\t<meta property=\"og:image:type\" content=\"image\/jpeg\" \/>\n<meta name=\"twitter:card\" content=\"summary_large_image\" \/>\n<meta name=\"twitter:site\" content=\"@FabricAir\" \/>\n<script type=\"application\/ld+json\" class=\"yoast-schema-graph\">{\"@context\":\"https:\\\/\\\/schema.org\",\"@graph\":[{\"@type\":\"WebPage\",\"@id\":\"https:\\\/\\\/www.fabricair.com\\\/tr\\\/hakkimizda\\\/inovasyon\\\/\",\"url\":\"https:\\\/\\\/www.fabricair.com\\\/tr\\\/hakkimizda\\\/inovasyon\\\/\",\"name\":\"\u0130novasyon - FabricAir Kuma\u015f Hava Kanallar\u0131\",\"isPartOf\":{\"@id\":\"https:\\\/\\\/www.fabricair.com\\\/tr\\\/#website\"},\"primaryImageOfPage\":{\"@id\":\"https:\\\/\\\/www.fabricair.com\\\/tr\\\/hakkimizda\\\/inovasyon\\\/#primaryimage\"},\"image\":{\"@id\":\"https:\\\/\\\/www.fabricair.com\\\/tr\\\/hakkimizda\\\/inovasyon\\\/#primaryimage\"},\"thumbnailUrl\":\"https:\\\/\\\/www.fabricair.com\\\/tr\\\/wp-content\\\/uploads\\\/sites\\\/24\\\/2022\\\/03\\\/danfoss-001.jpg\",\"datePublished\":\"2022-03-28T16:48:26+00:00\",\"dateModified\":\"2022-08-04T13:16:23+00:00\",\"description\":\"1973'ten beri ISK sekt\u00f6r\u00fcne inovasyon kat\u0131yoruz. Tekstil bazl\u0131 hava da\u011f\u0131t\u0131m teknolojilerinin gelece\u011fini \u015fekillendiriyoruz.\",\"breadcrumb\":{\"@id\":\"https:\\\/\\\/www.fabricair.com\\\/tr\\\/hakkimizda\\\/inovasyon\\\/#breadcrumb\"},\"inLanguage\":\"en-US\",\"potentialAction\":[{\"@type\":\"ReadAction\",\"target\":[\"https:\\\/\\\/www.fabricair.com\\\/tr\\\/hakkimizda\\\/inovasyon\\\/\"]}]},{\"@type\":\"ImageObject\",\"inLanguage\":\"en-US\",\"@id\":\"https:\\\/\\\/www.fabricair.com\\\/tr\\\/hakkimizda\\\/inovasyon\\\/#primaryimage\",\"url\":\"https:\\\/\\\/www.fabricair.com\\\/tr\\\/wp-content\\\/uploads\\\/sites\\\/24\\\/2022\\\/03\\\/danfoss-001.jpg\",\"contentUrl\":\"https:\\\/\\\/www.fabricair.com\\\/tr\\\/wp-content\\\/uploads\\\/sites\\\/24\\\/2022\\\/03\\\/danfoss-001.jpg\",\"width\":1000,\"height\":667,\"caption\":\"https:\\\/\\\/www.fabricair.com\\\/en\\\/case_study\\\/danfoss-nordborg-denmark\"},{\"@type\":\"BreadcrumbList\",\"@id\":\"https:\\\/\\\/www.fabricair.com\\\/tr\\\/hakkimizda\\\/inovasyon\\\/#breadcrumb\",\"itemListElement\":[{\"@type\":\"ListItem\",\"position\":1,\"name\":\"Home\",\"item\":\"https:\\\/\\\/www.fabricair.com\\\/tr\\\/\"},{\"@type\":\"ListItem\",\"position\":2,\"name\":\"Hakk\u0131m\u0131zda\",\"item\":\"https:\\\/\\\/www.fabricair.com\\\/tr\\\/hakkimizda\\\/\"},{\"@type\":\"ListItem\",\"position\":3,\"name\":\"\u0130novasyon\"}]},{\"@type\":\"WebSite\",\"@id\":\"https:\\\/\\\/www.fabricair.com\\\/tr\\\/#website\",\"url\":\"https:\\\/\\\/www.fabricair.com\\\/tr\\\/\",\"name\":\"FabricAir Kuma\u015f Hava Kanallar\u0131\",\"description\":\"\",\"publisher\":{\"@id\":\"https:\\\/\\\/www.fabricair.com\\\/tr\\\/#organization\"},\"alternateName\":\"Tekstil Hava Kanallar\u0131 - Hava \u00c7oraplar\u0131\",\"potentialAction\":[{\"@type\":\"SearchAction\",\"target\":{\"@type\":\"EntryPoint\",\"urlTemplate\":\"https:\\\/\\\/www.fabricair.com\\\/tr\\\/?s={search_term_string}\"},\"query-input\":{\"@type\":\"PropertyValueSpecification\",\"valueRequired\":true,\"valueName\":\"search_term_string\"}}],\"inLanguage\":\"en-US\"},{\"@type\":\"Organization\",\"@id\":\"https:\\\/\\\/www.fabricair.com\\\/tr\\\/#organization\",\"name\":\"FabricAir\",\"url\":\"https:\\\/\\\/www.fabricair.com\\\/tr\\\/\",\"logo\":{\"@type\":\"ImageObject\",\"inLanguage\":\"en-US\",\"@id\":\"https:\\\/\\\/www.fabricair.com\\\/tr\\\/#\\\/schema\\\/logo\\\/image\\\/\",\"url\":\"https:\\\/\\\/www.fabricair.com\\\/tr\\\/wp-content\\\/uploads\\\/sites\\\/24\\\/2022\\\/02\\\/logo-footer.svg\",\"contentUrl\":\"https:\\\/\\\/www.fabricair.com\\\/tr\\\/wp-content\\\/uploads\\\/sites\\\/24\\\/2022\\\/02\\\/logo-footer.svg\",\"width\":126,\"height\":24,\"caption\":\"FabricAir\"},\"image\":{\"@id\":\"https:\\\/\\\/www.fabricair.com\\\/tr\\\/#\\\/schema\\\/logo\\\/image\\\/\"},\"sameAs\":[\"https:\\\/\\\/www.facebook.com\\\/FabricAir.Turkey\\\/?locale=tr_TR\",\"https:\\\/\\\/x.com\\\/FabricAir\",\"https:\\\/\\\/www.linkedin.com\\\/company\\\/fabricair-a-s\\\/\",\"https:\\\/\\\/www.youtube.com\\\/user\\\/FabricAir\"]}]}<\/script>\n<!-- \/ Yoast SEO plugin. -->","yoast_head_json":{"title":"\u0130novasyon | FabricAir Kuma\u015f Hava Kanallar\u0131","description":"1973'ten beri ISK sekt\u00f6r\u00fcne inovasyon kat\u0131yoruz. Tekstil bazl\u0131 hava da\u011f\u0131t\u0131m teknolojilerinin gelece\u011fini \u015fekillendiriyoruz.","robots":{"index":"index","follow":"follow","max-snippet":"max-snippet:-1","max-image-preview":"max-image-preview:large","max-video-preview":"max-video-preview:-1"},"canonical":"https:\/\/www.fabricair.com\/tr\/wp-json\/wp\/v2\/pages\/2524\/","og_locale":"en_US","og_type":"article","og_title":"\u0130novasyon - FabricAir Kuma\u015f Hava Kanallar\u0131","og_description":"1973'ten beri ISK sekt\u00f6r\u00fcne inovasyon kat\u0131yoruz. Tekstil bazl\u0131 hava da\u011f\u0131t\u0131m teknolojilerinin gelece\u011fini \u015fekillendiriyoruz.","og_url":"https:\/\/www.fabricair.com\/tr\/hakkimizda\/inovasyon\/","og_site_name":"FabricAir Kuma\u015f Hava Kanallar\u0131","article_publisher":"https:\/\/www.facebook.com\/FabricAir.Turkey\/?locale=tr_TR","article_modified_time":"2022-08-04T13:16:23+00:00","og_image":[{"width":1000,"height":667,"url":"https:\/\/www.fabricair.com\/tr\/wp-content\/uploads\/sites\/24\/2022\/03\/danfoss-001.jpg","type":"image\/jpeg"}],"twitter_card":"summary_large_image","twitter_site":"@FabricAir","schema":{"@context":"https:\/\/schema.org","@graph":[{"@type":"WebPage","@id":"https:\/\/www.fabricair.com\/tr\/hakkimizda\/inovasyon\/","url":"https:\/\/www.fabricair.com\/tr\/hakkimizda\/inovasyon\/","name":"\u0130novasyon - FabricAir Kuma\u015f Hava Kanallar\u0131","isPartOf":{"@id":"https:\/\/www.fabricair.com\/tr\/#website"},"primaryImageOfPage":{"@id":"https:\/\/www.fabricair.com\/tr\/hakkimizda\/inovasyon\/#primaryimage"},"image":{"@id":"https:\/\/www.fabricair.com\/tr\/hakkimizda\/inovasyon\/#primaryimage"},"thumbnailUrl":"https:\/\/www.fabricair.com\/tr\/wp-content\/uploads\/sites\/24\/2022\/03\/danfoss-001.jpg","datePublished":"2022-03-28T16:48:26+00:00","dateModified":"2022-08-04T13:16:23+00:00","description":"1973'ten beri ISK sekt\u00f6r\u00fcne inovasyon kat\u0131yoruz. Tekstil bazl\u0131 hava da\u011f\u0131t\u0131m teknolojilerinin gelece\u011fini \u015fekillendiriyoruz.","breadcrumb":{"@id":"https:\/\/www.fabricair.com\/tr\/hakkimizda\/inovasyon\/#breadcrumb"},"inLanguage":"en-US","potentialAction":[{"@type":"ReadAction","target":["https:\/\/www.fabricair.com\/tr\/hakkimizda\/inovasyon\/"]}]},{"@type":"ImageObject","inLanguage":"en-US","@id":"https:\/\/www.fabricair.com\/tr\/hakkimizda\/inovasyon\/#primaryimage","url":"https:\/\/www.fabricair.com\/tr\/wp-content\/uploads\/sites\/24\/2022\/03\/danfoss-001.jpg","contentUrl":"https:\/\/www.fabricair.com\/tr\/wp-content\/uploads\/sites\/24\/2022\/03\/danfoss-001.jpg","width":1000,"height":667,"caption":"https:\/\/www.fabricair.com\/en\/case_study\/danfoss-nordborg-denmark"},{"@type":"BreadcrumbList","@id":"https:\/\/www.fabricair.com\/tr\/hakkimizda\/inovasyon\/#breadcrumb","itemListElement":[{"@type":"ListItem","position":1,"name":"Home","item":"https:\/\/www.fabricair.com\/tr\/"},{"@type":"ListItem","position":2,"name":"Hakk\u0131m\u0131zda","item":"https:\/\/www.fabricair.com\/tr\/hakkimizda\/"},{"@type":"ListItem","position":3,"name":"\u0130novasyon"}]},{"@type":"WebSite","@id":"https:\/\/www.fabricair.com\/tr\/#website","url":"https:\/\/www.fabricair.com\/tr\/","name":"FabricAir Kuma\u015f Hava Kanallar\u0131","description":"","publisher":{"@id":"https:\/\/www.fabricair.com\/tr\/#organization"},"alternateName":"Tekstil Hava Kanallar\u0131 - Hava \u00c7oraplar\u0131","potentialAction":[{"@type":"SearchAction","target":{"@type":"EntryPoint","urlTemplate":"https:\/\/www.fabricair.com\/tr\/?s={search_term_string}"},"query-input":{"@type":"PropertyValueSpecification","valueRequired":true,"valueName":"search_term_string"}}],"inLanguage":"en-US"},{"@type":"Organization","@id":"https:\/\/www.fabricair.com\/tr\/#organization","name":"FabricAir","url":"https:\/\/www.fabricair.com\/tr\/","logo":{"@type":"ImageObject","inLanguage":"en-US","@id":"https:\/\/www.fabricair.com\/tr\/#\/schema\/logo\/image\/","url":"https:\/\/www.fabricair.com\/tr\/wp-content\/uploads\/sites\/24\/2022\/02\/logo-footer.svg","contentUrl":"https:\/\/www.fabricair.com\/tr\/wp-content\/uploads\/sites\/24\/2022\/02\/logo-footer.svg","width":126,"height":24,"caption":"FabricAir"},"image":{"@id":"https:\/\/www.fabricair.com\/tr\/#\/schema\/logo\/image\/"},"sameAs":["https:\/\/www.facebook.com\/FabricAir.Turkey\/?locale=tr_TR","https:\/\/x.com\/FabricAir","https:\/\/www.linkedin.com\/company\/fabricair-a-s\/","https:\/\/www.youtube.com\/user\/FabricAir"]}]}},"_links":{"self":[{"href":"https:\/\/www.fabricair.com\/tr\/wp-json\/wp\/v2\/pages\/2524","targetHints":{"allow":["GET"]}}],"collection":[{"href":"https:\/\/www.fabricair.com\/tr\/wp-json\/wp\/v2\/pages"}],"about":[{"href":"https:\/\/www.fabricair.com\/tr\/wp-json\/wp\/v2\/types\/page"}],"author":[{"embeddable":true,"href":"https:\/\/www.fabricair.com\/tr\/wp-json\/wp\/v2\/users\/1"}],"replies":[{"embeddable":true,"href":"https:\/\/www.fabricair.com\/tr\/wp-json\/wp\/v2\/comments?post=2524"}],"version-history":[{"count":21,"href":"https:\/\/www.fabricair.com\/tr\/wp-json\/wp\/v2\/pages\/2524\/revisions"}],"predecessor-version":[{"id":7165,"href":"https:\/\/www.fabricair.com\/tr\/wp-json\/wp\/v2\/pages\/2524\/revisions\/7165"}],"up":[{"embeddable":true,"href":"https:\/\/www.fabricair.com\/tr\/wp-json\/wp\/v2\/pages\/1220"}],"wp:featuredmedia":[{"embeddable":true,"href":"https:\/\/www.fabricair.com\/tr\/wp-json\/wp\/v2\/media\/2557"}],"wp:attachment":[{"href":"https:\/\/www.fabricair.com\/tr\/wp-json\/wp\/v2\/media?parent=2524"}],"curies":[{"name":"wp","href":"https:\/\/api.w.org\/{rel}","templated":true}]}}