{"id":2771,"date":"2022-03-29T13:32:57","date_gmt":"2022-03-29T13:32:57","guid":{"rendered":"https:\/\/fabricair.com\/tr\/?page_id=2771"},"modified":"2026-04-09T17:19:58","modified_gmt":"2026-04-09T14:19:58","slug":"sss","status":"publish","type":"page","link":"https:\/\/www.fabricair.com\/tr\/sss\/","title":{"rendered":"SSS"},"content":{"rendered":"<p>SSS<\/p>\n<p>Hava \u00e7orab\u0131, bez kanal, tekstil kanal ve kuma\u015f kanal aras\u0131ndaki farklar nelerdir?<\/p>\n<p>En kestirme cevap, hi\u00e7bir fark yoktur. Bez hava kanal\u0131 sac veya PVC boru yerine kuma\u015ftan \u00fcretilen hava kanallar\u0131d\u0131r. D\u00fcnya genelinde yayg\u0131n olarak kullan\u0131lan bu teknolojinin kuma\u015f kanal, bez kanal, hava \u00e7orab\u0131, tekstil kanal, hava torbas\u0131 gibi bir\u00e7ok ismi bulunmaktad\u0131r.<\/p>\n<p>Teknolojinin ortaya \u00e7\u0131kt\u0131\u011f\u0131 Danimarka&#8217;da sistem, genellikle kuma\u015f hava da\u011f\u0131t\u0131m sistemi veya tekstil bazl\u0131 hava da\u011f\u0131t\u0131m sistemi olarak tan\u0131n\u0131r. Ayn\u0131 teknoloji, Amerika&#8217;da hava \u00e7orab\u0131, Avrupa&#8217;da ise tekstil kanal olarak bilinir.<\/p>\n<p>Hangi ifade kullan\u0131ld\u0131\u011f\u0131na bak\u0131lmaks\u0131z\u0131n, kuma\u015f hava kanallar\u0131, \u00e7elik kanallardan, spiro kanallar\u0131ndan ve di\u011fer \u0131s\u0131tma, so\u011futma ve havaland\u0131rma ama\u00e7l\u0131 kullan\u0131lan kanallara g\u00f6re benzersiz teknolojik \u00fcst\u00fcnl\u00fcklere sahiptir.<\/p>\n<p>Kuma\u015f kanallar\u0131n avantajlar\u0131 nelerdir?<\/p>\n<p>Kuma\u015f kanallar\u0131n teknolojik avantajlar\u0131 \u00e7ok fazlad\u0131r, en belirgin avantajlar homojen ve rahats\u0131z edici hava ak\u0131mlar\u0131n\u0131n meydana gelmedi\u011fi bir i\u00e7 mekan ortam\u0131 yaratmas\u0131d\u0131r. Y\u00fcksek d\u00fczeyde konfor ve hijyen, kuma\u015f bazl\u0131 \u00e7\u00f6z\u00fcmleri geleneksel metal kanal sistemlerinden ay\u0131r\u0131r. Bak\u0131m\u0131 ve y\u0131kanmas\u0131 \u00e7ok kolayd\u0131r. Hava da\u011f\u0131t\u0131m sistemleri i\u00e7in kullan\u0131lan kuma\u015f anti-mikrobiyaldir ve kullan\u0131lan kuma\u015fa g\u00f6re alev geciktirici veya yanmaz \u00f6zellikte olabilir. Ayr\u0131ca kuma\u015f hava kanallar\u0131 hafif olacak \u015fekilde tasarlanm\u0131\u015ft\u0131r, bu nedenle montaj\u0131 a\u011f\u0131r makinelere gerek kalmadan kolayca tamamlan\u0131r.<\/p>\n<p>Metal kanallar ile kuma\u015f kanallar aras\u0131ndaki farklar nelerdir?<\/p>\n<p>Hava kanallar\u0131nda yo\u011fu\u015fma genel bir sorundur. Hava \u00e7oraplar\u0131, di\u011fer hava kanallar\u0131 gibi terleme yapmaz. Hava ge\u00e7iren yap\u0131daki kuma\u015f sayesinde, bez kanal \u00fczerinde yo\u011fu\u015fma meydana gelmez. Bu nedenle kuma\u015f kanallar yal\u0131t\u0131m gerektirmez.<\/p>\n<p>Kuma\u015f kanallar\u0131n hijyenik olmas\u0131, bakteri, mikrobiyal \u00fcreme ve k\u00fcflenmeye neden olan yo\u011fu\u015fman\u0131n \u00f6nlenmesinden kaynaklan\u0131r. Hava \u00e7oraplar\u0131, t\u0131pk\u0131 bildi\u011fimiz \u00e7oraplar gibi kirlendi\u011finde kolayl\u0131kla y\u0131kanabilir. T\u00fcm bu hijyen avantajlar\u0131n\u0131 metal hava kanallar\u0131 ile elde etmek m\u00fcmk\u00fcn de\u011fildir.<\/p>\n<p>Kuma\u015f kanallar\u0131n yal\u0131t\u0131ma ihtiya\u00e7 duymamas\u0131 zamandan ve maliyetten tasarruf ettirir. Buna ek olarak malzemelerin nakliyesinde ve depolanmas\u0131nda da tasarruf edilir.<\/p>\n<p>Tekstil kanallar\u0131n nakliye maliyeti \u00e7ok d\u00fc\u015f\u00fckt\u00fcr. Metal hava kanallar\u0131 kolayl\u0131kla ta\u015f\u0131namaz, nakliye ve ta\u015f\u0131ma maliyetlerini art\u0131r\u0131r. Tekstil hava kanal\u0131 sistemi ise, sadece birka\u00e7 kutuya s\u0131\u011far.<\/p>\n<p>Kuma\u015f hava kanallar\u0131, metal kanallar\u0131n kullan\u0131ld\u0131\u011f\u0131 her alana uygulanabilir. Ayr\u0131ca yanmaz veya alev geciktirici \u00f6zellikte bez hava kanallar\u0131 da bulunmaktad\u0131r.<\/p>\n<p>Son olarak, tekstil hava kanallar\u0131 sessizlik a\u00e7\u0131s\u0131ndan benzersizdir. Metal hava kanallar\u0131n\u0131n aksine yank\u0131 olu\u015fmas\u0131na izin vermezken ayn\u0131 zamanda sesi s\u00f6n\u00fcmler. O nedenle hava \u00e7oraplar\u0131, k\u00fct\u00fcphaneler, oditoryumlar ve st\u00fcdyolar gibi sessizli\u011fin \u00f6n planda oldu\u011fu uygulamalar i\u00e7in m\u00fckemmel bir hava da\u011f\u0131t\u0131m \u00e7\u00f6z\u00fcm\u00fcd\u00fcr.<\/p>\n<p>Kuma\u015f hava kanallar\u0131 hangi malzemeden \u00fcretilir?<\/p>\n<p>FabricAir kuma\u015f hava kanallar\u0131 ve di\u011fer \u00fcr\u00fcnlerinin \u00e7o\u011fu polyesterden \u00fcretilir. Ancak\u00a0 y\u00fcksek yo\u011funluklu polietilen olarak bilinen HDPE&#8217;den veya cam elyaf\u0131ndan da \u00fcretilebilirler. Daha sonra m\u00fc\u015fterinin ihtiyac\u0131na veya proje y\u00f6netmeli\u011fine g\u00f6re kuma\u015fa \u00e7e\u015fitli ek \u00f6zellikler uygulanabilir.<\/p>\n<p>Kuma\u015f kanallar\u0131n renkleri nelerdir?<\/p>\n<p>Her proje benzersiz oldu\u011fundan, FabricAir, her durumdaki ihtiyac\u0131 kar\u015f\u0131lamak i\u00e7in standart renk paletinden \u00e7e\u015fitli renkler sunar. FabricAir&#8217;in bask\u0131 teknolojisi sayesinde kuma\u015f kanallar (veya Tavan Dif\u00fcz\u00f6rleri) logolar, desenler veya di\u011fer g\u00f6rsellerle sunulabilir.<\/p>\n<p>Kuma\u015f kanallar a\u011f\u0131r m\u0131d\u0131r?<\/p>\n<p>Hay\u0131r, kuma\u015f kanallar hafif olacak \u015fekilde tasarland\u0131klar\u0131 i\u00e7in a\u011f\u0131r de\u011fildir. Bu \u00f6zellik, nakliye ve depolama a\u00e7\u0131s\u0131ndan maliyet verimlili\u011fine katk\u0131da bulunur. Ek olarak, montaj i\u00e7in sadece birka\u00e7 ki\u015fi gerekir ve a\u011f\u0131r makine montaj\u0131 gerektirmez, ayr\u0131ca yap\u0131ya fazla a\u011f\u0131rl\u0131k eklemez.<\/p>\n<p>Kuma\u015f kanallar \u00f6zelle\u015ftirilebilir mi?<\/p>\n<p>Evet, kuma\u015f kanallar her projenin ihtiyac\u0131na cevap verebilecek \u015fekilde \u00f6zelle\u015ftirilebilir. Yenilik\u00e7i bask\u0131 teknolojisi sayesinde, hayal edebilece\u011finiz hemen hemen her desen sa\u011flanabilir. Projenin gereksinimlerine g\u00f6re farkl\u0131 renkler, desenler, logolar veya g\u00f6rseller bas\u0131labilir.<\/p>\n<p>Kuma\u015f kanallar paslan\u0131r m\u0131?<\/p>\n<p>FabricAir kuma\u015f hava kanallar\u0131, havuzlar, tuz odalar\u0131 ve at\u00f6lyeler gibi a\u015f\u0131nd\u0131r\u0131c\u0131 ortamlar i\u00e7in idealdir. Metal kanallar\u0131n aksine polyester, y\u00fczme havuzlar\u0131nda, kimya tesisleri ve benzeri alanlar\u0131 bulunan sert kimyasallara kar\u015f\u0131 hassas de\u011fildir. Ask\u0131 sistemnindeki t\u00fcm a\u00e7\u0131kta kalan metaller, m\u00fckemmel korozyon \u00f6nleyici \u00f6zelliklere sahip anodize al\u00fcminyum veya paslanmaz \u00e7eliktir.<\/p>\n<p>Kuma\u015f kanallar yo\u011fu\u015fma yapar m\u0131?<\/p>\n<p>Kuma\u015f kanallar, di\u011fer hava kanallar\u0131 gibi terleme yapmaz. Ge\u00e7irgen kuma\u015flar, kanallarda yo\u011fu\u015fma olu\u015fumunu engeller, bu nedenle kuma\u015f kanallar yal\u0131t\u0131m gerektirmez.<\/p>\n<p>SSS<\/p>\n<p>Kuma\u015f kanallar dayan\u0131kl\u0131 m\u0131?<\/p>\n<p>Evet, kuma\u015f kanallar son derece dayan\u0131kl\u0131d\u0131r ve uzun \u00f6mr\u00fc kan\u0131tlanm\u0131\u015ft\u0131r. FabricAir kuruldu\u011fu 1973 y\u0131l\u0131ndan bu yana \u00fcstlendi\u011fi pek \u00e7ok proje halen faaliyettedir. FabricAir, \u00e7o\u011fu \u00fcr\u00fcn i\u00e7in 10 y\u0131ll\u0131k \u00fcretici garantisi sunar.\u00a0 D\u00fcnyada 30 y\u0131l\u0131 a\u015fk\u0131n bir s\u00fcredir ayn\u0131 FabricAir kuma\u015f kanallar\u0131 kullanan baz\u0131 g\u0131da i\u015fleme tesisleri bulunmaktad\u0131r.<\/p>\n<p>SSS<\/p>\n<p>Kuma\u015f hava kanallar\u0131n\u0131n fiyat\u0131 nedir?<\/p>\n<p>Geleneksel havaland\u0131rma kanallar\u0131 ve FabricAir da\u011f\u0131t\u0131m \u00e7\u00f6z\u00fcmleri aras\u0131nda b\u00fcy\u00fck fiyat farklar\u0131 vard\u0131r. Kuma\u015f kanallar d\u00fc\u015f\u00fck maliyetli bir \u00e7\u00f6z\u00fcmd\u00fcr.<\/p>\n<p>Sistemin fiyat\u0131 t\u00fcm havaland\u0131rma sistemlerinde oldu\u011fu gibi, projenin b\u00fcy\u00fckl\u00fc\u011f\u00fcne ba\u011fl\u0131d\u0131r. Ancak, metal kanallar yerine kuma\u015f hava kanallarlar\u0131 tercih edilirse tasarruf potansiyeli %30 ila %70 aras\u0131ndad\u0131r.<\/p>\n<p>SSS<\/p>\n<p>Kuma\u015f hava kanallar\u0131n\u0131n temizli\u011fi \/ bak\u0131m\u0131 nas\u0131l yap\u0131l\u0131r?<\/p>\n<p>Kuma\u015f hava kanallar\u0131, bak\u0131m\u0131 en kolay olacak \u015fekilde tasarlanm\u0131\u015ft\u0131r. Kuma\u015f kanallar hafiftir, bu nedenle kanallar\u0131 asmak veya s\u00f6kmek, makinede y\u0131kamak a\u011f\u0131r makine gerektirmeksizin, k\u0131sa s\u00fcrede kolayca yap\u0131l\u0131r.<\/p>\n<p>SSS<\/p>\n<p>Kuma\u015f kanallar\u0131n montaj\u0131n\u0131 nereye yapabilirim?<\/p>\n<p>Kuma\u015f bazl\u0131 \u00e7\u00f6z\u00fcmler, asma tavanlar\u0131n olmad\u0131\u011f\u0131 her yerde kullan\u0131labilir. Kuma\u015f hava kanallar\u0131 alev geciktirici malzemelerden yap\u0131l\u0131r ve t\u00fcm FabricAir \u00fcr\u00fcnleri UL sertifikal\u0131d\u0131r. \u00c7e\u015fitli g\u0131da, end\u00fcstriyel, spor, ila\u00e7, perakende veya ba\u015fka herhangi bir uygulamada kullan\u0131labilirler. FabricAir Tavan Dif\u00fcz\u00f6rleri gibi baz\u0131 kuma\u015f bazl\u0131 \u00e7\u00f6z\u00fcmler, asma tavanl\u0131 tesislerde kullan\u0131labilir.<\/p>\n<p>SSS<\/p>\n<p>Kuma\u015f kanal montaj\u0131 h\u0131zla tamamlan\u0131r m\u0131?<\/p>\n<p>Evet, kuma\u015f hava kanallar\u0131n\u0131n montaj\u0131 metal kanallara k\u0131yasla d\u00f6rt kata kadar daha h\u0131zl\u0131 tamamlan\u0131r. FabricAir kuma\u015f hava kanallar\u0131n\u0131n montaj\u0131 sezgisel ve kolayd\u0131r. Her kanal b\u00f6l\u00fcm\u00fc, her par\u00e7an\u0131n tam olarak nereye gitmesi gerekti\u011fini g\u00f6steren ayr\u0131 bir etiketle i\u015faretlenmi\u015ftir. \u00d6zel montaj ekipman\u0131 gerektirmez; montaj i\u00e7in standart bir alet kutusundaki ekipmanlar yeterlidir.<\/p>\n<p>SSS<\/p>\n<p>Kuma\u015f kanallar hangi uygulamalarda kullan\u0131labilir?<\/p>\n<p>Modern kuma\u015f hava kanallar\u0131 1973 y\u0131l\u0131nda, g\u0131da i\u015fleme tesisleri i\u00e7in \u00fcretildi ve daha sonra m\u00fcmk\u00fcn olan her uygulamada kullan\u0131lmak \u00fczere geli\u015ftirildi. FabricAir kuma\u015f hava kanallar\u0131 genel olarak g\u0131da, spor, end\u00fcstriyel, perakende, konfor, farmas\u00f6tik ve sera uygulamalar\u0131nda kullan\u0131lmaktad\u0131r. Her proje benzersiz oldu\u011fundan, yerel (piyasaya g\u00f6re) d\u00fczenlemelere uygun olarak uyguland\u0131\u011f\u0131 s\u00fcrece kuma\u015f bazl\u0131 \u00e7\u00f6z\u00fcmlerin herhangi bir uygulama i\u00e7in kullan\u0131lmas\u0131 olduk\u00e7a olas\u0131d\u0131r.<\/p>\n","protected":false},"excerpt":{"rendered":"<p>SSS Hava \u00e7orab\u0131, bez kanal, tekstil kanal ve kuma\u015f kanal aras\u0131ndaki farklar nelerdir? En kestirme cevap, hi\u00e7bir fark yoktur. Bez hava kanal\u0131 sac veya PVC boru yerine kuma\u015ftan \u00fcretilen hava kanallar\u0131d\u0131r. D\u00fcnya genelinde yayg\u0131n olarak kullan\u0131lan bu teknolojinin kuma\u015f kanal, bez kanal, hava \u00e7orab\u0131, tekstil kanal, hava torbas\u0131 gibi bir\u00e7ok ismi bulunmaktad\u0131r. Teknolojinin ortaya \u00e7\u0131kt\u0131\u011f\u0131 [&hellip;]<\/p>\n","protected":false},"author":1,"featured_media":6166,"parent":0,"menu_order":22,"comment_status":"closed","ping_status":"closed","template":"","meta":{"_acf_changed":false,"inline_featured_image":false,"footnotes":""},"class_list":["post-2771","page","type-page","status-publish","has-post-thumbnail","hentry"],"acf":[],"yoast_head":"<!-- This site is optimized with the Yoast SEO plugin v27.3 - https:\/\/yoast.com\/product\/yoast-seo-wordpress\/ -->\n<title>SSS | FabricAir Kuma\u015f Hava Kanallar\u0131<\/title>\n<meta name=\"description\" content=\"SSS - Bize en s\u0131k sorulan sorular\u0131 bir araya getirdik. K\u0131sa bir cevap i\u00e7in a\u015fa\u011f\u0131daki ba\u011flant\u0131lara g\u00f6z atabilirsiniz.\" \/>\n<meta name=\"robots\" content=\"index, follow, max-snippet:-1, max-image-preview:large, max-video-preview:-1\" \/>\n<link rel=\"canonical\" href=\"https:\/\/www.fabricair.com\/tr\/wp-json\/wp\/v2\/pages\/2771\/\" \/>\n<meta property=\"og:locale\" content=\"en_US\" \/>\n<meta property=\"og:type\" content=\"article\" \/>\n<meta property=\"og:title\" content=\"SSS - FabricAir Kuma\u015f Hava Kanallar\u0131\" \/>\n<meta property=\"og:description\" content=\"SSS - Bize en s\u0131k sorulan sorular\u0131 bir araya getirdik. K\u0131sa bir cevap i\u00e7in a\u015fa\u011f\u0131daki ba\u011flant\u0131lara g\u00f6z atabilirsiniz.\" \/>\n<meta property=\"og:url\" content=\"https:\/\/www.fabricair.com\/tr\/sss\/\" \/>\n<meta property=\"og:site_name\" content=\"FabricAir Kuma\u015f Hava Kanallar\u0131\" \/>\n<meta property=\"article:publisher\" content=\"https:\/\/www.facebook.com\/FabricAir.Turkey\/?locale=tr_TR\" \/>\n<meta property=\"article:modified_time\" content=\"2026-04-09T14:19:58+00:00\" \/>\n<meta property=\"og:image\" content=\"https:\/\/www.fabricair.com\/tr\/wp-content\/uploads\/sites\/24\/2022\/03\/type04.png\" \/>\n\t<meta property=\"og:image:width\" content=\"1000\" \/>\n\t<meta property=\"og:image:height\" content=\"617\" \/>\n\t<meta property=\"og:image:type\" content=\"image\/png\" \/>\n<meta name=\"twitter:card\" content=\"summary_large_image\" \/>\n<meta name=\"twitter:site\" content=\"@FabricAir\" \/>\n<meta name=\"twitter:label1\" content=\"Est. reading time\" \/>\n\t<meta name=\"twitter:data1\" content=\"5 minutes\" \/>\n<script type=\"application\/ld+json\" class=\"yoast-schema-graph\">{\"@context\":\"https:\\\/\\\/schema.org\",\"@graph\":[{\"@type\":\"WebPage\",\"@id\":\"https:\\\/\\\/www.fabricair.com\\\/tr\\\/sss\\\/\",\"url\":\"https:\\\/\\\/www.fabricair.com\\\/tr\\\/sss\\\/\",\"name\":\"SSS - FabricAir Kuma\u015f Hava Kanallar\u0131\",\"isPartOf\":{\"@id\":\"https:\\\/\\\/www.fabricair.com\\\/tr\\\/#website\"},\"primaryImageOfPage\":{\"@id\":\"https:\\\/\\\/www.fabricair.com\\\/tr\\\/sss\\\/#primaryimage\"},\"image\":{\"@id\":\"https:\\\/\\\/www.fabricair.com\\\/tr\\\/sss\\\/#primaryimage\"},\"thumbnailUrl\":\"https:\\\/\\\/www.fabricair.com\\\/tr\\\/wp-content\\\/uploads\\\/sites\\\/24\\\/2022\\\/03\\\/type04.png\",\"datePublished\":\"2022-03-29T13:32:57+00:00\",\"dateModified\":\"2026-04-09T14:19:58+00:00\",\"description\":\"SSS - Bize en s\u0131k sorulan sorular\u0131 bir araya getirdik. K\u0131sa bir cevap i\u00e7in a\u015fa\u011f\u0131daki ba\u011flant\u0131lara g\u00f6z atabilirsiniz.\",\"breadcrumb\":{\"@id\":\"https:\\\/\\\/www.fabricair.com\\\/tr\\\/sss\\\/#breadcrumb\"},\"inLanguage\":\"en-US\",\"potentialAction\":[{\"@type\":\"ReadAction\",\"target\":[\"https:\\\/\\\/www.fabricair.com\\\/tr\\\/sss\\\/\"]}]},{\"@type\":\"ImageObject\",\"inLanguage\":\"en-US\",\"@id\":\"https:\\\/\\\/www.fabricair.com\\\/tr\\\/sss\\\/#primaryimage\",\"url\":\"https:\\\/\\\/www.fabricair.com\\\/tr\\\/wp-content\\\/uploads\\\/sites\\\/24\\\/2022\\\/03\\\/type04.png\",\"contentUrl\":\"https:\\\/\\\/www.fabricair.com\\\/tr\\\/wp-content\\\/uploads\\\/sites\\\/24\\\/2022\\\/03\\\/type04.png\",\"width\":1000,\"height\":617,\"caption\":\"Kuma\u015f Hava Kanallar\u0131 SSS\"},{\"@type\":\"BreadcrumbList\",\"@id\":\"https:\\\/\\\/www.fabricair.com\\\/tr\\\/sss\\\/#breadcrumb\",\"itemListElement\":[{\"@type\":\"ListItem\",\"position\":1,\"name\":\"Home\",\"item\":\"https:\\\/\\\/www.fabricair.com\\\/tr\\\/\"},{\"@type\":\"ListItem\",\"position\":2,\"name\":\"SSS\"}]},{\"@type\":\"WebSite\",\"@id\":\"https:\\\/\\\/www.fabricair.com\\\/tr\\\/#website\",\"url\":\"https:\\\/\\\/www.fabricair.com\\\/tr\\\/\",\"name\":\"FabricAir Kuma\u015f Hava Kanallar\u0131\",\"description\":\"\",\"publisher\":{\"@id\":\"https:\\\/\\\/www.fabricair.com\\\/tr\\\/#organization\"},\"alternateName\":\"Tekstil Hava Kanallar\u0131 - Hava \u00c7oraplar\u0131\",\"potentialAction\":[{\"@type\":\"SearchAction\",\"target\":{\"@type\":\"EntryPoint\",\"urlTemplate\":\"https:\\\/\\\/www.fabricair.com\\\/tr\\\/?s={search_term_string}\"},\"query-input\":{\"@type\":\"PropertyValueSpecification\",\"valueRequired\":true,\"valueName\":\"search_term_string\"}}],\"inLanguage\":\"en-US\"},{\"@type\":\"Organization\",\"@id\":\"https:\\\/\\\/www.fabricair.com\\\/tr\\\/#organization\",\"name\":\"FabricAir\",\"url\":\"https:\\\/\\\/www.fabricair.com\\\/tr\\\/\",\"logo\":{\"@type\":\"ImageObject\",\"inLanguage\":\"en-US\",\"@id\":\"https:\\\/\\\/www.fabricair.com\\\/tr\\\/#\\\/schema\\\/logo\\\/image\\\/\",\"url\":\"https:\\\/\\\/www.fabricair.com\\\/tr\\\/wp-content\\\/uploads\\\/sites\\\/24\\\/2022\\\/02\\\/logo-footer.svg\",\"contentUrl\":\"https:\\\/\\\/www.fabricair.com\\\/tr\\\/wp-content\\\/uploads\\\/sites\\\/24\\\/2022\\\/02\\\/logo-footer.svg\",\"width\":126,\"height\":24,\"caption\":\"FabricAir\"},\"image\":{\"@id\":\"https:\\\/\\\/www.fabricair.com\\\/tr\\\/#\\\/schema\\\/logo\\\/image\\\/\"},\"sameAs\":[\"https:\\\/\\\/www.facebook.com\\\/FabricAir.Turkey\\\/?locale=tr_TR\",\"https:\\\/\\\/x.com\\\/FabricAir\",\"https:\\\/\\\/www.linkedin.com\\\/company\\\/fabricair-a-s\\\/\",\"https:\\\/\\\/www.youtube.com\\\/user\\\/FabricAir\"]}]}<\/script>\n<!-- \/ Yoast SEO plugin. -->","yoast_head_json":{"title":"SSS | FabricAir Kuma\u015f Hava Kanallar\u0131","description":"SSS - Bize en s\u0131k sorulan sorular\u0131 bir araya getirdik. K\u0131sa bir cevap i\u00e7in a\u015fa\u011f\u0131daki ba\u011flant\u0131lara g\u00f6z atabilirsiniz.","robots":{"index":"index","follow":"follow","max-snippet":"max-snippet:-1","max-image-preview":"max-image-preview:large","max-video-preview":"max-video-preview:-1"},"canonical":"https:\/\/www.fabricair.com\/tr\/wp-json\/wp\/v2\/pages\/2771\/","og_locale":"en_US","og_type":"article","og_title":"SSS - FabricAir Kuma\u015f Hava Kanallar\u0131","og_description":"SSS - Bize en s\u0131k sorulan sorular\u0131 bir araya getirdik. K\u0131sa bir cevap i\u00e7in a\u015fa\u011f\u0131daki ba\u011flant\u0131lara g\u00f6z atabilirsiniz.","og_url":"https:\/\/www.fabricair.com\/tr\/sss\/","og_site_name":"FabricAir Kuma\u015f Hava Kanallar\u0131","article_publisher":"https:\/\/www.facebook.com\/FabricAir.Turkey\/?locale=tr_TR","article_modified_time":"2026-04-09T14:19:58+00:00","og_image":[{"width":1000,"height":617,"url":"https:\/\/www.fabricair.com\/tr\/wp-content\/uploads\/sites\/24\/2022\/03\/type04.png","type":"image\/png"}],"twitter_card":"summary_large_image","twitter_site":"@FabricAir","twitter_misc":{"Est. reading time":"5 minutes"},"schema":{"@context":"https:\/\/schema.org","@graph":[{"@type":"WebPage","@id":"https:\/\/www.fabricair.com\/tr\/sss\/","url":"https:\/\/www.fabricair.com\/tr\/sss\/","name":"SSS - FabricAir Kuma\u015f Hava Kanallar\u0131","isPartOf":{"@id":"https:\/\/www.fabricair.com\/tr\/#website"},"primaryImageOfPage":{"@id":"https:\/\/www.fabricair.com\/tr\/sss\/#primaryimage"},"image":{"@id":"https:\/\/www.fabricair.com\/tr\/sss\/#primaryimage"},"thumbnailUrl":"https:\/\/www.fabricair.com\/tr\/wp-content\/uploads\/sites\/24\/2022\/03\/type04.png","datePublished":"2022-03-29T13:32:57+00:00","dateModified":"2026-04-09T14:19:58+00:00","description":"SSS - Bize en s\u0131k sorulan sorular\u0131 bir araya getirdik. K\u0131sa bir cevap i\u00e7in a\u015fa\u011f\u0131daki ba\u011flant\u0131lara g\u00f6z atabilirsiniz.","breadcrumb":{"@id":"https:\/\/www.fabricair.com\/tr\/sss\/#breadcrumb"},"inLanguage":"en-US","potentialAction":[{"@type":"ReadAction","target":["https:\/\/www.fabricair.com\/tr\/sss\/"]}]},{"@type":"ImageObject","inLanguage":"en-US","@id":"https:\/\/www.fabricair.com\/tr\/sss\/#primaryimage","url":"https:\/\/www.fabricair.com\/tr\/wp-content\/uploads\/sites\/24\/2022\/03\/type04.png","contentUrl":"https:\/\/www.fabricair.com\/tr\/wp-content\/uploads\/sites\/24\/2022\/03\/type04.png","width":1000,"height":617,"caption":"Kuma\u015f Hava Kanallar\u0131 SSS"},{"@type":"BreadcrumbList","@id":"https:\/\/www.fabricair.com\/tr\/sss\/#breadcrumb","itemListElement":[{"@type":"ListItem","position":1,"name":"Home","item":"https:\/\/www.fabricair.com\/tr\/"},{"@type":"ListItem","position":2,"name":"SSS"}]},{"@type":"WebSite","@id":"https:\/\/www.fabricair.com\/tr\/#website","url":"https:\/\/www.fabricair.com\/tr\/","name":"FabricAir Kuma\u015f Hava Kanallar\u0131","description":"","publisher":{"@id":"https:\/\/www.fabricair.com\/tr\/#organization"},"alternateName":"Tekstil Hava Kanallar\u0131 - Hava \u00c7oraplar\u0131","potentialAction":[{"@type":"SearchAction","target":{"@type":"EntryPoint","urlTemplate":"https:\/\/www.fabricair.com\/tr\/?s={search_term_string}"},"query-input":{"@type":"PropertyValueSpecification","valueRequired":true,"valueName":"search_term_string"}}],"inLanguage":"en-US"},{"@type":"Organization","@id":"https:\/\/www.fabricair.com\/tr\/#organization","name":"FabricAir","url":"https:\/\/www.fabricair.com\/tr\/","logo":{"@type":"ImageObject","inLanguage":"en-US","@id":"https:\/\/www.fabricair.com\/tr\/#\/schema\/logo\/image\/","url":"https:\/\/www.fabricair.com\/tr\/wp-content\/uploads\/sites\/24\/2022\/02\/logo-footer.svg","contentUrl":"https:\/\/www.fabricair.com\/tr\/wp-content\/uploads\/sites\/24\/2022\/02\/logo-footer.svg","width":126,"height":24,"caption":"FabricAir"},"image":{"@id":"https:\/\/www.fabricair.com\/tr\/#\/schema\/logo\/image\/"},"sameAs":["https:\/\/www.facebook.com\/FabricAir.Turkey\/?locale=tr_TR","https:\/\/x.com\/FabricAir","https:\/\/www.linkedin.com\/company\/fabricair-a-s\/","https:\/\/www.youtube.com\/user\/FabricAir"]}]}},"_links":{"self":[{"href":"https:\/\/www.fabricair.com\/tr\/wp-json\/wp\/v2\/pages\/2771","targetHints":{"allow":["GET"]}}],"collection":[{"href":"https:\/\/www.fabricair.com\/tr\/wp-json\/wp\/v2\/pages"}],"about":[{"href":"https:\/\/www.fabricair.com\/tr\/wp-json\/wp\/v2\/types\/page"}],"author":[{"embeddable":true,"href":"https:\/\/www.fabricair.com\/tr\/wp-json\/wp\/v2\/users\/1"}],"replies":[{"embeddable":true,"href":"https:\/\/www.fabricair.com\/tr\/wp-json\/wp\/v2\/comments?post=2771"}],"version-history":[{"count":18,"href":"https:\/\/www.fabricair.com\/tr\/wp-json\/wp\/v2\/pages\/2771\/revisions"}],"predecessor-version":[{"id":10244,"href":"https:\/\/www.fabricair.com\/tr\/wp-json\/wp\/v2\/pages\/2771\/revisions\/10244"}],"wp:featuredmedia":[{"embeddable":true,"href":"https:\/\/www.fabricair.com\/tr\/wp-json\/wp\/v2\/media\/6166"}],"wp:attachment":[{"href":"https:\/\/www.fabricair.com\/tr\/wp-json\/wp\/v2\/media?parent=2771"}],"curies":[{"name":"wp","href":"https:\/\/api.w.org\/{rel}","templated":true}]}}