{"id":3007,"date":"2022-03-30T12:14:07","date_gmt":"2022-03-30T12:14:07","guid":{"rendered":"https:\/\/fabricair.com\/tr\/?page_id=3007"},"modified":"2026-01-21T11:11:26","modified_gmt":"2026-01-21T08:11:26","slug":"crh-fuari-cin-2021","status":"publish","type":"page","link":"https:\/\/www.fabricair.com\/tr\/galeri\/etkinlik-galerisi\/crh-fuari-cin-2021\/","title":{"rendered":"CRH Fuar\u0131, \u00c7in, 2021"},"content":{"rendered":"<p>CRH Fuar\u0131, \u00c7in, 2021<\/p>\n","protected":false},"excerpt":{"rendered":"<p>CRH Fuar\u0131, \u00c7in, 2021<\/p>\n","protected":false},"author":1,"featured_media":3012,"parent":2916,"menu_order":15,"comment_status":"closed","ping_status":"closed","template":"page-gallery.php","meta":{"_acf_changed":false,"inline_featured_image":false,"footnotes":""},"class_list":["post-3007","page","type-page","status-publish","has-post-thumbnail","hentry"],"acf":[],"yoast_head":"<!-- This site is optimized with the Yoast SEO plugin v27.3 - https:\/\/yoast.com\/product\/yoast-seo-wordpress\/ -->\n<title>CRH Fuar\u0131, \u00c7in, 2021 | FabricAir Kuma\u015f Hava Kanallar\u0131<\/title>\n<meta name=\"description\" content=\"K\u00fcresel bir kuma\u015f bazl\u0131 hava da\u011f\u0131t\u0131m \u00e7\u00f6z\u00fcmleri \u00fcreticisi olan FabricAir, \u00c7in&#039;de CHR Fuar\u0131&#039;na kat\u0131larak kuma\u015f hava kanal\u0131 \u00e7\u00f6z\u00fcmlerini sundu.\" \/>\n<meta name=\"robots\" content=\"noindex, follow\" \/>\n<meta property=\"og:locale\" content=\"en_US\" \/>\n<meta property=\"og:type\" content=\"article\" \/>\n<meta property=\"og:title\" content=\"CRH Fuar\u0131, \u00c7in, 2021 - FabricAir Kuma\u015f Hava Kanallar\u0131\" \/>\n<meta property=\"og:description\" content=\"K\u00fcresel bir kuma\u015f bazl\u0131 hava da\u011f\u0131t\u0131m \u00e7\u00f6z\u00fcmleri \u00fcreticisi olan FabricAir, \u00c7in&#039;de CHR Fuar\u0131&#039;na kat\u0131larak kuma\u015f hava kanal\u0131 \u00e7\u00f6z\u00fcmlerini sundu.\" \/>\n<meta property=\"og:url\" content=\"https:\/\/www.fabricair.com\/tr\/galeri\/etkinlik-galerisi\/crh-fuari-cin-2021\/\" \/>\n<meta property=\"og:site_name\" content=\"FabricAir Kuma\u015f Hava Kanallar\u0131\" \/>\n<meta property=\"article:publisher\" content=\"https:\/\/www.facebook.com\/FabricAir.Turkey\/?locale=tr_TR\" \/>\n<meta property=\"article:modified_time\" content=\"2026-01-21T08:11:26+00:00\" \/>\n<meta property=\"og:image\" content=\"https:\/\/www.fabricair.com\/tr\/wp-content\/uploads\/sites\/24\/2022\/03\/FabricAir_CRH_China_3-1024x768.jpg\" \/>\n\t<meta property=\"og:image:width\" content=\"1024\" \/>\n\t<meta property=\"og:image:height\" content=\"768\" \/>\n\t<meta property=\"og:image:type\" content=\"image\/jpeg\" \/>\n<meta name=\"twitter:card\" content=\"summary_large_image\" \/>\n<meta name=\"twitter:site\" content=\"@FabricAir\" \/>\n<meta name=\"twitter:label1\" content=\"Est. reading time\" \/>\n\t<meta name=\"twitter:data1\" content=\"1 minute\" \/>\n<script type=\"application\/ld+json\" class=\"yoast-schema-graph\">{\"@context\":\"https:\\\/\\\/schema.org\",\"@graph\":[{\"@type\":\"WebPage\",\"@id\":\"https:\\\/\\\/www.fabricair.com\\\/tr\\\/galeri\\\/etkinlik-galerisi\\\/crh-fuari-cin-2021\\\/\",\"url\":\"https:\\\/\\\/www.fabricair.com\\\/tr\\\/galeri\\\/etkinlik-galerisi\\\/crh-fuari-cin-2021\\\/\",\"name\":\"CRH Fuar\u0131, \u00c7in, 2021 - FabricAir Kuma\u015f Hava Kanallar\u0131\",\"isPartOf\":{\"@id\":\"https:\\\/\\\/www.fabricair.com\\\/tr\\\/#website\"},\"primaryImageOfPage\":{\"@id\":\"https:\\\/\\\/www.fabricair.com\\\/tr\\\/galeri\\\/etkinlik-galerisi\\\/crh-fuari-cin-2021\\\/#primaryimage\"},\"image\":{\"@id\":\"https:\\\/\\\/www.fabricair.com\\\/tr\\\/galeri\\\/etkinlik-galerisi\\\/crh-fuari-cin-2021\\\/#primaryimage\"},\"thumbnailUrl\":\"https:\\\/\\\/www.fabricair.com\\\/tr\\\/wp-content\\\/uploads\\\/sites\\\/24\\\/2022\\\/03\\\/FabricAir_CRH_China_3.jpg\",\"datePublished\":\"2022-03-30T12:14:07+00:00\",\"dateModified\":\"2026-01-21T08:11:26+00:00\",\"description\":\"K\u00fcresel bir kuma\u015f bazl\u0131 hava da\u011f\u0131t\u0131m \u00e7\u00f6z\u00fcmleri \u00fcreticisi olan FabricAir, \u00c7in'de CHR Fuar\u0131'na kat\u0131larak kuma\u015f hava kanal\u0131 \u00e7\u00f6z\u00fcmlerini sundu.\",\"breadcrumb\":{\"@id\":\"https:\\\/\\\/www.fabricair.com\\\/tr\\\/galeri\\\/etkinlik-galerisi\\\/crh-fuari-cin-2021\\\/#breadcrumb\"},\"inLanguage\":\"en-US\",\"potentialAction\":[{\"@type\":\"ReadAction\",\"target\":[\"https:\\\/\\\/www.fabricair.com\\\/tr\\\/galeri\\\/etkinlik-galerisi\\\/crh-fuari-cin-2021\\\/\"]}]},{\"@type\":\"ImageObject\",\"inLanguage\":\"en-US\",\"@id\":\"https:\\\/\\\/www.fabricair.com\\\/tr\\\/galeri\\\/etkinlik-galerisi\\\/crh-fuari-cin-2021\\\/#primaryimage\",\"url\":\"https:\\\/\\\/www.fabricair.com\\\/tr\\\/wp-content\\\/uploads\\\/sites\\\/24\\\/2022\\\/03\\\/FabricAir_CRH_China_3.jpg\",\"contentUrl\":\"https:\\\/\\\/www.fabricair.com\\\/tr\\\/wp-content\\\/uploads\\\/sites\\\/24\\\/2022\\\/03\\\/FabricAir_CRH_China_3.jpg\",\"width\":2000,\"height\":1500},{\"@type\":\"BreadcrumbList\",\"@id\":\"https:\\\/\\\/www.fabricair.com\\\/tr\\\/galeri\\\/etkinlik-galerisi\\\/crh-fuari-cin-2021\\\/#breadcrumb\",\"itemListElement\":[{\"@type\":\"ListItem\",\"position\":1,\"name\":\"Home\",\"item\":\"https:\\\/\\\/www.fabricair.com\\\/tr\\\/\"},{\"@type\":\"ListItem\",\"position\":2,\"name\":\"Galeri\",\"item\":\"https:\\\/\\\/www.fabricair.com\\\/tr\\\/galeri\\\/\"},{\"@type\":\"ListItem\",\"position\":3,\"name\":\"Etkinlik Galerisi\",\"item\":\"https:\\\/\\\/www.fabricair.com\\\/tr\\\/galeri\\\/etkinlik-galerisi\\\/\"},{\"@type\":\"ListItem\",\"position\":4,\"name\":\"CRH Fuar\u0131, \u00c7in, 2021\"}]},{\"@type\":\"WebSite\",\"@id\":\"https:\\\/\\\/www.fabricair.com\\\/tr\\\/#website\",\"url\":\"https:\\\/\\\/www.fabricair.com\\\/tr\\\/\",\"name\":\"FabricAir Kuma\u015f Hava Kanallar\u0131\",\"description\":\"\",\"publisher\":{\"@id\":\"https:\\\/\\\/www.fabricair.com\\\/tr\\\/#organization\"},\"alternateName\":\"Tekstil Hava Kanallar\u0131 - Hava \u00c7oraplar\u0131\",\"potentialAction\":[{\"@type\":\"SearchAction\",\"target\":{\"@type\":\"EntryPoint\",\"urlTemplate\":\"https:\\\/\\\/www.fabricair.com\\\/tr\\\/?s={search_term_string}\"},\"query-input\":{\"@type\":\"PropertyValueSpecification\",\"valueRequired\":true,\"valueName\":\"search_term_string\"}}],\"inLanguage\":\"en-US\"},{\"@type\":\"Organization\",\"@id\":\"https:\\\/\\\/www.fabricair.com\\\/tr\\\/#organization\",\"name\":\"FabricAir\",\"url\":\"https:\\\/\\\/www.fabricair.com\\\/tr\\\/\",\"logo\":{\"@type\":\"ImageObject\",\"inLanguage\":\"en-US\",\"@id\":\"https:\\\/\\\/www.fabricair.com\\\/tr\\\/#\\\/schema\\\/logo\\\/image\\\/\",\"url\":\"https:\\\/\\\/www.fabricair.com\\\/tr\\\/wp-content\\\/uploads\\\/sites\\\/24\\\/2022\\\/02\\\/logo-footer.svg\",\"contentUrl\":\"https:\\\/\\\/www.fabricair.com\\\/tr\\\/wp-content\\\/uploads\\\/sites\\\/24\\\/2022\\\/02\\\/logo-footer.svg\",\"width\":126,\"height\":24,\"caption\":\"FabricAir\"},\"image\":{\"@id\":\"https:\\\/\\\/www.fabricair.com\\\/tr\\\/#\\\/schema\\\/logo\\\/image\\\/\"},\"sameAs\":[\"https:\\\/\\\/www.facebook.com\\\/FabricAir.Turkey\\\/?locale=tr_TR\",\"https:\\\/\\\/x.com\\\/FabricAir\",\"https:\\\/\\\/www.linkedin.com\\\/company\\\/fabricair-a-s\\\/\",\"https:\\\/\\\/www.youtube.com\\\/user\\\/FabricAir\"]}]}<\/script>\n<!-- \/ Yoast SEO plugin. -->","yoast_head_json":{"title":"CRH Fuar\u0131, \u00c7in, 2021 | FabricAir Kuma\u015f Hava Kanallar\u0131","description":"K\u00fcresel bir kuma\u015f bazl\u0131 hava da\u011f\u0131t\u0131m \u00e7\u00f6z\u00fcmleri \u00fcreticisi olan FabricAir, \u00c7in'de CHR Fuar\u0131'na kat\u0131larak kuma\u015f hava kanal\u0131 \u00e7\u00f6z\u00fcmlerini sundu.","robots":{"index":"noindex","follow":"follow"},"og_locale":"en_US","og_type":"article","og_title":"CRH Fuar\u0131, \u00c7in, 2021 - FabricAir Kuma\u015f Hava Kanallar\u0131","og_description":"K\u00fcresel bir kuma\u015f bazl\u0131 hava da\u011f\u0131t\u0131m \u00e7\u00f6z\u00fcmleri \u00fcreticisi olan FabricAir, \u00c7in'de CHR Fuar\u0131'na kat\u0131larak kuma\u015f hava kanal\u0131 \u00e7\u00f6z\u00fcmlerini sundu.","og_url":"https:\/\/www.fabricair.com\/tr\/galeri\/etkinlik-galerisi\/crh-fuari-cin-2021\/","og_site_name":"FabricAir Kuma\u015f Hava Kanallar\u0131","article_publisher":"https:\/\/www.facebook.com\/FabricAir.Turkey\/?locale=tr_TR","article_modified_time":"2026-01-21T08:11:26+00:00","og_image":[{"width":1024,"height":768,"url":"https:\/\/www.fabricair.com\/tr\/wp-content\/uploads\/sites\/24\/2022\/03\/FabricAir_CRH_China_3-1024x768.jpg","type":"image\/jpeg"}],"twitter_card":"summary_large_image","twitter_site":"@FabricAir","twitter_misc":{"Est. reading time":"1 minute"},"schema":{"@context":"https:\/\/schema.org","@graph":[{"@type":"WebPage","@id":"https:\/\/www.fabricair.com\/tr\/galeri\/etkinlik-galerisi\/crh-fuari-cin-2021\/","url":"https:\/\/www.fabricair.com\/tr\/galeri\/etkinlik-galerisi\/crh-fuari-cin-2021\/","name":"CRH Fuar\u0131, \u00c7in, 2021 - FabricAir Kuma\u015f Hava Kanallar\u0131","isPartOf":{"@id":"https:\/\/www.fabricair.com\/tr\/#website"},"primaryImageOfPage":{"@id":"https:\/\/www.fabricair.com\/tr\/galeri\/etkinlik-galerisi\/crh-fuari-cin-2021\/#primaryimage"},"image":{"@id":"https:\/\/www.fabricair.com\/tr\/galeri\/etkinlik-galerisi\/crh-fuari-cin-2021\/#primaryimage"},"thumbnailUrl":"https:\/\/www.fabricair.com\/tr\/wp-content\/uploads\/sites\/24\/2022\/03\/FabricAir_CRH_China_3.jpg","datePublished":"2022-03-30T12:14:07+00:00","dateModified":"2026-01-21T08:11:26+00:00","description":"K\u00fcresel bir kuma\u015f bazl\u0131 hava da\u011f\u0131t\u0131m \u00e7\u00f6z\u00fcmleri \u00fcreticisi olan FabricAir, \u00c7in'de CHR Fuar\u0131'na kat\u0131larak kuma\u015f hava kanal\u0131 \u00e7\u00f6z\u00fcmlerini sundu.","breadcrumb":{"@id":"https:\/\/www.fabricair.com\/tr\/galeri\/etkinlik-galerisi\/crh-fuari-cin-2021\/#breadcrumb"},"inLanguage":"en-US","potentialAction":[{"@type":"ReadAction","target":["https:\/\/www.fabricair.com\/tr\/galeri\/etkinlik-galerisi\/crh-fuari-cin-2021\/"]}]},{"@type":"ImageObject","inLanguage":"en-US","@id":"https:\/\/www.fabricair.com\/tr\/galeri\/etkinlik-galerisi\/crh-fuari-cin-2021\/#primaryimage","url":"https:\/\/www.fabricair.com\/tr\/wp-content\/uploads\/sites\/24\/2022\/03\/FabricAir_CRH_China_3.jpg","contentUrl":"https:\/\/www.fabricair.com\/tr\/wp-content\/uploads\/sites\/24\/2022\/03\/FabricAir_CRH_China_3.jpg","width":2000,"height":1500},{"@type":"BreadcrumbList","@id":"https:\/\/www.fabricair.com\/tr\/galeri\/etkinlik-galerisi\/crh-fuari-cin-2021\/#breadcrumb","itemListElement":[{"@type":"ListItem","position":1,"name":"Home","item":"https:\/\/www.fabricair.com\/tr\/"},{"@type":"ListItem","position":2,"name":"Galeri","item":"https:\/\/www.fabricair.com\/tr\/galeri\/"},{"@type":"ListItem","position":3,"name":"Etkinlik Galerisi","item":"https:\/\/www.fabricair.com\/tr\/galeri\/etkinlik-galerisi\/"},{"@type":"ListItem","position":4,"name":"CRH Fuar\u0131, \u00c7in, 2021"}]},{"@type":"WebSite","@id":"https:\/\/www.fabricair.com\/tr\/#website","url":"https:\/\/www.fabricair.com\/tr\/","name":"FabricAir Kuma\u015f Hava Kanallar\u0131","description":"","publisher":{"@id":"https:\/\/www.fabricair.com\/tr\/#organization"},"alternateName":"Tekstil Hava Kanallar\u0131 - Hava \u00c7oraplar\u0131","potentialAction":[{"@type":"SearchAction","target":{"@type":"EntryPoint","urlTemplate":"https:\/\/www.fabricair.com\/tr\/?s={search_term_string}"},"query-input":{"@type":"PropertyValueSpecification","valueRequired":true,"valueName":"search_term_string"}}],"inLanguage":"en-US"},{"@type":"Organization","@id":"https:\/\/www.fabricair.com\/tr\/#organization","name":"FabricAir","url":"https:\/\/www.fabricair.com\/tr\/","logo":{"@type":"ImageObject","inLanguage":"en-US","@id":"https:\/\/www.fabricair.com\/tr\/#\/schema\/logo\/image\/","url":"https:\/\/www.fabricair.com\/tr\/wp-content\/uploads\/sites\/24\/2022\/02\/logo-footer.svg","contentUrl":"https:\/\/www.fabricair.com\/tr\/wp-content\/uploads\/sites\/24\/2022\/02\/logo-footer.svg","width":126,"height":24,"caption":"FabricAir"},"image":{"@id":"https:\/\/www.fabricair.com\/tr\/#\/schema\/logo\/image\/"},"sameAs":["https:\/\/www.facebook.com\/FabricAir.Turkey\/?locale=tr_TR","https:\/\/x.com\/FabricAir","https:\/\/www.linkedin.com\/company\/fabricair-a-s\/","https:\/\/www.youtube.com\/user\/FabricAir"]}]}},"_links":{"self":[{"href":"https:\/\/www.fabricair.com\/tr\/wp-json\/wp\/v2\/pages\/3007","targetHints":{"allow":["GET"]}}],"collection":[{"href":"https:\/\/www.fabricair.com\/tr\/wp-json\/wp\/v2\/pages"}],"about":[{"href":"https:\/\/www.fabricair.com\/tr\/wp-json\/wp\/v2\/types\/page"}],"author":[{"embeddable":true,"href":"https:\/\/www.fabricair.com\/tr\/wp-json\/wp\/v2\/users\/1"}],"replies":[{"embeddable":true,"href":"https:\/\/www.fabricair.com\/tr\/wp-json\/wp\/v2\/comments?post=3007"}],"version-history":[{"count":6,"href":"https:\/\/www.fabricair.com\/tr\/wp-json\/wp\/v2\/pages\/3007\/revisions"}],"predecessor-version":[{"id":7157,"href":"https:\/\/www.fabricair.com\/tr\/wp-json\/wp\/v2\/pages\/3007\/revisions\/7157"}],"up":[{"embeddable":true,"href":"https:\/\/www.fabricair.com\/tr\/wp-json\/wp\/v2\/pages\/2916"}],"wp:featuredmedia":[{"embeddable":true,"href":"https:\/\/www.fabricair.com\/tr\/wp-json\/wp\/v2\/media\/3012"}],"wp:attachment":[{"href":"https:\/\/www.fabricair.com\/tr\/wp-json\/wp\/v2\/media?parent=3007"}],"curies":[{"name":"wp","href":"https:\/\/api.w.org\/{rel}","templated":true}]}}