{"id":3055,"date":"2022-03-30T12:52:47","date_gmt":"2022-03-30T12:52:47","guid":{"rendered":"https:\/\/fabricair.com\/tr\/?page_id=3055"},"modified":"2023-05-12T12:01:41","modified_gmt":"2023-05-12T09:01:41","slug":"montaj-videolari","status":"publish","type":"page","link":"https:\/\/www.fabricair.com\/tr\/galeri\/videolar\/montaj-videolari\/","title":{"rendered":"Montaj Videolar\u0131"},"content":{"rendered":"<p>Montaj Videolar\u0131<\/p>\n","protected":false},"excerpt":{"rendered":"<p>Montaj Videolar\u0131<\/p>\n","protected":false},"author":1,"featured_media":5904,"parent":2925,"menu_order":10,"comment_status":"closed","ping_status":"closed","template":"page-gallery.php","meta":{"_acf_changed":false,"inline_featured_image":false,"footnotes":""},"class_list":["post-3055","page","type-page","status-publish","has-post-thumbnail","hentry"],"acf":[],"yoast_head":"<!-- This site is optimized with the Yoast SEO plugin v27.3 - https:\/\/yoast.com\/product\/yoast-seo-wordpress\/ -->\n<title>Montaj Videolar\u0131 | FabricAir Kuma\u015f Hava Kanallar\u0131<\/title>\n<meta name=\"description\" content=\"Montaj Videolar\u0131. Kuma\u015f hava kanallar\u0131 montaj videolar\u0131m\u0131za bu sayfadan ula\u015fabilirsiniz.\" \/>\n<meta name=\"robots\" content=\"index, follow, max-snippet:-1, max-image-preview:large, max-video-preview:-1\" \/>\n<link rel=\"canonical\" href=\"https:\/\/www.fabricair.com\/tr\/wp-json\/wp\/v2\/pages\/3055\/\" \/>\n<meta property=\"og:locale\" content=\"en_US\" \/>\n<meta property=\"og:type\" content=\"article\" \/>\n<meta property=\"og:title\" content=\"Montaj Videolar\u0131 - FabricAir Kuma\u015f Hava Kanallar\u0131\" \/>\n<meta property=\"og:description\" content=\"Montaj Videolar\u0131. Kuma\u015f hava kanallar\u0131 montaj videolar\u0131m\u0131za bu sayfadan ula\u015fabilirsiniz.\" \/>\n<meta property=\"og:url\" content=\"https:\/\/www.fabricair.com\/tr\/galeri\/videolar\/montaj-videolari\/\" \/>\n<meta property=\"og:site_name\" content=\"FabricAir Kuma\u015f Hava Kanallar\u0131\" \/>\n<meta property=\"article:publisher\" content=\"https:\/\/www.facebook.com\/FabricAir.Turkey\/?locale=tr_TR\" \/>\n<meta property=\"article:modified_time\" content=\"2023-05-12T09:01:41+00:00\" \/>\n<meta property=\"og:image\" content=\"https:\/\/www.fabricair.com\/tr\/wp-content\/uploads\/sites\/24\/2022\/04\/T-Rail-36SS_explode-1.jpg\" \/>\n\t<meta property=\"og:image:width\" content=\"2304\" \/>\n\t<meta property=\"og:image:height\" content=\"1536\" \/>\n\t<meta property=\"og:image:type\" content=\"image\/jpeg\" \/>\n<meta name=\"twitter:card\" content=\"summary_large_image\" \/>\n<meta name=\"twitter:site\" content=\"@FabricAir\" \/>\n<meta name=\"twitter:label1\" content=\"Est. reading time\" \/>\n\t<meta name=\"twitter:data1\" content=\"1 minute\" \/>\n<script type=\"application\/ld+json\" class=\"yoast-schema-graph\">{\"@context\":\"https:\\\/\\\/schema.org\",\"@graph\":[{\"@type\":\"WebPage\",\"@id\":\"https:\\\/\\\/www.fabricair.com\\\/tr\\\/galeri\\\/videolar\\\/montaj-videolari\\\/\",\"url\":\"https:\\\/\\\/www.fabricair.com\\\/tr\\\/galeri\\\/videolar\\\/montaj-videolari\\\/\",\"name\":\"Montaj Videolar\u0131 - FabricAir Kuma\u015f Hava Kanallar\u0131\",\"isPartOf\":{\"@id\":\"https:\\\/\\\/www.fabricair.com\\\/tr\\\/#website\"},\"primaryImageOfPage\":{\"@id\":\"https:\\\/\\\/www.fabricair.com\\\/tr\\\/galeri\\\/videolar\\\/montaj-videolari\\\/#primaryimage\"},\"image\":{\"@id\":\"https:\\\/\\\/www.fabricair.com\\\/tr\\\/galeri\\\/videolar\\\/montaj-videolari\\\/#primaryimage\"},\"thumbnailUrl\":\"https:\\\/\\\/www.fabricair.com\\\/tr\\\/wp-content\\\/uploads\\\/sites\\\/24\\\/2022\\\/04\\\/T-Rail-36SS_explode-1.jpg\",\"datePublished\":\"2022-03-30T12:52:47+00:00\",\"dateModified\":\"2023-05-12T09:01:41+00:00\",\"description\":\"Montaj Videolar\u0131. Kuma\u015f hava kanallar\u0131 montaj videolar\u0131m\u0131za bu sayfadan ula\u015fabilirsiniz.\",\"breadcrumb\":{\"@id\":\"https:\\\/\\\/www.fabricair.com\\\/tr\\\/galeri\\\/videolar\\\/montaj-videolari\\\/#breadcrumb\"},\"inLanguage\":\"en-US\",\"potentialAction\":[{\"@type\":\"ReadAction\",\"target\":[\"https:\\\/\\\/www.fabricair.com\\\/tr\\\/galeri\\\/videolar\\\/montaj-videolari\\\/\"]}]},{\"@type\":\"ImageObject\",\"inLanguage\":\"en-US\",\"@id\":\"https:\\\/\\\/www.fabricair.com\\\/tr\\\/galeri\\\/videolar\\\/montaj-videolari\\\/#primaryimage\",\"url\":\"https:\\\/\\\/www.fabricair.com\\\/tr\\\/wp-content\\\/uploads\\\/sites\\\/24\\\/2022\\\/04\\\/T-Rail-36SS_explode-1.jpg\",\"contentUrl\":\"https:\\\/\\\/www.fabricair.com\\\/tr\\\/wp-content\\\/uploads\\\/sites\\\/24\\\/2022\\\/04\\\/T-Rail-36SS_explode-1.jpg\",\"width\":2304,\"height\":1536},{\"@type\":\"BreadcrumbList\",\"@id\":\"https:\\\/\\\/www.fabricair.com\\\/tr\\\/galeri\\\/videolar\\\/montaj-videolari\\\/#breadcrumb\",\"itemListElement\":[{\"@type\":\"ListItem\",\"position\":1,\"name\":\"Home\",\"item\":\"https:\\\/\\\/www.fabricair.com\\\/tr\\\/\"},{\"@type\":\"ListItem\",\"position\":2,\"name\":\"Galeri\",\"item\":\"https:\\\/\\\/www.fabricair.com\\\/tr\\\/galeri\\\/\"},{\"@type\":\"ListItem\",\"position\":3,\"name\":\"Videolar\",\"item\":\"https:\\\/\\\/www.fabricair.com\\\/tr\\\/galeri\\\/videolar\\\/\"},{\"@type\":\"ListItem\",\"position\":4,\"name\":\"Montaj Videolar\u0131\"}]},{\"@type\":\"WebSite\",\"@id\":\"https:\\\/\\\/www.fabricair.com\\\/tr\\\/#website\",\"url\":\"https:\\\/\\\/www.fabricair.com\\\/tr\\\/\",\"name\":\"FabricAir Kuma\u015f Hava Kanallar\u0131\",\"description\":\"\",\"publisher\":{\"@id\":\"https:\\\/\\\/www.fabricair.com\\\/tr\\\/#organization\"},\"alternateName\":\"Tekstil Hava Kanallar\u0131 - Hava \u00c7oraplar\u0131\",\"potentialAction\":[{\"@type\":\"SearchAction\",\"target\":{\"@type\":\"EntryPoint\",\"urlTemplate\":\"https:\\\/\\\/www.fabricair.com\\\/tr\\\/?s={search_term_string}\"},\"query-input\":{\"@type\":\"PropertyValueSpecification\",\"valueRequired\":true,\"valueName\":\"search_term_string\"}}],\"inLanguage\":\"en-US\"},{\"@type\":\"Organization\",\"@id\":\"https:\\\/\\\/www.fabricair.com\\\/tr\\\/#organization\",\"name\":\"FabricAir\",\"url\":\"https:\\\/\\\/www.fabricair.com\\\/tr\\\/\",\"logo\":{\"@type\":\"ImageObject\",\"inLanguage\":\"en-US\",\"@id\":\"https:\\\/\\\/www.fabricair.com\\\/tr\\\/#\\\/schema\\\/logo\\\/image\\\/\",\"url\":\"https:\\\/\\\/www.fabricair.com\\\/tr\\\/wp-content\\\/uploads\\\/sites\\\/24\\\/2022\\\/02\\\/logo-footer.svg\",\"contentUrl\":\"https:\\\/\\\/www.fabricair.com\\\/tr\\\/wp-content\\\/uploads\\\/sites\\\/24\\\/2022\\\/02\\\/logo-footer.svg\",\"width\":126,\"height\":24,\"caption\":\"FabricAir\"},\"image\":{\"@id\":\"https:\\\/\\\/www.fabricair.com\\\/tr\\\/#\\\/schema\\\/logo\\\/image\\\/\"},\"sameAs\":[\"https:\\\/\\\/www.facebook.com\\\/FabricAir.Turkey\\\/?locale=tr_TR\",\"https:\\\/\\\/x.com\\\/FabricAir\",\"https:\\\/\\\/www.linkedin.com\\\/company\\\/fabricair-a-s\\\/\",\"https:\\\/\\\/www.youtube.com\\\/user\\\/FabricAir\"]}]}<\/script>\n<!-- \/ Yoast SEO plugin. -->","yoast_head_json":{"title":"Montaj Videolar\u0131 | FabricAir Kuma\u015f Hava Kanallar\u0131","description":"Montaj Videolar\u0131. Kuma\u015f hava kanallar\u0131 montaj videolar\u0131m\u0131za bu sayfadan ula\u015fabilirsiniz.","robots":{"index":"index","follow":"follow","max-snippet":"max-snippet:-1","max-image-preview":"max-image-preview:large","max-video-preview":"max-video-preview:-1"},"canonical":"https:\/\/www.fabricair.com\/tr\/wp-json\/wp\/v2\/pages\/3055\/","og_locale":"en_US","og_type":"article","og_title":"Montaj Videolar\u0131 - FabricAir Kuma\u015f Hava Kanallar\u0131","og_description":"Montaj Videolar\u0131. Kuma\u015f hava kanallar\u0131 montaj videolar\u0131m\u0131za bu sayfadan ula\u015fabilirsiniz.","og_url":"https:\/\/www.fabricair.com\/tr\/galeri\/videolar\/montaj-videolari\/","og_site_name":"FabricAir Kuma\u015f Hava Kanallar\u0131","article_publisher":"https:\/\/www.facebook.com\/FabricAir.Turkey\/?locale=tr_TR","article_modified_time":"2023-05-12T09:01:41+00:00","og_image":[{"width":2304,"height":1536,"url":"https:\/\/www.fabricair.com\/tr\/wp-content\/uploads\/sites\/24\/2022\/04\/T-Rail-36SS_explode-1.jpg","type":"image\/jpeg"}],"twitter_card":"summary_large_image","twitter_site":"@FabricAir","twitter_misc":{"Est. reading time":"1 minute"},"schema":{"@context":"https:\/\/schema.org","@graph":[{"@type":"WebPage","@id":"https:\/\/www.fabricair.com\/tr\/galeri\/videolar\/montaj-videolari\/","url":"https:\/\/www.fabricair.com\/tr\/galeri\/videolar\/montaj-videolari\/","name":"Montaj Videolar\u0131 - FabricAir Kuma\u015f Hava Kanallar\u0131","isPartOf":{"@id":"https:\/\/www.fabricair.com\/tr\/#website"},"primaryImageOfPage":{"@id":"https:\/\/www.fabricair.com\/tr\/galeri\/videolar\/montaj-videolari\/#primaryimage"},"image":{"@id":"https:\/\/www.fabricair.com\/tr\/galeri\/videolar\/montaj-videolari\/#primaryimage"},"thumbnailUrl":"https:\/\/www.fabricair.com\/tr\/wp-content\/uploads\/sites\/24\/2022\/04\/T-Rail-36SS_explode-1.jpg","datePublished":"2022-03-30T12:52:47+00:00","dateModified":"2023-05-12T09:01:41+00:00","description":"Montaj Videolar\u0131. Kuma\u015f hava kanallar\u0131 montaj videolar\u0131m\u0131za bu sayfadan ula\u015fabilirsiniz.","breadcrumb":{"@id":"https:\/\/www.fabricair.com\/tr\/galeri\/videolar\/montaj-videolari\/#breadcrumb"},"inLanguage":"en-US","potentialAction":[{"@type":"ReadAction","target":["https:\/\/www.fabricair.com\/tr\/galeri\/videolar\/montaj-videolari\/"]}]},{"@type":"ImageObject","inLanguage":"en-US","@id":"https:\/\/www.fabricair.com\/tr\/galeri\/videolar\/montaj-videolari\/#primaryimage","url":"https:\/\/www.fabricair.com\/tr\/wp-content\/uploads\/sites\/24\/2022\/04\/T-Rail-36SS_explode-1.jpg","contentUrl":"https:\/\/www.fabricair.com\/tr\/wp-content\/uploads\/sites\/24\/2022\/04\/T-Rail-36SS_explode-1.jpg","width":2304,"height":1536},{"@type":"BreadcrumbList","@id":"https:\/\/www.fabricair.com\/tr\/galeri\/videolar\/montaj-videolari\/#breadcrumb","itemListElement":[{"@type":"ListItem","position":1,"name":"Home","item":"https:\/\/www.fabricair.com\/tr\/"},{"@type":"ListItem","position":2,"name":"Galeri","item":"https:\/\/www.fabricair.com\/tr\/galeri\/"},{"@type":"ListItem","position":3,"name":"Videolar","item":"https:\/\/www.fabricair.com\/tr\/galeri\/videolar\/"},{"@type":"ListItem","position":4,"name":"Montaj Videolar\u0131"}]},{"@type":"WebSite","@id":"https:\/\/www.fabricair.com\/tr\/#website","url":"https:\/\/www.fabricair.com\/tr\/","name":"FabricAir Kuma\u015f Hava Kanallar\u0131","description":"","publisher":{"@id":"https:\/\/www.fabricair.com\/tr\/#organization"},"alternateName":"Tekstil Hava Kanallar\u0131 - Hava \u00c7oraplar\u0131","potentialAction":[{"@type":"SearchAction","target":{"@type":"EntryPoint","urlTemplate":"https:\/\/www.fabricair.com\/tr\/?s={search_term_string}"},"query-input":{"@type":"PropertyValueSpecification","valueRequired":true,"valueName":"search_term_string"}}],"inLanguage":"en-US"},{"@type":"Organization","@id":"https:\/\/www.fabricair.com\/tr\/#organization","name":"FabricAir","url":"https:\/\/www.fabricair.com\/tr\/","logo":{"@type":"ImageObject","inLanguage":"en-US","@id":"https:\/\/www.fabricair.com\/tr\/#\/schema\/logo\/image\/","url":"https:\/\/www.fabricair.com\/tr\/wp-content\/uploads\/sites\/24\/2022\/02\/logo-footer.svg","contentUrl":"https:\/\/www.fabricair.com\/tr\/wp-content\/uploads\/sites\/24\/2022\/02\/logo-footer.svg","width":126,"height":24,"caption":"FabricAir"},"image":{"@id":"https:\/\/www.fabricair.com\/tr\/#\/schema\/logo\/image\/"},"sameAs":["https:\/\/www.facebook.com\/FabricAir.Turkey\/?locale=tr_TR","https:\/\/x.com\/FabricAir","https:\/\/www.linkedin.com\/company\/fabricair-a-s\/","https:\/\/www.youtube.com\/user\/FabricAir"]}]}},"_links":{"self":[{"href":"https:\/\/www.fabricair.com\/tr\/wp-json\/wp\/v2\/pages\/3055","targetHints":{"allow":["GET"]}}],"collection":[{"href":"https:\/\/www.fabricair.com\/tr\/wp-json\/wp\/v2\/pages"}],"about":[{"href":"https:\/\/www.fabricair.com\/tr\/wp-json\/wp\/v2\/types\/page"}],"author":[{"embeddable":true,"href":"https:\/\/www.fabricair.com\/tr\/wp-json\/wp\/v2\/users\/1"}],"replies":[{"embeddable":true,"href":"https:\/\/www.fabricair.com\/tr\/wp-json\/wp\/v2\/comments?post=3055"}],"version-history":[{"count":13,"href":"https:\/\/www.fabricair.com\/tr\/wp-json\/wp\/v2\/pages\/3055\/revisions"}],"predecessor-version":[{"id":7672,"href":"https:\/\/www.fabricair.com\/tr\/wp-json\/wp\/v2\/pages\/3055\/revisions\/7672"}],"up":[{"embeddable":true,"href":"https:\/\/www.fabricair.com\/tr\/wp-json\/wp\/v2\/pages\/2925"}],"wp:featuredmedia":[{"embeddable":true,"href":"https:\/\/www.fabricair.com\/tr\/wp-json\/wp\/v2\/media\/5904"}],"wp:attachment":[{"href":"https:\/\/www.fabricair.com\/tr\/wp-json\/wp\/v2\/media?parent=3055"}],"curies":[{"name":"wp","href":"https:\/\/api.w.org\/{rel}","templated":true}]}}