{"id":5,"date":"2022-02-03T09:48:33","date_gmt":"2022-02-03T09:48:33","guid":{"rendered":"https:\/\/fabricair.com\/tr\/?page_id=5"},"modified":"2026-03-10T09:55:15","modified_gmt":"2026-03-10T06:55:15","slug":"fabricair","status":"publish","type":"page","link":"https:\/\/www.fabricair.com\/tr\/","title":{"rendered":"FabricAir"},"content":{"rendered":"<p>FabricAir olarak \u00e7ok \u00e7e\u015fitli uygulamalar i\u00e7in kuma\u015f bazl\u0131 hava da\u011f\u0131t\u0131m tasarl\u0131yor ve \u00fcretiyoruz.<\/p>\n<p>Esnek ve yenilik\u00e7i \u00e7al\u0131\u015fma modelimiz ve organizasyonumuz, s\u00fcrekli olarak yeni pazarlara a\u00e7\u0131lmam\u0131z\u0131 sa\u011fl\u0131yor. K\u00fcresel bir \u015firket olarak yerel \u00e7\u00f6z\u00fcmlere odaklan\u0131yoruz.<\/p>\n<p>T\u00fcm \u00fcretim s\u00fcrecimiz, kendi \u00fcretim tesislerimiz arac\u0131l\u0131\u011f\u0131yla y\u00f6netilmektedir. Bu yakla\u015f\u0131m ile piyasadaki en k\u0131sa teslim s\u00fcresini sunarken, \u00fcr\u00fcn g\u00fcvenli\u011fi, i\u015flevi ve tasar\u0131m\u0131 gereksinimlerinizi kar\u015f\u0131layan \u00fcr\u00fcnleri rekabet\u00e7i bir fiyatla sunmam\u0131z\u0131 sa\u011fl\u0131yor.<\/p>\n<p>1973 y\u0131l\u0131nda Danimarka&#8217;da kurulan FabricAir, 2008 y\u0131l\u0131ndan beri FabricAir Turkey A.\u015e. olarak T\u00fcrkiye&#8217;de faaliyet g\u00f6stermektedir. Piyasada kuma\u015f hava kanal\u0131, tekstil hava kanal\u0131, bez hava kanal\u0131, hava \u00e7orab\u0131 veya hava torbas\u0131 adlar\u0131yla bilinen tekstil bazl\u0131 hava da\u011f\u0131t\u0131m \u00e7\u00f6z\u00fcmlerinin tasar\u0131m, \u00fcretim sat\u0131\u015f ve da\u011f\u0131t\u0131m\u0131 ile ilgili faaliyetlerde bulunuyoruz.<\/p>\n<p>D\u00fcnya genelinde 140&#8217;dan fazla \u00e7al\u0131\u015fan\u0131 olan FabricAir markas\u0131n\u0131n merkezi K\u00f8ge, Danimarka&#8217;d\u0131r. 1973 y\u0131l\u0131nda d\u00fcnyan\u0131n ilk kuma\u015f kanal \u00fcreticisi olarak faaliyete ge\u00e7mi\u015ftir ve tekstil bazl\u0131 hava da\u011f\u0131t\u0131m \u00e7\u00f6z\u00fcmlerini \u0131s\u0131tma, so\u011futma, havaland\u0131rma sekt\u00f6r\u00fcne kazand\u0131rm\u0131\u015ft\u0131r. FabricAir olarak bug\u00fcn bir\u00e7ok \u00fclkede sat\u0131\u015f ofislerimiz ve Alytus, Litvanya&#8217;da bir fabrikam\u0131z bulunmaktad\u0131r. Amac\u0131m\u0131z, kuma\u015f hava da\u011f\u0131t\u0131m sistemleri y\u00fcksek teknoloji \u00fcr\u00fcn\u00fc ve \u00fcst\u00fcn kalitedeki \u00fcr\u00fcnleri sunmakt\u0131r. Bu yolda ilerlerken i\u015fin uzmanlar\u0131yla \u00e7al\u0131\u015f\u0131yoruz ve m\u00fc\u015fterilerimiz i\u00e7in birlikte kolay \u00e7al\u0131\u015fabilece\u011fimiz bir i\u015f orta\u011f\u0131 olmay\u0131 ama\u00e7l\u0131yoruz.<\/p>\n<p>FabricAir yar\u0131m as\u0131rl\u0131k k\u00fcresel bilgi birikimi ve yenilik\u00e7i bak\u0131\u015f a\u00e7\u0131s\u0131yla y\u00fcksek katma de\u011ferli hava da\u011f\u0131t\u0131m sistemleri sunmaya devam etmektedir.<\/p>\n<p>Farkl\u0131 uygulamalara uyarlanabilen ve \u00f6zel ihtiya\u00e7lara, \u00f6zel \u00e7\u00f6z\u00fcmler getiren FabricAir hava da\u011f\u0131t\u0131m sistemleri, \u00a0yo\u011fu\u015fma yapmayan ve pas tutmayan bez hava kanallar\u0131 sayesinde \u00f6zellikle kapal\u0131 y\u00fczme havuzlar\u0131, spor tesisleri ve korozif mekan uygulamalar\u0131nda T\u00fcrkiye\u2019de ve d\u00fcnyada s\u0131kl\u0131kla tercih ediliyor. Sistem ayr\u0131ca TV st\u00fcdyolar\u0131, kafeler ve ofisler i\u00e7in ekonomik, sa\u011fl\u0131kl\u0131 ve konforlu bir ortam sa\u011fl\u0131yor.<\/p>\n<p>Projenize ve tesisinizde kuma\u015f kanal sistemini tercih ederek neler kazanabilece\u011finizi ve uzun vadede ne kadar tasarruf edebilece\u011finizi detaylar\u0131yla \u00f6\u011frenmek ve tasar\u0131m se\u00e7eneklerini ke\u015ffetmek i\u00e7in FabricAir\u2019e ula\u015fabilirsiniz.<\/p>\n<p>\u201c1973&#8217;ten bu yana, teknolojimizi iki basit fikri g\u00f6z \u00f6n\u00fcnde bulundurarak geli\u015ftiriyoruz: Daha iyi ve daha kolay hale getirmek. Sistemlerimizin sipari\u015f a\u015famalar\u0131 ve montaj\u0131 \u00e7ok kolay, bu nedenle m\u00fc\u015fterilerimiz bizimle \u00e7al\u0131\u015fmay\u0131 kolay ve g\u00fcvenli buluyor. \u201d<\/p>\n<p>\u00c7ok y\u00f6nl\u00fc sistem tasar\u0131m\u0131m\u0131z ile spor, end\u00fcstriyel tesisler, ticari i\u015fletmeler, kamusal alanlar, seralar ve spor, e\u011flence tesisleri dahil olmak \u00fczere \u00e7e\u015fitli uygulamalar i\u00e7in tasarlanm\u0131\u015f, terzi usul\u00fc tasarlanan kuma\u015f kanal \u00e7\u00f6z\u00fcmleri sunuyoruz. Uygulama ister izotermal, ister \u0131s\u0131tma, so\u011futma veya bunlar\u0131n bir kombinasyonu olsun, sizin i\u00e7in bir ak\u0131ll\u0131 hava \u00e7\u00f6z\u00fcm\u00fcm\u00fcz var.<\/p>\n","protected":false},"excerpt":{"rendered":"<p>FabricAir olarak \u00e7ok \u00e7e\u015fitli uygulamalar i\u00e7in kuma\u015f bazl\u0131 hava da\u011f\u0131t\u0131m tasarl\u0131yor ve \u00fcretiyoruz. Esnek ve yenilik\u00e7i \u00e7al\u0131\u015fma modelimiz ve organizasyonumuz, s\u00fcrekli olarak yeni pazarlara a\u00e7\u0131lmam\u0131z\u0131 sa\u011fl\u0131yor. K\u00fcresel bir \u015firket olarak yerel \u00e7\u00f6z\u00fcmlere odaklan\u0131yoruz. T\u00fcm \u00fcretim s\u00fcrecimiz, kendi \u00fcretim tesislerimiz arac\u0131l\u0131\u011f\u0131yla y\u00f6netilmektedir. Bu yakla\u015f\u0131m ile piyasadaki en k\u0131sa teslim s\u00fcresini sunarken, \u00fcr\u00fcn g\u00fcvenli\u011fi, i\u015flevi ve tasar\u0131m\u0131 [&hellip;]<\/p>\n","protected":false},"author":1,"featured_media":6336,"parent":0,"menu_order":35,"comment_status":"closed","ping_status":"closed","template":"","meta":{"_acf_changed":false,"inline_featured_image":false,"footnotes":""},"class_list":["post-5","page","type-page","status-publish","has-post-thumbnail","hentry"],"acf":[],"yoast_head":"<!-- This site is optimized with the Yoast SEO plugin v27.3 - https:\/\/yoast.com\/product\/yoast-seo-wordpress\/ -->\n<title>FabricAir | FabricAir Kuma\u015f Hava Kanallar\u0131<\/title>\n<meta name=\"description\" content=\"FabricAir \u00e7ok \u00e7e\u015fitli uygulamalar i\u00e7in kuma\u015f kanal \u00e7\u00f6z\u00fcmleri tasarlar ve \u00fcretir. Piyasadaki en k\u0131sa teslim s\u00fcresini sunuyoruz.\" \/>\n<meta name=\"robots\" content=\"index, follow, max-snippet:-1, max-image-preview:large, max-video-preview:-1\" \/>\n<link rel=\"canonical\" href=\"https:\/\/www.fabricair.com\/tr\/wp-json\/wp\/v2\/pages\/5\/\" \/>\n<meta property=\"og:locale\" content=\"en_US\" \/>\n<meta property=\"og:type\" content=\"article\" \/>\n<meta property=\"og:title\" content=\"FabricAir - FabricAir Kuma\u015f Hava Kanallar\u0131\" \/>\n<meta property=\"og:description\" content=\"FabricAir \u00e7ok \u00e7e\u015fitli uygulamalar i\u00e7in kuma\u015f kanal \u00e7\u00f6z\u00fcmleri tasarlar ve \u00fcretir. Piyasadaki en k\u0131sa teslim s\u00fcresini sunuyoruz.\" \/>\n<meta property=\"og:url\" content=\"https:\/\/www.fabricair.com\/tr\/\" \/>\n<meta property=\"og:site_name\" content=\"FabricAir Kuma\u015f Hava Kanallar\u0131\" \/>\n<meta property=\"article:publisher\" content=\"https:\/\/www.facebook.com\/FabricAir.Turkey\/?locale=tr_TR\" \/>\n<meta property=\"article:modified_time\" content=\"2026-03-10T06:55:15+00:00\" \/>\n<meta property=\"og:image\" content=\"https:\/\/www.fabricair.com\/tr\/wp-content\/uploads\/sites\/24\/2022\/04\/MG_3010_hero2.png\" \/>\n\t<meta property=\"og:image:width\" content=\"1440\" \/>\n\t<meta property=\"og:image:height\" content=\"712\" \/>\n\t<meta property=\"og:image:type\" content=\"image\/png\" \/>\n<meta name=\"twitter:card\" content=\"summary_large_image\" \/>\n<meta name=\"twitter:site\" content=\"@FabricAir\" \/>\n<meta name=\"twitter:label1\" content=\"Est. reading time\" \/>\n\t<meta name=\"twitter:data1\" content=\"2 minutes\" \/>\n<script type=\"application\/ld+json\" class=\"yoast-schema-graph\">{\"@context\":\"https:\\\/\\\/schema.org\",\"@graph\":[{\"@type\":\"WebPage\",\"@id\":\"https:\\\/\\\/www.fabricair.com\\\/tr\\\/\",\"url\":\"https:\\\/\\\/www.fabricair.com\\\/tr\\\/\",\"name\":\"FabricAir - FabricAir Kuma\u015f Hava Kanallar\u0131\",\"isPartOf\":{\"@id\":\"https:\\\/\\\/www.fabricair.com\\\/tr\\\/#website\"},\"primaryImageOfPage\":{\"@id\":\"https:\\\/\\\/www.fabricair.com\\\/tr\\\/#primaryimage\"},\"image\":{\"@id\":\"https:\\\/\\\/www.fabricair.com\\\/tr\\\/#primaryimage\"},\"thumbnailUrl\":\"https:\\\/\\\/www.fabricair.com\\\/tr\\\/wp-content\\\/uploads\\\/sites\\\/24\\\/2022\\\/04\\\/MG_3010_hero2.png\",\"datePublished\":\"2022-02-03T09:48:33+00:00\",\"dateModified\":\"2026-03-10T06:55:15+00:00\",\"description\":\"FabricAir \u00e7ok \u00e7e\u015fitli uygulamalar i\u00e7in kuma\u015f kanal \u00e7\u00f6z\u00fcmleri tasarlar ve \u00fcretir. Piyasadaki en k\u0131sa teslim s\u00fcresini sunuyoruz.\",\"breadcrumb\":{\"@id\":\"https:\\\/\\\/www.fabricair.com\\\/tr\\\/#breadcrumb\"},\"inLanguage\":\"en-US\",\"potentialAction\":[{\"@type\":\"ReadAction\",\"target\":[\"https:\\\/\\\/www.fabricair.com\\\/tr\\\/\"]}]},{\"@type\":\"ImageObject\",\"inLanguage\":\"en-US\",\"@id\":\"https:\\\/\\\/www.fabricair.com\\\/tr\\\/#primaryimage\",\"url\":\"https:\\\/\\\/www.fabricair.com\\\/tr\\\/wp-content\\\/uploads\\\/sites\\\/24\\\/2022\\\/04\\\/MG_3010_hero2.png\",\"contentUrl\":\"https:\\\/\\\/www.fabricair.com\\\/tr\\\/wp-content\\\/uploads\\\/sites\\\/24\\\/2022\\\/04\\\/MG_3010_hero2.png\",\"width\":1440,\"height\":712,\"caption\":\"FabricAir\"},{\"@type\":\"BreadcrumbList\",\"@id\":\"https:\\\/\\\/www.fabricair.com\\\/tr\\\/#breadcrumb\",\"itemListElement\":[{\"@type\":\"ListItem\",\"position\":1,\"name\":\"Home\",\"item\":\"https:\\\/\\\/www.fabricair.com\\\/tr\\\/\"},{\"@type\":\"ListItem\",\"position\":2,\"name\":\"FabricAir\"}]},{\"@type\":\"WebSite\",\"@id\":\"https:\\\/\\\/www.fabricair.com\\\/tr\\\/#website\",\"url\":\"https:\\\/\\\/www.fabricair.com\\\/tr\\\/\",\"name\":\"FabricAir Kuma\u015f Hava Kanallar\u0131\",\"description\":\"\",\"publisher\":{\"@id\":\"https:\\\/\\\/www.fabricair.com\\\/tr\\\/#organization\"},\"alternateName\":\"Tekstil Hava Kanallar\u0131 - Hava \u00c7oraplar\u0131\",\"potentialAction\":[{\"@type\":\"SearchAction\",\"target\":{\"@type\":\"EntryPoint\",\"urlTemplate\":\"https:\\\/\\\/www.fabricair.com\\\/tr\\\/?s={search_term_string}\"},\"query-input\":{\"@type\":\"PropertyValueSpecification\",\"valueRequired\":true,\"valueName\":\"search_term_string\"}}],\"inLanguage\":\"en-US\"},{\"@type\":\"Organization\",\"@id\":\"https:\\\/\\\/www.fabricair.com\\\/tr\\\/#organization\",\"name\":\"FabricAir\",\"url\":\"https:\\\/\\\/www.fabricair.com\\\/tr\\\/\",\"logo\":{\"@type\":\"ImageObject\",\"inLanguage\":\"en-US\",\"@id\":\"https:\\\/\\\/www.fabricair.com\\\/tr\\\/#\\\/schema\\\/logo\\\/image\\\/\",\"url\":\"https:\\\/\\\/www.fabricair.com\\\/tr\\\/wp-content\\\/uploads\\\/sites\\\/24\\\/2022\\\/02\\\/logo-footer.svg\",\"contentUrl\":\"https:\\\/\\\/www.fabricair.com\\\/tr\\\/wp-content\\\/uploads\\\/sites\\\/24\\\/2022\\\/02\\\/logo-footer.svg\",\"width\":126,\"height\":24,\"caption\":\"FabricAir\"},\"image\":{\"@id\":\"https:\\\/\\\/www.fabricair.com\\\/tr\\\/#\\\/schema\\\/logo\\\/image\\\/\"},\"sameAs\":[\"https:\\\/\\\/www.facebook.com\\\/FabricAir.Turkey\\\/?locale=tr_TR\",\"https:\\\/\\\/x.com\\\/FabricAir\",\"https:\\\/\\\/www.linkedin.com\\\/company\\\/fabricair-a-s\\\/\",\"https:\\\/\\\/www.youtube.com\\\/user\\\/FabricAir\"]}]}<\/script>\n<!-- \/ Yoast SEO plugin. -->","yoast_head_json":{"title":"FabricAir | FabricAir Kuma\u015f Hava Kanallar\u0131","description":"FabricAir \u00e7ok \u00e7e\u015fitli uygulamalar i\u00e7in kuma\u015f kanal \u00e7\u00f6z\u00fcmleri tasarlar ve \u00fcretir. Piyasadaki en k\u0131sa teslim s\u00fcresini sunuyoruz.","robots":{"index":"index","follow":"follow","max-snippet":"max-snippet:-1","max-image-preview":"max-image-preview:large","max-video-preview":"max-video-preview:-1"},"canonical":"https:\/\/www.fabricair.com\/tr\/wp-json\/wp\/v2\/pages\/5\/","og_locale":"en_US","og_type":"article","og_title":"FabricAir - FabricAir Kuma\u015f Hava Kanallar\u0131","og_description":"FabricAir \u00e7ok \u00e7e\u015fitli uygulamalar i\u00e7in kuma\u015f kanal \u00e7\u00f6z\u00fcmleri tasarlar ve \u00fcretir. Piyasadaki en k\u0131sa teslim s\u00fcresini sunuyoruz.","og_url":"https:\/\/www.fabricair.com\/tr\/","og_site_name":"FabricAir Kuma\u015f Hava Kanallar\u0131","article_publisher":"https:\/\/www.facebook.com\/FabricAir.Turkey\/?locale=tr_TR","article_modified_time":"2026-03-10T06:55:15+00:00","og_image":[{"width":1440,"height":712,"url":"https:\/\/www.fabricair.com\/tr\/wp-content\/uploads\/sites\/24\/2022\/04\/MG_3010_hero2.png","type":"image\/png"}],"twitter_card":"summary_large_image","twitter_site":"@FabricAir","twitter_misc":{"Est. reading time":"2 minutes"},"schema":{"@context":"https:\/\/schema.org","@graph":[{"@type":"WebPage","@id":"https:\/\/www.fabricair.com\/tr\/","url":"https:\/\/www.fabricair.com\/tr\/","name":"FabricAir - FabricAir Kuma\u015f Hava Kanallar\u0131","isPartOf":{"@id":"https:\/\/www.fabricair.com\/tr\/#website"},"primaryImageOfPage":{"@id":"https:\/\/www.fabricair.com\/tr\/#primaryimage"},"image":{"@id":"https:\/\/www.fabricair.com\/tr\/#primaryimage"},"thumbnailUrl":"https:\/\/www.fabricair.com\/tr\/wp-content\/uploads\/sites\/24\/2022\/04\/MG_3010_hero2.png","datePublished":"2022-02-03T09:48:33+00:00","dateModified":"2026-03-10T06:55:15+00:00","description":"FabricAir \u00e7ok \u00e7e\u015fitli uygulamalar i\u00e7in kuma\u015f kanal \u00e7\u00f6z\u00fcmleri tasarlar ve \u00fcretir. Piyasadaki en k\u0131sa teslim s\u00fcresini sunuyoruz.","breadcrumb":{"@id":"https:\/\/www.fabricair.com\/tr\/#breadcrumb"},"inLanguage":"en-US","potentialAction":[{"@type":"ReadAction","target":["https:\/\/www.fabricair.com\/tr\/"]}]},{"@type":"ImageObject","inLanguage":"en-US","@id":"https:\/\/www.fabricair.com\/tr\/#primaryimage","url":"https:\/\/www.fabricair.com\/tr\/wp-content\/uploads\/sites\/24\/2022\/04\/MG_3010_hero2.png","contentUrl":"https:\/\/www.fabricair.com\/tr\/wp-content\/uploads\/sites\/24\/2022\/04\/MG_3010_hero2.png","width":1440,"height":712,"caption":"FabricAir"},{"@type":"BreadcrumbList","@id":"https:\/\/www.fabricair.com\/tr\/#breadcrumb","itemListElement":[{"@type":"ListItem","position":1,"name":"Home","item":"https:\/\/www.fabricair.com\/tr\/"},{"@type":"ListItem","position":2,"name":"FabricAir"}]},{"@type":"WebSite","@id":"https:\/\/www.fabricair.com\/tr\/#website","url":"https:\/\/www.fabricair.com\/tr\/","name":"FabricAir Kuma\u015f Hava Kanallar\u0131","description":"","publisher":{"@id":"https:\/\/www.fabricair.com\/tr\/#organization"},"alternateName":"Tekstil Hava Kanallar\u0131 - Hava \u00c7oraplar\u0131","potentialAction":[{"@type":"SearchAction","target":{"@type":"EntryPoint","urlTemplate":"https:\/\/www.fabricair.com\/tr\/?s={search_term_string}"},"query-input":{"@type":"PropertyValueSpecification","valueRequired":true,"valueName":"search_term_string"}}],"inLanguage":"en-US"},{"@type":"Organization","@id":"https:\/\/www.fabricair.com\/tr\/#organization","name":"FabricAir","url":"https:\/\/www.fabricair.com\/tr\/","logo":{"@type":"ImageObject","inLanguage":"en-US","@id":"https:\/\/www.fabricair.com\/tr\/#\/schema\/logo\/image\/","url":"https:\/\/www.fabricair.com\/tr\/wp-content\/uploads\/sites\/24\/2022\/02\/logo-footer.svg","contentUrl":"https:\/\/www.fabricair.com\/tr\/wp-content\/uploads\/sites\/24\/2022\/02\/logo-footer.svg","width":126,"height":24,"caption":"FabricAir"},"image":{"@id":"https:\/\/www.fabricair.com\/tr\/#\/schema\/logo\/image\/"},"sameAs":["https:\/\/www.facebook.com\/FabricAir.Turkey\/?locale=tr_TR","https:\/\/x.com\/FabricAir","https:\/\/www.linkedin.com\/company\/fabricair-a-s\/","https:\/\/www.youtube.com\/user\/FabricAir"]}]}},"_links":{"self":[{"href":"https:\/\/www.fabricair.com\/tr\/wp-json\/wp\/v2\/pages\/5","targetHints":{"allow":["GET"]}}],"collection":[{"href":"https:\/\/www.fabricair.com\/tr\/wp-json\/wp\/v2\/pages"}],"about":[{"href":"https:\/\/www.fabricair.com\/tr\/wp-json\/wp\/v2\/types\/page"}],"author":[{"embeddable":true,"href":"https:\/\/www.fabricair.com\/tr\/wp-json\/wp\/v2\/users\/1"}],"replies":[{"embeddable":true,"href":"https:\/\/www.fabricair.com\/tr\/wp-json\/wp\/v2\/comments?post=5"}],"version-history":[{"count":116,"href":"https:\/\/www.fabricair.com\/tr\/wp-json\/wp\/v2\/pages\/5\/revisions"}],"predecessor-version":[{"id":10135,"href":"https:\/\/www.fabricair.com\/tr\/wp-json\/wp\/v2\/pages\/5\/revisions\/10135"}],"wp:featuredmedia":[{"embeddable":true,"href":"https:\/\/www.fabricair.com\/tr\/wp-json\/wp\/v2\/media\/6336"}],"wp:attachment":[{"href":"https:\/\/www.fabricair.com\/tr\/wp-json\/wp\/v2\/media?parent=5"}],"curies":[{"name":"wp","href":"https:\/\/api.w.org\/{rel}","templated":true}]}}