{"id":6845,"date":"2022-04-29T11:23:59","date_gmt":"2022-04-29T11:23:59","guid":{"rendered":"https:\/\/fabricair.com\/tr\/?page_id=6845"},"modified":"2024-01-05T09:59:34","modified_gmt":"2024-01-05T06:59:34","slug":"gizlilik-politikasi","status":"publish","type":"page","link":"https:\/\/www.fabricair.com\/tr\/gizlilik-politikasi\/","title":{"rendered":"Gizlilik Politikasi"},"content":{"rendered":"<p>FabricAir\u00ae Gizlilik Politikasi<br \/>\nGizlilik FabricAir, \u015firketimiz, \u00fcr\u00fcnlerimiz ve hizmetlerimizle ilgilenen ki\u015filerden alabilece\u011fimiz her t\u00fcrl\u00fc ki\u015fisel bilgiyi koruman\u0131n \u00f6nemini kabul eder. Genel Veri Koruma Y\u00f6netmeli\u011fi (GDPR) yasas\u0131na uymak i\u00e7in, toplayabilece\u011fimiz ve i\u015fleyebilece\u011fimiz herhangi bir ki\u015fisel verinin g\u00fcvenli\u011fini, b\u00fct\u00fcnl\u00fc\u011f\u00fcn\u00fc ve gizlili\u011fini korumam\u0131z\u0131 sa\u011flamak i\u00e7in veri gizlili\u011fine olan ba\u011fl\u0131l\u0131\u011f\u0131m\u0131z\u0131 kuvvetlendirmek i\u00e7in ad\u0131mlar att\u0131k. Verileri nas\u0131l toplad\u0131\u011f\u0131m\u0131z ve kulland\u0131\u011f\u0131m\u0131z hakk\u0131nda daha fazla bilgi edinmek i\u00e7in l\u00fctfen a\u015fa\u011f\u0131daki Gizlilik Politikam\u0131z\u0131 inceleyin.<\/p>\n<p><strong>Gizlilik Politikasi<\/strong><br \/>\nFabricAir gizlili\u011finize sayg\u0131 duyar. Gizlilik politikam\u0131z ve ki\u015fisel bilgilerinizi korumak i\u00e7in ald\u0131\u011f\u0131m\u0131z g\u00fcvenlik \u00f6nlemleri konusunda sizi rahat ettirmek istiyoruz.<br \/>\nFabricAir&#8217;e ki\u015fisel bilgilerinizi vermeniz halinde, bunlar\u0131 bu politikaya g\u00f6re ele alaca\u011f\u0131z; bu y\u00fczden onu ba\u015ftan sona okuman\u0131z\u0131 \u00f6neririz.<br \/>\nGenel olarak topluma ve bireysel m\u00fc\u015fterilerimize ve web sitesi ziyaret\u00e7ilerimize kar\u015f\u0131 sorumlulu\u011fumuzun fark\u0131nday\u0131z. Ki\u015fisel verilerin gizlili\u011fine ve bireylerin verilerinin kullan\u0131m\u0131yla ilgili endi\u015felerine sayg\u0131 duyuyoruz. Ki\u015fisel verileri (isim, adres, ileti\u015fim bilgileri) toplad\u0131\u011f\u0131m\u0131z ve kulland\u0131\u011f\u0131m\u0131z durumlarda, \u00e7ift ayr\u0131lma se\u00e7ene\u011fi vb. gibi en iyi uygulamalar\u0131 uygular\u0131z.<\/p>\n<p><strong>Veri toplama \u2013 ne zaman, nerede, ne ve neden:<\/strong><\/p>\n<p><strong>\u0130nternet sitesi<\/strong><\/p>\n<p>FabricAir web sitesini kullanarak, bilgilerinizin FabricAir taraf\u0131ndan bu politikada belirtildi\u011fi \u015fekilde toplanmas\u0131na ve kullan\u0131lmas\u0131na izin vermi\u015f olursunuz.<br \/>\nWeb sitemizde \u00e7erezler kullan\u0131yoruz. \u0130sim, unvan, \u015firket, adres, e-posta adresi, telefon numaralar\u0131 vb. dahil olmak \u00fczere ki\u015fisel olarak tan\u0131mlanabilir bilgileri bir ziyaret\u00e7i web sitesine kaydettirdi\u011finde veya web sitesinde bu t\u00fcr bilgileri verdi\u011finde toplayabiliriz, \u00f6rn. haber b\u00fcltenlerimize abone olarak veya yeni \u00fcr\u00fcnler hakk\u0131nda daha fazla bilgi talep ederek. FabricAir, web sitesinin halka a\u00e7\u0131k herhangi bir b\u00f6l\u00fcm\u00fcne eri\u015fim elde etmek i\u00e7in bu bilgilere ihtiya\u00e7 duymaz.<br \/>\n\u00c7erez verilerini veya ilgili kullan\u0131c\u0131 davran\u0131\u015flar\u0131n\u0131 Google Analytics d\u0131\u015f\u0131nda herhangi bir \u00fc\u00e7\u00fcnc\u00fc tarafla payla\u015fmay\u0131z (l\u00fctfen a\u015fa\u011f\u0131ya bak\u0131n). Web sitemizde \u00fc\u00e7\u00fcnc\u00fc taraf tan\u0131mlama bilgilerinin (ayr\u0131 bir kurulu\u015f taraf\u0131ndan olu\u015fturulan, y\u00f6netilen ve analiz edilen, muhtemelen web sitesini bar\u0131nd\u0131ran kurulu\u015fa baz\u0131 hizmetler sa\u011flayan tan\u0131mlama bilgileri) kullan\u0131m\u0131na da izin vermiyoruz.<\/p>\n<p><strong>Google Analytics<br \/>\n<\/strong>www.fabricair.com&#8217;u ziyaret etti\u011finizde bir \u00fc\u00e7\u00fcnc\u00fc taraf hizmeti kullan\u0131yoruz, Google Analytics standart internet g\u00fcnl\u00fc\u011f\u00fc bilgilerini ve davran\u0131\u015f kal\u0131plar\u0131yla ilgili ayr\u0131nt\u0131lar\u0131 toplar. Bunu, ziyaret\u00e7i deneyimini iyile\u015ftirmemize yard\u0131mc\u0131 olacak \u00f6ng\u00f6r\u00fcler elde etmek i\u00e7in yap\u0131yoruz, \u00f6r. sitenin \u00e7e\u015fitli b\u00f6l\u00fcmlerini ziyaret edenlerin say\u0131s\u0131, izleyicilerimizin hangi konular hakk\u0131nda daha fazla bilgi edinmek isteyebilece\u011fini bize s\u00f6yler. Bu bilgiler yaln\u0131zca kimseyi tan\u0131mlamayacak \u015fekilde i\u015flenir. Web sitemizi ziyaret edenlerin kimliklerini \u00f6\u011frenmek i\u00e7in herhangi bir giri\u015fimde bulunmay\u0131z ve Google&#8217;\u0131n bunu yapmas\u0131na izin vermeyiz.<\/p>\n<p><strong>Sosyal medya<br \/>\n<\/strong>LinkedIn, Facebook, Twitter, Vimeo, YouTube, Xing ve WeChat olmak \u00fczere Standart Sosyal Medya kanallar\u0131n\u0131 kullan\u0131yoruz. Okuman\u0131z\u0131 \u00f6nerdi\u011fimiz kendi veri koruma politikalar\u0131na sahiptirler. Bu medya, ziyaret\u00e7i deneyimini geli\u015ftirmek i\u00e7in kulland\u0131\u011f\u0131m\u0131z analitik ara\u00e7lara sahip olabilir.<\/p>\n<p><strong>B\u00fcltenler<br \/>\n<\/strong>Haber b\u00fcltenlerimizi d\u00fcnya \u00e7ap\u0131nda da\u011f\u0131tmak i\u00e7in pazarlama otomasyon platformu Force24 kullan\u0131yoruz. Force24&#8217;un kendi gizlilik politikas\u0131n\u0131 okuman\u0131z\u0131 tavsiye ederiz. <a href=\"https:\/\/force24.com\/privacy\" rel=\"noopener\" target=\"_blank\">Force24 Ltd Gizlilik politikas\u0131<\/a>. Force24 platformu arac\u0131l\u0131\u011f\u0131yla, haber b\u00fcltenlerimizin i\u00e7eri\u011fini izlememize ve iyile\u015ftirmemize yard\u0131mc\u0131 olmak i\u00e7in end\u00fcstri standard\u0131 teknolojileri kullanarak e-posta a\u00e7ma ve t\u0131klamalar hakk\u0131nda istatistikler topluyoruz. <a href=\"https:\/\/www.fabricair.com\/tr\/wp-content\/uploads\/sites\/24\/2022\/12\/Force24-Cookies.pdf\" rel=\"noopener\" target=\"_blank\">Force24 tan\u0131mlama bilgileri ve izleme hakk\u0131nda ayr\u0131nt\u0131l\u0131 bilgileri burada bulabilirsiniz. >><\/a><\/p>\n<p>B\u00fclten abonelik listeleri, ad, unvan, \u015firket ad\u0131, \u015firket adresi, e-posta adresi, telefon numaralar\u0131 ve ileti\u015fim noktas\u0131 dahil olmak \u00fczere ki\u015fisel olarak tan\u0131mlanabilir bilgiler i\u00e7erir. B\u00fcltenlerimizden herhangi birinin alt bilgisindeki ba\u011flant\u0131y\u0131 kullanarak aboneli\u011finizi iptal edebilirsiniz.<br \/>\nDi\u011fer kurulu\u015flar ve i\u015fletmelerle e-posta listeleri kiralamay\u0131z veya ticaretini yapmay\u0131z.<\/p>\n<p><strong>\u0130K ve ba\u015fvuru prosed\u00fcrleri<br \/>\n<\/strong>\u0130\u015f ilanlar\u0131 ile ba\u011flant\u0131l\u0131 olarak, potansiyel adaylardan ba\u015fvuru ve \u00f6zge\u00e7mi\u015f talep ediyoruz. Bunlar, ba\u015fvuran\u0131n sa\u011flamay\u0131 se\u00e7ti\u011fi t\u00fcm verileri i\u00e7erecektir. Ba\u015fvuran\u0131n, ba\u015fvuruyu ileterek ba\u015fvuru prosed\u00fcr\u00fcm\u00fcz\u00fc takip etti\u011fi ve benzersiz bir i\u015f numaras\u0131 ile a\u00e7\u0131k\u00e7a i\u015faretlenmi\u015f e-posta yoluyla \u00f6zge\u00e7mi\u015fini i\u015fe \u00f6zel e-posta adresimize g\u00f6ndererek, ba\u015fvuruya yaln\u0131zca \u0130\u015fe Alma M\u00fcd\u00fcr\u00fc, ilgili \u0130K personeli ve CEO taraf\u0131ndan eri\u015filebilir.<br \/>\nBa\u015fvurular\u0131 ve \u00f6zge\u00e7mi\u015fleri, bo\u015f pozisyon doldurulduktan sonra 6 aya kadar kay\u0131t alt\u0131nda tutuyoruz. Sonras\u0131nda t\u00fcm e-postalar ve ekler silinmektedir.<\/p>\n<p><strong>Profesyonel i\u015f bilgileri<br \/>\n<\/strong>G\u00fcnl\u00fck i\u015flerimizi y\u00fcr\u00fct\u00fcrken, potansiyel ve mevcut i\u015f ba\u011flant\u0131lar\u0131ndan ve payda\u015flardan ki\u015fisel ileti\u015fim verileri alabiliriz, \u00f6rn. kartvizit de\u011fi\u015fimi olsa da. Bu bilgiler CRM ve ERP sistemlerimizde saklanmaktad\u0131r.<br \/>\nYetkili \u00fc\u00e7\u00fcnc\u00fc taraflar\u0131n baz\u0131 ki\u015fisel bilgilerinize eri\u015fmesi gerekebilir. \u00d6rne\u011fin, FabricAir&#8217;in size bir \u00fcr\u00fcn g\u00f6ndermesi gerekiyorsa, ad\u0131n\u0131z\u0131 ve adresinizi bir nakliye \u015firketi ile payla\u015fmam\u0131z gerekiyor.<br \/>\nBu t\u00fcr \u00fc\u00e7\u00fcnc\u00fc \u015fah\u0131slar\u0131n ki\u015fisel bilgilerinizi kullanmas\u0131na izin vermiyoruz. FabricAir, bize izin vermedi\u011finiz s\u00fcrece ki\u015fisel bilgilerinizi \u00fc\u00e7\u00fcnc\u00fc taraflarla ba\u015fka \u015fekilde payla\u015fmaz. Di\u011fer kurulu\u015flar ve i\u015fletmelerle irtibat listelerini kiralamay\u0131z veya ticaretini yapmay\u0131z.<br \/>\nPazarlama ileti\u015fimleri almay\u0131 kabul ettiyseniz, ileti\u015fim bilgileri de bu ama\u00e7la sizinle ileti\u015fim kurmak i\u00e7in kullan\u0131lacakt\u0131r. L\u00fctfen Sat\u0131\u015f ve Teslimat Ko\u015fullar\u0131m\u0131za bak\u0131n.<\/p>\n<p><strong>\u00c7erez y\u00f6netimi<\/strong><br \/>\nFabricAir ve \u00fc\u00e7\u00fcnc\u00fc taraf sa\u011flay\u0131c\u0131lar\u0131, \u00f6rne\u011fin kullan\u0131c\u0131 tercihlerini depolamak ve y\u00f6netmek, hedefli reklamlar sunmak, i\u00e7eri\u011fi etkinle\u015ftirmek ve analitik ve kullan\u0131m verilerini toplamak i\u00e7in \u00e7erezleri ve benzer teknolojileri ayarlar ve kullan\u0131r. \u00c7erezlerin ve di\u011fer izleme teknolojilerinin kullan\u0131m\u0131, uygulamalar, web siteleri veya di\u011fer hizmetler aras\u0131ndaki \u00e7evrimi\u00e7i etkinlikleriniz hakk\u0131nda bilgilerin topland\u0131\u011f\u0131 web siteleri ve uygulamalar aras\u0131nda standartt\u0131r. Web sitesi tan\u0131mlama bilgilerini taray\u0131c\u0131 ayarlar\u0131n\u0131zdan y\u00f6netebilirsiniz ve her zaman tan\u0131mlama bilgilerini kabul ederek, reddederek veya silerek bu ayarlar\u0131 de\u011fi\u015ftirme se\u00e7ene\u011finiz vard\u0131r. Ayarlar\u0131n\u0131z\u0131 de\u011fi\u015ftirmeyi se\u00e7erseniz, belirli i\u015flevlerin ve \u00f6zelliklerin istendi\u011fi gibi \u00e7al\u0131\u015fmad\u0131\u011f\u0131n\u0131 g\u00f6rebilirsiniz. T\u00fcm taray\u0131c\u0131 ayarlar\u0131 biraz farkl\u0131d\u0131r, bu nedenle \u00e7erezleri y\u00f6netmek i\u00e7in taray\u0131c\u0131n\u0131zdaki ilgili ayarlara ba\u015fvurmal\u0131s\u0131n\u0131z.<\/p>\n<p>Kay\u0131tl\u0131 Kullan\u0131c\u0131 Bilgileri i\u00e7in Ki\u015fisel Bilgilere Eri\u015fme ve G\u00fcncelleme<\/p>\n<p>GDPR kapsam\u0131nda, elimizde bulundurabilece\u011fimiz herhangi bir ki\u015fisel bilgiyi g\u00f6r\u00fcnt\u00fcleme, de\u011fi\u015ftirme veya silme hakk\u0131na sahipsiniz.<br \/>\nBize sa\u011flad\u0131\u011f\u0131n\u0131z ki\u015fisel bilgilerin do\u011fru ve g\u00fcncel olmas\u0131n\u0131 sa\u011flamak i\u00e7in yard\u0131m\u0131n\u0131z\u0131 istiyoruz. FabricAir&#8217;e herhangi bir ki\u015fisel bilgi verdiyseniz, ad\u0131n\u0131z, adresiniz, \u015firketiniz, telefon numaran\u0131z veya e-posta adresinizdeki de\u011fi\u015fiklikleri bize bildirmenizi \u00f6neririz.<br \/>\nBunun i\u00e7in l\u00fctfen info@fabricair.com ile ileti\u015fime ge\u00e7in.<\/p>\n<p><strong>Bu politikadaki de\u011fi\u015fiklikler<\/strong><br \/>\nGizlilik politikam\u0131z\u0131 g\u00fcncelleme, de\u011fi\u015ftirme, de\u011fi\u015ftirme ve de\u011fi\u015ftirme hakk\u0131n\u0131 tek tarafl\u0131 olarak sakl\u0131 tutuyoruz. Bu t\u00fcr t\u00fcm g\u00fcncellemeler, modifikasyonlar, de\u011fi\u015fiklikler ve de\u011fi\u015fiklikler FabricAir web sitesinin t\u00fcm kullan\u0131c\u0131lar\u0131 ve taray\u0131c\u0131lar\u0131 i\u00e7in ba\u011flay\u0131c\u0131d\u0131r ve burada yay\u0131nlanacakt\u0131r.<\/p>\n<p><strong>e-B\u00fcltenler i\u00e7in<\/strong><br \/>\nFabricAir, bilgilerinize sayg\u0131l\u0131 davran\u0131r. Bizden ald\u0131\u011f\u0131n\u0131z herhangi bir haber b\u00fclteninin alt bilgisindeki ba\u011flant\u0131y\u0131 kullanarak veya info@fabricair.com adresinden bizimle ileti\u015fime ge\u00e7erek istedi\u011finiz zaman bilgilerinizi g\u00fcncelleyebilir veya aboneli\u011finizi iptal edebilirsiniz.<\/p>\n<p>&nbsp;<\/p>\n","protected":false},"excerpt":{"rendered":"<p>FabricAir\u00ae Gizlilik Politikasi Gizlilik FabricAir, \u015firketimiz, \u00fcr\u00fcnlerimiz ve hizmetlerimizle ilgilenen ki\u015filerden alabilece\u011fimiz her t\u00fcrl\u00fc ki\u015fisel bilgiyi koruman\u0131n \u00f6nemini kabul eder. Genel Veri Koruma Y\u00f6netmeli\u011fi (GDPR) yasas\u0131na uymak i\u00e7in, toplayabilece\u011fimiz ve i\u015fleyebilece\u011fimiz herhangi bir ki\u015fisel verinin g\u00fcvenli\u011fini, b\u00fct\u00fcnl\u00fc\u011f\u00fcn\u00fc ve gizlili\u011fini korumam\u0131z\u0131 sa\u011flamak i\u00e7in veri gizlili\u011fine olan ba\u011fl\u0131l\u0131\u011f\u0131m\u0131z\u0131 kuvvetlendirmek i\u00e7in ad\u0131mlar att\u0131k. Verileri nas\u0131l toplad\u0131\u011f\u0131m\u0131z ve kulland\u0131\u011f\u0131m\u0131z [&hellip;]<\/p>\n","protected":false},"author":1,"featured_media":6515,"parent":0,"menu_order":0,"comment_status":"closed","ping_status":"closed","template":"","meta":{"_acf_changed":false,"inline_featured_image":false,"footnotes":""},"class_list":["post-6845","page","type-page","status-publish","has-post-thumbnail","hentry"],"acf":[],"yoast_head":"<!-- This site is optimized with the Yoast SEO plugin v27.3 - https:\/\/yoast.com\/product\/yoast-seo-wordpress\/ -->\n<title>Gizlilik Politikasi | FabricAir Kuma\u015f Hava Kanallar\u0131<\/title>\n<meta name=\"description\" content=\"Verileri nas\u0131l toplad\u0131\u011f\u0131m\u0131z ve kulland\u0131\u011f\u0131m\u0131z hakk\u0131nda daha fazla bilgi edinmek i\u00e7in l\u00fctfen a\u015fa\u011f\u0131daki Gizlilik Politikam\u0131z\u0131 inceleyin.\" \/>\n<meta name=\"robots\" content=\"index, follow, max-snippet:-1, max-image-preview:large, max-video-preview:-1\" \/>\n<link rel=\"canonical\" href=\"https:\/\/www.fabricair.com\/tr\/wp-json\/wp\/v2\/pages\/6845\/\" \/>\n<meta property=\"og:locale\" content=\"en_US\" \/>\n<meta property=\"og:type\" content=\"article\" \/>\n<meta property=\"og:title\" content=\"Gizlilik Politikasi - FabricAir Kuma\u015f Hava Kanallar\u0131\" \/>\n<meta property=\"og:description\" content=\"Verileri nas\u0131l toplad\u0131\u011f\u0131m\u0131z ve kulland\u0131\u011f\u0131m\u0131z hakk\u0131nda daha fazla bilgi edinmek i\u00e7in l\u00fctfen a\u015fa\u011f\u0131daki Gizlilik Politikam\u0131z\u0131 inceleyin.\" \/>\n<meta property=\"og:url\" content=\"https:\/\/www.fabricair.com\/tr\/gizlilik-politikasi\/\" \/>\n<meta property=\"og:site_name\" content=\"FabricAir Kuma\u015f Hava Kanallar\u0131\" \/>\n<meta property=\"article:publisher\" content=\"https:\/\/www.facebook.com\/FabricAir.Turkey\/?locale=tr_TR\" \/>\n<meta property=\"article:modified_time\" content=\"2024-01-05T06:59:34+00:00\" \/>\n<meta property=\"og:image\" content=\"https:\/\/www.fabricair.com\/tr\/wp-content\/uploads\/sites\/24\/2022\/04\/red-dot-map_shutterstock_108300506_2.png\" \/>\n\t<meta property=\"og:image:width\" content=\"1440\" \/>\n\t<meta property=\"og:image:height\" content=\"392\" \/>\n\t<meta property=\"og:image:type\" content=\"image\/png\" \/>\n<meta name=\"twitter:card\" content=\"summary_large_image\" \/>\n<meta name=\"twitter:site\" content=\"@FabricAir\" \/>\n<meta name=\"twitter:label1\" content=\"Est. reading time\" \/>\n\t<meta name=\"twitter:data1\" content=\"5 minutes\" \/>\n<script type=\"application\/ld+json\" class=\"yoast-schema-graph\">{\"@context\":\"https:\\\/\\\/schema.org\",\"@graph\":[{\"@type\":\"WebPage\",\"@id\":\"https:\\\/\\\/www.fabricair.com\\\/tr\\\/gizlilik-politikasi\\\/\",\"url\":\"https:\\\/\\\/www.fabricair.com\\\/tr\\\/gizlilik-politikasi\\\/\",\"name\":\"Gizlilik Politikasi - FabricAir Kuma\u015f Hava Kanallar\u0131\",\"isPartOf\":{\"@id\":\"https:\\\/\\\/www.fabricair.com\\\/tr\\\/#website\"},\"primaryImageOfPage\":{\"@id\":\"https:\\\/\\\/www.fabricair.com\\\/tr\\\/gizlilik-politikasi\\\/#primaryimage\"},\"image\":{\"@id\":\"https:\\\/\\\/www.fabricair.com\\\/tr\\\/gizlilik-politikasi\\\/#primaryimage\"},\"thumbnailUrl\":\"https:\\\/\\\/www.fabricair.com\\\/tr\\\/wp-content\\\/uploads\\\/sites\\\/24\\\/2022\\\/04\\\/red-dot-map_shutterstock_108300506_2.png\",\"datePublished\":\"2022-04-29T11:23:59+00:00\",\"dateModified\":\"2024-01-05T06:59:34+00:00\",\"description\":\"Verileri nas\u0131l toplad\u0131\u011f\u0131m\u0131z ve kulland\u0131\u011f\u0131m\u0131z hakk\u0131nda daha fazla bilgi edinmek i\u00e7in l\u00fctfen a\u015fa\u011f\u0131daki Gizlilik Politikam\u0131z\u0131 inceleyin.\",\"breadcrumb\":{\"@id\":\"https:\\\/\\\/www.fabricair.com\\\/tr\\\/gizlilik-politikasi\\\/#breadcrumb\"},\"inLanguage\":\"en-US\",\"potentialAction\":[{\"@type\":\"ReadAction\",\"target\":[\"https:\\\/\\\/www.fabricair.com\\\/tr\\\/gizlilik-politikasi\\\/\"]}]},{\"@type\":\"ImageObject\",\"inLanguage\":\"en-US\",\"@id\":\"https:\\\/\\\/www.fabricair.com\\\/tr\\\/gizlilik-politikasi\\\/#primaryimage\",\"url\":\"https:\\\/\\\/www.fabricair.com\\\/tr\\\/wp-content\\\/uploads\\\/sites\\\/24\\\/2022\\\/04\\\/red-dot-map_shutterstock_108300506_2.png\",\"contentUrl\":\"https:\\\/\\\/www.fabricair.com\\\/tr\\\/wp-content\\\/uploads\\\/sites\\\/24\\\/2022\\\/04\\\/red-dot-map_shutterstock_108300506_2.png\",\"width\":1440,\"height\":392},{\"@type\":\"BreadcrumbList\",\"@id\":\"https:\\\/\\\/www.fabricair.com\\\/tr\\\/gizlilik-politikasi\\\/#breadcrumb\",\"itemListElement\":[{\"@type\":\"ListItem\",\"position\":1,\"name\":\"Home\",\"item\":\"https:\\\/\\\/www.fabricair.com\\\/tr\\\/\"},{\"@type\":\"ListItem\",\"position\":2,\"name\":\"Gizlilik Politikasi\"}]},{\"@type\":\"WebSite\",\"@id\":\"https:\\\/\\\/www.fabricair.com\\\/tr\\\/#website\",\"url\":\"https:\\\/\\\/www.fabricair.com\\\/tr\\\/\",\"name\":\"FabricAir Kuma\u015f Hava Kanallar\u0131\",\"description\":\"\",\"publisher\":{\"@id\":\"https:\\\/\\\/www.fabricair.com\\\/tr\\\/#organization\"},\"alternateName\":\"Tekstil Hava Kanallar\u0131 - Hava \u00c7oraplar\u0131\",\"potentialAction\":[{\"@type\":\"SearchAction\",\"target\":{\"@type\":\"EntryPoint\",\"urlTemplate\":\"https:\\\/\\\/www.fabricair.com\\\/tr\\\/?s={search_term_string}\"},\"query-input\":{\"@type\":\"PropertyValueSpecification\",\"valueRequired\":true,\"valueName\":\"search_term_string\"}}],\"inLanguage\":\"en-US\"},{\"@type\":\"Organization\",\"@id\":\"https:\\\/\\\/www.fabricair.com\\\/tr\\\/#organization\",\"name\":\"FabricAir\",\"url\":\"https:\\\/\\\/www.fabricair.com\\\/tr\\\/\",\"logo\":{\"@type\":\"ImageObject\",\"inLanguage\":\"en-US\",\"@id\":\"https:\\\/\\\/www.fabricair.com\\\/tr\\\/#\\\/schema\\\/logo\\\/image\\\/\",\"url\":\"https:\\\/\\\/www.fabricair.com\\\/tr\\\/wp-content\\\/uploads\\\/sites\\\/24\\\/2022\\\/02\\\/logo-footer.svg\",\"contentUrl\":\"https:\\\/\\\/www.fabricair.com\\\/tr\\\/wp-content\\\/uploads\\\/sites\\\/24\\\/2022\\\/02\\\/logo-footer.svg\",\"width\":126,\"height\":24,\"caption\":\"FabricAir\"},\"image\":{\"@id\":\"https:\\\/\\\/www.fabricair.com\\\/tr\\\/#\\\/schema\\\/logo\\\/image\\\/\"},\"sameAs\":[\"https:\\\/\\\/www.facebook.com\\\/FabricAir.Turkey\\\/?locale=tr_TR\",\"https:\\\/\\\/x.com\\\/FabricAir\",\"https:\\\/\\\/www.linkedin.com\\\/company\\\/fabricair-a-s\\\/\",\"https:\\\/\\\/www.youtube.com\\\/user\\\/FabricAir\"]}]}<\/script>\n<!-- \/ Yoast SEO plugin. -->","yoast_head_json":{"title":"Gizlilik Politikasi | FabricAir Kuma\u015f Hava Kanallar\u0131","description":"Verileri nas\u0131l toplad\u0131\u011f\u0131m\u0131z ve kulland\u0131\u011f\u0131m\u0131z hakk\u0131nda daha fazla bilgi edinmek i\u00e7in l\u00fctfen a\u015fa\u011f\u0131daki Gizlilik Politikam\u0131z\u0131 inceleyin.","robots":{"index":"index","follow":"follow","max-snippet":"max-snippet:-1","max-image-preview":"max-image-preview:large","max-video-preview":"max-video-preview:-1"},"canonical":"https:\/\/www.fabricair.com\/tr\/wp-json\/wp\/v2\/pages\/6845\/","og_locale":"en_US","og_type":"article","og_title":"Gizlilik Politikasi - FabricAir Kuma\u015f Hava Kanallar\u0131","og_description":"Verileri nas\u0131l toplad\u0131\u011f\u0131m\u0131z ve kulland\u0131\u011f\u0131m\u0131z hakk\u0131nda daha fazla bilgi edinmek i\u00e7in l\u00fctfen a\u015fa\u011f\u0131daki Gizlilik Politikam\u0131z\u0131 inceleyin.","og_url":"https:\/\/www.fabricair.com\/tr\/gizlilik-politikasi\/","og_site_name":"FabricAir Kuma\u015f Hava Kanallar\u0131","article_publisher":"https:\/\/www.facebook.com\/FabricAir.Turkey\/?locale=tr_TR","article_modified_time":"2024-01-05T06:59:34+00:00","og_image":[{"width":1440,"height":392,"url":"https:\/\/www.fabricair.com\/tr\/wp-content\/uploads\/sites\/24\/2022\/04\/red-dot-map_shutterstock_108300506_2.png","type":"image\/png"}],"twitter_card":"summary_large_image","twitter_site":"@FabricAir","twitter_misc":{"Est. reading time":"5 minutes"},"schema":{"@context":"https:\/\/schema.org","@graph":[{"@type":"WebPage","@id":"https:\/\/www.fabricair.com\/tr\/gizlilik-politikasi\/","url":"https:\/\/www.fabricair.com\/tr\/gizlilik-politikasi\/","name":"Gizlilik Politikasi - FabricAir Kuma\u015f Hava Kanallar\u0131","isPartOf":{"@id":"https:\/\/www.fabricair.com\/tr\/#website"},"primaryImageOfPage":{"@id":"https:\/\/www.fabricair.com\/tr\/gizlilik-politikasi\/#primaryimage"},"image":{"@id":"https:\/\/www.fabricair.com\/tr\/gizlilik-politikasi\/#primaryimage"},"thumbnailUrl":"https:\/\/www.fabricair.com\/tr\/wp-content\/uploads\/sites\/24\/2022\/04\/red-dot-map_shutterstock_108300506_2.png","datePublished":"2022-04-29T11:23:59+00:00","dateModified":"2024-01-05T06:59:34+00:00","description":"Verileri nas\u0131l toplad\u0131\u011f\u0131m\u0131z ve kulland\u0131\u011f\u0131m\u0131z hakk\u0131nda daha fazla bilgi edinmek i\u00e7in l\u00fctfen a\u015fa\u011f\u0131daki Gizlilik Politikam\u0131z\u0131 inceleyin.","breadcrumb":{"@id":"https:\/\/www.fabricair.com\/tr\/gizlilik-politikasi\/#breadcrumb"},"inLanguage":"en-US","potentialAction":[{"@type":"ReadAction","target":["https:\/\/www.fabricair.com\/tr\/gizlilik-politikasi\/"]}]},{"@type":"ImageObject","inLanguage":"en-US","@id":"https:\/\/www.fabricair.com\/tr\/gizlilik-politikasi\/#primaryimage","url":"https:\/\/www.fabricair.com\/tr\/wp-content\/uploads\/sites\/24\/2022\/04\/red-dot-map_shutterstock_108300506_2.png","contentUrl":"https:\/\/www.fabricair.com\/tr\/wp-content\/uploads\/sites\/24\/2022\/04\/red-dot-map_shutterstock_108300506_2.png","width":1440,"height":392},{"@type":"BreadcrumbList","@id":"https:\/\/www.fabricair.com\/tr\/gizlilik-politikasi\/#breadcrumb","itemListElement":[{"@type":"ListItem","position":1,"name":"Home","item":"https:\/\/www.fabricair.com\/tr\/"},{"@type":"ListItem","position":2,"name":"Gizlilik Politikasi"}]},{"@type":"WebSite","@id":"https:\/\/www.fabricair.com\/tr\/#website","url":"https:\/\/www.fabricair.com\/tr\/","name":"FabricAir Kuma\u015f Hava Kanallar\u0131","description":"","publisher":{"@id":"https:\/\/www.fabricair.com\/tr\/#organization"},"alternateName":"Tekstil Hava Kanallar\u0131 - Hava \u00c7oraplar\u0131","potentialAction":[{"@type":"SearchAction","target":{"@type":"EntryPoint","urlTemplate":"https:\/\/www.fabricair.com\/tr\/?s={search_term_string}"},"query-input":{"@type":"PropertyValueSpecification","valueRequired":true,"valueName":"search_term_string"}}],"inLanguage":"en-US"},{"@type":"Organization","@id":"https:\/\/www.fabricair.com\/tr\/#organization","name":"FabricAir","url":"https:\/\/www.fabricair.com\/tr\/","logo":{"@type":"ImageObject","inLanguage":"en-US","@id":"https:\/\/www.fabricair.com\/tr\/#\/schema\/logo\/image\/","url":"https:\/\/www.fabricair.com\/tr\/wp-content\/uploads\/sites\/24\/2022\/02\/logo-footer.svg","contentUrl":"https:\/\/www.fabricair.com\/tr\/wp-content\/uploads\/sites\/24\/2022\/02\/logo-footer.svg","width":126,"height":24,"caption":"FabricAir"},"image":{"@id":"https:\/\/www.fabricair.com\/tr\/#\/schema\/logo\/image\/"},"sameAs":["https:\/\/www.facebook.com\/FabricAir.Turkey\/?locale=tr_TR","https:\/\/x.com\/FabricAir","https:\/\/www.linkedin.com\/company\/fabricair-a-s\/","https:\/\/www.youtube.com\/user\/FabricAir"]}]}},"_links":{"self":[{"href":"https:\/\/www.fabricair.com\/tr\/wp-json\/wp\/v2\/pages\/6845","targetHints":{"allow":["GET"]}}],"collection":[{"href":"https:\/\/www.fabricair.com\/tr\/wp-json\/wp\/v2\/pages"}],"about":[{"href":"https:\/\/www.fabricair.com\/tr\/wp-json\/wp\/v2\/types\/page"}],"author":[{"embeddable":true,"href":"https:\/\/www.fabricair.com\/tr\/wp-json\/wp\/v2\/users\/1"}],"replies":[{"embeddable":true,"href":"https:\/\/www.fabricair.com\/tr\/wp-json\/wp\/v2\/comments?post=6845"}],"version-history":[{"count":11,"href":"https:\/\/www.fabricair.com\/tr\/wp-json\/wp\/v2\/pages\/6845\/revisions"}],"predecessor-version":[{"id":8093,"href":"https:\/\/www.fabricair.com\/tr\/wp-json\/wp\/v2\/pages\/6845\/revisions\/8093"}],"wp:featuredmedia":[{"embeddable":true,"href":"https:\/\/www.fabricair.com\/tr\/wp-json\/wp\/v2\/media\/6515"}],"wp:attachment":[{"href":"https:\/\/www.fabricair.com\/tr\/wp-json\/wp\/v2\/media?parent=6845"}],"curies":[{"name":"wp","href":"https:\/\/api.w.org\/{rel}","templated":true}]}}