{"id":75,"date":"2022-02-04T07:56:24","date_gmt":"2022-02-04T07:56:24","guid":{"rendered":"https:\/\/fabricair.com\/tr\/?page_id=75"},"modified":"2024-04-17T15:19:39","modified_gmt":"2024-04-17T12:19:39","slug":"hizmetlerimiz","status":"publish","type":"page","link":"https:\/\/www.fabricair.com\/tr\/hizmetlerimiz\/","title":{"rendered":"Hizmetlerimiz"},"content":{"rendered":"<p>Hizmetlerimiz<\/p>\n<p>\u00d6m\u00fcr boyu kaliteli hizmet deneyimini ya\u015fay\u0131n<\/p>\n<p>FabricAir\u00ae m\u00fc\u015fterileri, m\u00fchendislik tasar\u0131m \u00e7\u00f6z\u00fcmlerimizi devreye ald\u0131klar\u0131 andan itibaren ola\u011fan\u00fcst\u00fc hizmetlerimizin keyfini s\u00fcrmeye ba\u015flarlar.<\/p>\n<p>\u0130ster hava da\u011f\u0131t\u0131m tasar\u0131mlar\u0131n\u0131 do\u011frulamak i\u00e7in FabricAir\u00ae CFD analizinden yararlan\u0131n, ister montaj, bak\u0131m ve sat\u0131\u015f sonras\u0131 servis anla\u015fmalar\u0131ndan yararlan\u0131n, FabricAir\u00ae, \u00fcr\u00fcnlerinin her y\u0131l m\u00fc\u015fteri beklentilerine uygun performans g\u00f6stermesini sa\u011flamaya haz\u0131rd\u0131r.<\/p>\n<p>\u00c7\u00f6z\u00fcm tasar\u0131m\u0131 hizmetlerimiz<\/p>\n<p>Her projeye iki \u015fekilde yakla\u015f\u0131yoruz. \u00d6ncelikle m\u00fc\u015fterilerimizi dinliyor ve \u00f6zel gereksinimlere uygun bir \u00e7\u00f6z\u00fcm tasarl\u0131yoruz.<\/p>\n<p>\u0130kincisi, istek \u00fczerine, farkl\u0131 uygulamalarda uzun y\u0131llara dayanan deneyime dayal\u0131 tavsiyelerimizi sunuyoruz. Ard\u0131ndan, m\u00fchendislerimiz proje i\u00e7in \u00f6zel olarak \u00fcretilmi\u015f bir \u00e7\u00f6z\u00fcm tasarl\u0131yor.<\/p>\n<p>Sahada montaj hizmeti<\/p>\n<p>FabricAir\u00ae, saha montaj\u0131nda 20 y\u0131l\u0131 a\u015fk\u0131n deneyime sahiptir.<\/p>\n<p>G\u00fcvenilir i\u015f ortaklar\u0131m\u0131z ve yetenekli montaj ekiplerimizle birlikte, tekstil kanal sistemlerimizin montaj\u0131n\u0131 herhangi bir y\u00fckleniciye g\u00f6re yar\u0131 s\u00fcrede kurabiliriz ve bu da zaman verimlili\u011fine \u00f6nemli \u00f6l\u00e7\u00fcde katk\u0131da bulunur.<\/p>\n<p>Bak\u0131m ve sat\u0131\u015f sonras\u0131 hizmetleri<\/p>\n<p>FabricAir\u00ae tekstil hava kanallar\u0131 minimum bak\u0131m gerektirse de, baz\u0131 sekt\u00f6rlerde yerel kanunlara g\u00f6re bak\u0131m gerektirdi\u011fini biliyoruz. G\u0131da i\u015fleme veya seralar gibi baz\u0131 uygulamalarda, hava da\u011f\u0131t\u0131m sisteminin y\u00f6netmeliklere g\u00f6re belirli aral\u0131klarla temizlenmesine ihtiya\u00e7 vard\u0131r. Ekiplerimiz, sistemleri en k\u0131sa s\u00fcrede s\u00f6kme, temizleme ve tekrar asma dahil olmak \u00fczere anahtar teslimi hizmet vermeye haz\u0131rd\u0131r.<\/p>\n<p>CFD<\/p>\n<p>FabricAir\u00ae CFD Servisi, hava da\u011f\u0131t\u0131m \u00e7\u00f6z\u00fcmlerinin verimlili\u011fini g\u00f6stermenin en iyi yoludur. Her bir rapor m\u00fc\u015fteriye \u00f6zel olarak haz\u0131rlan\u0131r, \u00f6zel ihtiya\u00e7lar\u0131 analiz edilir ve projenin \u00f6zel gereksinimleri ve ko\u015fullar\u0131 dikkate al\u0131n\u0131r. Bir CFD analizi, do\u011fru tasar\u0131ma sahip kuma\u015f kanal sisteminin herhangi bir hava da\u011f\u0131t\u0131m sorununu \u00e7\u00f6zece\u011fini kan\u0131tlayabilir.<\/p>\n<p>Hizmetlerimiz<\/p>\n<p>\u00d6m\u00fcr boyu kaliteli hizmet deneyimini ya\u015fay\u0131n<\/p>\n<p>FabricAir\u00ae m\u00fc\u015fterileri, m\u00fchendislik tasar\u0131m \u00e7\u00f6z\u00fcmlerimizi devreye ald\u0131klar\u0131 andan itibaren ola\u011fan\u00fcst\u00fc hizmetlerimizin keyfini s\u00fcrmeye ba\u015flarlar.<\/p>\n<p>\u0130ster hava da\u011f\u0131t\u0131m tasar\u0131mlar\u0131n\u0131 do\u011frulamak i\u00e7in FabricAir\u00ae CFD analizinden yararlan\u0131n, ister montaj, bak\u0131m ve sat\u0131\u015f sonras\u0131 servis anla\u015fmalar\u0131ndan yararlan\u0131n, FabricAir\u00ae, \u00fcr\u00fcnlerinin her y\u0131l m\u00fc\u015fteri beklentilerine uygun performans g\u00f6stermesini sa\u011flamaya haz\u0131rd\u0131r.<\/p>\n<p>\u00c7\u00f6z\u00fcm tasar\u0131m\u0131 hizmetlerimiz<\/p>\n<p>Her projeye iki \u015fekilde yakla\u015f\u0131yoruz. \u00d6ncelikle m\u00fc\u015fterilerimizi dinliyor ve \u00f6zel gereksinimlere uygun bir \u00e7\u00f6z\u00fcm tasarl\u0131yoruz.<\/p>\n<p>\u0130kincisi, istek \u00fczerine, farkl\u0131 uygulamalarda uzun y\u0131llara dayanan deneyime dayal\u0131 tavsiyelerimizi sunuyoruz. Ard\u0131ndan, m\u00fchendislerimiz proje i\u00e7in \u00f6zel olarak \u00fcretilmi\u015f bir \u00e7\u00f6z\u00fcm tasarl\u0131yor.<\/p>\n<p>Sahada montaj hizmeti<\/p>\n<p>FabricAir\u00ae, saha montaj\u0131nda 20 y\u0131l\u0131 a\u015fk\u0131n deneyime sahiptir.<\/p>\n<p>G\u00fcvenilir i\u015f ortaklar\u0131m\u0131z ve yetenekli montaj ekiplerimizle birlikte, tekstil kanal sistemlerimizin montaj\u0131n\u0131 herhangi bir y\u00fckleniciye g\u00f6re yar\u0131 s\u00fcrede kurabiliriz ve bu da zaman verimlili\u011fine \u00f6nemli \u00f6l\u00e7\u00fcde katk\u0131da bulunur.<\/p>\n<p>Bak\u0131m ve sat\u0131\u015f sonras\u0131 hizmetleri<\/p>\n<p>FabricAir\u00ae tekstil hava kanallar\u0131 minimum bak\u0131m gerektirse de, baz\u0131 sekt\u00f6rlerde yerel kanunlara g\u00f6re bak\u0131m gerektirdi\u011fini biliyoruz. G\u0131da i\u015fleme veya seralar gibi baz\u0131 uygulamalarda, hava da\u011f\u0131t\u0131m sisteminin y\u00f6netmeliklere g\u00f6re belirli aral\u0131klarla temizlenmesine ihtiya\u00e7 vard\u0131r. Ekiplerimiz, sistemleri en k\u0131sa s\u00fcrede s\u00f6kme, temizleme ve tekrar asma dahil olmak \u00fczere anahtar teslimi hizmet vermeye haz\u0131rd\u0131r.<\/p>\n<p>CFD<\/p>\n<p>FabricAir\u00ae CFD Servisi, hava da\u011f\u0131t\u0131m \u00e7\u00f6z\u00fcmlerinin verimlili\u011fini g\u00f6stermenin en iyi yoludur. Her bir rapor m\u00fc\u015fteriye \u00f6zel olarak haz\u0131rlan\u0131r, \u00f6zel ihtiya\u00e7lar\u0131 analiz edilir ve projenin \u00f6zel gereksinimleri ve ko\u015fullar\u0131 dikkate al\u0131n\u0131r. Bir CFD analizi, do\u011fru tasar\u0131ma sahip kuma\u015f kanal sisteminin herhangi bir hava da\u011f\u0131t\u0131m sorununu \u00e7\u00f6zece\u011fini kan\u0131tlayabilir.<\/p>\n","protected":false},"excerpt":{"rendered":"<p>Hizmetlerimiz \u00d6m\u00fcr boyu kaliteli hizmet deneyimini ya\u015fay\u0131n FabricAir\u00ae m\u00fc\u015fterileri, m\u00fchendislik tasar\u0131m \u00e7\u00f6z\u00fcmlerimizi devreye ald\u0131klar\u0131 andan itibaren ola\u011fan\u00fcst\u00fc hizmetlerimizin keyfini s\u00fcrmeye ba\u015flarlar. \u0130ster hava da\u011f\u0131t\u0131m tasar\u0131mlar\u0131n\u0131 do\u011frulamak i\u00e7in FabricAir\u00ae CFD analizinden yararlan\u0131n, ister montaj, bak\u0131m ve sat\u0131\u015f sonras\u0131 servis anla\u015fmalar\u0131ndan yararlan\u0131n, FabricAir\u00ae, \u00fcr\u00fcnlerinin her y\u0131l m\u00fc\u015fteri beklentilerine uygun performans g\u00f6stermesini sa\u011flamaya haz\u0131rd\u0131r. \u00c7\u00f6z\u00fcm tasar\u0131m\u0131 hizmetlerimiz Her [&hellip;]<\/p>\n","protected":false},"author":1,"featured_media":5427,"parent":0,"menu_order":34,"comment_status":"closed","ping_status":"closed","template":"","meta":{"_acf_changed":false,"inline_featured_image":false,"footnotes":""},"class_list":["post-75","page","type-page","status-publish","has-post-thumbnail","hentry"],"acf":[],"yoast_head":"<!-- This site is optimized with the Yoast SEO plugin v27.3 - https:\/\/yoast.com\/product\/yoast-seo-wordpress\/ -->\n<title>Hizmetlerimiz | FabricAir Kuma\u015f Hava Kanallar\u0131<\/title>\n<meta name=\"description\" content=\"Hizmetlerimiz- m\u00fc\u015fterilerimiz hava da\u011f\u0131t\u0131m \u00e7\u00f6z\u00fcmlerimizi devreye ald\u0131klar\u0131 andan itibaren ola\u011fan\u00fcst\u00fc hizmetlerimizin keyfini s\u00fcrmeye ba\u015flarlar\" \/>\n<meta name=\"robots\" content=\"index, follow, max-snippet:-1, max-image-preview:large, max-video-preview:-1\" \/>\n<link rel=\"canonical\" href=\"https:\/\/www.fabricair.com\/tr\/wp-json\/wp\/v2\/pages\/75\/\" \/>\n<meta property=\"og:locale\" content=\"en_US\" \/>\n<meta property=\"og:type\" content=\"article\" \/>\n<meta property=\"og:title\" content=\"Hizmetlerimiz - FabricAir Kuma\u015f Hava Kanallar\u0131\" \/>\n<meta property=\"og:description\" content=\"Hizmetlerimiz- m\u00fc\u015fterilerimiz hava da\u011f\u0131t\u0131m \u00e7\u00f6z\u00fcmlerimizi devreye ald\u0131klar\u0131 andan itibaren ola\u011fan\u00fcst\u00fc hizmetlerimizin keyfini s\u00fcrmeye ba\u015flarlar\" \/>\n<meta property=\"og:url\" content=\"https:\/\/www.fabricair.com\/tr\/hizmetlerimiz\/\" \/>\n<meta property=\"og:site_name\" content=\"FabricAir Kuma\u015f Hava Kanallar\u0131\" \/>\n<meta property=\"article:publisher\" content=\"https:\/\/www.facebook.com\/FabricAir.Turkey\/?locale=tr_TR\" \/>\n<meta property=\"article:modified_time\" content=\"2024-04-17T12:19:39+00:00\" \/>\n<meta property=\"og:image\" content=\"https:\/\/www.fabricair.com\/tr\/wp-content\/uploads\/sites\/24\/2022\/03\/Services_1937036809.png\" \/>\n\t<meta property=\"og:image:width\" content=\"427\" \/>\n\t<meta property=\"og:image:height\" content=\"280\" \/>\n\t<meta property=\"og:image:type\" content=\"image\/png\" \/>\n<meta name=\"twitter:card\" content=\"summary_large_image\" \/>\n<meta name=\"twitter:site\" content=\"@FabricAir\" \/>\n<meta name=\"twitter:label1\" content=\"Est. reading time\" \/>\n\t<meta name=\"twitter:data1\" content=\"3 minutes\" \/>\n<script type=\"application\/ld+json\" class=\"yoast-schema-graph\">{\"@context\":\"https:\\\/\\\/schema.org\",\"@graph\":[{\"@type\":\"WebPage\",\"@id\":\"https:\\\/\\\/www.fabricair.com\\\/tr\\\/hizmetlerimiz\\\/\",\"url\":\"https:\\\/\\\/www.fabricair.com\\\/tr\\\/hizmetlerimiz\\\/\",\"name\":\"Hizmetlerimiz - FabricAir Kuma\u015f Hava Kanallar\u0131\",\"isPartOf\":{\"@id\":\"https:\\\/\\\/www.fabricair.com\\\/tr\\\/#website\"},\"primaryImageOfPage\":{\"@id\":\"https:\\\/\\\/www.fabricair.com\\\/tr\\\/hizmetlerimiz\\\/#primaryimage\"},\"image\":{\"@id\":\"https:\\\/\\\/www.fabricair.com\\\/tr\\\/hizmetlerimiz\\\/#primaryimage\"},\"thumbnailUrl\":\"https:\\\/\\\/www.fabricair.com\\\/tr\\\/wp-content\\\/uploads\\\/sites\\\/24\\\/2022\\\/03\\\/Services_1937036809.png\",\"datePublished\":\"2022-02-04T07:56:24+00:00\",\"dateModified\":\"2024-04-17T12:19:39+00:00\",\"description\":\"Hizmetlerimiz- m\u00fc\u015fterilerimiz hava da\u011f\u0131t\u0131m \u00e7\u00f6z\u00fcmlerimizi devreye ald\u0131klar\u0131 andan itibaren ola\u011fan\u00fcst\u00fc hizmetlerimizin keyfini s\u00fcrmeye ba\u015flarlar\",\"breadcrumb\":{\"@id\":\"https:\\\/\\\/www.fabricair.com\\\/tr\\\/hizmetlerimiz\\\/#breadcrumb\"},\"inLanguage\":\"en-US\",\"potentialAction\":[{\"@type\":\"ReadAction\",\"target\":[\"https:\\\/\\\/www.fabricair.com\\\/tr\\\/hizmetlerimiz\\\/\"]}]},{\"@type\":\"ImageObject\",\"inLanguage\":\"en-US\",\"@id\":\"https:\\\/\\\/www.fabricair.com\\\/tr\\\/hizmetlerimiz\\\/#primaryimage\",\"url\":\"https:\\\/\\\/www.fabricair.com\\\/tr\\\/wp-content\\\/uploads\\\/sites\\\/24\\\/2022\\\/03\\\/Services_1937036809.png\",\"contentUrl\":\"https:\\\/\\\/www.fabricair.com\\\/tr\\\/wp-content\\\/uploads\\\/sites\\\/24\\\/2022\\\/03\\\/Services_1937036809.png\",\"width\":427,\"height\":280,\"caption\":\"Hizmetlerimiz\"},{\"@type\":\"BreadcrumbList\",\"@id\":\"https:\\\/\\\/www.fabricair.com\\\/tr\\\/hizmetlerimiz\\\/#breadcrumb\",\"itemListElement\":[{\"@type\":\"ListItem\",\"position\":1,\"name\":\"Home\",\"item\":\"https:\\\/\\\/www.fabricair.com\\\/tr\\\/\"},{\"@type\":\"ListItem\",\"position\":2,\"name\":\"Hizmetlerimiz\"}]},{\"@type\":\"WebSite\",\"@id\":\"https:\\\/\\\/www.fabricair.com\\\/tr\\\/#website\",\"url\":\"https:\\\/\\\/www.fabricair.com\\\/tr\\\/\",\"name\":\"FabricAir Kuma\u015f Hava Kanallar\u0131\",\"description\":\"\",\"publisher\":{\"@id\":\"https:\\\/\\\/www.fabricair.com\\\/tr\\\/#organization\"},\"alternateName\":\"Tekstil Hava Kanallar\u0131 - Hava \u00c7oraplar\u0131\",\"potentialAction\":[{\"@type\":\"SearchAction\",\"target\":{\"@type\":\"EntryPoint\",\"urlTemplate\":\"https:\\\/\\\/www.fabricair.com\\\/tr\\\/?s={search_term_string}\"},\"query-input\":{\"@type\":\"PropertyValueSpecification\",\"valueRequired\":true,\"valueName\":\"search_term_string\"}}],\"inLanguage\":\"en-US\"},{\"@type\":\"Organization\",\"@id\":\"https:\\\/\\\/www.fabricair.com\\\/tr\\\/#organization\",\"name\":\"FabricAir\",\"url\":\"https:\\\/\\\/www.fabricair.com\\\/tr\\\/\",\"logo\":{\"@type\":\"ImageObject\",\"inLanguage\":\"en-US\",\"@id\":\"https:\\\/\\\/www.fabricair.com\\\/tr\\\/#\\\/schema\\\/logo\\\/image\\\/\",\"url\":\"https:\\\/\\\/www.fabricair.com\\\/tr\\\/wp-content\\\/uploads\\\/sites\\\/24\\\/2022\\\/02\\\/logo-footer.svg\",\"contentUrl\":\"https:\\\/\\\/www.fabricair.com\\\/tr\\\/wp-content\\\/uploads\\\/sites\\\/24\\\/2022\\\/02\\\/logo-footer.svg\",\"width\":126,\"height\":24,\"caption\":\"FabricAir\"},\"image\":{\"@id\":\"https:\\\/\\\/www.fabricair.com\\\/tr\\\/#\\\/schema\\\/logo\\\/image\\\/\"},\"sameAs\":[\"https:\\\/\\\/www.facebook.com\\\/FabricAir.Turkey\\\/?locale=tr_TR\",\"https:\\\/\\\/x.com\\\/FabricAir\",\"https:\\\/\\\/www.linkedin.com\\\/company\\\/fabricair-a-s\\\/\",\"https:\\\/\\\/www.youtube.com\\\/user\\\/FabricAir\"]}]}<\/script>\n<!-- \/ Yoast SEO plugin. -->","yoast_head_json":{"title":"Hizmetlerimiz | FabricAir Kuma\u015f Hava Kanallar\u0131","description":"Hizmetlerimiz- m\u00fc\u015fterilerimiz hava da\u011f\u0131t\u0131m \u00e7\u00f6z\u00fcmlerimizi devreye ald\u0131klar\u0131 andan itibaren ola\u011fan\u00fcst\u00fc hizmetlerimizin keyfini s\u00fcrmeye ba\u015flarlar","robots":{"index":"index","follow":"follow","max-snippet":"max-snippet:-1","max-image-preview":"max-image-preview:large","max-video-preview":"max-video-preview:-1"},"canonical":"https:\/\/www.fabricair.com\/tr\/wp-json\/wp\/v2\/pages\/75\/","og_locale":"en_US","og_type":"article","og_title":"Hizmetlerimiz - FabricAir Kuma\u015f Hava Kanallar\u0131","og_description":"Hizmetlerimiz- m\u00fc\u015fterilerimiz hava da\u011f\u0131t\u0131m \u00e7\u00f6z\u00fcmlerimizi devreye ald\u0131klar\u0131 andan itibaren ola\u011fan\u00fcst\u00fc hizmetlerimizin keyfini s\u00fcrmeye ba\u015flarlar","og_url":"https:\/\/www.fabricair.com\/tr\/hizmetlerimiz\/","og_site_name":"FabricAir Kuma\u015f Hava Kanallar\u0131","article_publisher":"https:\/\/www.facebook.com\/FabricAir.Turkey\/?locale=tr_TR","article_modified_time":"2024-04-17T12:19:39+00:00","og_image":[{"width":427,"height":280,"url":"https:\/\/www.fabricair.com\/tr\/wp-content\/uploads\/sites\/24\/2022\/03\/Services_1937036809.png","type":"image\/png"}],"twitter_card":"summary_large_image","twitter_site":"@FabricAir","twitter_misc":{"Est. reading time":"3 minutes"},"schema":{"@context":"https:\/\/schema.org","@graph":[{"@type":"WebPage","@id":"https:\/\/www.fabricair.com\/tr\/hizmetlerimiz\/","url":"https:\/\/www.fabricair.com\/tr\/hizmetlerimiz\/","name":"Hizmetlerimiz - FabricAir Kuma\u015f Hava Kanallar\u0131","isPartOf":{"@id":"https:\/\/www.fabricair.com\/tr\/#website"},"primaryImageOfPage":{"@id":"https:\/\/www.fabricair.com\/tr\/hizmetlerimiz\/#primaryimage"},"image":{"@id":"https:\/\/www.fabricair.com\/tr\/hizmetlerimiz\/#primaryimage"},"thumbnailUrl":"https:\/\/www.fabricair.com\/tr\/wp-content\/uploads\/sites\/24\/2022\/03\/Services_1937036809.png","datePublished":"2022-02-04T07:56:24+00:00","dateModified":"2024-04-17T12:19:39+00:00","description":"Hizmetlerimiz- m\u00fc\u015fterilerimiz hava da\u011f\u0131t\u0131m \u00e7\u00f6z\u00fcmlerimizi devreye ald\u0131klar\u0131 andan itibaren ola\u011fan\u00fcst\u00fc hizmetlerimizin keyfini s\u00fcrmeye ba\u015flarlar","breadcrumb":{"@id":"https:\/\/www.fabricair.com\/tr\/hizmetlerimiz\/#breadcrumb"},"inLanguage":"en-US","potentialAction":[{"@type":"ReadAction","target":["https:\/\/www.fabricair.com\/tr\/hizmetlerimiz\/"]}]},{"@type":"ImageObject","inLanguage":"en-US","@id":"https:\/\/www.fabricair.com\/tr\/hizmetlerimiz\/#primaryimage","url":"https:\/\/www.fabricair.com\/tr\/wp-content\/uploads\/sites\/24\/2022\/03\/Services_1937036809.png","contentUrl":"https:\/\/www.fabricair.com\/tr\/wp-content\/uploads\/sites\/24\/2022\/03\/Services_1937036809.png","width":427,"height":280,"caption":"Hizmetlerimiz"},{"@type":"BreadcrumbList","@id":"https:\/\/www.fabricair.com\/tr\/hizmetlerimiz\/#breadcrumb","itemListElement":[{"@type":"ListItem","position":1,"name":"Home","item":"https:\/\/www.fabricair.com\/tr\/"},{"@type":"ListItem","position":2,"name":"Hizmetlerimiz"}]},{"@type":"WebSite","@id":"https:\/\/www.fabricair.com\/tr\/#website","url":"https:\/\/www.fabricair.com\/tr\/","name":"FabricAir Kuma\u015f Hava Kanallar\u0131","description":"","publisher":{"@id":"https:\/\/www.fabricair.com\/tr\/#organization"},"alternateName":"Tekstil Hava Kanallar\u0131 - Hava \u00c7oraplar\u0131","potentialAction":[{"@type":"SearchAction","target":{"@type":"EntryPoint","urlTemplate":"https:\/\/www.fabricair.com\/tr\/?s={search_term_string}"},"query-input":{"@type":"PropertyValueSpecification","valueRequired":true,"valueName":"search_term_string"}}],"inLanguage":"en-US"},{"@type":"Organization","@id":"https:\/\/www.fabricair.com\/tr\/#organization","name":"FabricAir","url":"https:\/\/www.fabricair.com\/tr\/","logo":{"@type":"ImageObject","inLanguage":"en-US","@id":"https:\/\/www.fabricair.com\/tr\/#\/schema\/logo\/image\/","url":"https:\/\/www.fabricair.com\/tr\/wp-content\/uploads\/sites\/24\/2022\/02\/logo-footer.svg","contentUrl":"https:\/\/www.fabricair.com\/tr\/wp-content\/uploads\/sites\/24\/2022\/02\/logo-footer.svg","width":126,"height":24,"caption":"FabricAir"},"image":{"@id":"https:\/\/www.fabricair.com\/tr\/#\/schema\/logo\/image\/"},"sameAs":["https:\/\/www.facebook.com\/FabricAir.Turkey\/?locale=tr_TR","https:\/\/x.com\/FabricAir","https:\/\/www.linkedin.com\/company\/fabricair-a-s\/","https:\/\/www.youtube.com\/user\/FabricAir"]}]}},"_links":{"self":[{"href":"https:\/\/www.fabricair.com\/tr\/wp-json\/wp\/v2\/pages\/75","targetHints":{"allow":["GET"]}}],"collection":[{"href":"https:\/\/www.fabricair.com\/tr\/wp-json\/wp\/v2\/pages"}],"about":[{"href":"https:\/\/www.fabricair.com\/tr\/wp-json\/wp\/v2\/types\/page"}],"author":[{"embeddable":true,"href":"https:\/\/www.fabricair.com\/tr\/wp-json\/wp\/v2\/users\/1"}],"replies":[{"embeddable":true,"href":"https:\/\/www.fabricair.com\/tr\/wp-json\/wp\/v2\/comments?post=75"}],"version-history":[{"count":38,"href":"https:\/\/www.fabricair.com\/tr\/wp-json\/wp\/v2\/pages\/75\/revisions"}],"predecessor-version":[{"id":8400,"href":"https:\/\/www.fabricair.com\/tr\/wp-json\/wp\/v2\/pages\/75\/revisions\/8400"}],"wp:featuredmedia":[{"embeddable":true,"href":"https:\/\/www.fabricair.com\/tr\/wp-json\/wp\/v2\/media\/5427"}],"wp:attachment":[{"href":"https:\/\/www.fabricair.com\/tr\/wp-json\/wp\/v2\/media?parent=75"}],"curies":[{"name":"wp","href":"https:\/\/api.w.org\/{rel}","templated":true}]}}