{"id":8017,"date":"2023-11-17T17:41:12","date_gmt":"2023-11-17T14:41:12","guid":{"rendered":"https:\/\/www.fabricair.com\/tr\/?page_id=8017"},"modified":"2023-11-17T17:41:12","modified_gmt":"2023-11-17T14:41:12","slug":"c-r-expo-2023-madrid","status":"publish","type":"page","link":"https:\/\/www.fabricair.com\/tr\/galeri\/etkinlik-galerisi\/c-r-expo-2023-madrid\/","title":{"rendered":"C &#038; R Expo 2023, Madrid"},"content":{"rendered":"","protected":false},"excerpt":{"rendered":"","protected":false},"author":28,"featured_media":8018,"parent":2916,"menu_order":0,"comment_status":"closed","ping_status":"closed","template":"page-gallery.php","meta":{"_acf_changed":false,"inline_featured_image":false,"footnotes":""},"class_list":["post-8017","page","type-page","status-publish","has-post-thumbnail","hentry"],"acf":[],"yoast_head":"<!-- This site is optimized with the Yoast SEO plugin v27.3 - https:\/\/yoast.com\/product\/yoast-seo-wordpress\/ -->\n<title>C &#038; R Expo 2023, Madrid | FabricAir Kuma\u015f Hava Kanallar\u0131<\/title>\n<meta name=\"description\" content=\"Have a look at the photos from C &amp; R Expo 2023 exhibition which was organized in Madrid where FabricAir experts presented its air solutions.\" \/>\n<meta name=\"robots\" content=\"index, follow, max-snippet:-1, max-image-preview:large, max-video-preview:-1\" \/>\n<link rel=\"canonical\" href=\"https:\/\/www.fabricair.com\/tr\/wp-json\/wp\/v2\/pages\/8017\/\" \/>\n<meta property=\"og:locale\" content=\"en_US\" \/>\n<meta property=\"og:type\" content=\"article\" \/>\n<meta property=\"og:title\" content=\"C &amp; R Expo 2023, Madrid - FabricAir Kuma\u015f Hava Kanallar\u0131\" \/>\n<meta property=\"og:description\" content=\"Have a look at the photos from C &amp; R Expo 2023 exhibition which was organized in Madrid where FabricAir experts presented its air solutions.\" \/>\n<meta property=\"og:url\" content=\"https:\/\/www.fabricair.com\/gallery\/event-gallery\/c-r-expo-2023-madrid\/\" \/>\n<meta property=\"og:site_name\" content=\"FabricAir Kuma\u015f Hava Kanallar\u0131\" \/>\n<meta property=\"article:publisher\" content=\"https:\/\/www.facebook.com\/FabricAir.Turkey\/?locale=tr_TR\" \/>\n<meta property=\"og:image\" content=\"https:\/\/www.fabricair.com\/tr\/wp-content\/uploads\/sites\/24\/2023\/11\/C-R-Expo-2023-Spain-_-Team-jpg.webp\" \/>\n\t<meta property=\"og:image:width\" content=\"2048\" \/>\n\t<meta property=\"og:image:height\" content=\"1536\" \/>\n\t<meta property=\"og:image:type\" content=\"image\/webp\" \/>\n<meta name=\"twitter:card\" content=\"summary_large_image\" \/>\n<meta name=\"twitter:site\" content=\"@FabricAir\" \/>\n<script type=\"application\/ld+json\" class=\"yoast-schema-graph\">{\"@context\":\"https:\\\/\\\/schema.org\",\"@graph\":[{\"@type\":\"WebPage\",\"@id\":\"https:\\\/\\\/www.fabricair.com\\\/tr\\\/galeri\\\/etkinlik-galerisi\\\/c-r-expo-2023-madrid\\\/\",\"url\":\"https:\\\/\\\/www.fabricair.com\\\/gallery\\\/event-gallery\\\/c-r-expo-2023-madrid\\\/\",\"name\":\"C & R Expo 2023, Madrid - FabricAir Kuma\u015f Hava Kanallar\u0131\",\"isPartOf\":{\"@id\":\"https:\\\/\\\/www.fabricair.com\\\/tr\\\/#website\"},\"primaryImageOfPage\":{\"@id\":\"https:\\\/\\\/www.fabricair.com\\\/gallery\\\/event-gallery\\\/c-r-expo-2023-madrid\\\/#primaryimage\"},\"image\":{\"@id\":\"https:\\\/\\\/www.fabricair.com\\\/gallery\\\/event-gallery\\\/c-r-expo-2023-madrid\\\/#primaryimage\"},\"thumbnailUrl\":\"https:\\\/\\\/www.fabricair.com\\\/tr\\\/wp-content\\\/uploads\\\/sites\\\/24\\\/2023\\\/11\\\/C-R-Expo-2023-Spain-_-Team-jpg.webp\",\"datePublished\":\"2023-11-17T14:41:12+00:00\",\"description\":\"Have a look at the photos from C & R Expo 2023 exhibition which was organized in Madrid where FabricAir experts presented its air solutions.\",\"breadcrumb\":{\"@id\":\"https:\\\/\\\/www.fabricair.com\\\/gallery\\\/event-gallery\\\/c-r-expo-2023-madrid\\\/#breadcrumb\"},\"inLanguage\":\"en-US\",\"potentialAction\":[{\"@type\":\"ReadAction\",\"target\":[\"https:\\\/\\\/www.fabricair.com\\\/gallery\\\/event-gallery\\\/c-r-expo-2023-madrid\\\/\"]}]},{\"@type\":\"ImageObject\",\"inLanguage\":\"en-US\",\"@id\":\"https:\\\/\\\/www.fabricair.com\\\/gallery\\\/event-gallery\\\/c-r-expo-2023-madrid\\\/#primaryimage\",\"url\":\"https:\\\/\\\/www.fabricair.com\\\/tr\\\/wp-content\\\/uploads\\\/sites\\\/24\\\/2023\\\/11\\\/C-R-Expo-2023-Spain-_-Team-jpg.webp\",\"contentUrl\":\"https:\\\/\\\/www.fabricair.com\\\/tr\\\/wp-content\\\/uploads\\\/sites\\\/24\\\/2023\\\/11\\\/C-R-Expo-2023-Spain-_-Team-jpg.webp\",\"width\":2048,\"height\":1536},{\"@type\":\"BreadcrumbList\",\"@id\":\"https:\\\/\\\/www.fabricair.com\\\/gallery\\\/event-gallery\\\/c-r-expo-2023-madrid\\\/#breadcrumb\",\"itemListElement\":[{\"@type\":\"ListItem\",\"position\":1,\"name\":\"Home\",\"item\":\"https:\\\/\\\/www.fabricair.com\\\/tr\\\/\"},{\"@type\":\"ListItem\",\"position\":2,\"name\":\"Galeri\",\"item\":\"https:\\\/\\\/www.fabricair.com\\\/tr\\\/galeri\\\/\"},{\"@type\":\"ListItem\",\"position\":3,\"name\":\"Etkinlik Galerisi\",\"item\":\"https:\\\/\\\/www.fabricair.com\\\/tr\\\/galeri\\\/etkinlik-galerisi\\\/\"},{\"@type\":\"ListItem\",\"position\":4,\"name\":\"C &#038; R Expo 2023, Madrid\"}]},{\"@type\":\"WebSite\",\"@id\":\"https:\\\/\\\/www.fabricair.com\\\/tr\\\/#website\",\"url\":\"https:\\\/\\\/www.fabricair.com\\\/tr\\\/\",\"name\":\"FabricAir Kuma\u015f Hava Kanallar\u0131\",\"description\":\"\",\"publisher\":{\"@id\":\"https:\\\/\\\/www.fabricair.com\\\/tr\\\/#organization\"},\"alternateName\":\"Tekstil Hava Kanallar\u0131 - Hava \u00c7oraplar\u0131\",\"potentialAction\":[{\"@type\":\"SearchAction\",\"target\":{\"@type\":\"EntryPoint\",\"urlTemplate\":\"https:\\\/\\\/www.fabricair.com\\\/tr\\\/?s={search_term_string}\"},\"query-input\":{\"@type\":\"PropertyValueSpecification\",\"valueRequired\":true,\"valueName\":\"search_term_string\"}}],\"inLanguage\":\"en-US\"},{\"@type\":\"Organization\",\"@id\":\"https:\\\/\\\/www.fabricair.com\\\/tr\\\/#organization\",\"name\":\"FabricAir\",\"url\":\"https:\\\/\\\/www.fabricair.com\\\/tr\\\/\",\"logo\":{\"@type\":\"ImageObject\",\"inLanguage\":\"en-US\",\"@id\":\"https:\\\/\\\/www.fabricair.com\\\/tr\\\/#\\\/schema\\\/logo\\\/image\\\/\",\"url\":\"https:\\\/\\\/www.fabricair.com\\\/tr\\\/wp-content\\\/uploads\\\/sites\\\/24\\\/2022\\\/02\\\/logo-footer.svg\",\"contentUrl\":\"https:\\\/\\\/www.fabricair.com\\\/tr\\\/wp-content\\\/uploads\\\/sites\\\/24\\\/2022\\\/02\\\/logo-footer.svg\",\"width\":126,\"height\":24,\"caption\":\"FabricAir\"},\"image\":{\"@id\":\"https:\\\/\\\/www.fabricair.com\\\/tr\\\/#\\\/schema\\\/logo\\\/image\\\/\"},\"sameAs\":[\"https:\\\/\\\/www.facebook.com\\\/FabricAir.Turkey\\\/?locale=tr_TR\",\"https:\\\/\\\/x.com\\\/FabricAir\",\"https:\\\/\\\/www.linkedin.com\\\/company\\\/fabricair-a-s\\\/\",\"https:\\\/\\\/www.youtube.com\\\/user\\\/FabricAir\"]}]}<\/script>\n<!-- \/ Yoast SEO plugin. -->","yoast_head_json":{"title":"C &#038; R Expo 2023, Madrid | FabricAir Kuma\u015f Hava Kanallar\u0131","description":"Have a look at the photos from C & R Expo 2023 exhibition which was organized in Madrid where FabricAir experts presented its air solutions.","robots":{"index":"index","follow":"follow","max-snippet":"max-snippet:-1","max-image-preview":"max-image-preview:large","max-video-preview":"max-video-preview:-1"},"canonical":"https:\/\/www.fabricair.com\/tr\/wp-json\/wp\/v2\/pages\/8017\/","og_locale":"en_US","og_type":"article","og_title":"C & R Expo 2023, Madrid - FabricAir Kuma\u015f Hava Kanallar\u0131","og_description":"Have a look at the photos from C & R Expo 2023 exhibition which was organized in Madrid where FabricAir experts presented its air solutions.","og_url":"https:\/\/www.fabricair.com\/gallery\/event-gallery\/c-r-expo-2023-madrid\/","og_site_name":"FabricAir Kuma\u015f Hava Kanallar\u0131","article_publisher":"https:\/\/www.facebook.com\/FabricAir.Turkey\/?locale=tr_TR","og_image":[{"width":2048,"height":1536,"url":"https:\/\/www.fabricair.com\/tr\/wp-content\/uploads\/sites\/24\/2023\/11\/C-R-Expo-2023-Spain-_-Team-jpg.webp","type":"image\/webp"}],"twitter_card":"summary_large_image","twitter_site":"@FabricAir","schema":{"@context":"https:\/\/schema.org","@graph":[{"@type":"WebPage","@id":"https:\/\/www.fabricair.com\/tr\/galeri\/etkinlik-galerisi\/c-r-expo-2023-madrid\/","url":"https:\/\/www.fabricair.com\/gallery\/event-gallery\/c-r-expo-2023-madrid\/","name":"C & R Expo 2023, Madrid - FabricAir Kuma\u015f Hava Kanallar\u0131","isPartOf":{"@id":"https:\/\/www.fabricair.com\/tr\/#website"},"primaryImageOfPage":{"@id":"https:\/\/www.fabricair.com\/gallery\/event-gallery\/c-r-expo-2023-madrid\/#primaryimage"},"image":{"@id":"https:\/\/www.fabricair.com\/gallery\/event-gallery\/c-r-expo-2023-madrid\/#primaryimage"},"thumbnailUrl":"https:\/\/www.fabricair.com\/tr\/wp-content\/uploads\/sites\/24\/2023\/11\/C-R-Expo-2023-Spain-_-Team-jpg.webp","datePublished":"2023-11-17T14:41:12+00:00","description":"Have a look at the photos from C & R Expo 2023 exhibition which was organized in Madrid where FabricAir experts presented its air solutions.","breadcrumb":{"@id":"https:\/\/www.fabricair.com\/gallery\/event-gallery\/c-r-expo-2023-madrid\/#breadcrumb"},"inLanguage":"en-US","potentialAction":[{"@type":"ReadAction","target":["https:\/\/www.fabricair.com\/gallery\/event-gallery\/c-r-expo-2023-madrid\/"]}]},{"@type":"ImageObject","inLanguage":"en-US","@id":"https:\/\/www.fabricair.com\/gallery\/event-gallery\/c-r-expo-2023-madrid\/#primaryimage","url":"https:\/\/www.fabricair.com\/tr\/wp-content\/uploads\/sites\/24\/2023\/11\/C-R-Expo-2023-Spain-_-Team-jpg.webp","contentUrl":"https:\/\/www.fabricair.com\/tr\/wp-content\/uploads\/sites\/24\/2023\/11\/C-R-Expo-2023-Spain-_-Team-jpg.webp","width":2048,"height":1536},{"@type":"BreadcrumbList","@id":"https:\/\/www.fabricair.com\/gallery\/event-gallery\/c-r-expo-2023-madrid\/#breadcrumb","itemListElement":[{"@type":"ListItem","position":1,"name":"Home","item":"https:\/\/www.fabricair.com\/tr\/"},{"@type":"ListItem","position":2,"name":"Galeri","item":"https:\/\/www.fabricair.com\/tr\/galeri\/"},{"@type":"ListItem","position":3,"name":"Etkinlik Galerisi","item":"https:\/\/www.fabricair.com\/tr\/galeri\/etkinlik-galerisi\/"},{"@type":"ListItem","position":4,"name":"C &#038; R Expo 2023, Madrid"}]},{"@type":"WebSite","@id":"https:\/\/www.fabricair.com\/tr\/#website","url":"https:\/\/www.fabricair.com\/tr\/","name":"FabricAir Kuma\u015f Hava Kanallar\u0131","description":"","publisher":{"@id":"https:\/\/www.fabricair.com\/tr\/#organization"},"alternateName":"Tekstil Hava Kanallar\u0131 - Hava \u00c7oraplar\u0131","potentialAction":[{"@type":"SearchAction","target":{"@type":"EntryPoint","urlTemplate":"https:\/\/www.fabricair.com\/tr\/?s={search_term_string}"},"query-input":{"@type":"PropertyValueSpecification","valueRequired":true,"valueName":"search_term_string"}}],"inLanguage":"en-US"},{"@type":"Organization","@id":"https:\/\/www.fabricair.com\/tr\/#organization","name":"FabricAir","url":"https:\/\/www.fabricair.com\/tr\/","logo":{"@type":"ImageObject","inLanguage":"en-US","@id":"https:\/\/www.fabricair.com\/tr\/#\/schema\/logo\/image\/","url":"https:\/\/www.fabricair.com\/tr\/wp-content\/uploads\/sites\/24\/2022\/02\/logo-footer.svg","contentUrl":"https:\/\/www.fabricair.com\/tr\/wp-content\/uploads\/sites\/24\/2022\/02\/logo-footer.svg","width":126,"height":24,"caption":"FabricAir"},"image":{"@id":"https:\/\/www.fabricair.com\/tr\/#\/schema\/logo\/image\/"},"sameAs":["https:\/\/www.facebook.com\/FabricAir.Turkey\/?locale=tr_TR","https:\/\/x.com\/FabricAir","https:\/\/www.linkedin.com\/company\/fabricair-a-s\/","https:\/\/www.youtube.com\/user\/FabricAir"]}]}},"_links":{"self":[{"href":"https:\/\/www.fabricair.com\/tr\/wp-json\/wp\/v2\/pages\/8017","targetHints":{"allow":["GET"]}}],"collection":[{"href":"https:\/\/www.fabricair.com\/tr\/wp-json\/wp\/v2\/pages"}],"about":[{"href":"https:\/\/www.fabricair.com\/tr\/wp-json\/wp\/v2\/types\/page"}],"author":[{"embeddable":true,"href":"https:\/\/www.fabricair.com\/tr\/wp-json\/wp\/v2\/users\/28"}],"replies":[{"embeddable":true,"href":"https:\/\/www.fabricair.com\/tr\/wp-json\/wp\/v2\/comments?post=8017"}],"version-history":[{"count":1,"href":"https:\/\/www.fabricair.com\/tr\/wp-json\/wp\/v2\/pages\/8017\/revisions"}],"predecessor-version":[{"id":8025,"href":"https:\/\/www.fabricair.com\/tr\/wp-json\/wp\/v2\/pages\/8017\/revisions\/8025"}],"up":[{"embeddable":true,"href":"https:\/\/www.fabricair.com\/tr\/wp-json\/wp\/v2\/pages\/2916"}],"wp:featuredmedia":[{"embeddable":true,"href":"https:\/\/www.fabricair.com\/tr\/wp-json\/wp\/v2\/media\/8018"}],"wp:attachment":[{"href":"https:\/\/www.fabricair.com\/tr\/wp-json\/wp\/v2\/media?parent=8017"}],"curies":[{"name":"wp","href":"https:\/\/api.w.org\/{rel}","templated":true}]}}