{"id":8106,"date":"2024-02-01T16:57:34","date_gmt":"2024-02-01T13:57:34","guid":{"rendered":"https:\/\/www.fabricair.com\/tr\/?page_id=8106"},"modified":"2024-04-04T14:11:59","modified_gmt":"2024-04-04T11:11:59","slug":"revit-eklentisi-fabricair-pro","status":"publish","type":"page","link":"https:\/\/www.fabricair.com\/tr\/revit-eklentisi-fabricair-pro\/","title":{"rendered":"FabricAir Pro Revit Eklentisi"},"content":{"rendered":"<h3>Kuma\u015f Hava Kanallar\u0131n\u0131 Kolayca Tasarlay\u0131n &#8211; FabricAir Revit Eklentisi<\/h3>\n<p>FabricAir PRO ile tan\u0131\u015f\u0131n! \u00dccretsiz Revit eklentimiz, kuma\u015f hava kanallar\u0131n\u0131 tasarlamay\u0131 ve Revit tasar\u0131mlar\u0131n\u0131za entegre etmeyi kolayla\u015ft\u0131r\u0131r.<\/p>\n<p>FabricAir PRO ile tan\u0131\u015f\u0131n! \u00dccretsiz Revit eklentimiz, kuma\u015f hava kanallar\u0131n\u0131 tasarlamay\u0131 ve Revit tasar\u0131mlar\u0131n\u0131za entegre etmeyi kolayla\u015ft\u0131r\u0131r.<\/p>\n<p>Revit tasar\u0131mlar\u0131n\u0131za kuma\u015f hava kanallar\u0131n\u0131 hemen ekleyin<\/p>\n<div class=\"main-button red video-btn\"><a href=\"https:\/\/vimeo.com\/900056058\/\" target=\"_blank\" rel=\"noopener\" data-fancybox=\"\">Tan\u0131t\u0131m\u0131 \u0130zleyin<\/a><\/div>\n<div><\/div>\n<div>FabricAir PRO: Hava Da\u011f\u0131t\u0131m Tasar\u0131mlar\u0131n\u0131z\u0131 \u00dcst Seviyeye Ta\u015f\u0131y\u0131n<\/div>\n<div><\/div>\n<div>Kuma\u015f hava kanallar\u0131n\u0131 Revit ile kusursuz \u015fekilde bulu\u015fturan FabricAir PRO, mekanik proje tasar\u0131mc\u0131lar\u0131n\u0131n vazge\u00e7ilmezi haline geliyor. Bu \u00fccretsiz ara\u00e7, mimarlara, tasar\u0131mc\u0131lara ve m\u00fchendislere kapsaml\u0131 yaz\u0131l\u0131m de\u011fi\u015fikliklerine veya e\u011fitime ihtiya\u00e7 duymadan yenilik\u00e7i hava da\u011f\u0131t\u0131m \u00e7\u00f6z\u00fcmleri tasarlaman\u0131n \u00f6zg\u00fcrl\u00fc\u011f\u00fcn\u00fc sunuyor. Revit&#8217;e entegre olan FabricAir PRO, kuma\u015f hava kanallar\u0131n\u0131 daha h\u0131zl\u0131 ve hatas\u0131z tasarlaman\u0131z\u0131 sa\u011flayarak projelerinizde fark yaratman\u0131za yard\u0131mc\u0131 oluyor.<\/div>\n<div><\/div>\n<div><span class=\"link-title\">FabricAir PRO&#8217;yu indirin<\/span>\u00a0<a class=\"link-url\" href=\"https:\/\/appcenter-filemanagement-distrib1ede6f06e.azureedge.net\/79be93da-0c0d-4324-a36f-c112b4c4ae3f\/v1.0.3.zip?sv=2019-02-02&amp;sr=c&amp;sig=jCUQr%2Fo05ggAIPF8Ch4jxG9AJWwxwvG13SRjVV2sRto%3D&amp;se=2024-01-18T08%3A47%3A22Z&amp;sp=r\" target=\"_blank\" rel=\"noopener\">https:\/\/appcenter-filemanagement-distrib1ede6f06e.azureedge.net\/79be93da-0c0d-4324-a36f-c112b4c4ae3f\/v1.0.3.zip?sv=2019-02-02&amp;sr=c&amp;sig=jCUQr%2Fo05ggAIPF8Ch4jxG9AJWwxwvG13SRjVV2sRto%3D&amp;se=2024-01-18T08%3A47%3A22Z&amp;sp=r<\/a><\/div>\n<div><\/div>\n<div>Tasar\u0131m\u0131n S\u0131n\u0131rlar\u0131n\u0131 Zorlay\u0131n<\/div>\n<div><\/div>\n<div>Kuma\u015f Kanal Tasar\u0131m\u0131 i\u00e7in Geli\u015ftirildi<\/div>\n<div><\/div>\n<div>Hassas Dok\u00fcmantasyon<\/div>\n<div><\/div>\n<div>Hatalar\u0131 \u00f6nleyerek ve net ileti\u015fimi te\u015fvik ederek proje ak\u0131\u015f\u0131n\u0131 kusursuzla\u015ft\u0131r\u0131r.<\/div>\n<div>\n<p>&nbsp;<\/p>\n<p>H\u0131zl\u0131 Teklif S\u00fcreci<\/p>\n<p>&nbsp;<\/p>\n<p>\u0130leti\u015fimi kolayla\u015ft\u0131rarak daha h\u0131zl\u0131 ve daha az revizyon gerektiren teklifler sunman\u0131z\u0131 sa\u011flar.<\/p>\n<p>&nbsp;<\/p>\n<p>Tasar\u0131m S\u00fcrecini H\u0131zland\u0131r\u0131n<\/p>\n<p>&nbsp;<\/p>\n<p>Kuma\u015f kanal tasar\u0131m\u0131 i\u00e7in \u00f6zel olarak geli\u015ftirilen FabricAir PRO, Revit i\u015flevselli\u011fi ile ortak hareket eder. Tasar\u0131m s\u00fcrecini basitle\u015ftirir ve tasar\u0131mlar\u0131n FabricAir spesifikasyonlar\u0131yla uyumlu olmas\u0131n\u0131 sa\u011flar. Eklenti, tasar\u0131m hatalar\u0131n\u0131 \u00f6nlemeye yard\u0131mc\u0131 olarak tasar\u0131m s\u00fcrecini h\u0131zland\u0131r\u0131r ve kullan\u0131c\u0131 dostu bir aray\u00fcze sahiptir.<\/p>\n<p>FabricAir PRO, FabricAir sistemleri ile entegre olarak \u00e7al\u0131\u015f\u0131r ve sistemlerin do\u011fru ve h\u0131zl\u0131 tasarlanmas\u0131n\u0131 sa\u011flar.<\/p>\n<ul>\n<li>Hatas\u0131z Tasar\u0131m: Kullan\u0131m\u0131 kolay aray\u00fcz\u00fc sayesinde basit\u00e7e kuma\u015f hava kanallar\u0131n\u0131 tasarlay\u0131n. FabricAir standartlar\u0131na uygunluk ile i\u00e7iniz rahat olsun<\/li>\n<li>Basitle\u015ftirilmi\u015f \u0130\u015f Ak\u0131\u015f\u0131: FabricAir PRO, Revit&#8217;e sorunsuz bir \u015fekilde entegre olarak tasar\u0131m ak\u0131\u015f\u0131n\u0131z\u0131 kesintiye u\u011fratmadan projelerinizi estetik ve i\u015flevsel kuma\u015f hava kanallar\u0131yla donatman\u0131za yard\u0131mc\u0131 olur.<\/li>\n<li>Do\u011fru Teklifler: FabricAir PRO, FabricAir sistemleriyle \u00e7al\u0131\u015farak teklif a\u015famas\u0131nda daha h\u0131zl\u0131 ve do\u011fru sonu\u00e7lar alman\u0131z\u0131 sa\u011flar. Net ileti\u015fim, azalt\u0131lm\u0131\u015f hatalar ve zengin bilgi i\u00e7eren Revit dosyas\u0131 ile m\u00fc\u015fterilerinizi etkileyin.<\/li>\n<\/ul>\n<p>FabricAir PRO, \u015fu Autodesk Revit s\u00fcr\u00fcmleriyle uyumludur: 2021, 2022, 2023, 2024<\/p>\n<p>Ba\u015flang\u0131\u00e7 Ad\u0131mlar\u0131<\/p>\n<p>&nbsp;<\/p>\n<p>Birinci Ad\u0131m:<\/p>\n<p>&nbsp;<\/p>\n<p>FabricAir PRO&#8217;yu indirin ve y\u00fckleyin<\/p>\n<p>&nbsp;<\/p>\n<p>\u0130ndir<\/p>\n<p>&nbsp;<\/p>\n<p>\u0130kinci Ad\u0131m:<\/p>\n<p>&nbsp;<\/p>\n<p>Revit i\u00e7erisinde FabricAir PRO&#8217;ya eri\u015fin<\/p>\n<p>&nbsp;<\/p>\n<p>FabricAir kuma\u015f hava kanallar\u0131n\u0131 y\u00fckleyin ve tasar\u0131ma ba\u015flay\u0131n<\/p>\n<p>&nbsp;<\/p>\n<p>Yard\u0131ma m\u0131 ihtiyac\u0131n\u0131z var?<\/p>\n<p>&nbsp;<\/p>\n<p>Buradan s\u0131k sorulan sorulara ve yan\u0131tlar\u0131na ula\u015fabilirsiniz.<\/p>\n<p>&nbsp;<\/p>\n<p>Tan\u0131t\u0131m\u0131 \u0130zleyin<\/p>\n<p>&nbsp;<\/p>\n<p>FabricAir PRO&#8217;nun nas\u0131l \u00e7al\u0131\u015ft\u0131\u011f\u0131n\u0131 g\u00f6rmek i\u00e7in tan\u0131t\u0131m\u0131 izleyin<\/p>\n<p>&nbsp;<\/p>\n<p>Tan\u0131t\u0131m\u0131 izleyin\u00a0<a href=\"https:\/\/vimeo.com\/900056058\/\">https:\/\/vimeo.com\/900056058\/<\/a><\/p>\n<p>&nbsp;<\/p>\n<p>\u0130leti\u015fime ge\u00e7in<\/p>\n<p>&nbsp;<\/p>\n<p>Sorular\u0131n\u0131z\u0131 yan\u0131tlamak i\u00e7in buraday\u0131z<\/p>\n<\/div>\n<div><\/div>\n<div><\/div>\n<div>FabricAir Revit Eklentisi<\/div>\n<div><\/div>\n","protected":false},"excerpt":{"rendered":"<p>Kuma\u015f Hava Kanallar\u0131n\u0131 Kolayca Tasarlay\u0131n &#8211; FabricAir Revit Eklentisi FabricAir PRO ile tan\u0131\u015f\u0131n! \u00dccretsiz Revit eklentimiz, kuma\u015f hava kanallar\u0131n\u0131 tasarlamay\u0131 ve Revit tasar\u0131mlar\u0131n\u0131za entegre etmeyi kolayla\u015ft\u0131r\u0131r. FabricAir PRO ile tan\u0131\u015f\u0131n! \u00dccretsiz Revit eklentimiz, kuma\u015f hava kanallar\u0131n\u0131 tasarlamay\u0131 ve Revit tasar\u0131mlar\u0131n\u0131za entegre etmeyi kolayla\u015ft\u0131r\u0131r. Revit tasar\u0131mlar\u0131n\u0131za kuma\u015f hava kanallar\u0131n\u0131 hemen ekleyin Tan\u0131t\u0131m\u0131 \u0130zleyin FabricAir PRO: Hava [&hellip;]<\/p>\n","protected":false},"author":7,"featured_media":8107,"parent":0,"menu_order":0,"comment_status":"closed","ping_status":"closed","template":"","meta":{"_acf_changed":false,"inline_featured_image":false,"footnotes":""},"class_list":["post-8106","page","type-page","status-publish","has-post-thumbnail","hentry"],"acf":[],"yoast_head":"<!-- This site is optimized with the Yoast SEO plugin v27.3 - https:\/\/yoast.com\/product\/yoast-seo-wordpress\/ -->\n<title>FabricAir Pro Revit Eklentisi | FabricAir Kuma\u015f Hava Kanallar\u0131<\/title>\n<meta name=\"description\" content=\"FabricAir PRO kuma\u015f hava kanallar\u0131n\u0131 tasarlamay\u0131 ve Revit tasar\u0131mlar\u0131n\u0131za entegre etmeyi h\u0131zl\u0131 ve kolay hale getirir.\" \/>\n<meta name=\"robots\" content=\"index, follow, max-snippet:-1, max-image-preview:large, max-video-preview:-1\" \/>\n<link rel=\"canonical\" href=\"https:\/\/www.fabricair.com\/tr\/wp-json\/wp\/v2\/pages\/8106\/\" \/>\n<meta property=\"og:locale\" content=\"en_US\" \/>\n<meta property=\"og:type\" content=\"article\" \/>\n<meta property=\"og:title\" content=\"FabricAir Pro Revit Eklentisi - FabricAir Kuma\u015f Hava Kanallar\u0131\" \/>\n<meta property=\"og:description\" content=\"FabricAir PRO kuma\u015f hava kanallar\u0131n\u0131 tasarlamay\u0131 ve Revit tasar\u0131mlar\u0131n\u0131za entegre etmeyi h\u0131zl\u0131 ve kolay hale getirir.\" \/>\n<meta property=\"og:url\" content=\"https:\/\/www.fabricair.com\/tr\/revit-eklentisi-fabricair-pro\/\" \/>\n<meta property=\"og:site_name\" content=\"FabricAir Kuma\u015f Hava Kanallar\u0131\" \/>\n<meta property=\"article:publisher\" content=\"https:\/\/www.facebook.com\/FabricAir.Turkey\/?locale=tr_TR\" \/>\n<meta property=\"article:modified_time\" content=\"2024-04-04T11:11:59+00:00\" \/>\n<meta property=\"og:image\" content=\"https:\/\/www.fabricair.com\/tr\/wp-content\/uploads\/sites\/24\/2024\/01\/shutterstock_1134534065.png\" \/>\n\t<meta property=\"og:image:width\" content=\"1440\" \/>\n\t<meta property=\"og:image:height\" content=\"712\" \/>\n\t<meta property=\"og:image:type\" content=\"image\/png\" \/>\n<meta name=\"twitter:card\" content=\"summary_large_image\" \/>\n<meta name=\"twitter:site\" content=\"@FabricAir\" \/>\n<meta name=\"twitter:label1\" content=\"Est. reading time\" \/>\n\t<meta name=\"twitter:data1\" content=\"2 minutes\" \/>\n<script type=\"application\/ld+json\" class=\"yoast-schema-graph\">{\"@context\":\"https:\\\/\\\/schema.org\",\"@graph\":[{\"@type\":\"WebPage\",\"@id\":\"https:\\\/\\\/www.fabricair.com\\\/tr\\\/revit-eklentisi-fabricair-pro\\\/\",\"url\":\"https:\\\/\\\/www.fabricair.com\\\/tr\\\/revit-eklentisi-fabricair-pro\\\/\",\"name\":\"FabricAir Pro Revit Eklentisi - FabricAir Kuma\u015f Hava Kanallar\u0131\",\"isPartOf\":{\"@id\":\"https:\\\/\\\/www.fabricair.com\\\/tr\\\/#website\"},\"primaryImageOfPage\":{\"@id\":\"https:\\\/\\\/www.fabricair.com\\\/tr\\\/revit-eklentisi-fabricair-pro\\\/#primaryimage\"},\"image\":{\"@id\":\"https:\\\/\\\/www.fabricair.com\\\/tr\\\/revit-eklentisi-fabricair-pro\\\/#primaryimage\"},\"thumbnailUrl\":\"https:\\\/\\\/www.fabricair.com\\\/tr\\\/wp-content\\\/uploads\\\/sites\\\/24\\\/2024\\\/01\\\/shutterstock_1134534065.png\",\"datePublished\":\"2024-02-01T13:57:34+00:00\",\"dateModified\":\"2024-04-04T11:11:59+00:00\",\"description\":\"FabricAir PRO kuma\u015f hava kanallar\u0131n\u0131 tasarlamay\u0131 ve Revit tasar\u0131mlar\u0131n\u0131za entegre etmeyi h\u0131zl\u0131 ve kolay hale getirir.\",\"breadcrumb\":{\"@id\":\"https:\\\/\\\/www.fabricair.com\\\/tr\\\/revit-eklentisi-fabricair-pro\\\/#breadcrumb\"},\"inLanguage\":\"en-US\",\"potentialAction\":[{\"@type\":\"ReadAction\",\"target\":[\"https:\\\/\\\/www.fabricair.com\\\/tr\\\/revit-eklentisi-fabricair-pro\\\/\"]}]},{\"@type\":\"ImageObject\",\"inLanguage\":\"en-US\",\"@id\":\"https:\\\/\\\/www.fabricair.com\\\/tr\\\/revit-eklentisi-fabricair-pro\\\/#primaryimage\",\"url\":\"https:\\\/\\\/www.fabricair.com\\\/tr\\\/wp-content\\\/uploads\\\/sites\\\/24\\\/2024\\\/01\\\/shutterstock_1134534065.png\",\"contentUrl\":\"https:\\\/\\\/www.fabricair.com\\\/tr\\\/wp-content\\\/uploads\\\/sites\\\/24\\\/2024\\\/01\\\/shutterstock_1134534065.png\",\"width\":1440,\"height\":712,\"caption\":\"FabricAir Services\"},{\"@type\":\"BreadcrumbList\",\"@id\":\"https:\\\/\\\/www.fabricair.com\\\/tr\\\/revit-eklentisi-fabricair-pro\\\/#breadcrumb\",\"itemListElement\":[{\"@type\":\"ListItem\",\"position\":1,\"name\":\"Home\",\"item\":\"https:\\\/\\\/www.fabricair.com\\\/tr\\\/\"},{\"@type\":\"ListItem\",\"position\":2,\"name\":\"FabricAir Pro Revit Eklentisi\"}]},{\"@type\":\"WebSite\",\"@id\":\"https:\\\/\\\/www.fabricair.com\\\/tr\\\/#website\",\"url\":\"https:\\\/\\\/www.fabricair.com\\\/tr\\\/\",\"name\":\"FabricAir Kuma\u015f Hava Kanallar\u0131\",\"description\":\"\",\"publisher\":{\"@id\":\"https:\\\/\\\/www.fabricair.com\\\/tr\\\/#organization\"},\"alternateName\":\"Tekstil Hava Kanallar\u0131 - Hava \u00c7oraplar\u0131\",\"potentialAction\":[{\"@type\":\"SearchAction\",\"target\":{\"@type\":\"EntryPoint\",\"urlTemplate\":\"https:\\\/\\\/www.fabricair.com\\\/tr\\\/?s={search_term_string}\"},\"query-input\":{\"@type\":\"PropertyValueSpecification\",\"valueRequired\":true,\"valueName\":\"search_term_string\"}}],\"inLanguage\":\"en-US\"},{\"@type\":\"Organization\",\"@id\":\"https:\\\/\\\/www.fabricair.com\\\/tr\\\/#organization\",\"name\":\"FabricAir\",\"url\":\"https:\\\/\\\/www.fabricair.com\\\/tr\\\/\",\"logo\":{\"@type\":\"ImageObject\",\"inLanguage\":\"en-US\",\"@id\":\"https:\\\/\\\/www.fabricair.com\\\/tr\\\/#\\\/schema\\\/logo\\\/image\\\/\",\"url\":\"https:\\\/\\\/www.fabricair.com\\\/tr\\\/wp-content\\\/uploads\\\/sites\\\/24\\\/2022\\\/02\\\/logo-footer.svg\",\"contentUrl\":\"https:\\\/\\\/www.fabricair.com\\\/tr\\\/wp-content\\\/uploads\\\/sites\\\/24\\\/2022\\\/02\\\/logo-footer.svg\",\"width\":126,\"height\":24,\"caption\":\"FabricAir\"},\"image\":{\"@id\":\"https:\\\/\\\/www.fabricair.com\\\/tr\\\/#\\\/schema\\\/logo\\\/image\\\/\"},\"sameAs\":[\"https:\\\/\\\/www.facebook.com\\\/FabricAir.Turkey\\\/?locale=tr_TR\",\"https:\\\/\\\/x.com\\\/FabricAir\",\"https:\\\/\\\/www.linkedin.com\\\/company\\\/fabricair-a-s\\\/\",\"https:\\\/\\\/www.youtube.com\\\/user\\\/FabricAir\"]}]}<\/script>\n<!-- \/ Yoast SEO plugin. -->","yoast_head_json":{"title":"FabricAir Pro Revit Eklentisi | FabricAir Kuma\u015f Hava Kanallar\u0131","description":"FabricAir PRO kuma\u015f hava kanallar\u0131n\u0131 tasarlamay\u0131 ve Revit tasar\u0131mlar\u0131n\u0131za entegre etmeyi h\u0131zl\u0131 ve kolay hale getirir.","robots":{"index":"index","follow":"follow","max-snippet":"max-snippet:-1","max-image-preview":"max-image-preview:large","max-video-preview":"max-video-preview:-1"},"canonical":"https:\/\/www.fabricair.com\/tr\/wp-json\/wp\/v2\/pages\/8106\/","og_locale":"en_US","og_type":"article","og_title":"FabricAir Pro Revit Eklentisi - FabricAir Kuma\u015f Hava Kanallar\u0131","og_description":"FabricAir PRO kuma\u015f hava kanallar\u0131n\u0131 tasarlamay\u0131 ve Revit tasar\u0131mlar\u0131n\u0131za entegre etmeyi h\u0131zl\u0131 ve kolay hale getirir.","og_url":"https:\/\/www.fabricair.com\/tr\/revit-eklentisi-fabricair-pro\/","og_site_name":"FabricAir Kuma\u015f Hava Kanallar\u0131","article_publisher":"https:\/\/www.facebook.com\/FabricAir.Turkey\/?locale=tr_TR","article_modified_time":"2024-04-04T11:11:59+00:00","og_image":[{"width":1440,"height":712,"url":"https:\/\/www.fabricair.com\/tr\/wp-content\/uploads\/sites\/24\/2024\/01\/shutterstock_1134534065.png","type":"image\/png"}],"twitter_card":"summary_large_image","twitter_site":"@FabricAir","twitter_misc":{"Est. reading time":"2 minutes"},"schema":{"@context":"https:\/\/schema.org","@graph":[{"@type":"WebPage","@id":"https:\/\/www.fabricair.com\/tr\/revit-eklentisi-fabricair-pro\/","url":"https:\/\/www.fabricair.com\/tr\/revit-eklentisi-fabricair-pro\/","name":"FabricAir Pro Revit Eklentisi - FabricAir Kuma\u015f Hava Kanallar\u0131","isPartOf":{"@id":"https:\/\/www.fabricair.com\/tr\/#website"},"primaryImageOfPage":{"@id":"https:\/\/www.fabricair.com\/tr\/revit-eklentisi-fabricair-pro\/#primaryimage"},"image":{"@id":"https:\/\/www.fabricair.com\/tr\/revit-eklentisi-fabricair-pro\/#primaryimage"},"thumbnailUrl":"https:\/\/www.fabricair.com\/tr\/wp-content\/uploads\/sites\/24\/2024\/01\/shutterstock_1134534065.png","datePublished":"2024-02-01T13:57:34+00:00","dateModified":"2024-04-04T11:11:59+00:00","description":"FabricAir PRO kuma\u015f hava kanallar\u0131n\u0131 tasarlamay\u0131 ve Revit tasar\u0131mlar\u0131n\u0131za entegre etmeyi h\u0131zl\u0131 ve kolay hale getirir.","breadcrumb":{"@id":"https:\/\/www.fabricair.com\/tr\/revit-eklentisi-fabricair-pro\/#breadcrumb"},"inLanguage":"en-US","potentialAction":[{"@type":"ReadAction","target":["https:\/\/www.fabricair.com\/tr\/revit-eklentisi-fabricair-pro\/"]}]},{"@type":"ImageObject","inLanguage":"en-US","@id":"https:\/\/www.fabricair.com\/tr\/revit-eklentisi-fabricair-pro\/#primaryimage","url":"https:\/\/www.fabricair.com\/tr\/wp-content\/uploads\/sites\/24\/2024\/01\/shutterstock_1134534065.png","contentUrl":"https:\/\/www.fabricair.com\/tr\/wp-content\/uploads\/sites\/24\/2024\/01\/shutterstock_1134534065.png","width":1440,"height":712,"caption":"FabricAir Services"},{"@type":"BreadcrumbList","@id":"https:\/\/www.fabricair.com\/tr\/revit-eklentisi-fabricair-pro\/#breadcrumb","itemListElement":[{"@type":"ListItem","position":1,"name":"Home","item":"https:\/\/www.fabricair.com\/tr\/"},{"@type":"ListItem","position":2,"name":"FabricAir Pro Revit Eklentisi"}]},{"@type":"WebSite","@id":"https:\/\/www.fabricair.com\/tr\/#website","url":"https:\/\/www.fabricair.com\/tr\/","name":"FabricAir Kuma\u015f Hava Kanallar\u0131","description":"","publisher":{"@id":"https:\/\/www.fabricair.com\/tr\/#organization"},"alternateName":"Tekstil Hava Kanallar\u0131 - Hava \u00c7oraplar\u0131","potentialAction":[{"@type":"SearchAction","target":{"@type":"EntryPoint","urlTemplate":"https:\/\/www.fabricair.com\/tr\/?s={search_term_string}"},"query-input":{"@type":"PropertyValueSpecification","valueRequired":true,"valueName":"search_term_string"}}],"inLanguage":"en-US"},{"@type":"Organization","@id":"https:\/\/www.fabricair.com\/tr\/#organization","name":"FabricAir","url":"https:\/\/www.fabricair.com\/tr\/","logo":{"@type":"ImageObject","inLanguage":"en-US","@id":"https:\/\/www.fabricair.com\/tr\/#\/schema\/logo\/image\/","url":"https:\/\/www.fabricair.com\/tr\/wp-content\/uploads\/sites\/24\/2022\/02\/logo-footer.svg","contentUrl":"https:\/\/www.fabricair.com\/tr\/wp-content\/uploads\/sites\/24\/2022\/02\/logo-footer.svg","width":126,"height":24,"caption":"FabricAir"},"image":{"@id":"https:\/\/www.fabricair.com\/tr\/#\/schema\/logo\/image\/"},"sameAs":["https:\/\/www.facebook.com\/FabricAir.Turkey\/?locale=tr_TR","https:\/\/x.com\/FabricAir","https:\/\/www.linkedin.com\/company\/fabricair-a-s\/","https:\/\/www.youtube.com\/user\/FabricAir"]}]}},"_links":{"self":[{"href":"https:\/\/www.fabricair.com\/tr\/wp-json\/wp\/v2\/pages\/8106","targetHints":{"allow":["GET"]}}],"collection":[{"href":"https:\/\/www.fabricair.com\/tr\/wp-json\/wp\/v2\/pages"}],"about":[{"href":"https:\/\/www.fabricair.com\/tr\/wp-json\/wp\/v2\/types\/page"}],"author":[{"embeddable":true,"href":"https:\/\/www.fabricair.com\/tr\/wp-json\/wp\/v2\/users\/7"}],"replies":[{"embeddable":true,"href":"https:\/\/www.fabricair.com\/tr\/wp-json\/wp\/v2\/comments?post=8106"}],"version-history":[{"count":12,"href":"https:\/\/www.fabricair.com\/tr\/wp-json\/wp\/v2\/pages\/8106\/revisions"}],"predecessor-version":[{"id":8378,"href":"https:\/\/www.fabricair.com\/tr\/wp-json\/wp\/v2\/pages\/8106\/revisions\/8378"}],"wp:featuredmedia":[{"embeddable":true,"href":"https:\/\/www.fabricair.com\/tr\/wp-json\/wp\/v2\/media\/8107"}],"wp:attachment":[{"href":"https:\/\/www.fabricair.com\/tr\/wp-json\/wp\/v2\/media?parent=8106"}],"curies":[{"name":"wp","href":"https:\/\/api.w.org\/{rel}","templated":true}]}}