{"id":8121,"date":"2024-02-01T12:36:48","date_gmt":"2024-02-01T09:36:48","guid":{"rendered":"https:\/\/www.fabricair.com\/tr\/?page_id=8121"},"modified":"2024-07-08T11:54:14","modified_gmt":"2024-07-08T08:54:14","slug":"tesekkur-ederiz","status":"publish","type":"page","link":"https:\/\/www.fabricair.com\/tr\/tesekkur-ederiz\/","title":{"rendered":"Te\u015fekk\u00fcr ederiz"},"content":{"rendered":"<p>Te\u015fekk\u00fcr ederiz<\/p>\n","protected":false},"excerpt":{"rendered":"<p>Te\u015fekk\u00fcr ederiz<\/p>\n","protected":false},"author":8,"featured_media":0,"parent":0,"menu_order":0,"comment_status":"closed","ping_status":"closed","template":"","meta":{"_acf_changed":false,"inline_featured_image":false,"footnotes":""},"class_list":["post-8121","page","type-page","status-publish","hentry"],"acf":[],"yoast_head":"<!-- This site is optimized with the Yoast SEO plugin v27.3 - https:\/\/yoast.com\/product\/yoast-seo-wordpress\/ -->\n<title>Te\u015fekk\u00fcr ederiz | FabricAir Kuma\u015f Hava Kanallar\u0131<\/title>\n<meta name=\"description\" content=\"\u0130leti\u015fime ge\u00e7ti\u011finiz i\u00e7in te\u015fekk\u00fcrler. Size 24 saat i\u00e7erisinde ula\u015faca\u011f\u0131z.\" \/>\n<meta name=\"robots\" content=\"index, follow, max-snippet:-1, max-image-preview:large, max-video-preview:-1\" \/>\n<link rel=\"canonical\" href=\"https:\/\/www.fabricair.com\/tr\/wp-json\/wp\/v2\/pages\/8121\/\" \/>\n<meta property=\"og:locale\" content=\"en_US\" \/>\n<meta property=\"og:type\" content=\"article\" \/>\n<meta property=\"og:title\" content=\"Te\u015fekk\u00fcr ederiz - FabricAir Kuma\u015f Hava Kanallar\u0131\" \/>\n<meta property=\"og:description\" content=\"\u0130leti\u015fime ge\u00e7ti\u011finiz i\u00e7in te\u015fekk\u00fcrler. Size 24 saat i\u00e7erisinde ula\u015faca\u011f\u0131z.\" \/>\n<meta property=\"og:url\" content=\"https:\/\/www.fabricair.com\/tr\/tesekkur-ederiz\/\" \/>\n<meta property=\"og:site_name\" content=\"FabricAir Kuma\u015f Hava Kanallar\u0131\" \/>\n<meta property=\"article:publisher\" content=\"https:\/\/www.facebook.com\/FabricAir.Turkey\/?locale=tr_TR\" \/>\n<meta property=\"article:modified_time\" content=\"2024-07-08T08:54:14+00:00\" \/>\n<meta name=\"twitter:card\" content=\"summary_large_image\" \/>\n<meta name=\"twitter:site\" content=\"@FabricAir\" \/>\n<meta name=\"twitter:label1\" content=\"Est. reading time\" \/>\n\t<meta name=\"twitter:data1\" content=\"1 minute\" \/>\n<script type=\"application\/ld+json\" class=\"yoast-schema-graph\">{\"@context\":\"https:\\\/\\\/schema.org\",\"@graph\":[{\"@type\":\"WebPage\",\"@id\":\"https:\\\/\\\/www.fabricair.com\\\/tr\\\/tesekkur-ederiz\\\/\",\"url\":\"https:\\\/\\\/www.fabricair.com\\\/tr\\\/tesekkur-ederiz\\\/\",\"name\":\"Te\u015fekk\u00fcr ederiz - FabricAir Kuma\u015f Hava Kanallar\u0131\",\"isPartOf\":{\"@id\":\"https:\\\/\\\/www.fabricair.com\\\/tr\\\/#website\"},\"datePublished\":\"2024-02-01T09:36:48+00:00\",\"dateModified\":\"2024-07-08T08:54:14+00:00\",\"description\":\"\u0130leti\u015fime ge\u00e7ti\u011finiz i\u00e7in te\u015fekk\u00fcrler. Size 24 saat i\u00e7erisinde ula\u015faca\u011f\u0131z.\",\"breadcrumb\":{\"@id\":\"https:\\\/\\\/www.fabricair.com\\\/tr\\\/tesekkur-ederiz\\\/#breadcrumb\"},\"inLanguage\":\"en-US\",\"potentialAction\":[{\"@type\":\"ReadAction\",\"target\":[\"https:\\\/\\\/www.fabricair.com\\\/tr\\\/tesekkur-ederiz\\\/\"]}]},{\"@type\":\"BreadcrumbList\",\"@id\":\"https:\\\/\\\/www.fabricair.com\\\/tr\\\/tesekkur-ederiz\\\/#breadcrumb\",\"itemListElement\":[{\"@type\":\"ListItem\",\"position\":1,\"name\":\"Home\",\"item\":\"https:\\\/\\\/www.fabricair.com\\\/tr\\\/\"},{\"@type\":\"ListItem\",\"position\":2,\"name\":\"Te\u015fekk\u00fcr ederiz\"}]},{\"@type\":\"WebSite\",\"@id\":\"https:\\\/\\\/www.fabricair.com\\\/tr\\\/#website\",\"url\":\"https:\\\/\\\/www.fabricair.com\\\/tr\\\/\",\"name\":\"FabricAir Kuma\u015f Hava Kanallar\u0131\",\"description\":\"\",\"publisher\":{\"@id\":\"https:\\\/\\\/www.fabricair.com\\\/tr\\\/#organization\"},\"alternateName\":\"Tekstil Hava Kanallar\u0131 - Hava \u00c7oraplar\u0131\",\"potentialAction\":[{\"@type\":\"SearchAction\",\"target\":{\"@type\":\"EntryPoint\",\"urlTemplate\":\"https:\\\/\\\/www.fabricair.com\\\/tr\\\/?s={search_term_string}\"},\"query-input\":{\"@type\":\"PropertyValueSpecification\",\"valueRequired\":true,\"valueName\":\"search_term_string\"}}],\"inLanguage\":\"en-US\"},{\"@type\":\"Organization\",\"@id\":\"https:\\\/\\\/www.fabricair.com\\\/tr\\\/#organization\",\"name\":\"FabricAir\",\"url\":\"https:\\\/\\\/www.fabricair.com\\\/tr\\\/\",\"logo\":{\"@type\":\"ImageObject\",\"inLanguage\":\"en-US\",\"@id\":\"https:\\\/\\\/www.fabricair.com\\\/tr\\\/#\\\/schema\\\/logo\\\/image\\\/\",\"url\":\"https:\\\/\\\/www.fabricair.com\\\/tr\\\/wp-content\\\/uploads\\\/sites\\\/24\\\/2022\\\/02\\\/logo-footer.svg\",\"contentUrl\":\"https:\\\/\\\/www.fabricair.com\\\/tr\\\/wp-content\\\/uploads\\\/sites\\\/24\\\/2022\\\/02\\\/logo-footer.svg\",\"width\":126,\"height\":24,\"caption\":\"FabricAir\"},\"image\":{\"@id\":\"https:\\\/\\\/www.fabricair.com\\\/tr\\\/#\\\/schema\\\/logo\\\/image\\\/\"},\"sameAs\":[\"https:\\\/\\\/www.facebook.com\\\/FabricAir.Turkey\\\/?locale=tr_TR\",\"https:\\\/\\\/x.com\\\/FabricAir\",\"https:\\\/\\\/www.linkedin.com\\\/company\\\/fabricair-a-s\\\/\",\"https:\\\/\\\/www.youtube.com\\\/user\\\/FabricAir\"]}]}<\/script>\n<!-- \/ Yoast SEO plugin. -->","yoast_head_json":{"title":"Te\u015fekk\u00fcr ederiz | FabricAir Kuma\u015f Hava Kanallar\u0131","description":"\u0130leti\u015fime ge\u00e7ti\u011finiz i\u00e7in te\u015fekk\u00fcrler. Size 24 saat i\u00e7erisinde ula\u015faca\u011f\u0131z.","robots":{"index":"index","follow":"follow","max-snippet":"max-snippet:-1","max-image-preview":"max-image-preview:large","max-video-preview":"max-video-preview:-1"},"canonical":"https:\/\/www.fabricair.com\/tr\/wp-json\/wp\/v2\/pages\/8121\/","og_locale":"en_US","og_type":"article","og_title":"Te\u015fekk\u00fcr ederiz - FabricAir Kuma\u015f Hava Kanallar\u0131","og_description":"\u0130leti\u015fime ge\u00e7ti\u011finiz i\u00e7in te\u015fekk\u00fcrler. Size 24 saat i\u00e7erisinde ula\u015faca\u011f\u0131z.","og_url":"https:\/\/www.fabricair.com\/tr\/tesekkur-ederiz\/","og_site_name":"FabricAir Kuma\u015f Hava Kanallar\u0131","article_publisher":"https:\/\/www.facebook.com\/FabricAir.Turkey\/?locale=tr_TR","article_modified_time":"2024-07-08T08:54:14+00:00","twitter_card":"summary_large_image","twitter_site":"@FabricAir","twitter_misc":{"Est. reading time":"1 minute"},"schema":{"@context":"https:\/\/schema.org","@graph":[{"@type":"WebPage","@id":"https:\/\/www.fabricair.com\/tr\/tesekkur-ederiz\/","url":"https:\/\/www.fabricair.com\/tr\/tesekkur-ederiz\/","name":"Te\u015fekk\u00fcr ederiz - FabricAir Kuma\u015f Hava Kanallar\u0131","isPartOf":{"@id":"https:\/\/www.fabricair.com\/tr\/#website"},"datePublished":"2024-02-01T09:36:48+00:00","dateModified":"2024-07-08T08:54:14+00:00","description":"\u0130leti\u015fime ge\u00e7ti\u011finiz i\u00e7in te\u015fekk\u00fcrler. Size 24 saat i\u00e7erisinde ula\u015faca\u011f\u0131z.","breadcrumb":{"@id":"https:\/\/www.fabricair.com\/tr\/tesekkur-ederiz\/#breadcrumb"},"inLanguage":"en-US","potentialAction":[{"@type":"ReadAction","target":["https:\/\/www.fabricair.com\/tr\/tesekkur-ederiz\/"]}]},{"@type":"BreadcrumbList","@id":"https:\/\/www.fabricair.com\/tr\/tesekkur-ederiz\/#breadcrumb","itemListElement":[{"@type":"ListItem","position":1,"name":"Home","item":"https:\/\/www.fabricair.com\/tr\/"},{"@type":"ListItem","position":2,"name":"Te\u015fekk\u00fcr ederiz"}]},{"@type":"WebSite","@id":"https:\/\/www.fabricair.com\/tr\/#website","url":"https:\/\/www.fabricair.com\/tr\/","name":"FabricAir Kuma\u015f Hava Kanallar\u0131","description":"","publisher":{"@id":"https:\/\/www.fabricair.com\/tr\/#organization"},"alternateName":"Tekstil Hava Kanallar\u0131 - Hava \u00c7oraplar\u0131","potentialAction":[{"@type":"SearchAction","target":{"@type":"EntryPoint","urlTemplate":"https:\/\/www.fabricair.com\/tr\/?s={search_term_string}"},"query-input":{"@type":"PropertyValueSpecification","valueRequired":true,"valueName":"search_term_string"}}],"inLanguage":"en-US"},{"@type":"Organization","@id":"https:\/\/www.fabricair.com\/tr\/#organization","name":"FabricAir","url":"https:\/\/www.fabricair.com\/tr\/","logo":{"@type":"ImageObject","inLanguage":"en-US","@id":"https:\/\/www.fabricair.com\/tr\/#\/schema\/logo\/image\/","url":"https:\/\/www.fabricair.com\/tr\/wp-content\/uploads\/sites\/24\/2022\/02\/logo-footer.svg","contentUrl":"https:\/\/www.fabricair.com\/tr\/wp-content\/uploads\/sites\/24\/2022\/02\/logo-footer.svg","width":126,"height":24,"caption":"FabricAir"},"image":{"@id":"https:\/\/www.fabricair.com\/tr\/#\/schema\/logo\/image\/"},"sameAs":["https:\/\/www.facebook.com\/FabricAir.Turkey\/?locale=tr_TR","https:\/\/x.com\/FabricAir","https:\/\/www.linkedin.com\/company\/fabricair-a-s\/","https:\/\/www.youtube.com\/user\/FabricAir"]}]}},"_links":{"self":[{"href":"https:\/\/www.fabricair.com\/tr\/wp-json\/wp\/v2\/pages\/8121","targetHints":{"allow":["GET"]}}],"collection":[{"href":"https:\/\/www.fabricair.com\/tr\/wp-json\/wp\/v2\/pages"}],"about":[{"href":"https:\/\/www.fabricair.com\/tr\/wp-json\/wp\/v2\/types\/page"}],"author":[{"embeddable":true,"href":"https:\/\/www.fabricair.com\/tr\/wp-json\/wp\/v2\/users\/8"}],"replies":[{"embeddable":true,"href":"https:\/\/www.fabricair.com\/tr\/wp-json\/wp\/v2\/comments?post=8121"}],"version-history":[{"count":5,"href":"https:\/\/www.fabricair.com\/tr\/wp-json\/wp\/v2\/pages\/8121\/revisions"}],"predecessor-version":[{"id":8523,"href":"https:\/\/www.fabricair.com\/tr\/wp-json\/wp\/v2\/pages\/8121\/revisions\/8523"}],"wp:attachment":[{"href":"https:\/\/www.fabricair.com\/tr\/wp-json\/wp\/v2\/media?parent=8121"}],"curies":[{"name":"wp","href":"https:\/\/api.w.org\/{rel}","templated":true}]}}