{"id":8912,"date":"2024-12-04T20:29:03","date_gmt":"2024-12-04T17:29:03","guid":{"rendered":"https:\/\/www.fabricair.com\/tr\/?page_id=8912"},"modified":"2026-01-21T11:11:35","modified_gmt":"2026-01-21T08:11:35","slug":"mjbizcon-2024-us","status":"publish","type":"page","link":"https:\/\/www.fabricair.com\/tr\/galeri\/etkinlik-galerisi\/mjbizcon-2024-us\/","title":{"rendered":"MJBizCon 2024, Las Vegas, US"},"content":{"rendered":"<p>MJBizCon 2024, Las Vegas, US<\/p>\n","protected":false},"excerpt":{"rendered":"<p>MJBizCon 2024, Las Vegas, US<\/p>\n","protected":false},"author":28,"featured_media":8913,"parent":2916,"menu_order":0,"comment_status":"closed","ping_status":"closed","template":"page-gallery.php","meta":{"_acf_changed":false,"inline_featured_image":false,"footnotes":""},"class_list":["post-8912","page","type-page","status-publish","has-post-thumbnail","hentry"],"acf":[],"yoast_head":"<!-- This site is optimized with the Yoast SEO plugin v27.3 - https:\/\/yoast.com\/product\/yoast-seo-wordpress\/ -->\n<title>MJBizCon 2024, Las Vegas, US | FabricAir Kuma\u015f Hava Kanallar\u0131<\/title>\n<meta name=\"description\" content=\"See photos from FabricAir&#039;s booth at the 2024 MJBizCon in Las Vegas, Nevada where our experts demonstrated our complete air solutions for grow\" \/>\n<meta name=\"robots\" content=\"noindex, follow\" \/>\n<meta property=\"og:locale\" content=\"en_US\" \/>\n<meta property=\"og:type\" content=\"article\" \/>\n<meta property=\"og:title\" content=\"MJBizCon 2024, Las Vegas, US - FabricAir Kuma\u015f Hava Kanallar\u0131\" \/>\n<meta property=\"og:description\" content=\"See photos from FabricAir&#039;s booth at the 2024 MJBizCon in Las Vegas, Nevada where our experts demonstrated our complete air solutions for grow\" \/>\n<meta property=\"og:url\" content=\"https:\/\/www.fabricair.com\/tr\/galeri\/etkinlik-galerisi\/mjbizcon-2024-us\/\" \/>\n<meta property=\"og:site_name\" content=\"FabricAir Kuma\u015f Hava Kanallar\u0131\" \/>\n<meta property=\"article:publisher\" content=\"https:\/\/www.facebook.com\/FabricAir.Turkey\/?locale=tr_TR\" \/>\n<meta property=\"article:modified_time\" content=\"2026-01-21T08:11:35+00:00\" \/>\n<meta property=\"og:image\" content=\"https:\/\/www.fabricair.com\/tr\/wp-content\/uploads\/sites\/24\/2024\/12\/MJBizCon-US-3-2-1024x1024.png\" \/>\n\t<meta property=\"og:image:width\" content=\"1024\" \/>\n\t<meta property=\"og:image:height\" content=\"1024\" \/>\n\t<meta property=\"og:image:type\" content=\"image\/png\" \/>\n<meta name=\"twitter:card\" content=\"summary_large_image\" \/>\n<meta name=\"twitter:site\" content=\"@FabricAir\" \/>\n<meta name=\"twitter:label1\" content=\"Est. reading time\" \/>\n\t<meta name=\"twitter:data1\" content=\"1 minute\" \/>\n<script type=\"application\/ld+json\" class=\"yoast-schema-graph\">{\"@context\":\"https:\\\/\\\/schema.org\",\"@graph\":[{\"@type\":\"WebPage\",\"@id\":\"https:\\\/\\\/www.fabricair.com\\\/tr\\\/galeri\\\/etkinlik-galerisi\\\/mjbizcon-2024-us\\\/\",\"url\":\"https:\\\/\\\/www.fabricair.com\\\/tr\\\/galeri\\\/etkinlik-galerisi\\\/mjbizcon-2024-us\\\/\",\"name\":\"MJBizCon 2024, Las Vegas, US - FabricAir Kuma\u015f Hava Kanallar\u0131\",\"isPartOf\":{\"@id\":\"https:\\\/\\\/www.fabricair.com\\\/tr\\\/#website\"},\"primaryImageOfPage\":{\"@id\":\"https:\\\/\\\/www.fabricair.com\\\/tr\\\/galeri\\\/etkinlik-galerisi\\\/mjbizcon-2024-us\\\/#primaryimage\"},\"image\":{\"@id\":\"https:\\\/\\\/www.fabricair.com\\\/tr\\\/galeri\\\/etkinlik-galerisi\\\/mjbizcon-2024-us\\\/#primaryimage\"},\"thumbnailUrl\":\"https:\\\/\\\/www.fabricair.com\\\/tr\\\/wp-content\\\/uploads\\\/sites\\\/24\\\/2024\\\/12\\\/MJBizCon-US-3-2.png\",\"datePublished\":\"2024-12-04T17:29:03+00:00\",\"dateModified\":\"2026-01-21T08:11:35+00:00\",\"description\":\"See photos from FabricAir's booth at the 2024 MJBizCon in Las Vegas, Nevada where our experts demonstrated our complete air solutions for grow\",\"breadcrumb\":{\"@id\":\"https:\\\/\\\/www.fabricair.com\\\/tr\\\/galeri\\\/etkinlik-galerisi\\\/mjbizcon-2024-us\\\/#breadcrumb\"},\"inLanguage\":\"en-US\",\"potentialAction\":[{\"@type\":\"ReadAction\",\"target\":[\"https:\\\/\\\/www.fabricair.com\\\/tr\\\/galeri\\\/etkinlik-galerisi\\\/mjbizcon-2024-us\\\/\"]}]},{\"@type\":\"ImageObject\",\"inLanguage\":\"en-US\",\"@id\":\"https:\\\/\\\/www.fabricair.com\\\/tr\\\/galeri\\\/etkinlik-galerisi\\\/mjbizcon-2024-us\\\/#primaryimage\",\"url\":\"https:\\\/\\\/www.fabricair.com\\\/tr\\\/wp-content\\\/uploads\\\/sites\\\/24\\\/2024\\\/12\\\/MJBizCon-US-3-2.png\",\"contentUrl\":\"https:\\\/\\\/www.fabricair.com\\\/tr\\\/wp-content\\\/uploads\\\/sites\\\/24\\\/2024\\\/12\\\/MJBizCon-US-3-2.png\",\"width\":1772,\"height\":1772},{\"@type\":\"BreadcrumbList\",\"@id\":\"https:\\\/\\\/www.fabricair.com\\\/tr\\\/galeri\\\/etkinlik-galerisi\\\/mjbizcon-2024-us\\\/#breadcrumb\",\"itemListElement\":[{\"@type\":\"ListItem\",\"position\":1,\"name\":\"Home\",\"item\":\"https:\\\/\\\/www.fabricair.com\\\/tr\\\/\"},{\"@type\":\"ListItem\",\"position\":2,\"name\":\"Galeri\",\"item\":\"https:\\\/\\\/www.fabricair.com\\\/tr\\\/galeri\\\/\"},{\"@type\":\"ListItem\",\"position\":3,\"name\":\"Etkinlik Galerisi\",\"item\":\"https:\\\/\\\/www.fabricair.com\\\/tr\\\/galeri\\\/etkinlik-galerisi\\\/\"},{\"@type\":\"ListItem\",\"position\":4,\"name\":\"MJBizCon 2024, Las Vegas, US\"}]},{\"@type\":\"WebSite\",\"@id\":\"https:\\\/\\\/www.fabricair.com\\\/tr\\\/#website\",\"url\":\"https:\\\/\\\/www.fabricair.com\\\/tr\\\/\",\"name\":\"FabricAir Kuma\u015f Hava Kanallar\u0131\",\"description\":\"\",\"publisher\":{\"@id\":\"https:\\\/\\\/www.fabricair.com\\\/tr\\\/#organization\"},\"alternateName\":\"Tekstil Hava Kanallar\u0131 - Hava \u00c7oraplar\u0131\",\"potentialAction\":[{\"@type\":\"SearchAction\",\"target\":{\"@type\":\"EntryPoint\",\"urlTemplate\":\"https:\\\/\\\/www.fabricair.com\\\/tr\\\/?s={search_term_string}\"},\"query-input\":{\"@type\":\"PropertyValueSpecification\",\"valueRequired\":true,\"valueName\":\"search_term_string\"}}],\"inLanguage\":\"en-US\"},{\"@type\":\"Organization\",\"@id\":\"https:\\\/\\\/www.fabricair.com\\\/tr\\\/#organization\",\"name\":\"FabricAir\",\"url\":\"https:\\\/\\\/www.fabricair.com\\\/tr\\\/\",\"logo\":{\"@type\":\"ImageObject\",\"inLanguage\":\"en-US\",\"@id\":\"https:\\\/\\\/www.fabricair.com\\\/tr\\\/#\\\/schema\\\/logo\\\/image\\\/\",\"url\":\"https:\\\/\\\/www.fabricair.com\\\/tr\\\/wp-content\\\/uploads\\\/sites\\\/24\\\/2022\\\/02\\\/logo-footer.svg\",\"contentUrl\":\"https:\\\/\\\/www.fabricair.com\\\/tr\\\/wp-content\\\/uploads\\\/sites\\\/24\\\/2022\\\/02\\\/logo-footer.svg\",\"width\":126,\"height\":24,\"caption\":\"FabricAir\"},\"image\":{\"@id\":\"https:\\\/\\\/www.fabricair.com\\\/tr\\\/#\\\/schema\\\/logo\\\/image\\\/\"},\"sameAs\":[\"https:\\\/\\\/www.facebook.com\\\/FabricAir.Turkey\\\/?locale=tr_TR\",\"https:\\\/\\\/x.com\\\/FabricAir\",\"https:\\\/\\\/www.linkedin.com\\\/company\\\/fabricair-a-s\\\/\",\"https:\\\/\\\/www.youtube.com\\\/user\\\/FabricAir\"]}]}<\/script>\n<!-- \/ Yoast SEO plugin. -->","yoast_head_json":{"title":"MJBizCon 2024, Las Vegas, US | FabricAir Kuma\u015f Hava Kanallar\u0131","description":"See photos from FabricAir's booth at the 2024 MJBizCon in Las Vegas, Nevada where our experts demonstrated our complete air solutions for grow","robots":{"index":"noindex","follow":"follow"},"og_locale":"en_US","og_type":"article","og_title":"MJBizCon 2024, Las Vegas, US - FabricAir Kuma\u015f Hava Kanallar\u0131","og_description":"See photos from FabricAir's booth at the 2024 MJBizCon in Las Vegas, Nevada where our experts demonstrated our complete air solutions for grow","og_url":"https:\/\/www.fabricair.com\/tr\/galeri\/etkinlik-galerisi\/mjbizcon-2024-us\/","og_site_name":"FabricAir Kuma\u015f Hava Kanallar\u0131","article_publisher":"https:\/\/www.facebook.com\/FabricAir.Turkey\/?locale=tr_TR","article_modified_time":"2026-01-21T08:11:35+00:00","og_image":[{"width":1024,"height":1024,"url":"https:\/\/www.fabricair.com\/tr\/wp-content\/uploads\/sites\/24\/2024\/12\/MJBizCon-US-3-2-1024x1024.png","type":"image\/png"}],"twitter_card":"summary_large_image","twitter_site":"@FabricAir","twitter_misc":{"Est. reading time":"1 minute"},"schema":{"@context":"https:\/\/schema.org","@graph":[{"@type":"WebPage","@id":"https:\/\/www.fabricair.com\/tr\/galeri\/etkinlik-galerisi\/mjbizcon-2024-us\/","url":"https:\/\/www.fabricair.com\/tr\/galeri\/etkinlik-galerisi\/mjbizcon-2024-us\/","name":"MJBizCon 2024, Las Vegas, US - FabricAir Kuma\u015f Hava Kanallar\u0131","isPartOf":{"@id":"https:\/\/www.fabricair.com\/tr\/#website"},"primaryImageOfPage":{"@id":"https:\/\/www.fabricair.com\/tr\/galeri\/etkinlik-galerisi\/mjbizcon-2024-us\/#primaryimage"},"image":{"@id":"https:\/\/www.fabricair.com\/tr\/galeri\/etkinlik-galerisi\/mjbizcon-2024-us\/#primaryimage"},"thumbnailUrl":"https:\/\/www.fabricair.com\/tr\/wp-content\/uploads\/sites\/24\/2024\/12\/MJBizCon-US-3-2.png","datePublished":"2024-12-04T17:29:03+00:00","dateModified":"2026-01-21T08:11:35+00:00","description":"See photos from FabricAir's booth at the 2024 MJBizCon in Las Vegas, Nevada where our experts demonstrated our complete air solutions for grow","breadcrumb":{"@id":"https:\/\/www.fabricair.com\/tr\/galeri\/etkinlik-galerisi\/mjbizcon-2024-us\/#breadcrumb"},"inLanguage":"en-US","potentialAction":[{"@type":"ReadAction","target":["https:\/\/www.fabricair.com\/tr\/galeri\/etkinlik-galerisi\/mjbizcon-2024-us\/"]}]},{"@type":"ImageObject","inLanguage":"en-US","@id":"https:\/\/www.fabricair.com\/tr\/galeri\/etkinlik-galerisi\/mjbizcon-2024-us\/#primaryimage","url":"https:\/\/www.fabricair.com\/tr\/wp-content\/uploads\/sites\/24\/2024\/12\/MJBizCon-US-3-2.png","contentUrl":"https:\/\/www.fabricair.com\/tr\/wp-content\/uploads\/sites\/24\/2024\/12\/MJBizCon-US-3-2.png","width":1772,"height":1772},{"@type":"BreadcrumbList","@id":"https:\/\/www.fabricair.com\/tr\/galeri\/etkinlik-galerisi\/mjbizcon-2024-us\/#breadcrumb","itemListElement":[{"@type":"ListItem","position":1,"name":"Home","item":"https:\/\/www.fabricair.com\/tr\/"},{"@type":"ListItem","position":2,"name":"Galeri","item":"https:\/\/www.fabricair.com\/tr\/galeri\/"},{"@type":"ListItem","position":3,"name":"Etkinlik Galerisi","item":"https:\/\/www.fabricair.com\/tr\/galeri\/etkinlik-galerisi\/"},{"@type":"ListItem","position":4,"name":"MJBizCon 2024, Las Vegas, US"}]},{"@type":"WebSite","@id":"https:\/\/www.fabricair.com\/tr\/#website","url":"https:\/\/www.fabricair.com\/tr\/","name":"FabricAir Kuma\u015f Hava Kanallar\u0131","description":"","publisher":{"@id":"https:\/\/www.fabricair.com\/tr\/#organization"},"alternateName":"Tekstil Hava Kanallar\u0131 - Hava \u00c7oraplar\u0131","potentialAction":[{"@type":"SearchAction","target":{"@type":"EntryPoint","urlTemplate":"https:\/\/www.fabricair.com\/tr\/?s={search_term_string}"},"query-input":{"@type":"PropertyValueSpecification","valueRequired":true,"valueName":"search_term_string"}}],"inLanguage":"en-US"},{"@type":"Organization","@id":"https:\/\/www.fabricair.com\/tr\/#organization","name":"FabricAir","url":"https:\/\/www.fabricair.com\/tr\/","logo":{"@type":"ImageObject","inLanguage":"en-US","@id":"https:\/\/www.fabricair.com\/tr\/#\/schema\/logo\/image\/","url":"https:\/\/www.fabricair.com\/tr\/wp-content\/uploads\/sites\/24\/2022\/02\/logo-footer.svg","contentUrl":"https:\/\/www.fabricair.com\/tr\/wp-content\/uploads\/sites\/24\/2022\/02\/logo-footer.svg","width":126,"height":24,"caption":"FabricAir"},"image":{"@id":"https:\/\/www.fabricair.com\/tr\/#\/schema\/logo\/image\/"},"sameAs":["https:\/\/www.facebook.com\/FabricAir.Turkey\/?locale=tr_TR","https:\/\/x.com\/FabricAir","https:\/\/www.linkedin.com\/company\/fabricair-a-s\/","https:\/\/www.youtube.com\/user\/FabricAir"]}]}},"_links":{"self":[{"href":"https:\/\/www.fabricair.com\/tr\/wp-json\/wp\/v2\/pages\/8912","targetHints":{"allow":["GET"]}}],"collection":[{"href":"https:\/\/www.fabricair.com\/tr\/wp-json\/wp\/v2\/pages"}],"about":[{"href":"https:\/\/www.fabricair.com\/tr\/wp-json\/wp\/v2\/types\/page"}],"author":[{"embeddable":true,"href":"https:\/\/www.fabricair.com\/tr\/wp-json\/wp\/v2\/users\/28"}],"replies":[{"embeddable":true,"href":"https:\/\/www.fabricair.com\/tr\/wp-json\/wp\/v2\/comments?post=8912"}],"version-history":[{"count":1,"href":"https:\/\/www.fabricair.com\/tr\/wp-json\/wp\/v2\/pages\/8912\/revisions"}],"predecessor-version":[{"id":8919,"href":"https:\/\/www.fabricair.com\/tr\/wp-json\/wp\/v2\/pages\/8912\/revisions\/8919"}],"up":[{"embeddable":true,"href":"https:\/\/www.fabricair.com\/tr\/wp-json\/wp\/v2\/pages\/2916"}],"wp:featuredmedia":[{"embeddable":true,"href":"https:\/\/www.fabricair.com\/tr\/wp-json\/wp\/v2\/media\/8913"}],"wp:attachment":[{"href":"https:\/\/www.fabricair.com\/tr\/wp-json\/wp\/v2\/media?parent=8912"}],"curies":[{"name":"wp","href":"https:\/\/api.w.org\/{rel}","templated":true}]}}