{"id":9066,"date":"2025-03-11T16:23:12","date_gmt":"2025-03-11T13:23:12","guid":{"rendered":"https:\/\/www.fabricair.com\/tr\/?page_id=9066"},"modified":"2025-06-19T14:46:42","modified_gmt":"2025-06-19T11:46:42","slug":"mimarlar","status":"publish","type":"page","link":"https:\/\/www.fabricair.com\/tr\/mimarlar\/","title":{"rendered":"Mimarlar"},"content":{"rendered":"<h2>Mimarlar-Kuma\u015f Kanal<\/h2>\n<p>Mimarlar; \u0131s\u0131tma, so\u011futma ve havaland\u0131rma tasar\u0131mlar\u0131n\u0131z\u0131 bir ad\u0131m ileriye ta\u015f\u0131mak m\u0131 istiyorsunuz? Kuma\u015f hava da\u011f\u0131t\u0131m sistemleri ile bu alandaki yenilikleri ke\u015ffedin.<\/p>\n<p>FabricAir kuma\u015f hava kanal\u0131 sistemi, \u0131s\u0131tma, so\u011futma ve havaland\u0131rma projelerinde g\u00fcvenle kullan\u0131labilen, estetik ve fonksiyonel bir \u00e7\u00f6z\u00fcmd\u00fcr. Tasar\u0131m a\u015famas\u0131nda kolay planlama imk\u00e2n\u0131 sunar ve projenizin ihtiya\u00e7lar\u0131na uygun \u00f6zel \u00e7\u00f6z\u00fcmler geli\u015ftirir. Kolay montaj\u0131 ve d\u00fc\u015f\u00fck bak\u0131m gereksinimi ile zamandan ve i\u015f\u00e7ilikten tasarruf sa\u011flar. Hassas hava ak\u0131\u015f\u0131yla y\u00fcksek i\u00e7 mek\u00e2n hava kalitesi sunarken, geni\u015f renk ve desen se\u00e7enekleri sayesinde mimari tasar\u0131mla kusursuz uyum sa\u011flar. B\u00f6ylece, hem i\u015flevselli\u011fi hem de g\u00f6rselli\u011fi \u00f6n planda tutan projelerde tercih edilir.<\/p>\n<p>Kuma\u015f bazl\u0131 hava da\u011f\u0131t\u0131m sistemleri, metal kanallara g\u00f6re bir\u00e7ok mimari ve teknik avantaja sahiptir. Montaj s\u00fcreleri k\u0131sad\u0131r, proje takvimine olumlu katk\u0131 sa\u011flar. Hafif yap\u0131s\u0131 sayesinde ta\u015f\u0131ma ve depolama maliyetlerini azalt\u0131r. Yo\u011fu\u015fma yapmad\u0131\u011f\u0131 i\u00e7in ekstra yal\u0131t\u0131ma gerek kalmaz; bu da hijyenik ortamlar yarat\u0131r ve bakterilerin, k\u00fcflerin olu\u015fmas\u0131n\u0131 engeller. Kolay temizlenmesi, hijyenin \u00f6nemli oldu\u011fu alanlar i\u00e7in ideal bir \u00e7\u00f6z\u00fcm sunar. \u00dcst\u00fcn akustik performans\u0131yla sessizli\u011fin \u00f6nemli oldu\u011fu k\u00fct\u00fcphane, konferans salonu gibi mekanlarda konfor sa\u011flar. Geni\u015f renk, desen ve \u00f6zel bask\u0131 se\u00e7enekleriyle tasar\u0131ma b\u00fcy\u00fck \u00f6zg\u00fcrl\u00fck sunar; tasar\u0131m esnekli\u011fi sayesinde farkl\u0131 formlarda ve mek\u00e2nlara kolayca uyum sa\u011flar, mimari vizyonunuzu tam olarak yans\u0131t\u0131r.<\/p>\n<h2 data-start=\"16\" data-end=\"80\">Neden m\u00fc\u015fterilerimizin %95&#8217;inden fazlas\u0131 geri geliyor, \u00f6\u011frenin!-kuma\u015f kanal<\/h2>\n<p data-start=\"104\" data-end=\"510\">Kuma\u015f hava kanallar\u0131, kafe, restoran, ma\u011faza ve ofis gibi yo\u011fun kullan\u0131ml\u0131 i\u00e7 mek\u00e2nlarda hem estetik a\u00e7\u0131dan \u015f\u0131k \u00e7\u00f6z\u00fcmler sunar hem de enerji verimlili\u011fi sa\u011flar. Tasar\u0131m\u0131, mek\u00e2n\u0131n mimari \u00f6zelliklerine kolayca uyarlanabilir ve geni\u015f renk se\u00e7enekleriyle i\u00e7 mek\u00e2na sorunsuz bir \u015fekilde uyum sa\u011flar. Metal kanallarda s\u0131k\u00e7a ya\u015fanan s\u0131cakl\u0131k farklar\u0131 ve yo\u011fu\u015fma sorunlar\u0131 kuma\u015f kanallarda g\u00f6r\u00fclmez. Ayr\u0131ca, hijyen gereksinimi y\u00fcksek alanlarda kolayca s\u00f6k\u00fcl\u00fcp y\u0131kanabilir olmas\u0131, uzun vadede temiz ve sa\u011fl\u0131kl\u0131 ortamlar\u0131n korunmas\u0131na yard\u0131mc\u0131 olur.<\/p>\n<p data-start=\"104\" data-end=\"510\">FabricAir\u2019in \u00e7ok y\u00f6nl\u00fc sistem tasar\u0131m\u0131 sayesinde, spor, end\u00fcstriyel, ticari, kamu, tar\u0131m, e\u011flence ve dinlenme tesisleri gibi farkl\u0131 alanlarda \u00f6zelle\u015ftirilmi\u015f m\u00fchendislik \u00e7\u00f6z\u00fcmleri sunuyoruz. \u0130ster izotermal, ister \u0131s\u0131tma, so\u011futma ya da bunlar\u0131n bir kombinasyonu olsun, ihtiyac\u0131n\u0131za uygun ak\u0131ll\u0131 hava da\u011f\u0131t\u0131m \u00e7\u00f6z\u00fcm\u00fcn\u00fc sunmaktan memnuniyet duyar\u0131z.<\/p>\n<p>Hava da\u011f\u0131t\u0131m sekt\u00f6r\u00fcnde 50 y\u0131l\u0131 a\u015fk\u0131n deneyime sahip, d\u00fcnya genelinde destek veren uzman ekibimizle FabricAir, bir sonraki projeniz i\u00e7in en do\u011fru tercihtir. Kuma\u015f hava kanallar\u0131yla ilgili ihtiya\u00e7 duydu\u011funuz t\u00fcm bilgileri burada bulabilirsiniz.<\/p>\n<p data-start=\"104\" data-end=\"510\">Size yard\u0131mc\u0131 olmak i\u00e7in buraday\u0131z. Herhangi bir sorunuz varsa bizimle ileti\u015fime ge\u00e7in.<\/p>\n","protected":false},"excerpt":{"rendered":"<p>Mimarlar-Kuma\u015f Kanal Mimarlar; \u0131s\u0131tma, so\u011futma ve havaland\u0131rma tasar\u0131mlar\u0131n\u0131z\u0131 bir ad\u0131m ileriye ta\u015f\u0131mak m\u0131 istiyorsunuz? Kuma\u015f hava da\u011f\u0131t\u0131m sistemleri ile bu alandaki yenilikleri ke\u015ffedin. FabricAir kuma\u015f hava kanal\u0131 sistemi, \u0131s\u0131tma, so\u011futma ve havaland\u0131rma projelerinde g\u00fcvenle kullan\u0131labilen, estetik ve fonksiyonel bir \u00e7\u00f6z\u00fcmd\u00fcr. Tasar\u0131m a\u015famas\u0131nda kolay planlama imk\u00e2n\u0131 sunar ve projenizin ihtiya\u00e7lar\u0131na uygun \u00f6zel \u00e7\u00f6z\u00fcmler geli\u015ftirir. Kolay montaj\u0131 [&hellip;]<\/p>\n","protected":false},"author":7,"featured_media":9067,"parent":0,"menu_order":0,"comment_status":"closed","ping_status":"closed","template":"","meta":{"_acf_changed":false,"inline_featured_image":false,"footnotes":""},"class_list":["post-9066","page","type-page","status-publish","has-post-thumbnail","hentry"],"acf":[],"yoast_head":"<!-- This site is optimized with the Yoast SEO plugin v27.3 - https:\/\/yoast.com\/product\/yoast-seo-wordpress\/ -->\n<title>Mimarlar | FabricAir Kuma\u015f Hava Kanallar\u0131<\/title>\n<meta name=\"description\" content=\"Mimarlar; \u0131s\u0131tma, so\u011futma ve havaland\u0131rma tasar\u0131mlar\u0131n\u0131z\u0131 bir ad\u0131m ileriye ta\u015f\u0131mak m\u0131 istiyorsunuz? Kuma\u015f hava kanallar\u0131n\u0131 ke\u015ffedin!\" \/>\n<meta name=\"robots\" content=\"index, follow, max-snippet:-1, max-image-preview:large, max-video-preview:-1\" \/>\n<link rel=\"canonical\" href=\"https:\/\/www.fabricair.com\/tr\/wp-json\/wp\/v2\/pages\/9066\/\" \/>\n<meta property=\"og:locale\" content=\"en_US\" \/>\n<meta property=\"og:type\" content=\"article\" \/>\n<meta property=\"og:title\" content=\"Mimarlar - FabricAir Kuma\u015f Hava Kanallar\u0131\" \/>\n<meta property=\"og:description\" content=\"Mimarlar; \u0131s\u0131tma, so\u011futma ve havaland\u0131rma tasar\u0131mlar\u0131n\u0131z\u0131 bir ad\u0131m ileriye ta\u015f\u0131mak m\u0131 istiyorsunuz? Kuma\u015f hava kanallar\u0131n\u0131 ke\u015ffedin!\" \/>\n<meta property=\"og:url\" content=\"https:\/\/www.fabricair.com\/tr\/mimarlar\/\" \/>\n<meta property=\"og:site_name\" content=\"FabricAir Kuma\u015f Hava Kanallar\u0131\" \/>\n<meta property=\"article:publisher\" content=\"https:\/\/www.facebook.com\/FabricAir.Turkey\/?locale=tr_TR\" \/>\n<meta property=\"article:modified_time\" content=\"2025-06-19T11:46:42+00:00\" \/>\n<meta property=\"og:image\" content=\"https:\/\/www.fabricair.com\/tr\/wp-content\/uploads\/sites\/24\/2025\/03\/FabricAir-10-lrg-jpg.webp\" \/>\n\t<meta property=\"og:image:width\" content=\"1200\" \/>\n\t<meta property=\"og:image:height\" content=\"798\" \/>\n\t<meta property=\"og:image:type\" content=\"image\/webp\" \/>\n<meta name=\"twitter:card\" content=\"summary_large_image\" \/>\n<meta name=\"twitter:site\" content=\"@FabricAir\" \/>\n<meta name=\"twitter:label1\" content=\"Est. reading time\" \/>\n\t<meta name=\"twitter:data1\" content=\"2 minutes\" \/>\n<script type=\"application\/ld+json\" class=\"yoast-schema-graph\">{\"@context\":\"https:\\\/\\\/schema.org\",\"@graph\":[{\"@type\":\"WebPage\",\"@id\":\"https:\\\/\\\/www.fabricair.com\\\/tr\\\/mimarlar\\\/\",\"url\":\"https:\\\/\\\/www.fabricair.com\\\/tr\\\/mimarlar\\\/\",\"name\":\"Mimarlar - FabricAir Kuma\u015f Hava Kanallar\u0131\",\"isPartOf\":{\"@id\":\"https:\\\/\\\/www.fabricair.com\\\/tr\\\/#website\"},\"primaryImageOfPage\":{\"@id\":\"https:\\\/\\\/www.fabricair.com\\\/tr\\\/mimarlar\\\/#primaryimage\"},\"image\":{\"@id\":\"https:\\\/\\\/www.fabricair.com\\\/tr\\\/mimarlar\\\/#primaryimage\"},\"thumbnailUrl\":\"https:\\\/\\\/www.fabricair.com\\\/tr\\\/wp-content\\\/uploads\\\/sites\\\/24\\\/2025\\\/03\\\/FabricAir-10-lrg-jpg.webp\",\"datePublished\":\"2025-03-11T13:23:12+00:00\",\"dateModified\":\"2025-06-19T11:46:42+00:00\",\"description\":\"Mimarlar; \u0131s\u0131tma, so\u011futma ve havaland\u0131rma tasar\u0131mlar\u0131n\u0131z\u0131 bir ad\u0131m ileriye ta\u015f\u0131mak m\u0131 istiyorsunuz? Kuma\u015f hava kanallar\u0131n\u0131 ke\u015ffedin!\",\"breadcrumb\":{\"@id\":\"https:\\\/\\\/www.fabricair.com\\\/tr\\\/mimarlar\\\/#breadcrumb\"},\"inLanguage\":\"en-US\",\"potentialAction\":[{\"@type\":\"ReadAction\",\"target\":[\"https:\\\/\\\/www.fabricair.com\\\/tr\\\/mimarlar\\\/\"]}]},{\"@type\":\"ImageObject\",\"inLanguage\":\"en-US\",\"@id\":\"https:\\\/\\\/www.fabricair.com\\\/tr\\\/mimarlar\\\/#primaryimage\",\"url\":\"https:\\\/\\\/www.fabricair.com\\\/tr\\\/wp-content\\\/uploads\\\/sites\\\/24\\\/2025\\\/03\\\/FabricAir-10-lrg-jpg.webp\",\"contentUrl\":\"https:\\\/\\\/www.fabricair.com\\\/tr\\\/wp-content\\\/uploads\\\/sites\\\/24\\\/2025\\\/03\\\/FabricAir-10-lrg-jpg.webp\",\"width\":1200,\"height\":798},{\"@type\":\"BreadcrumbList\",\"@id\":\"https:\\\/\\\/www.fabricair.com\\\/tr\\\/mimarlar\\\/#breadcrumb\",\"itemListElement\":[{\"@type\":\"ListItem\",\"position\":1,\"name\":\"Home\",\"item\":\"https:\\\/\\\/www.fabricair.com\\\/tr\\\/\"},{\"@type\":\"ListItem\",\"position\":2,\"name\":\"Mimarlar\"}]},{\"@type\":\"WebSite\",\"@id\":\"https:\\\/\\\/www.fabricair.com\\\/tr\\\/#website\",\"url\":\"https:\\\/\\\/www.fabricair.com\\\/tr\\\/\",\"name\":\"FabricAir Kuma\u015f Hava Kanallar\u0131\",\"description\":\"\",\"publisher\":{\"@id\":\"https:\\\/\\\/www.fabricair.com\\\/tr\\\/#organization\"},\"alternateName\":\"Tekstil Hava Kanallar\u0131 - Hava \u00c7oraplar\u0131\",\"potentialAction\":[{\"@type\":\"SearchAction\",\"target\":{\"@type\":\"EntryPoint\",\"urlTemplate\":\"https:\\\/\\\/www.fabricair.com\\\/tr\\\/?s={search_term_string}\"},\"query-input\":{\"@type\":\"PropertyValueSpecification\",\"valueRequired\":true,\"valueName\":\"search_term_string\"}}],\"inLanguage\":\"en-US\"},{\"@type\":\"Organization\",\"@id\":\"https:\\\/\\\/www.fabricair.com\\\/tr\\\/#organization\",\"name\":\"FabricAir\",\"url\":\"https:\\\/\\\/www.fabricair.com\\\/tr\\\/\",\"logo\":{\"@type\":\"ImageObject\",\"inLanguage\":\"en-US\",\"@id\":\"https:\\\/\\\/www.fabricair.com\\\/tr\\\/#\\\/schema\\\/logo\\\/image\\\/\",\"url\":\"https:\\\/\\\/www.fabricair.com\\\/tr\\\/wp-content\\\/uploads\\\/sites\\\/24\\\/2022\\\/02\\\/logo-footer.svg\",\"contentUrl\":\"https:\\\/\\\/www.fabricair.com\\\/tr\\\/wp-content\\\/uploads\\\/sites\\\/24\\\/2022\\\/02\\\/logo-footer.svg\",\"width\":126,\"height\":24,\"caption\":\"FabricAir\"},\"image\":{\"@id\":\"https:\\\/\\\/www.fabricair.com\\\/tr\\\/#\\\/schema\\\/logo\\\/image\\\/\"},\"sameAs\":[\"https:\\\/\\\/www.facebook.com\\\/FabricAir.Turkey\\\/?locale=tr_TR\",\"https:\\\/\\\/x.com\\\/FabricAir\",\"https:\\\/\\\/www.linkedin.com\\\/company\\\/fabricair-a-s\\\/\",\"https:\\\/\\\/www.youtube.com\\\/user\\\/FabricAir\"]}]}<\/script>\n<!-- \/ Yoast SEO plugin. -->","yoast_head_json":{"title":"Mimarlar | FabricAir Kuma\u015f Hava Kanallar\u0131","description":"Mimarlar; \u0131s\u0131tma, so\u011futma ve havaland\u0131rma tasar\u0131mlar\u0131n\u0131z\u0131 bir ad\u0131m ileriye ta\u015f\u0131mak m\u0131 istiyorsunuz? Kuma\u015f hava kanallar\u0131n\u0131 ke\u015ffedin!","robots":{"index":"index","follow":"follow","max-snippet":"max-snippet:-1","max-image-preview":"max-image-preview:large","max-video-preview":"max-video-preview:-1"},"canonical":"https:\/\/www.fabricair.com\/tr\/wp-json\/wp\/v2\/pages\/9066\/","og_locale":"en_US","og_type":"article","og_title":"Mimarlar - FabricAir Kuma\u015f Hava Kanallar\u0131","og_description":"Mimarlar; \u0131s\u0131tma, so\u011futma ve havaland\u0131rma tasar\u0131mlar\u0131n\u0131z\u0131 bir ad\u0131m ileriye ta\u015f\u0131mak m\u0131 istiyorsunuz? Kuma\u015f hava kanallar\u0131n\u0131 ke\u015ffedin!","og_url":"https:\/\/www.fabricair.com\/tr\/mimarlar\/","og_site_name":"FabricAir Kuma\u015f Hava Kanallar\u0131","article_publisher":"https:\/\/www.facebook.com\/FabricAir.Turkey\/?locale=tr_TR","article_modified_time":"2025-06-19T11:46:42+00:00","og_image":[{"width":1200,"height":798,"url":"https:\/\/www.fabricair.com\/tr\/wp-content\/uploads\/sites\/24\/2025\/03\/FabricAir-10-lrg-jpg.webp","type":"image\/webp"}],"twitter_card":"summary_large_image","twitter_site":"@FabricAir","twitter_misc":{"Est. reading time":"2 minutes"},"schema":{"@context":"https:\/\/schema.org","@graph":[{"@type":"WebPage","@id":"https:\/\/www.fabricair.com\/tr\/mimarlar\/","url":"https:\/\/www.fabricair.com\/tr\/mimarlar\/","name":"Mimarlar - FabricAir Kuma\u015f Hava Kanallar\u0131","isPartOf":{"@id":"https:\/\/www.fabricair.com\/tr\/#website"},"primaryImageOfPage":{"@id":"https:\/\/www.fabricair.com\/tr\/mimarlar\/#primaryimage"},"image":{"@id":"https:\/\/www.fabricair.com\/tr\/mimarlar\/#primaryimage"},"thumbnailUrl":"https:\/\/www.fabricair.com\/tr\/wp-content\/uploads\/sites\/24\/2025\/03\/FabricAir-10-lrg-jpg.webp","datePublished":"2025-03-11T13:23:12+00:00","dateModified":"2025-06-19T11:46:42+00:00","description":"Mimarlar; \u0131s\u0131tma, so\u011futma ve havaland\u0131rma tasar\u0131mlar\u0131n\u0131z\u0131 bir ad\u0131m ileriye ta\u015f\u0131mak m\u0131 istiyorsunuz? Kuma\u015f hava kanallar\u0131n\u0131 ke\u015ffedin!","breadcrumb":{"@id":"https:\/\/www.fabricair.com\/tr\/mimarlar\/#breadcrumb"},"inLanguage":"en-US","potentialAction":[{"@type":"ReadAction","target":["https:\/\/www.fabricair.com\/tr\/mimarlar\/"]}]},{"@type":"ImageObject","inLanguage":"en-US","@id":"https:\/\/www.fabricair.com\/tr\/mimarlar\/#primaryimage","url":"https:\/\/www.fabricair.com\/tr\/wp-content\/uploads\/sites\/24\/2025\/03\/FabricAir-10-lrg-jpg.webp","contentUrl":"https:\/\/www.fabricair.com\/tr\/wp-content\/uploads\/sites\/24\/2025\/03\/FabricAir-10-lrg-jpg.webp","width":1200,"height":798},{"@type":"BreadcrumbList","@id":"https:\/\/www.fabricair.com\/tr\/mimarlar\/#breadcrumb","itemListElement":[{"@type":"ListItem","position":1,"name":"Home","item":"https:\/\/www.fabricair.com\/tr\/"},{"@type":"ListItem","position":2,"name":"Mimarlar"}]},{"@type":"WebSite","@id":"https:\/\/www.fabricair.com\/tr\/#website","url":"https:\/\/www.fabricair.com\/tr\/","name":"FabricAir Kuma\u015f Hava Kanallar\u0131","description":"","publisher":{"@id":"https:\/\/www.fabricair.com\/tr\/#organization"},"alternateName":"Tekstil Hava Kanallar\u0131 - Hava \u00c7oraplar\u0131","potentialAction":[{"@type":"SearchAction","target":{"@type":"EntryPoint","urlTemplate":"https:\/\/www.fabricair.com\/tr\/?s={search_term_string}"},"query-input":{"@type":"PropertyValueSpecification","valueRequired":true,"valueName":"search_term_string"}}],"inLanguage":"en-US"},{"@type":"Organization","@id":"https:\/\/www.fabricair.com\/tr\/#organization","name":"FabricAir","url":"https:\/\/www.fabricair.com\/tr\/","logo":{"@type":"ImageObject","inLanguage":"en-US","@id":"https:\/\/www.fabricair.com\/tr\/#\/schema\/logo\/image\/","url":"https:\/\/www.fabricair.com\/tr\/wp-content\/uploads\/sites\/24\/2022\/02\/logo-footer.svg","contentUrl":"https:\/\/www.fabricair.com\/tr\/wp-content\/uploads\/sites\/24\/2022\/02\/logo-footer.svg","width":126,"height":24,"caption":"FabricAir"},"image":{"@id":"https:\/\/www.fabricair.com\/tr\/#\/schema\/logo\/image\/"},"sameAs":["https:\/\/www.facebook.com\/FabricAir.Turkey\/?locale=tr_TR","https:\/\/x.com\/FabricAir","https:\/\/www.linkedin.com\/company\/fabricair-a-s\/","https:\/\/www.youtube.com\/user\/FabricAir"]}]}},"_links":{"self":[{"href":"https:\/\/www.fabricair.com\/tr\/wp-json\/wp\/v2\/pages\/9066","targetHints":{"allow":["GET"]}}],"collection":[{"href":"https:\/\/www.fabricair.com\/tr\/wp-json\/wp\/v2\/pages"}],"about":[{"href":"https:\/\/www.fabricair.com\/tr\/wp-json\/wp\/v2\/types\/page"}],"author":[{"embeddable":true,"href":"https:\/\/www.fabricair.com\/tr\/wp-json\/wp\/v2\/users\/7"}],"replies":[{"embeddable":true,"href":"https:\/\/www.fabricair.com\/tr\/wp-json\/wp\/v2\/comments?post=9066"}],"version-history":[{"count":39,"href":"https:\/\/www.fabricair.com\/tr\/wp-json\/wp\/v2\/pages\/9066\/revisions"}],"predecessor-version":[{"id":9417,"href":"https:\/\/www.fabricair.com\/tr\/wp-json\/wp\/v2\/pages\/9066\/revisions\/9417"}],"wp:featuredmedia":[{"embeddable":true,"href":"https:\/\/www.fabricair.com\/tr\/wp-json\/wp\/v2\/media\/9067"}],"wp:attachment":[{"href":"https:\/\/www.fabricair.com\/tr\/wp-json\/wp\/v2\/media?parent=9066"}],"curies":[{"name":"wp","href":"https:\/\/api.w.org\/{rel}","templated":true}]}}