{"id":9079,"date":"2025-03-11T16:22:17","date_gmt":"2025-03-11T13:22:17","guid":{"rendered":"https:\/\/www.fabricair.com\/tr\/?page_id=9079"},"modified":"2026-01-13T10:53:11","modified_gmt":"2026-01-13T07:53:11","slug":"yukleniciler","status":"publish","type":"page","link":"https:\/\/www.fabricair.com\/tr\/yukleniciler\/","title":{"rendered":"Y\u00fckleniciler"},"content":{"rendered":"<h2>Y\u00fckleniciler-kuma\u015f kanal<\/h2>\n<p>Kuma\u015f hava kanallar\u0131 metal kanallar\u0131n kullan\u0131ld\u0131\u011f\u0131 her yerde kullan\u0131labilir. Kuma\u015f bazl\u0131 hava da\u011f\u0131t\u0131m sistemi ask\u0131lama sistemi ile birlikte her \u015fey dahil olarak montaja haz\u0131r g\u00f6nderilir. Dengeleme, boyama veya izolasyon gerektirmez. Montaj, her alet \u00e7antas\u0131ndaki malzemeler ile \u00e7ok k\u0131sa s\u00fcrede tamamlan\u0131r; bu da i\u015f\u00e7ilik maliyetinde \u00f6nemli tasarruf sa\u011flar. Do\u011fal yap\u0131s\u0131 sayesinde yo\u011fu\u015fma yapmaz, ek yal\u0131t\u0131ma ihtiya\u00e7 duymaz. Hava, i\u00e7 mek\u00e2nda e\u015fit \u015fekilde da\u011f\u0131l\u0131r; sistem sessiz ve verimli \u00e7al\u0131\u015f\u0131r. Hem uygulay\u0131c\u0131 hem son kullan\u0131c\u0131 i\u00e7in pratik ve g\u00fcvenilir bir \u00e7\u00f6z\u00fcmd\u00fcr.<\/p>\n<p>Kuma\u015f hava kanallar\u0131,\u00a0metal kanallara g\u00f6re \u00e7e\u015fitli avantajlar sa\u011flar:<\/p>\n<ul>\n<li data-start=\"294\" data-end=\"353\">\n<p data-start=\"296\" data-end=\"353\">Yo\u011fu\u015fma yapmaz, izolasyon gerekmez, korozyona dayan\u0131kl\u0131<\/p>\n<\/li>\n<li data-start=\"354\" data-end=\"403\">\n<p data-start=\"356\" data-end=\"403\">H\u0131zl\u0131 ve kolay montaj, d\u00fc\u015f\u00fck nakliye maliyeti<\/p>\n<\/li>\n<li data-start=\"404\" data-end=\"451\">\n<p data-start=\"406\" data-end=\"451\">Y\u0131kanabilir, hijyenik ve mikrop bar\u0131nd\u0131rmaz<\/p>\n<\/li>\n<li data-start=\"452\" data-end=\"493\">\n<p data-start=\"454\" data-end=\"493\">\u0130\u015f\u00e7ilik ve malzemeden tasarruf sa\u011flar<\/p>\n<\/li>\n<li data-start=\"494\" data-end=\"547\">\n<p data-start=\"496\" data-end=\"547\">Menfez, boya, damper gibi ek malzeme ihtiyac\u0131 yok<\/p>\n<\/li>\n<li data-start=\"548\" data-end=\"602\">\n<p data-start=\"550\" data-end=\"602\">Dar alanlarda ve engellerin aras\u0131nda kolayca ge\u00e7er<\/p>\n<\/li>\n<li data-start=\"603\" data-end=\"658\">\n<p data-start=\"605\" data-end=\"658\">Rahats\u0131z edici hava ak\u0131m\u0131 veya \u00f6l\u00fc b\u00f6lge olu\u015fturmaz<\/p>\n<\/li>\n<li data-start=\"725\" data-end=\"775\">\n<p data-start=\"727\" data-end=\"775\">Vin\u00e7, iskele ve ekstra ask\u0131 ihtiyac\u0131n\u0131 azalt\u0131r<\/p>\n<\/li>\n<\/ul>\n<h2 data-start=\"16\" data-end=\"80\">Neden m\u00fc\u015fterilerimizin %95\u2019inden bizi tekrar tercih ediyor, \u00f6\u011frenin<\/h2>\n<h2>-kuma\u015f kanal<\/h2>\n<p>M\u00fc\u015fterilerimizin %95\u2019ten fazlas\u0131 \u00fcr\u00fcn\u00fcm\u00fcz\u00fc tekrar tercih ediyor. Montaj\u0131 kolay ve h\u0131zl\u0131 oldu\u011fundan, k\u0131sa s\u00fcrede s\u00f6k\u00fcl\u00fcp temizlenip yeniden tak\u0131labiliyor. Pratik yap\u0131s\u0131 sayesinde bak\u0131m ve temizlik zahmetsiz ger\u00e7ekle\u015fiyor. Basit, h\u0131zl\u0131 ve hijyenik bir \u00e7\u00f6z\u00fcm olarak her zaman nihai m\u00fc\u015fteriyi memnun ediyor.<\/p>\n<p>FabricAir\u2019in \u00e7ok y\u00f6nl\u00fc sistem tasar\u0131m\u0131 sayesinde, spor, end\u00fcstriyel, ticari, kamu, tar\u0131m, e\u011flence ve dinlenme tesisleri gibi farkl\u0131 alanlarda \u00f6zelle\u015ftirilmi\u015f m\u00fchendislik \u00e7\u00f6z\u00fcmleri sunuyoruz. \u0130ster izotermal, ister \u0131s\u0131tma, so\u011futma ya da bunlar\u0131n bir kombinasyonu olsun, ihtiyac\u0131n\u0131za uygun ak\u0131ll\u0131 hava da\u011f\u0131t\u0131m \u00e7\u00f6z\u00fcm\u00fcn\u00fc sunmaktan memnuniyet duyar\u0131z.<\/p>\n<p>Hava da\u011f\u0131t\u0131m sekt\u00f6r\u00fcnde 50 y\u0131l\u0131 a\u015fk\u0131n deneyime sahip, d\u00fcnya genelinde destek veren uzman ekibimizle FabricAir, bir sonraki projeniz i\u00e7in en do\u011fru tercihtir. Kuma\u015f hava kanallar\u0131yla ilgili ihtiya\u00e7 duydu\u011funuz t\u00fcm bilgileri burada bulabilirsiniz.<\/p>\n","protected":false},"excerpt":{"rendered":"<p>Y\u00fckleniciler-kuma\u015f kanal Kuma\u015f hava kanallar\u0131 metal kanallar\u0131n kullan\u0131ld\u0131\u011f\u0131 her yerde kullan\u0131labilir. Kuma\u015f bazl\u0131 hava da\u011f\u0131t\u0131m sistemi ask\u0131lama sistemi ile birlikte her \u015fey dahil olarak montaja haz\u0131r g\u00f6nderilir. Dengeleme, boyama veya izolasyon gerektirmez. Montaj, her alet \u00e7antas\u0131ndaki malzemeler ile \u00e7ok k\u0131sa s\u00fcrede tamamlan\u0131r; bu da i\u015f\u00e7ilik maliyetinde \u00f6nemli tasarruf sa\u011flar. Do\u011fal yap\u0131s\u0131 sayesinde yo\u011fu\u015fma yapmaz, ek [&hellip;]<\/p>\n","protected":false},"author":7,"featured_media":8208,"parent":0,"menu_order":0,"comment_status":"closed","ping_status":"closed","template":"","meta":{"_acf_changed":false,"inline_featured_image":false,"footnotes":""},"class_list":["post-9079","page","type-page","status-publish","has-post-thumbnail","hentry"],"acf":[],"yoast_head":"<!-- This site is optimized with the Yoast SEO plugin v27.3 - https:\/\/yoast.com\/product\/yoast-seo-wordpress\/ -->\n<title>Y\u00fckleniciler | FabricAir Kuma\u015f Hava Kanallar\u0131<\/title>\n<meta name=\"description\" content=\"FabricAir, \u00e7e\u015fitli uygulamalar i\u00e7in \u00f6zel hava da\u011f\u0131t\u0131m \u00e7\u00f6z\u00fcmlerinde k\u00fcresel bir pazar lideridir. Tekstil hava kanallar\u0131n\u0131 ke\u015ffedin!\" \/>\n<meta name=\"robots\" content=\"index, follow, max-snippet:-1, max-image-preview:large, max-video-preview:-1\" \/>\n<link rel=\"canonical\" href=\"https:\/\/www.fabricair.com\/tr\/wp-json\/wp\/v2\/pages\/9079\/\" \/>\n<meta property=\"og:locale\" content=\"en_US\" \/>\n<meta property=\"og:type\" content=\"article\" \/>\n<meta property=\"og:title\" content=\"Y\u00fckleniciler - FabricAir Kuma\u015f Hava Kanallar\u0131\" \/>\n<meta property=\"og:description\" content=\"FabricAir, \u00e7e\u015fitli uygulamalar i\u00e7in \u00f6zel hava da\u011f\u0131t\u0131m \u00e7\u00f6z\u00fcmlerinde k\u00fcresel bir pazar lideridir. Tekstil hava kanallar\u0131n\u0131 ke\u015ffedin!\" \/>\n<meta property=\"og:url\" content=\"https:\/\/www.fabricair.com\/tr\/yukleniciler\/\" \/>\n<meta property=\"og:site_name\" content=\"FabricAir Kuma\u015f Hava Kanallar\u0131\" \/>\n<meta property=\"article:publisher\" content=\"https:\/\/www.facebook.com\/FabricAir.Turkey\/?locale=tr_TR\" \/>\n<meta property=\"article:modified_time\" content=\"2026-01-13T07:53:11+00:00\" \/>\n<meta property=\"og:image\" content=\"https:\/\/www.fabricair.com\/tr\/wp-content\/uploads\/sites\/24\/2024\/02\/Fanair-Warehouse_ES-1-scaled-scaled.webp\" \/>\n\t<meta property=\"og:image:width\" content=\"2560\" \/>\n\t<meta property=\"og:image:height\" content=\"1920\" \/>\n\t<meta property=\"og:image:type\" content=\"image\/webp\" \/>\n<meta name=\"twitter:card\" content=\"summary_large_image\" \/>\n<meta name=\"twitter:site\" content=\"@FabricAir\" \/>\n<meta name=\"twitter:label1\" content=\"Est. reading time\" \/>\n\t<meta name=\"twitter:data1\" content=\"2 minutes\" \/>\n<script type=\"application\/ld+json\" class=\"yoast-schema-graph\">{\"@context\":\"https:\\\/\\\/schema.org\",\"@graph\":[{\"@type\":\"WebPage\",\"@id\":\"https:\\\/\\\/www.fabricair.com\\\/tr\\\/yukleniciler\\\/\",\"url\":\"https:\\\/\\\/www.fabricair.com\\\/tr\\\/yukleniciler\\\/\",\"name\":\"Y\u00fckleniciler - FabricAir Kuma\u015f Hava Kanallar\u0131\",\"isPartOf\":{\"@id\":\"https:\\\/\\\/www.fabricair.com\\\/tr\\\/#website\"},\"primaryImageOfPage\":{\"@id\":\"https:\\\/\\\/www.fabricair.com\\\/tr\\\/yukleniciler\\\/#primaryimage\"},\"image\":{\"@id\":\"https:\\\/\\\/www.fabricair.com\\\/tr\\\/yukleniciler\\\/#primaryimage\"},\"thumbnailUrl\":\"https:\\\/\\\/www.fabricair.com\\\/tr\\\/wp-content\\\/uploads\\\/sites\\\/24\\\/2024\\\/02\\\/Fanair-Warehouse_ES-1-scaled-scaled.webp\",\"datePublished\":\"2025-03-11T13:22:17+00:00\",\"dateModified\":\"2026-01-13T07:53:11+00:00\",\"description\":\"FabricAir, \u00e7e\u015fitli uygulamalar i\u00e7in \u00f6zel hava da\u011f\u0131t\u0131m \u00e7\u00f6z\u00fcmlerinde k\u00fcresel bir pazar lideridir. Tekstil hava kanallar\u0131n\u0131 ke\u015ffedin!\",\"breadcrumb\":{\"@id\":\"https:\\\/\\\/www.fabricair.com\\\/tr\\\/yukleniciler\\\/#breadcrumb\"},\"inLanguage\":\"en-US\",\"potentialAction\":[{\"@type\":\"ReadAction\",\"target\":[\"https:\\\/\\\/www.fabricair.com\\\/tr\\\/yukleniciler\\\/\"]}]},{\"@type\":\"ImageObject\",\"inLanguage\":\"en-US\",\"@id\":\"https:\\\/\\\/www.fabricair.com\\\/tr\\\/yukleniciler\\\/#primaryimage\",\"url\":\"https:\\\/\\\/www.fabricair.com\\\/tr\\\/wp-content\\\/uploads\\\/sites\\\/24\\\/2024\\\/02\\\/Fanair-Warehouse_ES-1-scaled-scaled.webp\",\"contentUrl\":\"https:\\\/\\\/www.fabricair.com\\\/tr\\\/wp-content\\\/uploads\\\/sites\\\/24\\\/2024\\\/02\\\/Fanair-Warehouse_ES-1-scaled-scaled.webp\",\"width\":2560,\"height\":1920,\"caption\":\"Fabric duct installed in Fanair Warehouse showroom featuring bright blue Combi 90 D-shaped\\\/semi-circular fabric duct with custom heat transferred logos above display racks.\"},{\"@type\":\"BreadcrumbList\",\"@id\":\"https:\\\/\\\/www.fabricair.com\\\/tr\\\/yukleniciler\\\/#breadcrumb\",\"itemListElement\":[{\"@type\":\"ListItem\",\"position\":1,\"name\":\"Home\",\"item\":\"https:\\\/\\\/www.fabricair.com\\\/tr\\\/\"},{\"@type\":\"ListItem\",\"position\":2,\"name\":\"Y\u00fckleniciler\"}]},{\"@type\":\"WebSite\",\"@id\":\"https:\\\/\\\/www.fabricair.com\\\/tr\\\/#website\",\"url\":\"https:\\\/\\\/www.fabricair.com\\\/tr\\\/\",\"name\":\"FabricAir Kuma\u015f Hava Kanallar\u0131\",\"description\":\"\",\"publisher\":{\"@id\":\"https:\\\/\\\/www.fabricair.com\\\/tr\\\/#organization\"},\"alternateName\":\"Tekstil Hava Kanallar\u0131 - Hava \u00c7oraplar\u0131\",\"potentialAction\":[{\"@type\":\"SearchAction\",\"target\":{\"@type\":\"EntryPoint\",\"urlTemplate\":\"https:\\\/\\\/www.fabricair.com\\\/tr\\\/?s={search_term_string}\"},\"query-input\":{\"@type\":\"PropertyValueSpecification\",\"valueRequired\":true,\"valueName\":\"search_term_string\"}}],\"inLanguage\":\"en-US\"},{\"@type\":\"Organization\",\"@id\":\"https:\\\/\\\/www.fabricair.com\\\/tr\\\/#organization\",\"name\":\"FabricAir\",\"url\":\"https:\\\/\\\/www.fabricair.com\\\/tr\\\/\",\"logo\":{\"@type\":\"ImageObject\",\"inLanguage\":\"en-US\",\"@id\":\"https:\\\/\\\/www.fabricair.com\\\/tr\\\/#\\\/schema\\\/logo\\\/image\\\/\",\"url\":\"https:\\\/\\\/www.fabricair.com\\\/tr\\\/wp-content\\\/uploads\\\/sites\\\/24\\\/2022\\\/02\\\/logo-footer.svg\",\"contentUrl\":\"https:\\\/\\\/www.fabricair.com\\\/tr\\\/wp-content\\\/uploads\\\/sites\\\/24\\\/2022\\\/02\\\/logo-footer.svg\",\"width\":126,\"height\":24,\"caption\":\"FabricAir\"},\"image\":{\"@id\":\"https:\\\/\\\/www.fabricair.com\\\/tr\\\/#\\\/schema\\\/logo\\\/image\\\/\"},\"sameAs\":[\"https:\\\/\\\/www.facebook.com\\\/FabricAir.Turkey\\\/?locale=tr_TR\",\"https:\\\/\\\/x.com\\\/FabricAir\",\"https:\\\/\\\/www.linkedin.com\\\/company\\\/fabricair-a-s\\\/\",\"https:\\\/\\\/www.youtube.com\\\/user\\\/FabricAir\"]}]}<\/script>\n<!-- \/ Yoast SEO plugin. -->","yoast_head_json":{"title":"Y\u00fckleniciler | FabricAir Kuma\u015f Hava Kanallar\u0131","description":"FabricAir, \u00e7e\u015fitli uygulamalar i\u00e7in \u00f6zel hava da\u011f\u0131t\u0131m \u00e7\u00f6z\u00fcmlerinde k\u00fcresel bir pazar lideridir. Tekstil hava kanallar\u0131n\u0131 ke\u015ffedin!","robots":{"index":"index","follow":"follow","max-snippet":"max-snippet:-1","max-image-preview":"max-image-preview:large","max-video-preview":"max-video-preview:-1"},"canonical":"https:\/\/www.fabricair.com\/tr\/wp-json\/wp\/v2\/pages\/9079\/","og_locale":"en_US","og_type":"article","og_title":"Y\u00fckleniciler - FabricAir Kuma\u015f Hava Kanallar\u0131","og_description":"FabricAir, \u00e7e\u015fitli uygulamalar i\u00e7in \u00f6zel hava da\u011f\u0131t\u0131m \u00e7\u00f6z\u00fcmlerinde k\u00fcresel bir pazar lideridir. Tekstil hava kanallar\u0131n\u0131 ke\u015ffedin!","og_url":"https:\/\/www.fabricair.com\/tr\/yukleniciler\/","og_site_name":"FabricAir Kuma\u015f Hava Kanallar\u0131","article_publisher":"https:\/\/www.facebook.com\/FabricAir.Turkey\/?locale=tr_TR","article_modified_time":"2026-01-13T07:53:11+00:00","og_image":[{"width":2560,"height":1920,"url":"https:\/\/www.fabricair.com\/tr\/wp-content\/uploads\/sites\/24\/2024\/02\/Fanair-Warehouse_ES-1-scaled-scaled.webp","type":"image\/webp"}],"twitter_card":"summary_large_image","twitter_site":"@FabricAir","twitter_misc":{"Est. reading time":"2 minutes"},"schema":{"@context":"https:\/\/schema.org","@graph":[{"@type":"WebPage","@id":"https:\/\/www.fabricair.com\/tr\/yukleniciler\/","url":"https:\/\/www.fabricair.com\/tr\/yukleniciler\/","name":"Y\u00fckleniciler - FabricAir Kuma\u015f Hava Kanallar\u0131","isPartOf":{"@id":"https:\/\/www.fabricair.com\/tr\/#website"},"primaryImageOfPage":{"@id":"https:\/\/www.fabricair.com\/tr\/yukleniciler\/#primaryimage"},"image":{"@id":"https:\/\/www.fabricair.com\/tr\/yukleniciler\/#primaryimage"},"thumbnailUrl":"https:\/\/www.fabricair.com\/tr\/wp-content\/uploads\/sites\/24\/2024\/02\/Fanair-Warehouse_ES-1-scaled-scaled.webp","datePublished":"2025-03-11T13:22:17+00:00","dateModified":"2026-01-13T07:53:11+00:00","description":"FabricAir, \u00e7e\u015fitli uygulamalar i\u00e7in \u00f6zel hava da\u011f\u0131t\u0131m \u00e7\u00f6z\u00fcmlerinde k\u00fcresel bir pazar lideridir. Tekstil hava kanallar\u0131n\u0131 ke\u015ffedin!","breadcrumb":{"@id":"https:\/\/www.fabricair.com\/tr\/yukleniciler\/#breadcrumb"},"inLanguage":"en-US","potentialAction":[{"@type":"ReadAction","target":["https:\/\/www.fabricair.com\/tr\/yukleniciler\/"]}]},{"@type":"ImageObject","inLanguage":"en-US","@id":"https:\/\/www.fabricair.com\/tr\/yukleniciler\/#primaryimage","url":"https:\/\/www.fabricair.com\/tr\/wp-content\/uploads\/sites\/24\/2024\/02\/Fanair-Warehouse_ES-1-scaled-scaled.webp","contentUrl":"https:\/\/www.fabricair.com\/tr\/wp-content\/uploads\/sites\/24\/2024\/02\/Fanair-Warehouse_ES-1-scaled-scaled.webp","width":2560,"height":1920,"caption":"Fabric duct installed in Fanair Warehouse showroom featuring bright blue Combi 90 D-shaped\/semi-circular fabric duct with custom heat transferred logos above display racks."},{"@type":"BreadcrumbList","@id":"https:\/\/www.fabricair.com\/tr\/yukleniciler\/#breadcrumb","itemListElement":[{"@type":"ListItem","position":1,"name":"Home","item":"https:\/\/www.fabricair.com\/tr\/"},{"@type":"ListItem","position":2,"name":"Y\u00fckleniciler"}]},{"@type":"WebSite","@id":"https:\/\/www.fabricair.com\/tr\/#website","url":"https:\/\/www.fabricair.com\/tr\/","name":"FabricAir Kuma\u015f Hava Kanallar\u0131","description":"","publisher":{"@id":"https:\/\/www.fabricair.com\/tr\/#organization"},"alternateName":"Tekstil Hava Kanallar\u0131 - Hava \u00c7oraplar\u0131","potentialAction":[{"@type":"SearchAction","target":{"@type":"EntryPoint","urlTemplate":"https:\/\/www.fabricair.com\/tr\/?s={search_term_string}"},"query-input":{"@type":"PropertyValueSpecification","valueRequired":true,"valueName":"search_term_string"}}],"inLanguage":"en-US"},{"@type":"Organization","@id":"https:\/\/www.fabricair.com\/tr\/#organization","name":"FabricAir","url":"https:\/\/www.fabricair.com\/tr\/","logo":{"@type":"ImageObject","inLanguage":"en-US","@id":"https:\/\/www.fabricair.com\/tr\/#\/schema\/logo\/image\/","url":"https:\/\/www.fabricair.com\/tr\/wp-content\/uploads\/sites\/24\/2022\/02\/logo-footer.svg","contentUrl":"https:\/\/www.fabricair.com\/tr\/wp-content\/uploads\/sites\/24\/2022\/02\/logo-footer.svg","width":126,"height":24,"caption":"FabricAir"},"image":{"@id":"https:\/\/www.fabricair.com\/tr\/#\/schema\/logo\/image\/"},"sameAs":["https:\/\/www.facebook.com\/FabricAir.Turkey\/?locale=tr_TR","https:\/\/x.com\/FabricAir","https:\/\/www.linkedin.com\/company\/fabricair-a-s\/","https:\/\/www.youtube.com\/user\/FabricAir"]}]}},"_links":{"self":[{"href":"https:\/\/www.fabricair.com\/tr\/wp-json\/wp\/v2\/pages\/9079","targetHints":{"allow":["GET"]}}],"collection":[{"href":"https:\/\/www.fabricair.com\/tr\/wp-json\/wp\/v2\/pages"}],"about":[{"href":"https:\/\/www.fabricair.com\/tr\/wp-json\/wp\/v2\/types\/page"}],"author":[{"embeddable":true,"href":"https:\/\/www.fabricair.com\/tr\/wp-json\/wp\/v2\/users\/7"}],"replies":[{"embeddable":true,"href":"https:\/\/www.fabricair.com\/tr\/wp-json\/wp\/v2\/comments?post=9079"}],"version-history":[{"count":51,"href":"https:\/\/www.fabricair.com\/tr\/wp-json\/wp\/v2\/pages\/9079\/revisions"}],"predecessor-version":[{"id":9426,"href":"https:\/\/www.fabricair.com\/tr\/wp-json\/wp\/v2\/pages\/9079\/revisions\/9426"}],"wp:featuredmedia":[{"embeddable":true,"href":"https:\/\/www.fabricair.com\/tr\/wp-json\/wp\/v2\/media\/8208"}],"wp:attachment":[{"href":"https:\/\/www.fabricair.com\/tr\/wp-json\/wp\/v2\/media?parent=9079"}],"curies":[{"name":"wp","href":"https:\/\/api.w.org\/{rel}","templated":true}]}}