{"id":92,"date":"2022-02-04T08:37:28","date_gmt":"2022-02-04T08:37:28","guid":{"rendered":"https:\/\/fabricair.com\/tr\/?page_id=92"},"modified":"2025-07-24T09:28:55","modified_gmt":"2025-07-24T06:28:55","slug":"urunler","status":"publish","type":"page","link":"https:\/\/www.fabricair.com\/tr\/urunler\/","title":{"rendered":"\u00dcr\u00fcnler"},"content":{"rendered":"<p>\u00dcr\u00fcnler<\/p>\n<p>Kuma\u015f kanal, pantolon tipi kanal, bez kanal veya hava \u00e7orab\u0131 olarak da adland\u0131r\u0131lan tekstil hava kanallar\u0131, fabrikalar, y\u00fczme havuzlar\u0131, ofisler gibi t\u00fcm mekanlarda kullan\u0131labilirler.<\/p>\n<p>Tekstil kanal sistemi ile a\u015fa\u011f\u0131daki geleneksel hava da\u011f\u0131t\u0131m aksesuarlar\u0131na gerek duyulmaz. \u00a0Tekstil kanal\u0131n tamam\u0131 ayn\u0131 zamanda hava da\u011f\u0131t\u0131c\u0131s\u0131 g\u00f6revi g\u00f6r\u00fcr. Tekstil kanal sistemi ile t\u00fcm iklimlendirme; \u0131s\u0131tma, so\u011futma, havaland\u0131rma projelerinizde art\u0131k ad\u0131n\u0131 bile unutaca\u011f\u0131n\u0131z geleneksel hava da\u011f\u0131t\u0131m \u00fcr\u00fcnlerini ve aksesuarlar\u0131n\u0131 s\u0131ralayal\u0131m. Metal havaland\u0131rma kanal\u0131, DKP kanal, siyah sac kanal, sac kanal, spiro kanal, paslanmaz kanal, galvaniz kanal, \u00e7ift cidarl\u0131 kanal, prizmatik kanal, flexible hava kanal\u0131, kare hava kanal\u0131, yuvarlak hava kanal\u0131, havaland\u0131rma borular\u0131, DKP siyah kanal, esnek hava kanal\u0131, yar\u0131 esnek hava kanal\u0131, PU kanal, plastik hava kanal\u0131, havaland\u0131rma panjuru, havaland\u0131rma davlumbazlar\u0131, hava damperleri, damperli menfezler, dif\u00fcz\u00f6rler ve havaland\u0131rma \u0131zgaralar\u0131.<\/p>\n<p>Her tip uygulama i\u00e7in hava da\u011f\u0131t\u0131m \u00e7\u00f6z\u00fcmleri<\/p>\n<p>FabricAir tekstil bazl\u0131 hava da\u011f\u0131t\u0131m \u00e7\u00f6z\u00fcmleri, yap\u0131 esteti\u011fine uyum sa\u011flarken, her bir uygulamaya \u00f6zel hava da\u011f\u0131t\u0131m \u00e7\u00f6z\u00fcmleri olu\u015fturmak i\u00e7in sonsuz tasar\u0131m olanaklar\u0131n\u0131 bir araya getirir.<\/p>\n<p>Hava Da\u011f\u0131t\u0131m Sistemleri<\/p>\n<p>Hava Da\u011f\u0131t\u0131m Sistemleri, her uygulaman\u0131n \u00f6zel gereksinimleri uyum sa\u011flamas\u0131 i\u00e7in \u00f6zel olarak tasarlan\u0131r. Alan boyutu, hava hacmi, estetik ve sistemin amac\u0131 gibi etkileyen fakt\u00f6rler, en iyi kuma\u015f hava kanal\u0131n\u0131 belirlemek i\u00e7in kapsaml\u0131 bir \u015fekilde de\u011ferlendirilir.<\/p>\n<p><strong><a href=\"https:\/\/www.fabricair.com\/tr\/urunler\/tekstil-hava-kanali\/\">Kuma\u015f Hava Kanallar\u0131<\/a><\/strong><\/p>\n<p><strong><a href=\"\/tr\/products\/varioduct\/\">VarioDuct<\/a><\/strong><\/p>\n<p>Kuma\u015f Dif\u00fcz\u00f6rler<\/p>\n<p>Modern i\u015f yerlerinde i\u00e7 hava kalitesi hem konfor hem de sa\u011fl\u0131k i\u00e7in \u00f6nemlidir. Kuma\u015f dif\u00fcz\u00f6r serimiz, hava ak\u0131mlar\u0131n\u0131n olmad\u0131\u011f\u0131 bir i\u00e7 mekan ortam\u0131 yaratmak i\u00e7in geli\u015ftirilmi\u015ftir.<\/p>\n<p><strong><a href=\"https:\/\/www.fabricair.com\/tr\/urunler\/tavan-difuzorleri\/\">Tavan Dif\u00fcz\u00f6rleri<\/a><\/strong><\/p>\n<p>\u00d6zel \u00dcr\u00fcnler ve Konseptler<\/p>\n<p>FabricAir, her uygulaman\u0131n \u00f6zel gereksinimleri i\u00e7in uyum sa\u011flayan \u00f6zel \u00fcr\u00fcnler sunuyor.<\/p>\n<p><a href=\"https:\/\/www.fabricair.com\/tr\/urunler\/defrost-kanal\/\"><strong>Defrost Kanal<\/strong><\/a><\/p>\n<p>FabricAir kuma\u015f hava kanallar\u0131, <a href=\"https:\/\/www.iso.org\/iso-9001-quality-management.html\">ISO 9001<\/a>, <a href=\"https:\/\/www.tse.org.tr\/ts-en-iso-9001-kalite-yonetim-sistemi\/\">TS EN ISO 9001<\/a>, <a href=\"https:\/\/www.iso.org\/iso-14001-environmental-management.html\">ISO 14001<\/a>, <a href=\"https:\/\/www.tse.org.tr\/ts-en-iso-14001-cevre-yonetim-sistemi\/\">TS EN ISO 9001<\/a>,\u00a0 <a href=\"https:\/\/www.oeko-tex.com\/en\/\">Oeko-Tex\u00ae Standard 100<\/a>, <a href=\"https:\/\/www.ul.com\/services\/ul-2518-standard-air-dispersion-systems\">UL 2518<\/a>, <a href=\"https:\/\/standards.iteh.ai\/catalog\/standards\/cen\/019ca7d1-02dc-407e-b1ff-c9d9f92b5f9a\/en-15725-2010\">EN 15725<\/a>, <a href=\"https:\/\/intweb.tse.org.tr\/Standard\/Standard\/Standard.aspx?081118051115108051104119110104055047105102120088111043113104073090085085122108121102071051048088\">TS EN 15725<\/a> ve <a href=\"https:\/\/www.resmigazete.gov.tr\/eskiler\/2017\/06\/20170623M1-18.htm\">REACH (KKD\u0130K)<\/a> uyumlulu\u011fu ile uluslararas\u0131 kabul g\u00f6ren standartlara uygun sertifikal\u0131 tesislerde \u00fcretilmektedir. Ayr\u0131ca, <a href=\"https:\/\/www.environdec.com\/library\">EPD \u2013 \u00c7evresel \u00dcr\u00fcn Beyan\u0131 <\/a>\u00a0ile \u00fcr\u00fcnlerimizin t\u00fcm ya\u015fam d\u00f6ng\u00fcs\u00fc boyunca \u015feffaf ve do\u011frulanm\u0131\u015f \u00e7evresel etki verilerini sunuyoruz.<\/p>\n","protected":false},"excerpt":{"rendered":"<p>\u00dcr\u00fcnler Kuma\u015f kanal, pantolon tipi kanal, bez kanal veya hava \u00e7orab\u0131 olarak da adland\u0131r\u0131lan tekstil hava kanallar\u0131, fabrikalar, y\u00fczme havuzlar\u0131, ofisler gibi t\u00fcm mekanlarda kullan\u0131labilirler. Tekstil kanal sistemi ile a\u015fa\u011f\u0131daki geleneksel hava da\u011f\u0131t\u0131m aksesuarlar\u0131na gerek duyulmaz. \u00a0Tekstil kanal\u0131n tamam\u0131 ayn\u0131 zamanda hava da\u011f\u0131t\u0131c\u0131s\u0131 g\u00f6revi g\u00f6r\u00fcr. Tekstil kanal sistemi ile t\u00fcm iklimlendirme; \u0131s\u0131tma, so\u011futma, havaland\u0131rma projelerinizde [&hellip;]<\/p>\n","protected":false},"author":1,"featured_media":6452,"parent":0,"menu_order":33,"comment_status":"closed","ping_status":"closed","template":"","meta":{"_acf_changed":false,"inline_featured_image":false,"footnotes":""},"class_list":["post-92","page","type-page","status-publish","has-post-thumbnail","hentry"],"acf":[],"yoast_head":"<!-- This site is optimized with the Yoast SEO plugin v27.3 - https:\/\/yoast.com\/product\/yoast-seo-wordpress\/ -->\n<title>\u00dcr\u00fcnler | FabricAir Kuma\u015f Hava Kanallar\u0131<\/title>\n<meta name=\"description\" content=\"\u00dcr\u00fcnler - FabricAir tekstil hava kanallar\u0131, her bir uygulamaya t\u00fcr\u00fc i\u00e7in \u00f6zel hava da\u011f\u0131t\u0131m \u00e7\u00f6z\u00fcmleri sa\u011flar.\" \/>\n<meta name=\"robots\" content=\"index, follow, max-snippet:-1, max-image-preview:large, max-video-preview:-1\" \/>\n<link rel=\"canonical\" href=\"https:\/\/www.fabricair.com\/tr\/wp-json\/wp\/v2\/pages\/92\/\" \/>\n<meta property=\"og:locale\" content=\"en_US\" \/>\n<meta property=\"og:type\" content=\"article\" \/>\n<meta property=\"og:title\" content=\"\u00dcr\u00fcnler - FabricAir Kuma\u015f Hava Kanallar\u0131\" \/>\n<meta property=\"og:description\" content=\"\u00dcr\u00fcnler - FabricAir tekstil hava kanallar\u0131, her bir uygulamaya t\u00fcr\u00fc i\u00e7in \u00f6zel hava da\u011f\u0131t\u0131m \u00e7\u00f6z\u00fcmleri sa\u011flar.\" \/>\n<meta property=\"og:url\" content=\"https:\/\/www.fabricair.com\/tr\/urunler\/\" \/>\n<meta property=\"og:site_name\" content=\"FabricAir Kuma\u015f Hava Kanallar\u0131\" \/>\n<meta property=\"article:publisher\" content=\"https:\/\/www.facebook.com\/FabricAir.Turkey\/?locale=tr_TR\" \/>\n<meta property=\"article:modified_time\" content=\"2025-07-24T06:28:55+00:00\" \/>\n<meta property=\"og:image\" content=\"https:\/\/www.fabricair.com\/tr\/wp-content\/uploads\/sites\/24\/2022\/03\/FabricAir-IMG_7537-1.png\" \/>\n\t<meta property=\"og:image:width\" content=\"660\" \/>\n\t<meta property=\"og:image:height\" content=\"600\" \/>\n\t<meta property=\"og:image:type\" content=\"image\/png\" \/>\n<meta name=\"twitter:card\" content=\"summary_large_image\" \/>\n<meta name=\"twitter:site\" content=\"@FabricAir\" \/>\n<meta name=\"twitter:label1\" content=\"Est. reading time\" \/>\n\t<meta name=\"twitter:data1\" content=\"2 minutes\" \/>\n<script type=\"application\/ld+json\" class=\"yoast-schema-graph\">{\"@context\":\"https:\\\/\\\/schema.org\",\"@graph\":[{\"@type\":\"WebPage\",\"@id\":\"https:\\\/\\\/www.fabricair.com\\\/tr\\\/urunler\\\/\",\"url\":\"https:\\\/\\\/www.fabricair.com\\\/tr\\\/urunler\\\/\",\"name\":\"\u00dcr\u00fcnler - FabricAir Kuma\u015f Hava Kanallar\u0131\",\"isPartOf\":{\"@id\":\"https:\\\/\\\/www.fabricair.com\\\/tr\\\/#website\"},\"primaryImageOfPage\":{\"@id\":\"https:\\\/\\\/www.fabricair.com\\\/tr\\\/urunler\\\/#primaryimage\"},\"image\":{\"@id\":\"https:\\\/\\\/www.fabricair.com\\\/tr\\\/urunler\\\/#primaryimage\"},\"thumbnailUrl\":\"https:\\\/\\\/www.fabricair.com\\\/tr\\\/wp-content\\\/uploads\\\/sites\\\/24\\\/2022\\\/03\\\/FabricAir-IMG_7537-1.png\",\"datePublished\":\"2022-02-04T08:37:28+00:00\",\"dateModified\":\"2025-07-24T06:28:55+00:00\",\"description\":\"\u00dcr\u00fcnler - FabricAir tekstil hava kanallar\u0131, her bir uygulamaya t\u00fcr\u00fc i\u00e7in \u00f6zel hava da\u011f\u0131t\u0131m \u00e7\u00f6z\u00fcmleri sa\u011flar.\",\"breadcrumb\":{\"@id\":\"https:\\\/\\\/www.fabricair.com\\\/tr\\\/urunler\\\/#breadcrumb\"},\"inLanguage\":\"en-US\",\"potentialAction\":[{\"@type\":\"ReadAction\",\"target\":[\"https:\\\/\\\/www.fabricair.com\\\/tr\\\/urunler\\\/\"]}]},{\"@type\":\"ImageObject\",\"inLanguage\":\"en-US\",\"@id\":\"https:\\\/\\\/www.fabricair.com\\\/tr\\\/urunler\\\/#primaryimage\",\"url\":\"https:\\\/\\\/www.fabricair.com\\\/tr\\\/wp-content\\\/uploads\\\/sites\\\/24\\\/2022\\\/03\\\/FabricAir-IMG_7537-1.png\",\"contentUrl\":\"https:\\\/\\\/www.fabricair.com\\\/tr\\\/wp-content\\\/uploads\\\/sites\\\/24\\\/2022\\\/03\\\/FabricAir-IMG_7537-1.png\",\"width\":660,\"height\":600,\"caption\":\"\u00dcr\u00fcnler - Kuma\u015f Hava Kanallar\u0131\"},{\"@type\":\"BreadcrumbList\",\"@id\":\"https:\\\/\\\/www.fabricair.com\\\/tr\\\/urunler\\\/#breadcrumb\",\"itemListElement\":[{\"@type\":\"ListItem\",\"position\":1,\"name\":\"Home\",\"item\":\"https:\\\/\\\/www.fabricair.com\\\/tr\\\/\"},{\"@type\":\"ListItem\",\"position\":2,\"name\":\"\u00dcr\u00fcnler\"}]},{\"@type\":\"WebSite\",\"@id\":\"https:\\\/\\\/www.fabricair.com\\\/tr\\\/#website\",\"url\":\"https:\\\/\\\/www.fabricair.com\\\/tr\\\/\",\"name\":\"FabricAir Kuma\u015f Hava Kanallar\u0131\",\"description\":\"\",\"publisher\":{\"@id\":\"https:\\\/\\\/www.fabricair.com\\\/tr\\\/#organization\"},\"alternateName\":\"Tekstil Hava Kanallar\u0131 - Hava \u00c7oraplar\u0131\",\"potentialAction\":[{\"@type\":\"SearchAction\",\"target\":{\"@type\":\"EntryPoint\",\"urlTemplate\":\"https:\\\/\\\/www.fabricair.com\\\/tr\\\/?s={search_term_string}\"},\"query-input\":{\"@type\":\"PropertyValueSpecification\",\"valueRequired\":true,\"valueName\":\"search_term_string\"}}],\"inLanguage\":\"en-US\"},{\"@type\":\"Organization\",\"@id\":\"https:\\\/\\\/www.fabricair.com\\\/tr\\\/#organization\",\"name\":\"FabricAir\",\"url\":\"https:\\\/\\\/www.fabricair.com\\\/tr\\\/\",\"logo\":{\"@type\":\"ImageObject\",\"inLanguage\":\"en-US\",\"@id\":\"https:\\\/\\\/www.fabricair.com\\\/tr\\\/#\\\/schema\\\/logo\\\/image\\\/\",\"url\":\"https:\\\/\\\/www.fabricair.com\\\/tr\\\/wp-content\\\/uploads\\\/sites\\\/24\\\/2022\\\/02\\\/logo-footer.svg\",\"contentUrl\":\"https:\\\/\\\/www.fabricair.com\\\/tr\\\/wp-content\\\/uploads\\\/sites\\\/24\\\/2022\\\/02\\\/logo-footer.svg\",\"width\":126,\"height\":24,\"caption\":\"FabricAir\"},\"image\":{\"@id\":\"https:\\\/\\\/www.fabricair.com\\\/tr\\\/#\\\/schema\\\/logo\\\/image\\\/\"},\"sameAs\":[\"https:\\\/\\\/www.facebook.com\\\/FabricAir.Turkey\\\/?locale=tr_TR\",\"https:\\\/\\\/x.com\\\/FabricAir\",\"https:\\\/\\\/www.linkedin.com\\\/company\\\/fabricair-a-s\\\/\",\"https:\\\/\\\/www.youtube.com\\\/user\\\/FabricAir\"]}]}<\/script>\n<!-- \/ Yoast SEO plugin. -->","yoast_head_json":{"title":"\u00dcr\u00fcnler | FabricAir Kuma\u015f Hava Kanallar\u0131","description":"\u00dcr\u00fcnler - FabricAir tekstil hava kanallar\u0131, her bir uygulamaya t\u00fcr\u00fc i\u00e7in \u00f6zel hava da\u011f\u0131t\u0131m \u00e7\u00f6z\u00fcmleri sa\u011flar.","robots":{"index":"index","follow":"follow","max-snippet":"max-snippet:-1","max-image-preview":"max-image-preview:large","max-video-preview":"max-video-preview:-1"},"canonical":"https:\/\/www.fabricair.com\/tr\/wp-json\/wp\/v2\/pages\/92\/","og_locale":"en_US","og_type":"article","og_title":"\u00dcr\u00fcnler - FabricAir Kuma\u015f Hava Kanallar\u0131","og_description":"\u00dcr\u00fcnler - FabricAir tekstil hava kanallar\u0131, her bir uygulamaya t\u00fcr\u00fc i\u00e7in \u00f6zel hava da\u011f\u0131t\u0131m \u00e7\u00f6z\u00fcmleri sa\u011flar.","og_url":"https:\/\/www.fabricair.com\/tr\/urunler\/","og_site_name":"FabricAir Kuma\u015f Hava Kanallar\u0131","article_publisher":"https:\/\/www.facebook.com\/FabricAir.Turkey\/?locale=tr_TR","article_modified_time":"2025-07-24T06:28:55+00:00","og_image":[{"width":660,"height":600,"url":"https:\/\/www.fabricair.com\/tr\/wp-content\/uploads\/sites\/24\/2022\/03\/FabricAir-IMG_7537-1.png","type":"image\/png"}],"twitter_card":"summary_large_image","twitter_site":"@FabricAir","twitter_misc":{"Est. reading time":"2 minutes"},"schema":{"@context":"https:\/\/schema.org","@graph":[{"@type":"WebPage","@id":"https:\/\/www.fabricair.com\/tr\/urunler\/","url":"https:\/\/www.fabricair.com\/tr\/urunler\/","name":"\u00dcr\u00fcnler - FabricAir Kuma\u015f Hava Kanallar\u0131","isPartOf":{"@id":"https:\/\/www.fabricair.com\/tr\/#website"},"primaryImageOfPage":{"@id":"https:\/\/www.fabricair.com\/tr\/urunler\/#primaryimage"},"image":{"@id":"https:\/\/www.fabricair.com\/tr\/urunler\/#primaryimage"},"thumbnailUrl":"https:\/\/www.fabricair.com\/tr\/wp-content\/uploads\/sites\/24\/2022\/03\/FabricAir-IMG_7537-1.png","datePublished":"2022-02-04T08:37:28+00:00","dateModified":"2025-07-24T06:28:55+00:00","description":"\u00dcr\u00fcnler - FabricAir tekstil hava kanallar\u0131, her bir uygulamaya t\u00fcr\u00fc i\u00e7in \u00f6zel hava da\u011f\u0131t\u0131m \u00e7\u00f6z\u00fcmleri sa\u011flar.","breadcrumb":{"@id":"https:\/\/www.fabricair.com\/tr\/urunler\/#breadcrumb"},"inLanguage":"en-US","potentialAction":[{"@type":"ReadAction","target":["https:\/\/www.fabricair.com\/tr\/urunler\/"]}]},{"@type":"ImageObject","inLanguage":"en-US","@id":"https:\/\/www.fabricair.com\/tr\/urunler\/#primaryimage","url":"https:\/\/www.fabricair.com\/tr\/wp-content\/uploads\/sites\/24\/2022\/03\/FabricAir-IMG_7537-1.png","contentUrl":"https:\/\/www.fabricair.com\/tr\/wp-content\/uploads\/sites\/24\/2022\/03\/FabricAir-IMG_7537-1.png","width":660,"height":600,"caption":"\u00dcr\u00fcnler - Kuma\u015f Hava Kanallar\u0131"},{"@type":"BreadcrumbList","@id":"https:\/\/www.fabricair.com\/tr\/urunler\/#breadcrumb","itemListElement":[{"@type":"ListItem","position":1,"name":"Home","item":"https:\/\/www.fabricair.com\/tr\/"},{"@type":"ListItem","position":2,"name":"\u00dcr\u00fcnler"}]},{"@type":"WebSite","@id":"https:\/\/www.fabricair.com\/tr\/#website","url":"https:\/\/www.fabricair.com\/tr\/","name":"FabricAir Kuma\u015f Hava Kanallar\u0131","description":"","publisher":{"@id":"https:\/\/www.fabricair.com\/tr\/#organization"},"alternateName":"Tekstil Hava Kanallar\u0131 - Hava \u00c7oraplar\u0131","potentialAction":[{"@type":"SearchAction","target":{"@type":"EntryPoint","urlTemplate":"https:\/\/www.fabricair.com\/tr\/?s={search_term_string}"},"query-input":{"@type":"PropertyValueSpecification","valueRequired":true,"valueName":"search_term_string"}}],"inLanguage":"en-US"},{"@type":"Organization","@id":"https:\/\/www.fabricair.com\/tr\/#organization","name":"FabricAir","url":"https:\/\/www.fabricair.com\/tr\/","logo":{"@type":"ImageObject","inLanguage":"en-US","@id":"https:\/\/www.fabricair.com\/tr\/#\/schema\/logo\/image\/","url":"https:\/\/www.fabricair.com\/tr\/wp-content\/uploads\/sites\/24\/2022\/02\/logo-footer.svg","contentUrl":"https:\/\/www.fabricair.com\/tr\/wp-content\/uploads\/sites\/24\/2022\/02\/logo-footer.svg","width":126,"height":24,"caption":"FabricAir"},"image":{"@id":"https:\/\/www.fabricair.com\/tr\/#\/schema\/logo\/image\/"},"sameAs":["https:\/\/www.facebook.com\/FabricAir.Turkey\/?locale=tr_TR","https:\/\/x.com\/FabricAir","https:\/\/www.linkedin.com\/company\/fabricair-a-s\/","https:\/\/www.youtube.com\/user\/FabricAir"]}]}},"_links":{"self":[{"href":"https:\/\/www.fabricair.com\/tr\/wp-json\/wp\/v2\/pages\/92","targetHints":{"allow":["GET"]}}],"collection":[{"href":"https:\/\/www.fabricair.com\/tr\/wp-json\/wp\/v2\/pages"}],"about":[{"href":"https:\/\/www.fabricair.com\/tr\/wp-json\/wp\/v2\/types\/page"}],"author":[{"embeddable":true,"href":"https:\/\/www.fabricair.com\/tr\/wp-json\/wp\/v2\/users\/1"}],"replies":[{"embeddable":true,"href":"https:\/\/www.fabricair.com\/tr\/wp-json\/wp\/v2\/comments?post=92"}],"version-history":[{"count":54,"href":"https:\/\/www.fabricair.com\/tr\/wp-json\/wp\/v2\/pages\/92\/revisions"}],"predecessor-version":[{"id":9525,"href":"https:\/\/www.fabricair.com\/tr\/wp-json\/wp\/v2\/pages\/92\/revisions\/9525"}],"wp:featuredmedia":[{"embeddable":true,"href":"https:\/\/www.fabricair.com\/tr\/wp-json\/wp\/v2\/media\/6452"}],"wp:attachment":[{"href":"https:\/\/www.fabricair.com\/tr\/wp-json\/wp\/v2\/media?parent=92"}],"curies":[{"name":"wp","href":"https:\/\/api.w.org\/{rel}","templated":true}]}}