{"id":9281,"date":"2025-06-10T16:58:32","date_gmt":"2025-06-10T13:58:32","guid":{"rendered":"https:\/\/www.fabricair.com\/tr\/?page_id=9281"},"modified":"2025-06-24T10:46:44","modified_gmt":"2025-06-24T07:46:44","slug":"mekanik-tesisat-muhendisleri","status":"publish","type":"page","link":"https:\/\/www.fabricair.com\/tr\/mekanik-tesisat-muhendisleri\/","title":{"rendered":"M\u00fchendisler"},"content":{"rendered":"<p>FabricAir kuma\u015f hava kanallar\u0131, \u00f6zel hava ak\u0131\u015f\u0131 modellerinden, uluslararas\u0131 standartlara uygun malzeme sertifikalar\u0131na kadar her y\u00f6n\u00fcyle hassas mekanik tesisat m\u00fchendisli\u011fini desteklemek i\u00e7in geli\u015ftirilmi\u015ftir. Kuma\u015f hava kanallar\u0131 ile verimli hava da\u011f\u0131t\u0131m\u0131 tasarlamak isteyen m\u00fchendisler i\u00e7in teknik bilgiler, \u00f6l\u00e7\u00fcm ara\u00e7lar\u0131 ve ba\u015far\u0131l\u0131 uygulama \u00f6rnekleri sunuyoruz.<\/p>\n<p>&nbsp;<\/p>\n<ul>\n<li>Kapal\u0131 Y\u00fczme Havuzlar\u0131<\/li>\n<li>Spor Tesisleri<\/li>\n<li>G\u0131da \u0130\u015fleme Tesisleri<\/li>\n<li>Seralar<\/li>\n<li>Veri Merkezleri<\/li>\n<li>Depolar ve Lojistik Merkezleri<\/li>\n<li>Laboratuvarlar ve Lojistik Merkezleri<\/li>\n<li>Ofisler ve Okullar<\/li>\n<\/ul>\n<p>FabricAir kuma\u015f hava kanallar\u0131 d\u00f6rt bile\u015fenden olu\u015fur: profil, kuma\u015f, ak\u0131\u015f modeli ve ask\u0131 sistemi. Bu bile\u015fenler, herhangi bir projenin \u00f6zel gereksinimlerini kar\u015f\u0131lamak i\u00e7in sonsuz \u015fekillerde birle\u015ftirilebilir. Uzman ekibimiz, her bile\u015fenden ideal \u00e7\u00f6z\u00fcmleri birle\u015ftirerek, \u00f6zel ihtiya\u00e7lar\u0131n\u0131za g\u00f6re \u00f6zelle\u015ftirilmi\u015f bir hava da\u011f\u0131t\u0131m sistemi olu\u015fturur.<\/p>\n<p>Hava da\u011f\u0131t\u0131m sekt\u00f6r\u00fcnde 50 y\u0131l\u0131 a\u015fk\u0131n deneyime sahip, d\u00fcnya genelinde destek veren uzman ekibimizle FabricAir, bir sonraki projeniz i\u00e7in en do\u011fru tercihtir. Kuma\u015f hava kanallar\u0131yla ilgili ihtiya\u00e7 duydu\u011funuz t\u00fcm bilgileri burada bulabilirsiniz.<\/p>\n<p>FabricAir\u2019in \u00e7ok y\u00f6nl\u00fc sistem tasar\u0131m\u0131 sayesinde, spor, end\u00fcstriyel, ticari, kamu, tar\u0131m, e\u011flence ve dinlenme tesisleri gibi farkl\u0131 alanlarda \u00f6zelle\u015ftirilmi\u015f m\u00fchendislik \u00e7\u00f6z\u00fcmleri sunuyoruz. \u0130ster izotermal, ister \u0131s\u0131tma, so\u011futma ya da bunlar\u0131n bir kombinasyonu olsun, ihtiyac\u0131n\u0131za uygun ak\u0131ll\u0131 hava \u00e7\u00f6z\u00fcm\u00fcn\u00fc sunmaktan memnuniyet duyar\u0131z.<\/p>\n","protected":false},"excerpt":{"rendered":"<p>FabricAir kuma\u015f hava kanallar\u0131, \u00f6zel hava ak\u0131\u015f\u0131 modellerinden, uluslararas\u0131 standartlara uygun malzeme sertifikalar\u0131na kadar her y\u00f6n\u00fcyle hassas mekanik tesisat m\u00fchendisli\u011fini desteklemek i\u00e7in geli\u015ftirilmi\u015ftir. Kuma\u015f hava kanallar\u0131 ile verimli hava da\u011f\u0131t\u0131m\u0131 tasarlamak isteyen m\u00fchendisler i\u00e7in teknik bilgiler, \u00f6l\u00e7\u00fcm ara\u00e7lar\u0131 ve ba\u015far\u0131l\u0131 uygulama \u00f6rnekleri sunuyoruz. &nbsp; Kapal\u0131 Y\u00fczme Havuzlar\u0131 Spor Tesisleri G\u0131da \u0130\u015fleme Tesisleri Seralar Veri Merkezleri [&hellip;]<\/p>\n","protected":false},"author":7,"featured_media":8208,"parent":0,"menu_order":0,"comment_status":"closed","ping_status":"closed","template":"","meta":{"_acf_changed":false,"inline_featured_image":false,"footnotes":""},"class_list":["post-9281","page","type-page","status-publish","has-post-thumbnail","hentry"],"acf":[],"yoast_head":"<!-- This site is optimized with the Yoast SEO plugin v27.3 - https:\/\/yoast.com\/product\/yoast-seo-wordpress\/ -->\n<title>M\u00fchendisler | FabricAir Kuma\u015f Hava Kanallar\u0131<\/title>\n<meta name=\"description\" content=\"M\u00fchendisler i\u00e7in HVAC \u00e7\u00f6z\u00fcmleri. FabricAir tekstil kanallar\u0131n karma\u015f\u0131k projelerde nas\u0131l esneklik ve y\u00fcksek performans sa\u011flad\u0131\u011f\u0131n\u0131 ke\u015ffedin.\" \/>\n<meta name=\"robots\" content=\"index, follow, max-snippet:-1, max-image-preview:large, max-video-preview:-1\" \/>\n<link rel=\"canonical\" href=\"https:\/\/www.fabricair.com\/tr\/wp-json\/wp\/v2\/pages\/9281\/\" \/>\n<meta property=\"og:locale\" content=\"en_US\" \/>\n<meta property=\"og:type\" content=\"article\" \/>\n<meta property=\"og:title\" content=\"M\u00fchendisler - FabricAir Kuma\u015f Hava Kanallar\u0131\" \/>\n<meta property=\"og:description\" content=\"M\u00fchendisler i\u00e7in HVAC \u00e7\u00f6z\u00fcmleri. FabricAir tekstil kanallar\u0131n karma\u015f\u0131k projelerde nas\u0131l esneklik ve y\u00fcksek performans sa\u011flad\u0131\u011f\u0131n\u0131 ke\u015ffedin.\" \/>\n<meta property=\"og:url\" content=\"https:\/\/www.fabricair.com\/tr\/mekanik-tesisat-muhendisleri\/\" \/>\n<meta property=\"og:site_name\" content=\"FabricAir Kuma\u015f Hava Kanallar\u0131\" \/>\n<meta property=\"article:publisher\" content=\"https:\/\/www.facebook.com\/FabricAir.Turkey\/?locale=tr_TR\" \/>\n<meta property=\"article:modified_time\" content=\"2025-06-24T07:46:44+00:00\" \/>\n<meta property=\"og:image\" content=\"https:\/\/www.fabricair.com\/tr\/wp-content\/uploads\/sites\/24\/2024\/02\/Fanair-Warehouse_ES-1-scaled-scaled.webp\" \/>\n\t<meta property=\"og:image:width\" content=\"1\" \/>\n\t<meta property=\"og:image:height\" content=\"1\" \/>\n\t<meta property=\"og:image:type\" content=\"image\/webp\" \/>\n<meta name=\"twitter:card\" content=\"summary_large_image\" \/>\n<meta name=\"twitter:site\" content=\"@FabricAir\" \/>\n<meta name=\"twitter:label1\" content=\"Est. reading time\" \/>\n\t<meta name=\"twitter:data1\" content=\"1 minute\" \/>\n<script type=\"application\/ld+json\" class=\"yoast-schema-graph\">{\"@context\":\"https:\\\/\\\/schema.org\",\"@graph\":[{\"@type\":\"WebPage\",\"@id\":\"https:\\\/\\\/www.fabricair.com\\\/tr\\\/mekanik-tesisat-muhendisleri\\\/\",\"url\":\"https:\\\/\\\/www.fabricair.com\\\/tr\\\/mekanik-tesisat-muhendisleri\\\/\",\"name\":\"M\u00fchendisler - FabricAir Kuma\u015f Hava Kanallar\u0131\",\"isPartOf\":{\"@id\":\"https:\\\/\\\/www.fabricair.com\\\/tr\\\/#website\"},\"primaryImageOfPage\":{\"@id\":\"https:\\\/\\\/www.fabricair.com\\\/tr\\\/mekanik-tesisat-muhendisleri\\\/#primaryimage\"},\"image\":{\"@id\":\"https:\\\/\\\/www.fabricair.com\\\/tr\\\/mekanik-tesisat-muhendisleri\\\/#primaryimage\"},\"thumbnailUrl\":\"https:\\\/\\\/www.fabricair.com\\\/tr\\\/wp-content\\\/uploads\\\/sites\\\/24\\\/2024\\\/02\\\/Fanair-Warehouse_ES-1-scaled-scaled.webp\",\"datePublished\":\"2025-06-10T13:58:32+00:00\",\"dateModified\":\"2025-06-24T07:46:44+00:00\",\"description\":\"M\u00fchendisler i\u00e7in HVAC \u00e7\u00f6z\u00fcmleri. FabricAir tekstil kanallar\u0131n karma\u015f\u0131k projelerde nas\u0131l esneklik ve y\u00fcksek performans sa\u011flad\u0131\u011f\u0131n\u0131 ke\u015ffedin.\",\"breadcrumb\":{\"@id\":\"https:\\\/\\\/www.fabricair.com\\\/tr\\\/mekanik-tesisat-muhendisleri\\\/#breadcrumb\"},\"inLanguage\":\"en-US\",\"potentialAction\":[{\"@type\":\"ReadAction\",\"target\":[\"https:\\\/\\\/www.fabricair.com\\\/tr\\\/mekanik-tesisat-muhendisleri\\\/\"]}]},{\"@type\":\"ImageObject\",\"inLanguage\":\"en-US\",\"@id\":\"https:\\\/\\\/www.fabricair.com\\\/tr\\\/mekanik-tesisat-muhendisleri\\\/#primaryimage\",\"url\":\"https:\\\/\\\/www.fabricair.com\\\/tr\\\/wp-content\\\/uploads\\\/sites\\\/24\\\/2024\\\/02\\\/Fanair-Warehouse_ES-1-scaled-scaled.webp\",\"contentUrl\":\"https:\\\/\\\/www.fabricair.com\\\/tr\\\/wp-content\\\/uploads\\\/sites\\\/24\\\/2024\\\/02\\\/Fanair-Warehouse_ES-1-scaled-scaled.webp\",\"width\":2560,\"height\":1920,\"caption\":\"Fabric duct installed in Fanair Warehouse showroom featuring bright blue Combi 90 D-shaped\\\/semi-circular fabric duct with custom heat transferred logos above display racks.\"},{\"@type\":\"BreadcrumbList\",\"@id\":\"https:\\\/\\\/www.fabricair.com\\\/tr\\\/mekanik-tesisat-muhendisleri\\\/#breadcrumb\",\"itemListElement\":[{\"@type\":\"ListItem\",\"position\":1,\"name\":\"Home\",\"item\":\"https:\\\/\\\/www.fabricair.com\\\/tr\\\/\"},{\"@type\":\"ListItem\",\"position\":2,\"name\":\"M\u00fchendisler\"}]},{\"@type\":\"WebSite\",\"@id\":\"https:\\\/\\\/www.fabricair.com\\\/tr\\\/#website\",\"url\":\"https:\\\/\\\/www.fabricair.com\\\/tr\\\/\",\"name\":\"FabricAir Kuma\u015f Hava Kanallar\u0131\",\"description\":\"\",\"publisher\":{\"@id\":\"https:\\\/\\\/www.fabricair.com\\\/tr\\\/#organization\"},\"alternateName\":\"Tekstil Hava Kanallar\u0131 - Hava \u00c7oraplar\u0131\",\"potentialAction\":[{\"@type\":\"SearchAction\",\"target\":{\"@type\":\"EntryPoint\",\"urlTemplate\":\"https:\\\/\\\/www.fabricair.com\\\/tr\\\/?s={search_term_string}\"},\"query-input\":{\"@type\":\"PropertyValueSpecification\",\"valueRequired\":true,\"valueName\":\"search_term_string\"}}],\"inLanguage\":\"en-US\"},{\"@type\":\"Organization\",\"@id\":\"https:\\\/\\\/www.fabricair.com\\\/tr\\\/#organization\",\"name\":\"FabricAir\",\"url\":\"https:\\\/\\\/www.fabricair.com\\\/tr\\\/\",\"logo\":{\"@type\":\"ImageObject\",\"inLanguage\":\"en-US\",\"@id\":\"https:\\\/\\\/www.fabricair.com\\\/tr\\\/#\\\/schema\\\/logo\\\/image\\\/\",\"url\":\"https:\\\/\\\/www.fabricair.com\\\/tr\\\/wp-content\\\/uploads\\\/sites\\\/24\\\/2022\\\/02\\\/logo-footer.svg\",\"contentUrl\":\"https:\\\/\\\/www.fabricair.com\\\/tr\\\/wp-content\\\/uploads\\\/sites\\\/24\\\/2022\\\/02\\\/logo-footer.svg\",\"width\":126,\"height\":24,\"caption\":\"FabricAir\"},\"image\":{\"@id\":\"https:\\\/\\\/www.fabricair.com\\\/tr\\\/#\\\/schema\\\/logo\\\/image\\\/\"},\"sameAs\":[\"https:\\\/\\\/www.facebook.com\\\/FabricAir.Turkey\\\/?locale=tr_TR\",\"https:\\\/\\\/x.com\\\/FabricAir\",\"https:\\\/\\\/www.linkedin.com\\\/company\\\/fabricair-a-s\\\/\",\"https:\\\/\\\/www.youtube.com\\\/user\\\/FabricAir\"]}]}<\/script>\n<!-- \/ Yoast SEO plugin. -->","yoast_head_json":{"title":"M\u00fchendisler | FabricAir Kuma\u015f Hava Kanallar\u0131","description":"M\u00fchendisler i\u00e7in HVAC \u00e7\u00f6z\u00fcmleri. FabricAir tekstil kanallar\u0131n karma\u015f\u0131k projelerde nas\u0131l esneklik ve y\u00fcksek performans sa\u011flad\u0131\u011f\u0131n\u0131 ke\u015ffedin.","robots":{"index":"index","follow":"follow","max-snippet":"max-snippet:-1","max-image-preview":"max-image-preview:large","max-video-preview":"max-video-preview:-1"},"canonical":"https:\/\/www.fabricair.com\/tr\/wp-json\/wp\/v2\/pages\/9281\/","og_locale":"en_US","og_type":"article","og_title":"M\u00fchendisler - FabricAir Kuma\u015f Hava Kanallar\u0131","og_description":"M\u00fchendisler i\u00e7in HVAC \u00e7\u00f6z\u00fcmleri. FabricAir tekstil kanallar\u0131n karma\u015f\u0131k projelerde nas\u0131l esneklik ve y\u00fcksek performans sa\u011flad\u0131\u011f\u0131n\u0131 ke\u015ffedin.","og_url":"https:\/\/www.fabricair.com\/tr\/mekanik-tesisat-muhendisleri\/","og_site_name":"FabricAir Kuma\u015f Hava Kanallar\u0131","article_publisher":"https:\/\/www.facebook.com\/FabricAir.Turkey\/?locale=tr_TR","article_modified_time":"2025-06-24T07:46:44+00:00","og_image":[{"url":"https:\/\/www.fabricair.com\/tr\/wp-content\/uploads\/sites\/24\/2024\/02\/Fanair-Warehouse_ES-1-scaled-scaled.webp","width":1,"height":1,"type":"image\/webp"}],"twitter_card":"summary_large_image","twitter_site":"@FabricAir","twitter_misc":{"Est. reading time":"1 minute"},"schema":{"@context":"https:\/\/schema.org","@graph":[{"@type":"WebPage","@id":"https:\/\/www.fabricair.com\/tr\/mekanik-tesisat-muhendisleri\/","url":"https:\/\/www.fabricair.com\/tr\/mekanik-tesisat-muhendisleri\/","name":"M\u00fchendisler - FabricAir Kuma\u015f Hava Kanallar\u0131","isPartOf":{"@id":"https:\/\/www.fabricair.com\/tr\/#website"},"primaryImageOfPage":{"@id":"https:\/\/www.fabricair.com\/tr\/mekanik-tesisat-muhendisleri\/#primaryimage"},"image":{"@id":"https:\/\/www.fabricair.com\/tr\/mekanik-tesisat-muhendisleri\/#primaryimage"},"thumbnailUrl":"https:\/\/www.fabricair.com\/tr\/wp-content\/uploads\/sites\/24\/2024\/02\/Fanair-Warehouse_ES-1-scaled-scaled.webp","datePublished":"2025-06-10T13:58:32+00:00","dateModified":"2025-06-24T07:46:44+00:00","description":"M\u00fchendisler i\u00e7in HVAC \u00e7\u00f6z\u00fcmleri. FabricAir tekstil kanallar\u0131n karma\u015f\u0131k projelerde nas\u0131l esneklik ve y\u00fcksek performans sa\u011flad\u0131\u011f\u0131n\u0131 ke\u015ffedin.","breadcrumb":{"@id":"https:\/\/www.fabricair.com\/tr\/mekanik-tesisat-muhendisleri\/#breadcrumb"},"inLanguage":"en-US","potentialAction":[{"@type":"ReadAction","target":["https:\/\/www.fabricair.com\/tr\/mekanik-tesisat-muhendisleri\/"]}]},{"@type":"ImageObject","inLanguage":"en-US","@id":"https:\/\/www.fabricair.com\/tr\/mekanik-tesisat-muhendisleri\/#primaryimage","url":"https:\/\/www.fabricair.com\/tr\/wp-content\/uploads\/sites\/24\/2024\/02\/Fanair-Warehouse_ES-1-scaled-scaled.webp","contentUrl":"https:\/\/www.fabricair.com\/tr\/wp-content\/uploads\/sites\/24\/2024\/02\/Fanair-Warehouse_ES-1-scaled-scaled.webp","width":2560,"height":1920,"caption":"Fabric duct installed in Fanair Warehouse showroom featuring bright blue Combi 90 D-shaped\/semi-circular fabric duct with custom heat transferred logos above display racks."},{"@type":"BreadcrumbList","@id":"https:\/\/www.fabricair.com\/tr\/mekanik-tesisat-muhendisleri\/#breadcrumb","itemListElement":[{"@type":"ListItem","position":1,"name":"Home","item":"https:\/\/www.fabricair.com\/tr\/"},{"@type":"ListItem","position":2,"name":"M\u00fchendisler"}]},{"@type":"WebSite","@id":"https:\/\/www.fabricair.com\/tr\/#website","url":"https:\/\/www.fabricair.com\/tr\/","name":"FabricAir Kuma\u015f Hava Kanallar\u0131","description":"","publisher":{"@id":"https:\/\/www.fabricair.com\/tr\/#organization"},"alternateName":"Tekstil Hava Kanallar\u0131 - Hava \u00c7oraplar\u0131","potentialAction":[{"@type":"SearchAction","target":{"@type":"EntryPoint","urlTemplate":"https:\/\/www.fabricair.com\/tr\/?s={search_term_string}"},"query-input":{"@type":"PropertyValueSpecification","valueRequired":true,"valueName":"search_term_string"}}],"inLanguage":"en-US"},{"@type":"Organization","@id":"https:\/\/www.fabricair.com\/tr\/#organization","name":"FabricAir","url":"https:\/\/www.fabricair.com\/tr\/","logo":{"@type":"ImageObject","inLanguage":"en-US","@id":"https:\/\/www.fabricair.com\/tr\/#\/schema\/logo\/image\/","url":"https:\/\/www.fabricair.com\/tr\/wp-content\/uploads\/sites\/24\/2022\/02\/logo-footer.svg","contentUrl":"https:\/\/www.fabricair.com\/tr\/wp-content\/uploads\/sites\/24\/2022\/02\/logo-footer.svg","width":126,"height":24,"caption":"FabricAir"},"image":{"@id":"https:\/\/www.fabricair.com\/tr\/#\/schema\/logo\/image\/"},"sameAs":["https:\/\/www.facebook.com\/FabricAir.Turkey\/?locale=tr_TR","https:\/\/x.com\/FabricAir","https:\/\/www.linkedin.com\/company\/fabricair-a-s\/","https:\/\/www.youtube.com\/user\/FabricAir"]}]}},"_links":{"self":[{"href":"https:\/\/www.fabricair.com\/tr\/wp-json\/wp\/v2\/pages\/9281","targetHints":{"allow":["GET"]}}],"collection":[{"href":"https:\/\/www.fabricair.com\/tr\/wp-json\/wp\/v2\/pages"}],"about":[{"href":"https:\/\/www.fabricair.com\/tr\/wp-json\/wp\/v2\/types\/page"}],"author":[{"embeddable":true,"href":"https:\/\/www.fabricair.com\/tr\/wp-json\/wp\/v2\/users\/7"}],"replies":[{"embeddable":true,"href":"https:\/\/www.fabricair.com\/tr\/wp-json\/wp\/v2\/comments?post=9281"}],"version-history":[{"count":18,"href":"https:\/\/www.fabricair.com\/tr\/wp-json\/wp\/v2\/pages\/9281\/revisions"}],"predecessor-version":[{"id":9428,"href":"https:\/\/www.fabricair.com\/tr\/wp-json\/wp\/v2\/pages\/9281\/revisions\/9428"}],"wp:featuredmedia":[{"embeddable":true,"href":"https:\/\/www.fabricair.com\/tr\/wp-json\/wp\/v2\/media\/8208"}],"wp:attachment":[{"href":"https:\/\/www.fabricair.com\/tr\/wp-json\/wp\/v2\/media?parent=9281"}],"curies":[{"name":"wp","href":"https:\/\/api.w.org\/{rel}","templated":true}]}}