{"id":9288,"date":"2025-06-18T09:56:43","date_gmt":"2025-06-18T06:56:43","guid":{"rendered":"https:\/\/www.fabricair.com\/tr\/?page_id=9288"},"modified":"2025-06-19T15:31:47","modified_gmt":"2025-06-19T12:31:47","slug":"surdurulebilirlik","status":"publish","type":"page","link":"https:\/\/www.fabricair.com\/tr\/surdurulebilirlik\/","title":{"rendered":"S\u00fcrd\u00fcr\u00fclebilirlik"},"content":{"rendered":"<p><strong>D\u00f6ng\u00fcselli\u011fi ve Yenili\u011fi Desteklemek<\/strong><\/p>\n<p>FabricAir olarak s\u00fcrd\u00fcr\u00fclebilirli\u011fi sadece bir hedef de\u011fil, temel bir sorumluluk olarak g\u00f6r\u00fcyoruz. ISK sistemlerinde enerji tasarrufu sa\u011flayan, geri d\u00f6n\u00fc\u015ft\u00fcr\u00fclebilir malzemeler ve dayan\u0131kl\u0131 \u00e7\u00f6z\u00fcmlerle \u00e7evre \u00fczerindeki etkilerimizi azalt\u0131yoruz. D\u00f6ng\u00fcsel tasar\u0131m anlay\u0131\u015f\u0131m\u0131zla malzeme kullan\u0131m\u0131n\u0131 en aza indirirken, sistem genelinde daha az karbon sal\u0131m\u0131 sa\u011fl\u0131yoruz. S\u00fcrd\u00fcr\u00fclebilir yeniliklerimizle sekt\u00f6r\u00fcn geli\u015fimine katk\u0131da bulunuyoruz.<\/p>\n<p><strong>Daha Ye\u015fil Bir Yar\u0131n \u0130\u00e7in Net Bir Vizyon<\/strong><\/p>\n<p>&#8220;S\u00fcrd\u00fcr\u00fclebilirlik yolculu\u011fumuzda FabricAir, gezegen ve insanlara olan etkimizin finansal ba\u015far\u0131m\u0131z kadar \u00f6nemli oldu\u011funu kabul eder. ESG y\u00f6neti\u015fim \u00e7er\u00e7evesi ve de\u011fer zincirimizdeki i\u015f birli\u011fi sayesinde, etkilerimizi en aza indirmeye ve herkes i\u00e7in daha ye\u015fil bir gelecek \u015fekillendirmeye kararl\u0131y\u0131z.&#8221;<\/p>\n<p><em>Brian Refsgaard, CEO &amp; Kurucu<\/em><\/p>\n<p>Operasyonlar\u0131m\u0131z\u0131, \u00fcretimimizi ve yeniliklerimizi \u015fekillendirecek iddial\u0131 s\u00fcrd\u00fcr\u00fclebilirlik hedefleri belirledik.<\/p>\n<p>\u0130klim eylemleri, d\u00f6ng\u00fcsel ekonomi giri\u015fimleri ve kaynak verimlili\u011fi ile \u00e7evresel etkilerimizi azaltmaya kararl\u0131y\u0131z. Ba\u015fl\u0131ca hedeflerimiz aras\u0131nda 2027\u2019ye kadar Kapsam 1 ve 2\u2019de iklim n\u00f6trl\u00fc\u011f\u00fcne ula\u015fmak ve 2030\u2019a kadar t\u00fcm de\u011fer zincirimizde net s\u0131f\u0131r emisyon sa\u011flamak yer al\u0131yor.<\/p>\n<p>Ayr\u0131ca, %90 oran\u0131nda geri d\u00f6n\u00fc\u015ft\u00fcr\u00fclm\u00fc\u015f hammadde kullan\u0131m\u0131na ge\u00e7iyor, su t\u00fcketimini %60 azalt\u0131yor ve tam d\u00f6ng\u00fcsel bir i\u015f modeli olu\u015fturmak i\u00e7in liften life (kullan\u0131lan kuma\u015f liflerinin tekrar hammadde olarak i\u015flenmesi) geri d\u00f6n\u00fc\u015f\u00fcm uyguluyoruz.<\/p>\n<p data-start=\"0\" data-end=\"172\">\u0130nsanlar, s\u00fcrd\u00fcr\u00fclebilirlik yolculu\u011fumuzun merkezindedir. FabricAir, t\u00fcm operasyonlar\u0131nda adil \u00e7al\u0131\u015fma ko\u015fullar\u0131n\u0131, \u00e7e\u015fitlili\u011fi ve topluluk kat\u0131l\u0131m\u0131n\u0131 sa\u011flamaya kararl\u0131d\u0131r.<\/p>\n<p data-start=\"174\" data-end=\"558\" data-is-last-node=\"\" data-is-only-node=\"\">Uluslararas\u0131 insan haklar\u0131 ve \u00e7al\u0131\u015fma standartlar\u0131na ba\u011fl\u0131 kal\u0131yor, \u00e7al\u0131\u015fanlar\u0131m\u0131z\u0131n s\u00fcrd\u00fcr\u00fclebilirlik konusunda bilin\u00e7lenmesini destekliyor ve Tedarik\u00e7i Davran\u0131\u015f Kurallar\u0131 arac\u0131l\u0131\u011f\u0131yla tedarik\u00e7ilerimizin sorumlulu\u011funu art\u0131r\u0131yoruz. Herkesin kendini de\u011ferli ve e\u015fit hissetti\u011fi bir \u00e7al\u0131\u015fma ortam\u0131 ve ortak sorumluluk anlay\u0131\u015f\u0131 geli\u015ftirerek, hem insanlara hem de gezegene fayda sa\u011flayan s\u00fcrd\u00fcr\u00fclebilir bir gelecek in\u015fa ediyoruz.<\/p>\n<p data-start=\"131\" data-end=\"396\">G\u00fc\u00e7l\u00fc bir y\u00f6netim anlay\u0131\u015f\u0131, ESG stratejimizin temelini olu\u015fturur. AB&#8217;nin Kurumsal S\u00fcrd\u00fcr\u00fclebilirlik Raporlama Y\u00f6nergesi (CSRD) ile uyumlu hareket eder; yolsuzlukla m\u00fccadele, sorumlu i\u015f uygulamalar\u0131 ve \u015feffaf ESG raporlamas\u0131nda en iyi standartlara ba\u011fl\u0131 kal\u0131r\u0131z.<\/p>\n<p data-start=\"398\" data-end=\"578\">Y\u00f6netim \u00e7er\u00e7evemiz, s\u00fcrd\u00fcr\u00fclebilirli\u011fi t\u00fcm karar alma s\u00fcre\u00e7lerine d\u00e2hil eder, tedarik zincirimizde \u015feffafl\u0131\u011f\u0131 art\u0131r\u0131r ve temiz teknoloji alan\u0131nda etik liderli\u011fimizi peki\u015ftirir.<\/p>\n<p>S\u00fcrd\u00fcr\u00fclebilirlik sadece emisyonlar\u0131 azaltmakla s\u0131n\u0131rl\u0131 de\u011fildir. Ayn\u0131 zamanda \u00fcr\u00fcnlerimizin ya\u015fam d\u00f6ng\u00fcs\u00fc boyunca \u00e7evresel etkisini en aza indirmek i\u00e7in malzemeleri nas\u0131l tasarlad\u0131\u011f\u0131m\u0131z\u0131, kulland\u0131\u011f\u0131m\u0131z\u0131 ve yeniden de\u011ferlendirdi\u011fimizi g\u00f6z \u00f6n\u00fcnde bulundurmakt\u0131r.<\/p>\n<h3>FabricAir D\u00f6ng\u00fcselli\u011finin Gelece\u011fi<\/h3>\n<ul>\n<li data-start=\"503\" data-end=\"584\"><strong>Liften Life Geri D\u00f6n\u00fc\u015f\u00fcm:<\/strong> 2030 y\u0131l\u0131na kadar tamamen d\u00f6ng\u00fcsel malzeme kullan\u0131m\u0131.<\/li>\n<li data-start=\"587\" data-end=\"690\"><strong>Geri Alma Sistemleri:<\/strong> FabricAir tekstillerini geri kazan\u0131p yeniden kullanmak i\u00e7in altyap\u0131 geli\u015ftirme.<\/li>\n<li data-start=\"693\" data-end=\"758\"><strong>Enerji Verimli \u00dcretim:<\/strong> \u00dcretimde enerji ve su kullan\u0131m\u0131n\u0131 azaltma<\/li>\n<\/ul>\n<p>\u015eeffafl\u0131k ve hesap verebilirlik, FabricAir\u2019in s\u00fcrd\u00fcr\u00fclebilirlik yolculu\u011funun temel ta\u015flar\u0131d\u0131r. Bu nedenle, taahh\u00fctlerimizi, ilerlememizi ve etkilerimizi ortaya koyan \u00f6nemli kaynaklar\u0131 sunuyoruz. Etik i\u015f uygulamalar\u0131m\u0131z, ESG performans\u0131m\u0131z ve \u00fcr\u00fcn s\u00fcrd\u00fcr\u00fclebilirli\u011fimiz hakk\u0131nda daha fazla bilgi edinmek i\u00e7in bu belgeleri inceleyebilirsiniz.<\/p>\n<p><strong>\u00d6rnek Uygulama: Zorlu Ortamlar i\u00e7in S\u00fcrd\u00fcr\u00fclebilir \u00c7\u00f6z\u00fcmler<\/strong><\/p>\n<p>FabricAir kuma\u015f hava kanallar\u0131, bu g\u0131da i\u015fleme tesisi i\u00e7in uzun \u00f6m\u00fcrl\u00fc ve s\u00fcrd\u00fcr\u00fclebilir bir \u00e7\u00f6z\u00fcmd\u00fcr. \u0130lk olarak 1977 y\u0131l\u0131nda kurulan sistem, aradan ge\u00e7en y\u0131llara ra\u011fmen h\u00e2l\u00e2 etkin \u015fekilde \u00e7al\u0131\u015fmakta; enerji verimlili\u011fi, d\u00fc\u015f\u00fck bak\u0131m ihtiyac\u0131 ve dayan\u0131kl\u0131l\u0131\u011f\u0131yla \u00e7evresel etkiyi en aza indirmeye katk\u0131 sa\u011flamaktad\u0131r. Danimarka\u2019daki bu tesiste, hem verimli so\u011futma hem de konforlu bir i\u00e7 mek\u00e2n iklimi sunmaya devam etmektedir.<\/p>\n<p><strong>Blog: So\u011fuk Depolarda Enerji Verimlili\u011fini En \u00dcst D\u00fczeye \u00c7\u0131karmak<\/strong><\/p>\n<p>So\u011fuk depo tesislerinde elektrikli buz \u00e7\u00f6zme i\u015flemleri, toplam enerji t\u00fcketiminin \u00f6nemli bir k\u0131sm\u0131n\u0131 olu\u015fturur. Defrost Duct, buz \u00e7\u00f6zme s\u00fcrecini daha verimli h\u00e2le getirerek enerji kullan\u0131m\u0131n\u0131 azalt\u0131r. Bu sayede yaln\u0131zca i\u015fletme maliyetleri d\u00fc\u015fmez, ayn\u0131 zamanda enerji tasarrufu yoluyla \u00e7evresel etki de azalt\u0131lm\u0131\u015f olur. Bu blog yaz\u0131s\u0131nda, Defrost Duct\u2019un s\u00fcrd\u00fcr\u00fclebilirli\u011fe nas\u0131l katk\u0131 sa\u011flad\u0131\u011f\u0131n\u0131 ke\u015ffedin.<\/p>\n<p><strong>5 Cinsiyet E\u015fitli\u011fi<\/strong><\/p>\n<p>FabricAir, y\u00f6netim kademesinde cinsiyet e\u015fitli\u011fini i\u015f hedeflerinin temel bir unsuru olarak \u00f6nceliklendirir. K\u00fcresel i\u015f g\u00fcc\u00fcm\u00fcz ve tedarik zincirimiz genelinde kad\u0131nlar\u0131n adil muamele g\u00f6rmesi ve g\u00fc\u00e7lendirilmesi sorumlulu\u011funu \u00fcstlenir, kad\u0131n haklar\u0131n\u0131 korumak i\u00e7in sosyal ve \u00e7al\u0131\u015fma ko\u015fullar\u0131n\u0131 izler ve etkiler.<\/p>\n<p><strong>7 Uygun Fiyatl\u0131 ve Temiz Enerji<\/strong><\/p>\n<p>T\u00fcm de\u011fer zinciri boyunca iklim \u00fczerindeki etkileri dikkate almak hepimiz i\u00e7in \u00f6nemlidir. Enerji t\u00fcketimimizi s\u00fcrekli izleyip en aza indirecek ve kendi faaliyetlerimizde s\u0131f\u0131r iklim etkisi hedefiyle \u00e7al\u0131\u015faca\u011f\u0131z. 2023 y\u0131l\u0131nda FabricAir baz\u0131 \u00fclkelerde yeni lokasyonlar eklemi\u015f olup, 2024\u2019te daha fazla lokasyonla faaliyetler artmaktad\u0131r.<\/p>\n<p><strong>8 \u0130nsana Yak\u0131\u015f\u0131r \u0130\u015f ve Ekonomik B\u00fcy\u00fcme<\/strong><\/p>\n<p>S\u00fcrd\u00fcr\u00fclebilir ekonomik b\u00fcy\u00fcme ve herkes i\u00e7in insana yak\u0131\u015f\u0131r i\u015f sa\u011flamak, sosyal s\u00fcrd\u00fcr\u00fclebilirlik ve refah\u0131n k\u00fcresel \u015firketlerde b\u00fct\u00fcnle\u015ftirilmesinin \u00f6nemli unsurlar\u0131d\u0131r. FabricAir, \u00e7al\u0131\u015fanlar\u0131n\u0131 de\u011ferli varl\u0131klar olarak g\u00f6r\u00fcr ve onlara insana yak\u0131\u015f\u0131r \u00e7al\u0131\u015fma ko\u015fullar\u0131 sunmay\u0131 ve ekonomik b\u00fcy\u00fcmeyi desteklemeyi \u00f6nceliklendirir.<\/p>\n<p><strong>12 Sorumlu T\u00fcketim ve \u00dcretim<\/strong><\/p>\n<p>Sorumlu t\u00fcketim ve \u00fcretim, s\u00fcrd\u00fcr\u00fclebilir ve b\u00fcy\u00fcyebilir bir i\u015f modeli olu\u015fturmak i\u00e7in esast\u0131r. Bu nedenle, S\u00fcrd\u00fcr\u00fclebilir Kalk\u0131nma Hedefleri\u2019nin 12\u2019nci maddesi, FabricAir i\u00e7in Paris Anla\u015fmas\u0131\u2019na uyum sa\u011flamada kritik bir \u00f6neme sahiptir; ayn\u0131 zamanda i\u015f operasyonlar\u0131 a\u00e7\u0131s\u0131ndan stratejik ve jeopolitik olarak da gelecekte b\u00fcy\u00fck \u00f6nem ta\u015f\u0131maktad\u0131r.<\/p>\n<p>Y\u00f6netim kademesinde cinsiyet e\u015fitli\u011fini sa\u011flamak, i\u015f hedeflerimizin temel ta\u015flar\u0131ndan biridir. D\u00fcnya genelinde kad\u0131n \u00e7al\u0131\u015fanlar\u0131m\u0131z oldu\u011fu i\u00e7in, cinsiyet e\u015fitli\u011fini ger\u00e7ekle\u015ftirmek ve kad\u0131nlar\u0131 g\u00fc\u00e7lendirmek FabricAir i\u00e7in b\u00fcy\u00fck \u00f6nem ta\u015f\u0131r. \u00c7al\u0131\u015fanlar\u0131m\u0131z\u0131n ve tedarik\u00e7ilerimizin kad\u0131n i\u015f g\u00fcc\u00fcn\u00fcn \u00e7al\u0131\u015fma ko\u015fullar\u0131ndan sorumluyuz. \u0130\u015f ahlak\u0131m\u0131z do\u011frultusunda, kad\u0131nlar\u0131n \u00e7al\u0131\u015fma ve ya\u015fam ko\u015fullar\u0131n\u0131 olumlu y\u00f6nde etkilemeyi hedefliyoruz. Bu nedenle, cinsiyet e\u015fitli\u011fi ve kad\u0131nlar\u0131n sosyal durumlar\u0131n\u0131 yak\u0131ndan takip ediyoruz.<\/p>\n<p>\u0130klim etkisini tedarik zincirinin her a\u015famas\u0131nda dikkate almak hepimiz i\u00e7in \u00f6nemlidir. Enerji t\u00fcketimimizi s\u00fcrekli takip ederek azaltmay\u0131 ve faaliyetlerimizde s\u0131f\u0131r iklim etkisi hedefiyle ilerlemeyi ama\u00e7l\u0131yoruz. 2023\u2019te FabricAir, baz\u0131 \u00fclkelerde yeni \u00e7al\u0131\u015fma alanlar\u0131 a\u00e7t\u0131; 2024\u2019te ise faaliyetlerini daha fazla b\u00f6lgede geni\u015fletmeyi planl\u0131yor.<\/p>\n<p>S\u00fcrd\u00fcr\u00fclebilir ekonomik b\u00fcy\u00fcme ve iyi \u00e7al\u0131\u015fma ko\u015fullar\u0131, b\u00fcy\u00fck \u015firketlerde sosyal sorumlulu\u011fun ve refah\u0131n temel unsurlar\u0131d\u0131r. FabricAir, \u00e7al\u0131\u015fanlar\u0131n\u0131 en de\u011ferli varl\u0131\u011f\u0131 olarak g\u00f6r\u00fcr; onlara sa\u011fl\u0131kl\u0131 \u00e7al\u0131\u015fma ortam\u0131 sunmay\u0131 ve ekonomik geli\u015fimlerini desteklemeyi \u00f6nceliklendirir. Danimarka merkezli bir firma olarak, k\u00fcresel b\u00fcy\u00fcrken Kuzey Avrupa de\u011ferlerine dayanan g\u00fc\u00e7l\u00fc bir \u015firket k\u00fclt\u00fcr\u00fc olu\u015fturmay\u0131 hedefliyoruz.<\/p>\n<p><strong>S\u00fcrd\u00fcr\u00fclebilirlik Ge\u00e7i\u015f Plan\u0131<\/strong><\/p>\n<p>ESG yol haritam\u0131z, y\u0131llar\u0131n ilerlemesine dayanarak 2030 y\u0131l\u0131na kadar iklim n\u00f6trl\u00fc\u011f\u00fc, d\u00f6ng\u00fcsellik ve sorumlu i\u015f uygulamalar\u0131n\u0131 ger\u00e7ekle\u015ftirmek i\u00e7in net hedefler belirler.<\/p>\n<p>Bir ESG y\u00f6neti\u015fim \u00e7er\u00e7evesi olu\u015fturduk, ilk \u00c7evresel \u00dcr\u00fcn Beyan\u0131m\u0131z\u0131 (EPD) yay\u0131nlad\u0131k ve s\u00fcrd\u00fcr\u00fclebilirli\u011fi operasyonlar\u0131m\u0131za entegre ettik.<\/p>\n<p>2027 y\u0131l\u0131na kadar, Kapsam 1 ve 2\u2019de iklim n\u00f6trl\u00fc\u011f\u00fcne ula\u015facak, %90 geri d\u00f6n\u00fc\u015ft\u00fcr\u00fclm\u00fc\u015f malzeme kullanacak ve su t\u00fcketimini %60 azaltaca\u011f\u0131z. 2030 y\u0131l\u0131na kadar ise Kapsam 3\u2019te net s\u0131f\u0131r emisyona ula\u015facak, liften-life (iplikten ipli\u011fe geri d\u00f6n\u00fc\u015f\u00fcm) geri d\u00f6n\u00fc\u015f\u00fcm\u00fc tamamen entegre edecek ve t\u00fcm \u00fcr\u00fcn gruplar\u0131nda d\u00f6ng\u00fcsel i\u015f modelini hayata ge\u00e7irerek sekt\u00f6rde s\u00fcrd\u00fcr\u00fclebilirlik i\u00e7in yeni standartlar olu\u015fturmay\u0131 hedefliyoruz.<\/p>\n","protected":false},"excerpt":{"rendered":"<p>D\u00f6ng\u00fcselli\u011fi ve Yenili\u011fi Desteklemek FabricAir olarak s\u00fcrd\u00fcr\u00fclebilirli\u011fi sadece bir hedef de\u011fil, temel bir sorumluluk olarak g\u00f6r\u00fcyoruz. ISK sistemlerinde enerji tasarrufu sa\u011flayan, geri d\u00f6n\u00fc\u015ft\u00fcr\u00fclebilir malzemeler ve dayan\u0131kl\u0131 \u00e7\u00f6z\u00fcmlerle \u00e7evre \u00fczerindeki etkilerimizi azalt\u0131yoruz. D\u00f6ng\u00fcsel tasar\u0131m anlay\u0131\u015f\u0131m\u0131zla malzeme kullan\u0131m\u0131n\u0131 en aza indirirken, sistem genelinde daha az karbon sal\u0131m\u0131 sa\u011fl\u0131yoruz. S\u00fcrd\u00fcr\u00fclebilir yeniliklerimizle sekt\u00f6r\u00fcn geli\u015fimine katk\u0131da bulunuyoruz. Daha Ye\u015fil Bir [&hellip;]<\/p>\n","protected":false},"author":7,"featured_media":9289,"parent":0,"menu_order":0,"comment_status":"closed","ping_status":"closed","template":"","meta":{"_acf_changed":false,"inline_featured_image":false,"footnotes":""},"class_list":["post-9288","page","type-page","status-publish","has-post-thumbnail","hentry"],"acf":[],"yoast_head":"<!-- This site is optimized with the Yoast SEO plugin v27.3 - https:\/\/yoast.com\/product\/yoast-seo-wordpress\/ -->\n<title>S\u00fcrd\u00fcr\u00fclebilirlik | FabricAir Kuma\u015f Hava Kanallar\u0131<\/title>\n<meta name=\"description\" content=\"FabricAir&#039;in ESG kapsam\u0131nda emisyonlar\u0131 azaltma, sosyal sorumlulu\u011fu geli\u015ftirme ve temiz teknolojiyi destekleme yollar\u0131n\u0131 \u00f6\u011frenin.\" \/>\n<meta name=\"robots\" content=\"index, follow, max-snippet:-1, max-image-preview:large, max-video-preview:-1\" \/>\n<link rel=\"canonical\" href=\"https:\/\/www.fabricair.com\/tr\/wp-json\/wp\/v2\/pages\/9288\/\" \/>\n<meta property=\"og:locale\" content=\"en_US\" \/>\n<meta property=\"og:type\" content=\"article\" \/>\n<meta property=\"og:title\" content=\"S\u00fcrd\u00fcr\u00fclebilirlik - FabricAir Kuma\u015f Hava Kanallar\u0131\" \/>\n<meta property=\"og:description\" content=\"FabricAir&#039;in ESG kapsam\u0131nda emisyonlar\u0131 azaltma, sosyal sorumlulu\u011fu geli\u015ftirme ve temiz teknolojiyi destekleme yollar\u0131n\u0131 \u00f6\u011frenin.\" \/>\n<meta property=\"og:url\" content=\"https:\/\/www.fabricair.com\/tr\/surdurulebilirlik\/\" \/>\n<meta property=\"og:site_name\" content=\"FabricAir Kuma\u015f Hava Kanallar\u0131\" \/>\n<meta property=\"article:publisher\" content=\"https:\/\/www.facebook.com\/FabricAir.Turkey\/?locale=tr_TR\" \/>\n<meta property=\"article:modified_time\" content=\"2025-06-19T12:31:47+00:00\" \/>\n<meta property=\"og:image\" content=\"https:\/\/www.fabricair.com\/tr\/wp-content\/uploads\/sites\/24\/2025\/06\/Sustainability_FabricAir-scaled-e1750171277612.webp\" \/>\n\t<meta property=\"og:image:width\" content=\"1390\" \/>\n\t<meta property=\"og:image:height\" content=\"699\" \/>\n\t<meta property=\"og:image:type\" content=\"image\/webp\" \/>\n<meta name=\"twitter:card\" content=\"summary_large_image\" \/>\n<meta name=\"twitter:site\" content=\"@FabricAir\" \/>\n<meta name=\"twitter:label1\" content=\"Est. reading time\" \/>\n\t<meta name=\"twitter:data1\" content=\"5 minutes\" \/>\n<script type=\"application\/ld+json\" class=\"yoast-schema-graph\">{\"@context\":\"https:\\\/\\\/schema.org\",\"@graph\":[{\"@type\":\"WebPage\",\"@id\":\"https:\\\/\\\/www.fabricair.com\\\/tr\\\/surdurulebilirlik\\\/\",\"url\":\"https:\\\/\\\/www.fabricair.com\\\/tr\\\/surdurulebilirlik\\\/\",\"name\":\"S\u00fcrd\u00fcr\u00fclebilirlik - FabricAir Kuma\u015f Hava Kanallar\u0131\",\"isPartOf\":{\"@id\":\"https:\\\/\\\/www.fabricair.com\\\/tr\\\/#website\"},\"primaryImageOfPage\":{\"@id\":\"https:\\\/\\\/www.fabricair.com\\\/tr\\\/surdurulebilirlik\\\/#primaryimage\"},\"image\":{\"@id\":\"https:\\\/\\\/www.fabricair.com\\\/tr\\\/surdurulebilirlik\\\/#primaryimage\"},\"thumbnailUrl\":\"https:\\\/\\\/www.fabricair.com\\\/tr\\\/wp-content\\\/uploads\\\/sites\\\/24\\\/2025\\\/06\\\/Sustainability_FabricAir-scaled-e1750171277612.webp\",\"datePublished\":\"2025-06-18T06:56:43+00:00\",\"dateModified\":\"2025-06-19T12:31:47+00:00\",\"description\":\"FabricAir'in ESG kapsam\u0131nda emisyonlar\u0131 azaltma, sosyal sorumlulu\u011fu geli\u015ftirme ve temiz teknolojiyi destekleme yollar\u0131n\u0131 \u00f6\u011frenin.\",\"breadcrumb\":{\"@id\":\"https:\\\/\\\/www.fabricair.com\\\/tr\\\/surdurulebilirlik\\\/#breadcrumb\"},\"inLanguage\":\"en-US\",\"potentialAction\":[{\"@type\":\"ReadAction\",\"target\":[\"https:\\\/\\\/www.fabricair.com\\\/tr\\\/surdurulebilirlik\\\/\"]}]},{\"@type\":\"ImageObject\",\"inLanguage\":\"en-US\",\"@id\":\"https:\\\/\\\/www.fabricair.com\\\/tr\\\/surdurulebilirlik\\\/#primaryimage\",\"url\":\"https:\\\/\\\/www.fabricair.com\\\/tr\\\/wp-content\\\/uploads\\\/sites\\\/24\\\/2025\\\/06\\\/Sustainability_FabricAir-scaled-e1750171277612.webp\",\"contentUrl\":\"https:\\\/\\\/www.fabricair.com\\\/tr\\\/wp-content\\\/uploads\\\/sites\\\/24\\\/2025\\\/06\\\/Sustainability_FabricAir-scaled-e1750171277612.webp\",\"width\":1390,\"height\":699},{\"@type\":\"BreadcrumbList\",\"@id\":\"https:\\\/\\\/www.fabricair.com\\\/tr\\\/surdurulebilirlik\\\/#breadcrumb\",\"itemListElement\":[{\"@type\":\"ListItem\",\"position\":1,\"name\":\"Home\",\"item\":\"https:\\\/\\\/www.fabricair.com\\\/tr\\\/\"},{\"@type\":\"ListItem\",\"position\":2,\"name\":\"S\u00fcrd\u00fcr\u00fclebilirlik\"}]},{\"@type\":\"WebSite\",\"@id\":\"https:\\\/\\\/www.fabricair.com\\\/tr\\\/#website\",\"url\":\"https:\\\/\\\/www.fabricair.com\\\/tr\\\/\",\"name\":\"FabricAir Kuma\u015f Hava Kanallar\u0131\",\"description\":\"\",\"publisher\":{\"@id\":\"https:\\\/\\\/www.fabricair.com\\\/tr\\\/#organization\"},\"alternateName\":\"Tekstil Hava Kanallar\u0131 - Hava \u00c7oraplar\u0131\",\"potentialAction\":[{\"@type\":\"SearchAction\",\"target\":{\"@type\":\"EntryPoint\",\"urlTemplate\":\"https:\\\/\\\/www.fabricair.com\\\/tr\\\/?s={search_term_string}\"},\"query-input\":{\"@type\":\"PropertyValueSpecification\",\"valueRequired\":true,\"valueName\":\"search_term_string\"}}],\"inLanguage\":\"en-US\"},{\"@type\":\"Organization\",\"@id\":\"https:\\\/\\\/www.fabricair.com\\\/tr\\\/#organization\",\"name\":\"FabricAir\",\"url\":\"https:\\\/\\\/www.fabricair.com\\\/tr\\\/\",\"logo\":{\"@type\":\"ImageObject\",\"inLanguage\":\"en-US\",\"@id\":\"https:\\\/\\\/www.fabricair.com\\\/tr\\\/#\\\/schema\\\/logo\\\/image\\\/\",\"url\":\"https:\\\/\\\/www.fabricair.com\\\/tr\\\/wp-content\\\/uploads\\\/sites\\\/24\\\/2022\\\/02\\\/logo-footer.svg\",\"contentUrl\":\"https:\\\/\\\/www.fabricair.com\\\/tr\\\/wp-content\\\/uploads\\\/sites\\\/24\\\/2022\\\/02\\\/logo-footer.svg\",\"width\":126,\"height\":24,\"caption\":\"FabricAir\"},\"image\":{\"@id\":\"https:\\\/\\\/www.fabricair.com\\\/tr\\\/#\\\/schema\\\/logo\\\/image\\\/\"},\"sameAs\":[\"https:\\\/\\\/www.facebook.com\\\/FabricAir.Turkey\\\/?locale=tr_TR\",\"https:\\\/\\\/x.com\\\/FabricAir\",\"https:\\\/\\\/www.linkedin.com\\\/company\\\/fabricair-a-s\\\/\",\"https:\\\/\\\/www.youtube.com\\\/user\\\/FabricAir\"]}]}<\/script>\n<!-- \/ Yoast SEO plugin. -->","yoast_head_json":{"title":"S\u00fcrd\u00fcr\u00fclebilirlik | FabricAir Kuma\u015f Hava Kanallar\u0131","description":"FabricAir'in ESG kapsam\u0131nda emisyonlar\u0131 azaltma, sosyal sorumlulu\u011fu geli\u015ftirme ve temiz teknolojiyi destekleme yollar\u0131n\u0131 \u00f6\u011frenin.","robots":{"index":"index","follow":"follow","max-snippet":"max-snippet:-1","max-image-preview":"max-image-preview:large","max-video-preview":"max-video-preview:-1"},"canonical":"https:\/\/www.fabricair.com\/tr\/wp-json\/wp\/v2\/pages\/9288\/","og_locale":"en_US","og_type":"article","og_title":"S\u00fcrd\u00fcr\u00fclebilirlik - FabricAir Kuma\u015f Hava Kanallar\u0131","og_description":"FabricAir'in ESG kapsam\u0131nda emisyonlar\u0131 azaltma, sosyal sorumlulu\u011fu geli\u015ftirme ve temiz teknolojiyi destekleme yollar\u0131n\u0131 \u00f6\u011frenin.","og_url":"https:\/\/www.fabricair.com\/tr\/surdurulebilirlik\/","og_site_name":"FabricAir Kuma\u015f Hava Kanallar\u0131","article_publisher":"https:\/\/www.facebook.com\/FabricAir.Turkey\/?locale=tr_TR","article_modified_time":"2025-06-19T12:31:47+00:00","og_image":[{"width":1390,"height":699,"url":"https:\/\/www.fabricair.com\/tr\/wp-content\/uploads\/sites\/24\/2025\/06\/Sustainability_FabricAir-scaled-e1750171277612.webp","type":"image\/webp"}],"twitter_card":"summary_large_image","twitter_site":"@FabricAir","twitter_misc":{"Est. reading time":"5 minutes"},"schema":{"@context":"https:\/\/schema.org","@graph":[{"@type":"WebPage","@id":"https:\/\/www.fabricair.com\/tr\/surdurulebilirlik\/","url":"https:\/\/www.fabricair.com\/tr\/surdurulebilirlik\/","name":"S\u00fcrd\u00fcr\u00fclebilirlik - FabricAir Kuma\u015f Hava Kanallar\u0131","isPartOf":{"@id":"https:\/\/www.fabricair.com\/tr\/#website"},"primaryImageOfPage":{"@id":"https:\/\/www.fabricair.com\/tr\/surdurulebilirlik\/#primaryimage"},"image":{"@id":"https:\/\/www.fabricair.com\/tr\/surdurulebilirlik\/#primaryimage"},"thumbnailUrl":"https:\/\/www.fabricair.com\/tr\/wp-content\/uploads\/sites\/24\/2025\/06\/Sustainability_FabricAir-scaled-e1750171277612.webp","datePublished":"2025-06-18T06:56:43+00:00","dateModified":"2025-06-19T12:31:47+00:00","description":"FabricAir'in ESG kapsam\u0131nda emisyonlar\u0131 azaltma, sosyal sorumlulu\u011fu geli\u015ftirme ve temiz teknolojiyi destekleme yollar\u0131n\u0131 \u00f6\u011frenin.","breadcrumb":{"@id":"https:\/\/www.fabricair.com\/tr\/surdurulebilirlik\/#breadcrumb"},"inLanguage":"en-US","potentialAction":[{"@type":"ReadAction","target":["https:\/\/www.fabricair.com\/tr\/surdurulebilirlik\/"]}]},{"@type":"ImageObject","inLanguage":"en-US","@id":"https:\/\/www.fabricair.com\/tr\/surdurulebilirlik\/#primaryimage","url":"https:\/\/www.fabricair.com\/tr\/wp-content\/uploads\/sites\/24\/2025\/06\/Sustainability_FabricAir-scaled-e1750171277612.webp","contentUrl":"https:\/\/www.fabricair.com\/tr\/wp-content\/uploads\/sites\/24\/2025\/06\/Sustainability_FabricAir-scaled-e1750171277612.webp","width":1390,"height":699},{"@type":"BreadcrumbList","@id":"https:\/\/www.fabricair.com\/tr\/surdurulebilirlik\/#breadcrumb","itemListElement":[{"@type":"ListItem","position":1,"name":"Home","item":"https:\/\/www.fabricair.com\/tr\/"},{"@type":"ListItem","position":2,"name":"S\u00fcrd\u00fcr\u00fclebilirlik"}]},{"@type":"WebSite","@id":"https:\/\/www.fabricair.com\/tr\/#website","url":"https:\/\/www.fabricair.com\/tr\/","name":"FabricAir Kuma\u015f Hava Kanallar\u0131","description":"","publisher":{"@id":"https:\/\/www.fabricair.com\/tr\/#organization"},"alternateName":"Tekstil Hava Kanallar\u0131 - Hava \u00c7oraplar\u0131","potentialAction":[{"@type":"SearchAction","target":{"@type":"EntryPoint","urlTemplate":"https:\/\/www.fabricair.com\/tr\/?s={search_term_string}"},"query-input":{"@type":"PropertyValueSpecification","valueRequired":true,"valueName":"search_term_string"}}],"inLanguage":"en-US"},{"@type":"Organization","@id":"https:\/\/www.fabricair.com\/tr\/#organization","name":"FabricAir","url":"https:\/\/www.fabricair.com\/tr\/","logo":{"@type":"ImageObject","inLanguage":"en-US","@id":"https:\/\/www.fabricair.com\/tr\/#\/schema\/logo\/image\/","url":"https:\/\/www.fabricair.com\/tr\/wp-content\/uploads\/sites\/24\/2022\/02\/logo-footer.svg","contentUrl":"https:\/\/www.fabricair.com\/tr\/wp-content\/uploads\/sites\/24\/2022\/02\/logo-footer.svg","width":126,"height":24,"caption":"FabricAir"},"image":{"@id":"https:\/\/www.fabricair.com\/tr\/#\/schema\/logo\/image\/"},"sameAs":["https:\/\/www.facebook.com\/FabricAir.Turkey\/?locale=tr_TR","https:\/\/x.com\/FabricAir","https:\/\/www.linkedin.com\/company\/fabricair-a-s\/","https:\/\/www.youtube.com\/user\/FabricAir"]}]}},"_links":{"self":[{"href":"https:\/\/www.fabricair.com\/tr\/wp-json\/wp\/v2\/pages\/9288","targetHints":{"allow":["GET"]}}],"collection":[{"href":"https:\/\/www.fabricair.com\/tr\/wp-json\/wp\/v2\/pages"}],"about":[{"href":"https:\/\/www.fabricair.com\/tr\/wp-json\/wp\/v2\/types\/page"}],"author":[{"embeddable":true,"href":"https:\/\/www.fabricair.com\/tr\/wp-json\/wp\/v2\/users\/7"}],"replies":[{"embeddable":true,"href":"https:\/\/www.fabricair.com\/tr\/wp-json\/wp\/v2\/comments?post=9288"}],"version-history":[{"count":16,"href":"https:\/\/www.fabricair.com\/tr\/wp-json\/wp\/v2\/pages\/9288\/revisions"}],"predecessor-version":[{"id":9419,"href":"https:\/\/www.fabricair.com\/tr\/wp-json\/wp\/v2\/pages\/9288\/revisions\/9419"}],"wp:featuredmedia":[{"embeddable":true,"href":"https:\/\/www.fabricair.com\/tr\/wp-json\/wp\/v2\/media\/9289"}],"wp:attachment":[{"href":"https:\/\/www.fabricair.com\/tr\/wp-json\/wp\/v2\/media?parent=9288"}],"curies":[{"name":"wp","href":"https:\/\/api.w.org\/{rel}","templated":true}]}}